{"id":430,"date":"2018-02-21T14:37:15","date_gmt":"2018-02-21T17:37:15","guid":{"rendered":"https:\/\/wp.ufpel.edu.br\/chipinthepampa2018\/?page_id=430"},"modified":"2018-04-23T16:36:40","modified_gmt":"2018-04-23T19:36:40","slug":"feec","status":"publish","type":"page","link":"https:\/\/wp.ufpel.edu.br\/chipinthepampa2018\/events\/feec\/","title":{"rendered":"FEEC 2018"},"content":{"rendered":"<h1 id=\"cor1\" style=\"text-align: center\">FEEC 2018<\/h1>\n<p id=\"cor2\" style=\"text-align: center\">4\u00ba F\u00f3rum de Educa\u00e7\u00e3o em Engenharia de Computa\u00e7\u00e3o<\/p>\n<p id=\"cor3\" style=\"text-align: center\"><strong>Bento Gon\u00e7alves &#8211; Rio Grande do Sul &#8211; Brazil &#8211; August 27 to 31, 2018<\/strong><\/p>\n<p style=\"text-align: justify\">\u00a0\u00a0\u00a0\u00a0\u00a0\u00a0\u00a0\u00a0\u00a0 O F\u00f3rum de Educa\u00e7\u00e3o em Engenharia de Computa\u00e7\u00e3o (FEEC) \u00e9 o principal meio para a exposi\u00e7\u00e3o, an\u00e1lise e discuss\u00e3o dos principais aspectos, particularidades e dificuldades dos processos de ensino e aprendizagem dos cursos de Engenharia de Computa\u00e7\u00e3o e relacionados. Tem como principal objetivo melhorar a qualidade dos processos e dos egressos dos cursos, sendo um local de discuss\u00e3o para os professores, pesquisadores e profissionais que trabalham na \u00e1rea. A educa\u00e7\u00e3o e o treinamento em Engenharia de Computa\u00e7\u00e3o s\u00e3o fundamentais para o avan\u00e7o do estado da arte e a forma\u00e7\u00e3o adequada de profissionais para enfrentar desafios crescentes na ind\u00fastria, que incluem: a grande diversidade de dom\u00ednios e dispositivos; requisitos de complexidade crescente e desenvolvimento feito por equipes geograficamente distribu\u00eddas. As ferramentas para especifica\u00e7\u00e3o, projeto, an\u00e1lise, verifica\u00e7\u00e3o, teste e implementa\u00e7\u00e3o, entre outras, precisam gerar sistemas confi\u00e1veis, que consumem pouca energia, de tamanho reduzido e\/ou embarcado, r\u00e1pidos, etc. Plataformas para desenvolvimento baseadas em processadores embarcados e FPGAs permitem a prototipa\u00e7\u00e3o de sistemas em diversas \u00e1reas de aplica\u00e7\u00e3o. Diferentes metodologias de co-projeto, t\u00e9cnicas de explora\u00e7\u00e3o de espa\u00e7o de projeto e interface de Hardware e Software precisam ser abordadas. A concilia\u00e7\u00e3o entre ensino de ferramentas\/plataformas\/metodologias e pesquisa tem gerado grandes desafios aos cursos de Engenharia de Computa\u00e7\u00e3o.<\/p>\n<div style=\"text-align: center\" align=\"justify\">\n<h2 id=\"cor17\" style=\"text-align: center\"><strong>Datas Importantes<br \/>\n<\/strong><\/h2>\n<table class=\"table table-condensed\">\n<tbody>\n<tr>\n<td id=\"cor17\">Prazo para Submiss\u00e3o:<\/td>\n<td id=\"cor20\"><\/td>\n<td id=\"cor20\">27 Maio<\/td>\n<td id=\"cor18\">,2018<\/td>\n<\/tr>\n<\/tbody>\n<tbody>\n<tr>\n<td id=\"cor17\">Notifica\u00e7\u00e3o de Aceite:<\/td>\n<td id=\"cor20\"><\/td>\n<td id=\"cor18\"><span style=\"font-size: 12pt\">15 Junho<\/span><\/td>\n<td id=\"cor18\">,2018<\/td>\n<\/tr>\n<\/tbody>\n<tbody>\n<tr>\n<td id=\"cor17\">Vers\u00e3o Final:<\/td>\n<td id=\"cor20\"><\/td>\n<td id=\"cor18\"><span style=\"font-size: 12pt\">13 Julho<\/span><\/td>\n<td id=\"cor18\">,2018<\/td>\n<\/tr>\n<\/tbody>\n<\/table>\n<h2 id=\"cor17\"><strong>Submiss\u00e3o de Artigos<br \/>\n<\/strong><\/h2>\n<p><span style=\"background-color: #12d68a;font-size: 14pt\">A submiss\u00e3o de artigos para o FEEC 2018 pode ser feita em duas categorias:<\/span><\/p>\n<p style=\"text-align: left\"><span style=\"font-size: 14pt\">1) artigos completos de at\u00e9 8 p\u00e1ginas, apresentando resultados estabelecidos.<\/span><br \/>\n<span style=\"font-size: 14pt\"> 2) artigos resumidos de at\u00e9 4 p\u00e1ginas, descrevendo resultados preliminares ou ideias inovadoras que ainda n\u00e3o foram totalmente validados, mas com potencial para gerar discuss\u00f5es interessantes durante o f\u00f3rum.<\/span><\/p>\n<p style=\"text-align: justify\"><span style=\"font-size: 14pt\">\u00a0\u00a0\u00a0\u00a0\u00a0\u00a0\u00a0\u00a0\u00a0 Os artigos devem reportar trabalhos originais que n\u00e3o foram submetidos ou apresentados em outros eventos. Os artigos submetidos podem ser escritos em portugu\u00eas ou em ingl\u00eas. Os artigos devem seguir o estilo de formata\u00e7\u00e3o dos eventos da SBC <a href=\"http:\/\/www.sbc.org.br\/documentos-da-sbc\/category\/169-templates-para-artigos-e-capitulos-de-livros\"><strong>(EXEMPLO)<\/strong><\/a>, respeitando o limite de 8 p\u00e1ginas para artigos completos e de 4 p\u00e1ginas para artigos resumidos. A submiss\u00e3o de artigos deve ser feita no formato Adobe Portable Document Format (PDF), utilizando o sistema <a href=\"https:\/\/easychair.org\/conferences\/?conf=feec2018\"><strong>EasyChair<\/strong><\/a>. Artigos aceitos ser\u00e3o publicados em m\u00eddia digital do evento. A vers\u00e3o final do artigo deve vir acompanhada de um termo de cess\u00e3o de direitos autorais. Ao menos um dos autores de cada artigo aceito dever\u00e1 se inscrever no SBCCI 2018.<\/span><\/p>\n<p style=\"text-align: justify\"><strong>Lista de Interesse (Lista n\u00e3o restritiva):<\/strong><\/p>\n<ul>\n<li style=\"text-align: left\">Propostas inovadoras de planos Pedag\u00f3gicos de cursos e de especializa\u00e7\u00f5es (\u00eanfases) para cursos de Engenharia de Computa\u00e7\u00e3o.<\/li>\n<li style=\"text-align: left\">Inova\u00e7\u00f5es pedag\u00f3gicas, utilizando uma ampla variedade de tecnol\u00f3gicas, incluindo plataformas educacionais<\/li>\n<li style=\"text-align: left\">Integra\u00e7\u00e3o de experi\u00eancia pr\u00e1tica na educa\u00e7\u00e3o em Engenharia de Computa\u00e7\u00e3o.<\/li>\n<li style=\"text-align: left\">Colabora\u00e7\u00e3o entre a ind\u00fastria e intitui\u00e7\u00f5es acad\u00eamicas.<\/li>\n<li style=\"text-align: left\">Diretrizes Curriculares Nacionais (Habilidades e compet\u00eancias profissionais de egressos e suas rela\u00e7\u00f5es com conte\u00fados).<\/li>\n<li style=\"text-align: left\">Metodologias educacionais incluindo abordagens, ferramentas, laborat\u00f3rios, m\u00e9todos de avalia\u00e7\u00e3o, ensino \u00e0 dist\u00e2ncia, livros did\u00e1ticos e t\u00e9cnicas de projetos.<\/li>\n<li style=\"text-align: left\">Fundamentos cient\u00edficos para Engenharia de Computa\u00e7\u00e3o.<\/li>\n<li style=\"text-align: left\">As rela\u00e7\u00f5es entre Computa\u00e7\u00e3o e Computador orientadas para o ensino de Engenharia de Computa\u00e7\u00e3o.<\/li>\n<li style=\"text-align: left\">Atividades de fomento ao empreendedorismo.<\/li>\n<\/ul>\n<hr \/>\n<h2 style=\"text-align: center\">Organiza\u00e7\u00e3o<\/h2>\n<h3 style=\"text-align: center\">Coordena\u00e7\u00e3o<\/h3>\n<p style=\"text-align: center\">Daltro Jos\u00e9 Nunes (UFRGS)<\/p>\n<p>Fernanda Lima Kastensmidt (UFRGS)<\/p>\n<h3 style=\"text-align: center\">Comit\u00ea Diretivo<\/h3>\n<p>(Em forma\u00e7\u00e3o)<\/p>\n<h3 style=\"text-align: center\">Comit\u00ea de Programa<\/h3>\n<p style=\"text-align: center\">Adenauer Yamin (UCPEL\/UFPEL)<\/p>\n<p>Alexandre Carissimi ( UFRGS)<\/p>\n<p>Antonio Carlos Fernandes Da Silva (UTFPR)<\/p>\n<p>Antonio Carlos S. Beck Filho (UFRGS)<\/p>\n<p>Fernando Gehm Moraes (PUCRS)<\/p>\n<p>Jose Mario De Martino (UNICAMP)<\/p>\n<p>Noemi Rodriguez (PUC-RIO)<\/p>\n<p>Rodolfo Azevedo (UNICAMP)<\/p>\n<p>Romulo Silva de Oliveira (UFSC)<\/p>\n<p>Simone Martins (UFF)<\/p>\n<p>Vanderlei Bonato (USP)<\/p>\n<\/div>\n","protected":false},"excerpt":{"rendered":"<p>FEEC 2018 4\u00ba F\u00f3rum de Educa\u00e7\u00e3o em Engenharia de Computa\u00e7\u00e3o Bento Gon\u00e7alves &#8211; Rio Grande do Sul &#8211; Brazil &#8211; August 27 to 31, 2018 \u00a0\u00a0\u00a0\u00a0\u00a0\u00a0\u00a0\u00a0\u00a0 O F\u00f3rum de Educa\u00e7\u00e3o em Engenharia de Computa\u00e7\u00e3o&#46;&#46;&#46;<\/p>\n","protected":false},"author":685,"featured_media":0,"parent":43,"menu_order":0,"comment_status":"closed","ping_status":"closed","template":"page-templates\/child-menu.php","meta":{"jetpack_post_was_ever_published":false,"footnotes":""},"class_list":["post-430","page","type-page","status-publish","hentry"],"jetpack_sharing_enabled":true,"jetpack_shortlink":"https:\/\/wp.me\/P9e0OP-6W","jetpack_likes_enabled":false,"jetpack-related-posts":[{"id":1161,"url":"https:\/\/wp.ufpel.edu.br\/chipinthepampa2018\/feec-technical-program-in-portuguese\/","url_meta":{"origin":430,"position":0},"title":"FEEC 2018 Technical Program (in Portuguese)","author":"agostini","date":"08\/08\/2018","format":false,"excerpt":"FEEC 2018 Final Technical Program All activities will be in Portuguese. Tuesday, Aug. 28 13:40h Pinot A\u00a0 An\u00e1lise de Microprocessadores: Did\u00e1ticos a Comerciais Paulo Matheus Vinhas 14:05h\u00a0Pinot A\u00a0 As rela\u00e7\u00f5es entre Computador e Computa\u00e7\u00e3o Daltro Nunes\u00a0 (UFRGS) 14:55h Pinot A\u00a0\u2013 Painel Desafios no Ensino de Engenharia da Computa\u00e7\u00e3o na Era\u2026","rel":"","context":"Post similar","block_context":{"text":"Post similar","link":""},"img":{"alt_text":"","src":"","width":0,"height":0},"classes":[]},{"id":76,"url":"https:\/\/wp.ufpel.edu.br\/chipinthepampa2018\/important-dates\/","url_meta":{"origin":430,"position":1},"title":"Important Dates","author":"agostini","date":"27\/09\/2017","format":false,"excerpt":"SBCCI 2018 *****FINAL DEADLINE EXTENSION***** Abstract & Paper Submission Deadline: \u00a0 April 20th ,2018 Rebuttal Period: June 12th June 15th\u00a0 ,2018 Notification of Acceptance: June 20th ,2018 Camera Ready Deadline: July 10th ,2018 SBMicro 2018 *****FINAL DEADLINE EXTENSION***** Paper Submission Deadline: ----------- April\u00a022nd\u00a0 ,2018 Notification of Acceptance: \u00a0 May 27th\u2026","rel":"","context":"Post similar","block_context":{"text":"Post similar","link":""},"img":{"alt_text":"","src":"","width":0,"height":0},"classes":[]},{"id":986,"url":"https:\/\/wp.ufpel.edu.br\/chipinthepampa2018\/program-schedule\/","url_meta":{"origin":430,"position":2},"title":"Program Schedule","author":"agostini","date":"18\/07\/2018","format":false,"excerpt":"Chip in the Pampa 2018 Schedule Monday, Aug. 27 9:00h Assemblage - Event Registration 13:40h Pinot C - Meeting of SBMicro Board 13:40h Pinot D - Meeting of SBC\/CECCI Board 15:40h Pinot Lobby - Coffee-Break 16:20h Pinot A - Meeting of SBCCI Steering Committee 16:20h Pinot B - Meeting of\u2026","rel":"","context":"Post similar","block_context":{"text":"Post similar","link":""},"img":{"alt_text":"","src":"","width":0,"height":0},"classes":[]},{"id":1101,"url":"https:\/\/wp.ufpel.edu.br\/chipinthepampa2018\/sbmicro-business-forum\/","url_meta":{"origin":430,"position":3},"title":"SBMicro Business Forum (in Portuguese)","author":"agostini","date":"23\/07\/2018","format":false,"excerpt":"Thursday, Aug. 30 SBMicro Business Forum COMO FOMENTAR A IND\u00daSTRIA DE BENS FINAIS NO BRASIL All the workshop activities will be in Portuguese 09:00h Pinot C \u2013 Abertura Nilton Morimoto (SBMICRO) 09:10 Pinot C \u2013 Apresenta\u00e7\u00e3o Lei de Inform\u00e1tica e Startups Jose Gontijo (MCTIC) 09:45h Pinot C \u2013 Apresenta\u00e7\u00e3o A\u00e7\u00f5es\u2026","rel":"","context":"Post similar","block_context":{"text":"Post similar","link":""},"img":{"alt_text":"","src":"","width":0,"height":0},"classes":[]},{"id":1295,"url":"https:\/\/wp.ufpel.edu.br\/chipinthepampa2018\/social-program-2\/","url_meta":{"origin":430,"position":4},"title":"Social Program","author":"agostini","date":"10\/08\/2018","format":false,"excerpt":"Chip in the Pampa 2018 Social Program Welcome Reception The Welcome Reception will be held on the Dall\u00b4Onder Grande Hotel and will provide a relaxed moment to fraternize with the event participants.\u00a0The reception includes foods, beers, and the Brazilian Caipirinhas with the awarded Casa Bucco cacha\u00e7a from Bento Gon\u00e7alves. \u00a0The\u2026","rel":"","context":"Post similar","block_context":{"text":"Post similar","link":""},"img":{"alt_text":"","src":"https:\/\/i0.wp.com\/wp.ufpel.edu.br\/chipinthepampa2018\/files\/2018\/08\/show2-400x267.jpg?resize=350%2C200&ssl=1","width":350,"height":200},"classes":[]},{"id":875,"url":"https:\/\/wp.ufpel.edu.br\/chipinthepampa2018\/transport-information\/","url_meta":{"origin":430,"position":5},"title":"Transport Information","author":"agostini","date":"15\/07\/2018","format":false,"excerpt":"How to reach Bento Gon\u00e7alves Bento Gon\u00e7alves (nicknamed Bento) is a city with an estimated population of 115 thousand inhabitants. It is in the Rio Grande do Sul state in southern Brazil and is known as the 'wine capital of Brazil' due to its vineyards and wine production. Bento is\u2026","rel":"","context":"Post similar","block_context":{"text":"Post similar","link":""},"img":{"alt_text":"","src":"https:\/\/i0.wp.com\/wp.ufpel.edu.br\/chipinthepampa2018\/files\/2018\/07\/brazilRS.jpeg-400x398.jpg?resize=350%2C200&ssl=1","width":350,"height":200},"classes":[]}],"_links":{"self":[{"href":"https:\/\/wp.ufpel.edu.br\/chipinthepampa2018\/wp-json\/wp\/v2\/pages\/430","targetHints":{"allow":["GET"]}}],"collection":[{"href":"https:\/\/wp.ufpel.edu.br\/chipinthepampa2018\/wp-json\/wp\/v2\/pages"}],"about":[{"href":"https:\/\/wp.ufpel.edu.br\/chipinthepampa2018\/wp-json\/wp\/v2\/types\/page"}],"author":[{"embeddable":true,"href":"https:\/\/wp.ufpel.edu.br\/chipinthepampa2018\/wp-json\/wp\/v2\/users\/685"}],"replies":[{"embeddable":true,"href":"https:\/\/wp.ufpel.edu.br\/chipinthepampa2018\/wp-json\/wp\/v2\/comments?post=430"}],"version-history":[{"count":7,"href":"https:\/\/wp.ufpel.edu.br\/chipinthepampa2018\/wp-json\/wp\/v2\/pages\/430\/revisions"}],"predecessor-version":[{"id":655,"href":"https:\/\/wp.ufpel.edu.br\/chipinthepampa2018\/wp-json\/wp\/v2\/pages\/430\/revisions\/655"}],"up":[{"embeddable":true,"href":"https:\/\/wp.ufpel.edu.br\/chipinthepampa2018\/wp-json\/wp\/v2\/pages\/43"}],"wp:attachment":[{"href":"https:\/\/wp.ufpel.edu.br\/chipinthepampa2018\/wp-json\/wp\/v2\/media?parent=430"}],"curies":[{"name":"wp","href":"https:\/\/api.w.org\/{rel}","templated":true}]}}