{"id":43,"date":"2017-09-27T14:26:11","date_gmt":"2017-09-27T17:26:11","guid":{"rendered":"https:\/\/wp.ufpel.edu.br\/chipinthepampa2018\/?page_id=43"},"modified":"2017-10-13T21:02:17","modified_gmt":"2017-10-14T00:02:17","slug":"events","status":"publish","type":"page","link":"https:\/\/wp.ufpel.edu.br\/chipinthepampa2018\/events\/","title":{"rendered":"Events"},"content":{"rendered":"<p>Eventos.<\/p>\n","protected":false},"excerpt":{"rendered":"<p>Eventos.<\/p>\n","protected":false},"author":685,"featured_media":0,"parent":0,"menu_order":0,"comment_status":"closed","ping_status":"closed","template":"page-templates\/child-menu.php","meta":{"jetpack_post_was_ever_published":false,"footnotes":""},"class_list":["post-43","page","type-page","status-publish","hentry"],"jetpack_sharing_enabled":true,"jetpack_shortlink":"https:\/\/wp.me\/P9e0OP-H","jetpack_likes_enabled":false,"jetpack-related-posts":[{"id":430,"url":"https:\/\/wp.ufpel.edu.br\/chipinthepampa2018\/events\/feec\/","url_meta":{"origin":43,"position":0},"title":"FEEC 2018","author":"agostini","date":"21\/02\/2018","format":false,"excerpt":"FEEC 2018 4\u00ba F\u00f3rum de Educa\u00e7\u00e3o em Engenharia de Computa\u00e7\u00e3o Bento Gon\u00e7alves - Rio Grande do Sul - Brazil - August 27 to 31, 2018 \u00a0\u00a0\u00a0\u00a0\u00a0\u00a0\u00a0\u00a0\u00a0 O F\u00f3rum de Educa\u00e7\u00e3o em Engenharia de Computa\u00e7\u00e3o (FEEC) \u00e9 o principal meio para a exposi\u00e7\u00e3o, an\u00e1lise e discuss\u00e3o dos principais aspectos, particularidades e\u2026","rel":"","context":"Post similar","block_context":{"text":"Post similar","link":""},"img":{"alt_text":"","src":"","width":0,"height":0},"classes":[]},{"id":55,"url":"https:\/\/wp.ufpel.edu.br\/chipinthepampa2018\/events\/sforum-2018\/","url_meta":{"origin":43,"position":1},"title":"SFORUM 2018","author":"agostini","date":"27\/09\/2017","format":false,"excerpt":"SFORUM 2018 18th Microelectronics Students Forum Bento Gon\u00e7alves - Rio Grande do Sul - Brazil - August 27 to 31, 2018 The Microelectronics Students Forum is an event promoted by the Brazilian Microelectronics Society (SBMicro) and the Brazilian Computer Society (SBC) with the following main goals: Promote the participation of\u2026","rel":"","context":"Post similar","block_context":{"text":"Post similar","link":""},"img":{"alt_text":"","src":"","width":0,"height":0},"classes":[]},{"id":573,"url":"https:\/\/wp.ufpel.edu.br\/chipinthepampa2018\/events\/sbcci-2018\/sbcci-submissions\/","url_meta":{"origin":43,"position":2},"title":"SBCCI SUBMISSIONS","author":"agostini","date":"16\/03\/2018","format":false,"excerpt":"Instructions for the Authors Prospective authors from around the world are invited to submit manuscripts in English for consideration by the Program Committee. Manuscripts may have up to 6 pages, must be formatted as two-column document following the IEEE guidelines (templates can be found HERE) and must be prepared for\u2026","rel":"","context":"Post similar","block_context":{"text":"Post similar","link":""},"img":{"alt_text":"","src":"","width":0,"height":0},"classes":[]},{"id":30,"url":"https:\/\/wp.ufpel.edu.br\/chipinthepampa2018\/registration\/","url_meta":{"origin":43,"position":3},"title":"Registration","author":"agostini","date":"27\/09\/2017","format":false,"excerpt":"Online registration is now closed. On site registrations will be available during the event at the Registration Desk. Please note that at least one paper author MUST be registered at an EARLY Professional (July 21st) Registration fee to allow the paper publication at SBCCI, SBMicro, INSCIT, WCAS or FEEC or\u2026","rel":"","context":"Post similar","block_context":{"text":"Post similar","link":""},"img":{"alt_text":"","src":"","width":0,"height":0},"classes":[]},{"id":24,"url":"https:\/\/wp.ufpel.edu.br\/chipinthepampa2018\/about-bento-goncalves\/","url_meta":{"origin":43,"position":4},"title":"About Bento Gon\u00e7alves","author":"agostini","date":"27\/09\/2017","format":false,"excerpt":"About Bento Gon\u00e7alves Bento Gon\u00e7alves is a municipality located in the state of Rio Grande do Sul, Brazil. Created in 1875, it is one of centers of the italian immigration in Brazil. It is also known as the wine capital of Brazil due to its vineyards and wine production. Before\u2026","rel":"","context":"Post similar","block_context":{"text":"Post similar","link":""},"img":{"alt_text":"","src":"","width":0,"height":0},"classes":[]},{"id":52,"url":"https:\/\/wp.ufpel.edu.br\/chipinthepampa2018\/events\/sbmicro-2018\/","url_meta":{"origin":43,"position":5},"title":"SBMICRO 2018","author":"agostini","date":"27\/09\/2017","format":false,"excerpt":"SBMICRO 2018 33rd Symposium on Microelectronics Technology and Devices Bento Gon\u00e7alves - Rio Grande do Sul - Brazil - August 27 to 31, 2018 The SBMicro symposium is an international forum dedicated to fabrication and modeling of microsystems, integrated circuits and devices, held annually in Brazil. The goal of the\u2026","rel":"","context":"Post similar","block_context":{"text":"Post similar","link":""},"img":{"alt_text":"","src":"","width":0,"height":0},"classes":[]}],"_links":{"self":[{"href":"https:\/\/wp.ufpel.edu.br\/chipinthepampa2018\/wp-json\/wp\/v2\/pages\/43","targetHints":{"allow":["GET"]}}],"collection":[{"href":"https:\/\/wp.ufpel.edu.br\/chipinthepampa2018\/wp-json\/wp\/v2\/pages"}],"about":[{"href":"https:\/\/wp.ufpel.edu.br\/chipinthepampa2018\/wp-json\/wp\/v2\/types\/page"}],"author":[{"embeddable":true,"href":"https:\/\/wp.ufpel.edu.br\/chipinthepampa2018\/wp-json\/wp\/v2\/users\/685"}],"replies":[{"embeddable":true,"href":"https:\/\/wp.ufpel.edu.br\/chipinthepampa2018\/wp-json\/wp\/v2\/comments?post=43"}],"version-history":[{"count":1,"href":"https:\/\/wp.ufpel.edu.br\/chipinthepampa2018\/wp-json\/wp\/v2\/pages\/43\/revisions"}],"predecessor-version":[{"id":45,"href":"https:\/\/wp.ufpel.edu.br\/chipinthepampa2018\/wp-json\/wp\/v2\/pages\/43\/revisions\/45"}],"wp:attachment":[{"href":"https:\/\/wp.ufpel.edu.br\/chipinthepampa2018\/wp-json\/wp\/v2\/media?parent=43"}],"curies":[{"name":"wp","href":"https:\/\/api.w.org\/{rel}","templated":true}]}}