{"id":1410,"date":"2018-08-19T12:34:37","date_gmt":"2018-08-19T15:34:37","guid":{"rendered":"https:\/\/wp.ufpel.edu.br\/chipinthepampa2018\/?page_id=1410"},"modified":"2018-08-23T14:19:32","modified_gmt":"2018-08-23T17:19:32","slug":"women-in-microelectronics-panel","status":"publish","type":"page","link":"https:\/\/wp.ufpel.edu.br\/chipinthepampa2018\/women-in-microelectronics-panel\/","title":{"rendered":"Women in Microelectronics Panel (in Portuguese)"},"content":{"rendered":"<p><span style=\"font-size: 24pt\"><strong>Women in Microelectronics Panel\u00a0<\/strong><\/span><\/p>\n<p><strong><em>The panel will be in Portuguese<\/em><\/strong><\/p>\n<p><span style=\"font-size: 18pt\"><strong>Wednesday, Aug. 29<\/strong><\/span><\/p>\n<p><strong>16:20h Pinot C <\/strong><\/p>\n<table style=\"height: 100%;width: 100%;border-collapse: collapse\" border=\"0\">\n<tbody>\n<tr>\n<td style=\"width: 33%\"><img data-recalc-dims=\"1\" decoding=\"async\" src=\"https:\/\/i0.wp.com\/wp.ufpel.edu.br\/chipinthepampa2018\/files\/2018\/08\/Fernanda.jpg?ssl=1\" alt=\"\"  \/><\/td>\n<td style=\"width: 33%\"><img data-recalc-dims=\"1\" decoding=\"async\" src=\"https:\/\/i0.wp.com\/wp.ufpel.edu.br\/chipinthepampa2018\/files\/2018\/08\/Andrea-Tavares.png?ssl=1\" alt=\"\"  \/><\/td>\n<td style=\"width: 33%\"><img data-recalc-dims=\"1\" decoding=\"async\" src=\"https:\/\/i0.wp.com\/wp.ufpel.edu.br\/chipinthepampa2018\/files\/2018\/08\/Morimoto.jpg?ssl=1\" alt=\"\"  \/><\/td>\n<\/tr>\n<tr>\n<td style=\"width: 33%\"><strong><em>Fernanda Gusmao de Lima Kastensmidt (UFRGS)<\/em><\/strong><\/td>\n<td style=\"width: 33%\"><strong><em>Andrea Labrudi Tavares (Cadence)<\/em><\/strong><\/td>\n<td style=\"width: 33%\"><strong><em>Nilton Morimoto (SBMicro)<\/em><\/strong><\/td>\n<\/tr>\n<tr>\n<td style=\"width: 33%\"><img data-recalc-dims=\"1\" decoding=\"async\" src=\"https:\/\/i0.wp.com\/wp.ufpel.edu.br\/chipinthepampa2018\/files\/2018\/08\/Alexandre.jpg?ssl=1\" alt=\"\"  \/><\/td>\n<td style=\"width: 33%\"><\/td>\n<td style=\"width: 33%\"><img data-recalc-dims=\"1\" decoding=\"async\" src=\"https:\/\/i0.wp.com\/wp.ufpel.edu.br\/chipinthepampa2018\/files\/2018\/08\/Linnyer.jpg?ssl=1\" alt=\"\"  \/><\/td>\n<\/tr>\n<tr>\n<td style=\"width: 33%\"><strong><em>Alexandre Guilherme Motta Sarmento (CNPq)<\/em><\/strong><\/td>\n<td style=\"width: 33%\"><\/td>\n<td style=\"width: 33%\"><strong><em>Moderator: Linnyer Beatrys Ruiz (UEM)<\/em><\/strong><\/td>\n<\/tr>\n<\/tbody>\n<\/table>\n<p>&nbsp;<\/p>\n","protected":false},"excerpt":{"rendered":"<p>Women in Microelectronics Panel\u00a0 The panel will be in Portuguese Wednesday, Aug. 29 16:20h Pinot C Fernanda Gusmao de Lima Kastensmidt (UFRGS) Andrea Labrudi Tavares (Cadence) Nilton Morimoto (SBMicro) Alexandre Guilherme Motta Sarmento (CNPq)&#46;&#46;&#46;<\/p>\n","protected":false},"author":685,"featured_media":0,"parent":0,"menu_order":0,"comment_status":"closed","ping_status":"closed","template":"","meta":{"jetpack_post_was_ever_published":false,"footnotes":""},"class_list":["post-1410","page","type-page","status-publish","hentry"],"jetpack_sharing_enabled":true,"jetpack_shortlink":"https:\/\/wp.me\/P9e0OP-mK","jetpack_likes_enabled":false,"jetpack-related-posts":[{"id":55,"url":"https:\/\/wp.ufpel.edu.br\/chipinthepampa2018\/events\/sforum-2018\/","url_meta":{"origin":1410,"position":0},"title":"SFORUM 2018","author":"agostini","date":"27\/09\/2017","format":false,"excerpt":"SFORUM 2018 18th Microelectronics Students Forum Bento Gon\u00e7alves - Rio Grande do Sul - Brazil - August 27 to 31, 2018 The Microelectronics Students Forum is an event promoted by the Brazilian Microelectronics Society (SBMicro) and the Brazilian Computer Society (SBC) with the following main goals: Promote the participation of\u2026","rel":"","context":"Post similar","block_context":{"text":"Post similar","link":""},"img":{"alt_text":"","src":"","width":0,"height":0},"classes":[]},{"id":788,"url":"https:\/\/wp.ufpel.edu.br\/chipinthepampa2018\/sbmicro-2018-tayeb-mohammed-brahim\/","url_meta":{"origin":1410,"position":1},"title":"SBMicro Invited Talk: Tayeb Mohammed-Brahim","author":"agostini","date":"08\/06\/2018","format":false,"excerpt":"Tayeb Mohammed-Brahim Rennes 1 University - France Friday, Aug. 31 \u2013 13:40h - Malbec A SBMICRO INVITED TALK: Organic Thin Film Transistors: Experimental and Modeling Flexible electronics becomes a major research domain due to the fast growing market. The overall revenue of wearable technology was $38 billion in 2017 and\u2026","rel":"","context":"Post similar","block_context":{"text":"Post similar","link":""},"img":{"alt_text":"","src":"https:\/\/i0.wp.com\/wp.ufpel.edu.br\/chipinthepampa2018\/files\/2018\/06\/tayebBrahim.jpg?resize=350%2C200&ssl=1","width":350,"height":200},"classes":[]},{"id":52,"url":"https:\/\/wp.ufpel.edu.br\/chipinthepampa2018\/events\/sbmicro-2018\/","url_meta":{"origin":1410,"position":2},"title":"SBMICRO 2018","author":"agostini","date":"27\/09\/2017","format":false,"excerpt":"SBMICRO 2018 33rd Symposium on Microelectronics Technology and Devices Bento Gon\u00e7alves - Rio Grande do Sul - Brazil - August 27 to 31, 2018 The SBMicro symposium is an international forum dedicated to fabrication and modeling of microsystems, integrated circuits and devices, held annually in Brazil. The goal of the\u2026","rel":"","context":"Post similar","block_context":{"text":"Post similar","link":""},"img":{"alt_text":"","src":"","width":0,"height":0},"classes":[]},{"id":180,"url":"https:\/\/wp.ufpel.edu.br\/chipinthepampa2018\/","url_meta":{"origin":1410,"position":3},"title":"Chip in the Pampa 2018\u2026","author":"agostini","date":"14\/10\/2017","format":false,"excerpt":"Chip in the Pampa 2018 Bento Gon\u00e7alves, Rio Grande do Sul, Brazil August 27 to 31, 2018 Keynote Speakers Jason Cong Joan Morante Nikil Dutt Presentation The Chip in is a series of events that started in 2000 with the Chip in the Jungle, in the State of Amazon, Brazil.\u2026","rel":"","context":"Post similar","block_context":{"text":"Post similar","link":""},"img":{"alt_text":"","src":"https:\/\/i0.wp.com\/wp.ufpel.edu.br\/chipinthepampa2018\/files\/2018\/08\/g1_12_178_1032_1107_240718.jpg?resize=350%2C200&ssl=1","width":350,"height":200,"srcset":"https:\/\/i0.wp.com\/wp.ufpel.edu.br\/chipinthepampa2018\/files\/2018\/08\/g1_12_178_1032_1107_240718.jpg?resize=350%2C200&ssl=1 1x, https:\/\/i0.wp.com\/wp.ufpel.edu.br\/chipinthepampa2018\/files\/2018\/08\/g1_12_178_1032_1107_240718.jpg?resize=525%2C300&ssl=1 1.5x, https:\/\/i0.wp.com\/wp.ufpel.edu.br\/chipinthepampa2018\/files\/2018\/08\/g1_12_178_1032_1107_240718.jpg?resize=700%2C400&ssl=1 2x"},"classes":[]},{"id":986,"url":"https:\/\/wp.ufpel.edu.br\/chipinthepampa2018\/program-schedule\/","url_meta":{"origin":1410,"position":4},"title":"Program Schedule","author":"agostini","date":"18\/07\/2018","format":false,"excerpt":"Chip in the Pampa 2018 Schedule Monday, Aug. 27 9:00h Assemblage - Event Registration 13:40h Pinot C - Meeting of SBMicro Board 13:40h Pinot D - Meeting of SBC\/CECCI Board 15:40h Pinot Lobby - Coffee-Break 16:20h Pinot A - Meeting of SBCCI Steering Committee 16:20h Pinot B - Meeting of\u2026","rel":"","context":"Post similar","block_context":{"text":"Post similar","link":""},"img":{"alt_text":"","src":"","width":0,"height":0},"classes":[]},{"id":1415,"url":"https:\/\/wp.ufpel.edu.br\/chipinthepampa2018\/chip-in-the-pampa-2018-main-panel-in-portuguese\/","url_meta":{"origin":1410,"position":5},"title":"Chip in the Pampa 2018 Panel (in Portuguese)","author":"agostini","date":"19\/08\/2018","format":false,"excerpt":"Chip in the Pampa 2018 Panel The panel will be in Portuguese Thursday, Aug. 30 16:20h Malbec BC Avalia\u00e7\u00e3o e Perspectivas da Pol\u00edtica de Incentivos ao Desenvolvimento de Empreendimentos de TIC e Microeletr\u00f4nica Jos\u00e9 Gontijo (MCTIC) Ricardo Rivera (BNDES) Rogerio Nunes (ABISEMI\/ABINEE) Antonio Carlos Porto\u00a0 (P&D Brasil) to be confirmed\u2026","rel":"","context":"Post similar","block_context":{"text":"Post similar","link":""},"img":{"alt_text":"","src":"","width":0,"height":0},"classes":[]}],"_links":{"self":[{"href":"https:\/\/wp.ufpel.edu.br\/chipinthepampa2018\/wp-json\/wp\/v2\/pages\/1410","targetHints":{"allow":["GET"]}}],"collection":[{"href":"https:\/\/wp.ufpel.edu.br\/chipinthepampa2018\/wp-json\/wp\/v2\/pages"}],"about":[{"href":"https:\/\/wp.ufpel.edu.br\/chipinthepampa2018\/wp-json\/wp\/v2\/types\/page"}],"author":[{"embeddable":true,"href":"https:\/\/wp.ufpel.edu.br\/chipinthepampa2018\/wp-json\/wp\/v2\/users\/685"}],"replies":[{"embeddable":true,"href":"https:\/\/wp.ufpel.edu.br\/chipinthepampa2018\/wp-json\/wp\/v2\/comments?post=1410"}],"version-history":[{"count":11,"href":"https:\/\/wp.ufpel.edu.br\/chipinthepampa2018\/wp-json\/wp\/v2\/pages\/1410\/revisions"}],"predecessor-version":[{"id":1576,"href":"https:\/\/wp.ufpel.edu.br\/chipinthepampa2018\/wp-json\/wp\/v2\/pages\/1410\/revisions\/1576"}],"wp:attachment":[{"href":"https:\/\/wp.ufpel.edu.br\/chipinthepampa2018\/wp-json\/wp\/v2\/media?parent=1410"}],"curies":[{"name":"wp","href":"https:\/\/api.w.org\/{rel}","templated":true}]}}