{"id":1295,"date":"2018-08-10T20:49:25","date_gmt":"2018-08-10T23:49:25","guid":{"rendered":"https:\/\/wp.ufpel.edu.br\/chipinthepampa2018\/?page_id=1295"},"modified":"2018-08-23T14:31:13","modified_gmt":"2018-08-23T17:31:13","slug":"social-program-2","status":"publish","type":"page","link":"https:\/\/wp.ufpel.edu.br\/chipinthepampa2018\/social-program-2\/","title":{"rendered":"Social Program"},"content":{"rendered":"<h1 style=\"text-align: center\">Chip in the Pampa 2018 Social Program<\/h1>\n<h1 style=\"text-align: center\"><span style=\"font-size: 18pt\">Welcome Reception<\/span><\/h1>\n<p>The Welcome Reception will be held on the Dall\u00b4Onder Grande Hotel and will provide a relaxed moment to fraternize with the event participants.\u00a0The reception includes foods, beers, and the Brazilian Caipirinhas with the awarded <a href=\"http:\/\/www.casabucco.com.br\/\">Casa Bucco<\/a> cacha\u00e7a from Bento Gon\u00e7alves. \u00a0The Welcome Reception climax will be a show of traditional music and dance from Rio Grande do Sul. Then a little bit of the Gaucho\u2019s tradition will be presented to Chip in the Pampa 2018 attendees.<\/p>\n<table class=\" aligncenter\" style=\"width: 80%;border-collapse: collapse\">\n<tbody>\n<tr>\n<td style=\"width: 40%\"><img data-recalc-dims=\"1\" decoding=\"async\" src=\"https:\/\/i0.wp.com\/wp.ufpel.edu.br\/chipinthepampa2018\/files\/2018\/08\/show2.jpg?resize=400%2C267&#038;ssl=1\" alt=\"\" width=\"400\" height=\"267\" \/><\/td>\n<td style=\"width: 40%\"><img data-recalc-dims=\"1\" decoding=\"async\" src=\"https:\/\/i0.wp.com\/wp.ufpel.edu.br\/chipinthepampa2018\/files\/2018\/08\/show.jpg?resize=400%2C267&#038;ssl=1\" alt=\"\" width=\"400\" height=\"267\" \/><\/td>\n<\/tr>\n<\/tbody>\n<\/table>\n<h1 style=\"text-align: center\"><span style=\"font-size: 18pt\">Event Diner at Casa Valduga<\/span><\/h1>\n<p><img data-recalc-dims=\"1\" loading=\"lazy\" decoding=\"async\" data-attachment-id=\"1282\" data-permalink=\"https:\/\/wp.ufpel.edu.br\/chipinthepampa2018\/logovalduga\/\" data-orig-file=\"https:\/\/i0.wp.com\/wp.ufpel.edu.br\/chipinthepampa2018\/files\/2018\/08\/logovalduga.png?fit=370%2C190&amp;ssl=1\" data-orig-size=\"370,190\" data-comments-opened=\"0\" data-image-meta=\"{&quot;aperture&quot;:&quot;0&quot;,&quot;credit&quot;:&quot;&quot;,&quot;camera&quot;:&quot;&quot;,&quot;caption&quot;:&quot;&quot;,&quot;created_timestamp&quot;:&quot;0&quot;,&quot;copyright&quot;:&quot;&quot;,&quot;focal_length&quot;:&quot;0&quot;,&quot;iso&quot;:&quot;0&quot;,&quot;shutter_speed&quot;:&quot;0&quot;,&quot;title&quot;:&quot;&quot;,&quot;orientation&quot;:&quot;0&quot;}\" data-image-title=\"logovalduga\" data-image-description=\"\" data-image-caption=\"\" data-medium-file=\"https:\/\/i0.wp.com\/wp.ufpel.edu.br\/chipinthepampa2018\/files\/2018\/08\/logovalduga.png?fit=370%2C190&amp;ssl=1\" data-large-file=\"https:\/\/i0.wp.com\/wp.ufpel.edu.br\/chipinthepampa2018\/files\/2018\/08\/logovalduga.png?fit=370%2C190&amp;ssl=1\" class=\" wp-image-1282 aligncenter\" src=\"https:\/\/i0.wp.com\/wp.ufpel.edu.br\/chipinthepampa2018\/files\/2018\/08\/logovalduga.png?resize=383%2C197&#038;ssl=1\" alt=\"\" width=\"383\" height=\"197\" \/><\/p>\n<p>The Event Dinner will take place in the\u00a0<b><a href=\"http:\/\/www.casavalduga.com.br\/\" target=\"_blank\" rel=\"noopener\">Casa Valduga<\/a>\u00a0<\/b>winery, one of the most renowned winemakers in Brazil.<\/p>\n<p>At the end of the 19th century, in 1875, the first Italian immigrant of the Valduga family arrived in Brazil. From the city of Rovereto, in northern Italy, they cultivated the first grapevines in the very heart of what is today Vale dos Vinhedos, or the Valley of Vineyards, thereby giving root to the legacy of one of Brazil&#8217;s most renowned winemakers.<\/p>\n<p>The event will provide a tour in the Casa Valduga underground wine cellars where the visitors will be invited to taste some of the Casa Valduga wines.<\/p>\n<p>The dinner of the event will be held in the Maria Valduga Restaurant.\u00a0The restaurant, lined with historical basalt rocks, has an elegant and cozy style. The typically regional menu offers: galeto ao primo canto (spring chicken dish famous in Rio Grande do Sul), pork ribs and a variety of homemade pastas. Of course, a good Casa Valduga wine will be served to harmonize with this menu.<\/p>\n<p>\u200b<\/p>\n<table class=\"aligncenter\" style=\"width: 100%\" border=\"0\">\n<tbody>\n<tr>\n<td style=\"width: 33\"><img data-recalc-dims=\"1\" decoding=\"async\" src=\"https:\/\/i0.wp.com\/wp.ufpel.edu.br\/chipinthepampa2018\/files\/2018\/08\/casavalduga-01-e1533945559625.jpg?ssl=1\" alt=\"\"   \/><\/td>\n<td style=\"width: 33%\"><img data-recalc-dims=\"1\" decoding=\"async\" src=\"https:\/\/i0.wp.com\/wp.ufpel.edu.br\/chipinthepampa2018\/files\/2018\/08\/valduga8.jpg?ssl=1\" alt=\"\"   \/><\/td>\n<td style=\"width: 33%\"><img data-recalc-dims=\"1\" decoding=\"async\" src=\"https:\/\/i0.wp.com\/wp.ufpel.edu.br\/chipinthepampa2018\/files\/2018\/08\/valduga.jpg?ssl=1\" alt=\"\"   \/><\/td>\n<\/tr>\n<tr>\n<td style=\"width: 33%\"><img data-recalc-dims=\"1\" decoding=\"async\" src=\"https:\/\/i0.wp.com\/wp.ufpel.edu.br\/chipinthepampa2018\/files\/2018\/08\/valduga7-e1533939525995.png?ssl=1\" alt=\"\"   \/><\/td>\n<td style=\"width: 33%\"><img data-recalc-dims=\"1\" decoding=\"async\" src=\"https:\/\/i0.wp.com\/wp.ufpel.edu.br\/chipinthepampa2018\/files\/2018\/08\/valduga5-1.jpg?ssl=1\" alt=\"\"   \/><\/td>\n<td style=\"width: 33%\"><img data-recalc-dims=\"1\" decoding=\"async\" src=\"https:\/\/i0.wp.com\/wp.ufpel.edu.br\/chipinthepampa2018\/files\/2018\/08\/valduga6-e1533938969900.jpg?ssl=1\" alt=\"\"   \/><\/td>\n<\/tr>\n<\/tbody>\n<\/table>\n<p>&nbsp;<\/p>\n","protected":false},"excerpt":{"rendered":"<p>Chip in the Pampa 2018 Social Program Welcome Reception The Welcome Reception will be held on the Dall\u00b4Onder Grande Hotel and will provide a relaxed moment to fraternize with the event participants.\u00a0The reception includes&#46;&#46;&#46;<\/p>\n","protected":false},"author":685,"featured_media":0,"parent":0,"menu_order":0,"comment_status":"closed","ping_status":"closed","template":"","meta":{"jetpack_post_was_ever_published":false,"footnotes":""},"class_list":["post-1295","page","type-page","status-publish","hentry"],"jetpack_sharing_enabled":true,"jetpack_shortlink":"https:\/\/wp.me\/P9e0OP-kT","jetpack_likes_enabled":false,"jetpack-related-posts":[{"id":1415,"url":"https:\/\/wp.ufpel.edu.br\/chipinthepampa2018\/chip-in-the-pampa-2018-main-panel-in-portuguese\/","url_meta":{"origin":1295,"position":0},"title":"Chip in the Pampa 2018 Panel (in Portuguese)","author":"agostini","date":"19\/08\/2018","format":false,"excerpt":"Chip in the Pampa 2018 Panel The panel will be in Portuguese Thursday, Aug. 30 16:20h Malbec BC Avalia\u00e7\u00e3o e Perspectivas da Pol\u00edtica de Incentivos ao Desenvolvimento de Empreendimentos de TIC e Microeletr\u00f4nica Jos\u00e9 Gontijo (MCTIC) Ricardo Rivera (BNDES) Rogerio Nunes (ABISEMI\/ABINEE) Antonio Carlos Porto\u00a0 (P&D Brasil) to be confirmed\u2026","rel":"","context":"Post similar","block_context":{"text":"Post similar","link":""},"img":{"alt_text":"","src":"","width":0,"height":0},"classes":[]},{"id":503,"url":"https:\/\/wp.ufpel.edu.br\/chipinthepampa2018\/about-bento-goncalves\/venue\/","url_meta":{"origin":1295,"position":1},"title":"Venue","author":"agostini","date":"08\/03\/2018","format":false,"excerpt":"The conference venue will be the\u00a0Dall\u2019Onder Grande Hotel. \u00a0 Hotel rooms used for the Chip in the Pampa 2018 activities. To access the hotel website click HERE","rel":"","context":"Post similar","block_context":{"text":"Post similar","link":""},"img":{"alt_text":"","src":"https:\/\/i0.wp.com\/wp.ufpel.edu.br\/chipinthepampa2018\/files\/2018\/08\/malbec_textos.png?resize=350%2C200&ssl=1","width":350,"height":200,"srcset":"https:\/\/i0.wp.com\/wp.ufpel.edu.br\/chipinthepampa2018\/files\/2018\/08\/malbec_textos.png?resize=350%2C200&ssl=1 1x, https:\/\/i0.wp.com\/wp.ufpel.edu.br\/chipinthepampa2018\/files\/2018\/08\/malbec_textos.png?resize=525%2C300&ssl=1 1.5x, https:\/\/i0.wp.com\/wp.ufpel.edu.br\/chipinthepampa2018\/files\/2018\/08\/malbec_textos.png?resize=700%2C400&ssl=1 2x"},"classes":[]},{"id":945,"url":"https:\/\/wp.ufpel.edu.br\/chipinthepampa2018\/home-2\/program-at-a-glance\/","url_meta":{"origin":1295,"position":2},"title":"Program at a Glance","author":"agostini","date":"16\/07\/2018","format":false,"excerpt":"Program at a Glance This is the Program at a Glance of Chip in the Pampa 2018.\u200b \u00a0 \u00a0 \u00a0","rel":"","context":"Post similar","block_context":{"text":"Post similar","link":""},"img":{"alt_text":"","src":"https:\/\/i0.wp.com\/wp.ufpel.edu.br\/chipinthepampa2018\/files\/2018\/08\/Chip_in_the_Pampa_2018_at_a_Glance-1.png?resize=350%2C200&ssl=1","width":350,"height":200,"srcset":"https:\/\/i0.wp.com\/wp.ufpel.edu.br\/chipinthepampa2018\/files\/2018\/08\/Chip_in_the_Pampa_2018_at_a_Glance-1.png?resize=350%2C200&ssl=1 1x, https:\/\/i0.wp.com\/wp.ufpel.edu.br\/chipinthepampa2018\/files\/2018\/08\/Chip_in_the_Pampa_2018_at_a_Glance-1.png?resize=525%2C300&ssl=1 1.5x, https:\/\/i0.wp.com\/wp.ufpel.edu.br\/chipinthepampa2018\/files\/2018\/08\/Chip_in_the_Pampa_2018_at_a_Glance-1.png?resize=700%2C400&ssl=1 2x, https:\/\/i0.wp.com\/wp.ufpel.edu.br\/chipinthepampa2018\/files\/2018\/08\/Chip_in_the_Pampa_2018_at_a_Glance-1.png?resize=1050%2C600&ssl=1 3x"},"classes":[]},{"id":180,"url":"https:\/\/wp.ufpel.edu.br\/chipinthepampa2018\/","url_meta":{"origin":1295,"position":3},"title":"Chip in the Pampa 2018\u2026","author":"agostini","date":"14\/10\/2017","format":false,"excerpt":"Chip in the Pampa 2018 Bento Gon\u00e7alves, Rio Grande do Sul, Brazil August 27 to 31, 2018 Keynote Speakers Jason Cong Joan Morante Nikil Dutt Presentation The Chip in is a series of events that started in 2000 with the Chip in the Jungle, in the State of Amazon, Brazil.\u2026","rel":"","context":"Post similar","block_context":{"text":"Post similar","link":""},"img":{"alt_text":"","src":"https:\/\/i0.wp.com\/wp.ufpel.edu.br\/chipinthepampa2018\/files\/2018\/08\/g1_12_178_1032_1107_240718.jpg?resize=350%2C200&ssl=1","width":350,"height":200,"srcset":"https:\/\/i0.wp.com\/wp.ufpel.edu.br\/chipinthepampa2018\/files\/2018\/08\/g1_12_178_1032_1107_240718.jpg?resize=350%2C200&ssl=1 1x, https:\/\/i0.wp.com\/wp.ufpel.edu.br\/chipinthepampa2018\/files\/2018\/08\/g1_12_178_1032_1107_240718.jpg?resize=525%2C300&ssl=1 1.5x, https:\/\/i0.wp.com\/wp.ufpel.edu.br\/chipinthepampa2018\/files\/2018\/08\/g1_12_178_1032_1107_240718.jpg?resize=700%2C400&ssl=1 2x"},"classes":[]},{"id":492,"url":"https:\/\/wp.ufpel.edu.br\/chipinthepampa2018\/hotel-reservation\/","url_meta":{"origin":1295,"position":4},"title":"Hotel Reservation","author":"agostini","date":"08\/03\/2018","format":false,"excerpt":"Hotel Reservation The Dall'Onder Grande Hotel is the official hotel of the conference. Hotel Website. -- Reservations can be done by call or email -- comercial3@dallonder.com.br +55 (54) 3455-3580 \u00a0 Rate for attendes of the Chip in the Pampa, including breakfast.\u00a0 3 days minimum reservation. CATEGORY SIGLE DOUBLE TRIPLE QUADRUPLE\u2026","rel":"","context":"Post similar","block_context":{"text":"Post similar","link":""},"img":{"alt_text":"","src":"","width":0,"height":0},"classes":[]},{"id":1177,"url":"https:\/\/wp.ufpel.edu.br\/chipinthepampa2018\/exhibition-fair\/","url_meta":{"origin":1295,"position":5},"title":"Exhibition Fair","author":"agostini","date":"09\/08\/2018","format":false,"excerpt":"Exhibition Fair From Aug. 28 to Aug. 31 Chip in the Pampa 2018 counts with an Exhibition Fair that aims at bringing together industry and academy in the field of Microelectronics. The Exhibition Fair is the place to meet some of the main companies in the country and in the\u2026","rel":"","context":"Post similar","block_context":{"text":"Post similar","link":""},"img":{"alt_text":"","src":"https:\/\/i0.wp.com\/wp.ufpel.edu.br\/chipinthepampa2018\/files\/2018\/08\/NAMITEC.jpg?resize=350%2C200&ssl=1","width":350,"height":200,"srcset":"https:\/\/i0.wp.com\/wp.ufpel.edu.br\/chipinthepampa2018\/files\/2018\/08\/NAMITEC.jpg?resize=350%2C200&ssl=1 1x, https:\/\/i0.wp.com\/wp.ufpel.edu.br\/chipinthepampa2018\/files\/2018\/08\/NAMITEC.jpg?resize=525%2C300&ssl=1 1.5x, https:\/\/i0.wp.com\/wp.ufpel.edu.br\/chipinthepampa2018\/files\/2018\/08\/NAMITEC.jpg?resize=700%2C400&ssl=1 2x, https:\/\/i0.wp.com\/wp.ufpel.edu.br\/chipinthepampa2018\/files\/2018\/08\/NAMITEC.jpg?resize=1050%2C600&ssl=1 3x, https:\/\/i0.wp.com\/wp.ufpel.edu.br\/chipinthepampa2018\/files\/2018\/08\/NAMITEC.jpg?resize=1400%2C800&ssl=1 4x"},"classes":[]}],"_links":{"self":[{"href":"https:\/\/wp.ufpel.edu.br\/chipinthepampa2018\/wp-json\/wp\/v2\/pages\/1295","targetHints":{"allow":["GET"]}}],"collection":[{"href":"https:\/\/wp.ufpel.edu.br\/chipinthepampa2018\/wp-json\/wp\/v2\/pages"}],"about":[{"href":"https:\/\/wp.ufpel.edu.br\/chipinthepampa2018\/wp-json\/wp\/v2\/types\/page"}],"author":[{"embeddable":true,"href":"https:\/\/wp.ufpel.edu.br\/chipinthepampa2018\/wp-json\/wp\/v2\/users\/685"}],"replies":[{"embeddable":true,"href":"https:\/\/wp.ufpel.edu.br\/chipinthepampa2018\/wp-json\/wp\/v2\/comments?post=1295"}],"version-history":[{"count":20,"href":"https:\/\/wp.ufpel.edu.br\/chipinthepampa2018\/wp-json\/wp\/v2\/pages\/1295\/revisions"}],"predecessor-version":[{"id":1580,"href":"https:\/\/wp.ufpel.edu.br\/chipinthepampa2018\/wp-json\/wp\/v2\/pages\/1295\/revisions\/1580"}],"wp:attachment":[{"href":"https:\/\/wp.ufpel.edu.br\/chipinthepampa2018\/wp-json\/wp\/v2\/media?parent=1295"}],"curies":[{"name":"wp","href":"https:\/\/api.w.org\/{rel}","templated":true}]}}