{"id":1161,"date":"2018-08-08T16:06:08","date_gmt":"2018-08-08T19:06:08","guid":{"rendered":"https:\/\/wp.ufpel.edu.br\/chipinthepampa2018\/?page_id=1161"},"modified":"2018-08-21T09:19:16","modified_gmt":"2018-08-21T12:19:16","slug":"feec-technical-program-in-portuguese","status":"publish","type":"page","link":"https:\/\/wp.ufpel.edu.br\/chipinthepampa2018\/feec-technical-program-in-portuguese\/","title":{"rendered":"FEEC 2018 Technical Program (in Portuguese)"},"content":{"rendered":"<p><strong><span style=\"font-size: 24pt\">FEEC 2018 Final Technical Program<\/span><\/strong><\/p>\n<p><strong><em>All activities will be in Portuguese.<\/em><\/strong><\/p>\n<p><span style=\"font-style: inherit;font-weight: inherit;font-size: 18pt\"><strong style=\"font-style: inherit\">Tuesday, Aug. 28<\/strong><\/span><\/p>\n<hr \/>\n<p><strong style=\"font-style: inherit\">13:40h Pinot A\u00a0<\/strong><br \/>\nAn\u00e1lise de Microprocessadores: Did\u00e1ticos a Comerciais<br \/>\n<em>Paulo Matheus Vinhas<\/em><\/p>\n<p><strong style=\"font-style: inherit\">14:05h\u00a0Pinot A\u00a0<\/strong><strong><br \/>\n<\/strong>As rela\u00e7\u00f5es entre Computador e Computa\u00e7\u00e3o<br \/>\n<em>Daltro Nunes\u00a0 (UFRGS)<\/em><\/p>\n<p><strong style=\"font-style: inherit\">14:55h Pinot A\u00a0\u2013 Painel<\/strong><strong><br \/>\n<\/strong>Desafios no Ensino de Engenharia da Computa\u00e7\u00e3o na Era da Multidisciplinaridade<br \/>\n<em>Altamiro Susin (UFRGS), Andr\u00e9 Reis (UFRGS), Ricardo Reis (UFRGS) e Daltro Nunes (UFRGS)<\/em><\/p>\n<p><strong style=\"font-style: inherit\">15:40h Carmen\u00e8re \u2013 Coffee-Break<\/strong><\/p>\n","protected":false},"excerpt":{"rendered":"<p>FEEC 2018 Final Technical Program All activities will be in Portuguese. Tuesday, Aug. 28 13:40h Pinot A\u00a0 An\u00e1lise de Microprocessadores: Did\u00e1ticos a Comerciais Paulo Matheus Vinhas 14:05h\u00a0Pinot A\u00a0 As rela\u00e7\u00f5es entre Computador e Computa\u00e7\u00e3o&#46;&#46;&#46;<\/p>\n","protected":false},"author":685,"featured_media":0,"parent":0,"menu_order":0,"comment_status":"closed","ping_status":"closed","template":"","meta":{"jetpack_post_was_ever_published":false,"footnotes":""},"class_list":["post-1161","page","type-page","status-publish","hentry"],"jetpack_sharing_enabled":true,"jetpack_shortlink":"https:\/\/wp.me\/P9e0OP-iJ","jetpack_likes_enabled":false,"jetpack-related-posts":[{"id":430,"url":"https:\/\/wp.ufpel.edu.br\/chipinthepampa2018\/events\/feec\/","url_meta":{"origin":1161,"position":0},"title":"FEEC 2018","author":"agostini","date":"21\/02\/2018","format":false,"excerpt":"FEEC 2018 4\u00ba F\u00f3rum de Educa\u00e7\u00e3o em Engenharia de Computa\u00e7\u00e3o Bento Gon\u00e7alves - Rio Grande do Sul - Brazil - August 27 to 31, 2018 \u00a0\u00a0\u00a0\u00a0\u00a0\u00a0\u00a0\u00a0\u00a0 O F\u00f3rum de Educa\u00e7\u00e3o em Engenharia de Computa\u00e7\u00e3o (FEEC) \u00e9 o principal meio para a exposi\u00e7\u00e3o, an\u00e1lise e discuss\u00e3o dos principais aspectos, particularidades e\u2026","rel":"","context":"Post similar","block_context":{"text":"Post similar","link":""},"img":{"alt_text":"","src":"","width":0,"height":0},"classes":[]},{"id":986,"url":"https:\/\/wp.ufpel.edu.br\/chipinthepampa2018\/program-schedule\/","url_meta":{"origin":1161,"position":1},"title":"Program Schedule","author":"agostini","date":"18\/07\/2018","format":false,"excerpt":"Chip in the Pampa 2018 Schedule Monday, Aug. 27 9:00h Assemblage - Event Registration 13:40h Pinot C - Meeting of SBMicro Board 13:40h Pinot D - Meeting of SBC\/CECCI Board 15:40h Pinot Lobby - Coffee-Break 16:20h Pinot A - Meeting of SBCCI Steering Committee 16:20h Pinot B - Meeting of\u2026","rel":"","context":"Post similar","block_context":{"text":"Post similar","link":""},"img":{"alt_text":"","src":"","width":0,"height":0},"classes":[]},{"id":1039,"url":"https:\/\/wp.ufpel.edu.br\/chipinthepampa2018\/sbcci-2018-technical-program\/","url_meta":{"origin":1161,"position":2},"title":"SBCCI 2018 Technical Program","author":"agostini","date":"19\/07\/2018","format":false,"excerpt":"SBCCI 2018 Final Technical Program Papers assigned with an asterisk are the SBCCI2018 Best Paper Candidates. Tuesday, Aug. 28 9:00h Malbec B \u2013 Tutorial Integrated switched-capacitor DC-DC converters for high-density capacitive energy storage Filip Tavernier (KU Leuven \u2013 Belgium) 10:20h Carmen\u00e8re - Coffee-Break 10:40h Malbec A \u2013 Tutorial DC and\u2026","rel":"","context":"Post similar","block_context":{"text":"Post similar","link":""},"img":{"alt_text":"","src":"","width":0,"height":0},"classes":[]},{"id":1410,"url":"https:\/\/wp.ufpel.edu.br\/chipinthepampa2018\/women-in-microelectronics-panel\/","url_meta":{"origin":1161,"position":3},"title":"Women in Microelectronics Panel (in Portuguese)","author":"agostini","date":"19\/08\/2018","format":false,"excerpt":"Women in Microelectronics Panel\u00a0 The panel will be in Portuguese Wednesday, Aug. 29 16:20h Pinot C Fernanda Gusmao de Lima Kastensmidt (UFRGS) Andrea Labrudi Tavares (Cadence) Nilton Morimoto (SBMicro) Alexandre Guilherme Motta Sarmento (CNPq) Moderator: Linnyer Beatrys Ruiz (UEM) \u00a0","rel":"","context":"Post similar","block_context":{"text":"Post similar","link":""},"img":{"alt_text":"","src":"","width":0,"height":0},"classes":[]},{"id":1415,"url":"https:\/\/wp.ufpel.edu.br\/chipinthepampa2018\/chip-in-the-pampa-2018-main-panel-in-portuguese\/","url_meta":{"origin":1161,"position":4},"title":"Chip in the Pampa 2018 Panel (in Portuguese)","author":"agostini","date":"19\/08\/2018","format":false,"excerpt":"Chip in the Pampa 2018 Panel The panel will be in Portuguese Thursday, Aug. 30 16:20h Malbec BC Avalia\u00e7\u00e3o e Perspectivas da Pol\u00edtica de Incentivos ao Desenvolvimento de Empreendimentos de TIC e Microeletr\u00f4nica Jos\u00e9 Gontijo (MCTIC) Ricardo Rivera (BNDES) Rogerio Nunes (ABISEMI\/ABINEE) Antonio Carlos Porto\u00a0 (P&D Brasil) to be confirmed\u2026","rel":"","context":"Post similar","block_context":{"text":"Post similar","link":""},"img":{"alt_text":"","src":"","width":0,"height":0},"classes":[]},{"id":1057,"url":"https:\/\/wp.ufpel.edu.br\/chipinthepampa2018\/wcas-2018-technical-program\/","url_meta":{"origin":1161,"position":5},"title":"WCAS 2018 Technical Program","author":"agostini","date":"19\/07\/2018","format":false,"excerpt":"WCAS 2018 Final Technical Program Tuesday, Aug. 28 9:00h Malbec B \u2013 Tutorial Integrated switched-capacitor DC-DC converters for high-density capacitive energy storage Filip Tavernier (KU Leuven \u2013 Belgium) 10:20h Carmen\u00e8re - Coffee-Break 10:40h Malbec A \u2013 Tutorial DC and RF reliability of advanced CMOS technologies Edmundo Gutierrez (INAOE \u2013 Mexico)\u00a0\u2026","rel":"","context":"Post similar","block_context":{"text":"Post similar","link":""},"img":{"alt_text":"","src":"","width":0,"height":0},"classes":[]}],"_links":{"self":[{"href":"https:\/\/wp.ufpel.edu.br\/chipinthepampa2018\/wp-json\/wp\/v2\/pages\/1161","targetHints":{"allow":["GET"]}}],"collection":[{"href":"https:\/\/wp.ufpel.edu.br\/chipinthepampa2018\/wp-json\/wp\/v2\/pages"}],"about":[{"href":"https:\/\/wp.ufpel.edu.br\/chipinthepampa2018\/wp-json\/wp\/v2\/types\/page"}],"author":[{"embeddable":true,"href":"https:\/\/wp.ufpel.edu.br\/chipinthepampa2018\/wp-json\/wp\/v2\/users\/685"}],"replies":[{"embeddable":true,"href":"https:\/\/wp.ufpel.edu.br\/chipinthepampa2018\/wp-json\/wp\/v2\/comments?post=1161"}],"version-history":[{"count":7,"href":"https:\/\/wp.ufpel.edu.br\/chipinthepampa2018\/wp-json\/wp\/v2\/pages\/1161\/revisions"}],"predecessor-version":[{"id":1569,"href":"https:\/\/wp.ufpel.edu.br\/chipinthepampa2018\/wp-json\/wp\/v2\/pages\/1161\/revisions\/1569"}],"wp:attachment":[{"href":"https:\/\/wp.ufpel.edu.br\/chipinthepampa2018\/wp-json\/wp\/v2\/media?parent=1161"}],"curies":[{"name":"wp","href":"https:\/\/api.w.org\/{rel}","templated":true}]}}