{"id":1095,"date":"2018-07-23T21:22:46","date_gmt":"2018-07-24T00:22:46","guid":{"rendered":"https:\/\/wp.ufpel.edu.br\/chipinthepampa2018\/?page_id=1095"},"modified":"2018-08-25T09:01:12","modified_gmt":"2018-08-25T12:01:12","slug":"sforum-2018-technical-program","status":"publish","type":"page","link":"https:\/\/wp.ufpel.edu.br\/chipinthepampa2018\/sforum-2018-technical-program\/","title":{"rendered":"SFORUM 2018 Technical Program"},"content":{"rendered":"<p><span style=\"font-size: 24pt\"><strong>SForum 2018 Final Technical Program<\/strong><\/span><\/p>\n<p><span style=\"font-size: 18pt\"><strong>Tuesday, Aug. 28<\/strong><\/span><\/p>\n<hr \/>\n<p><a href=\"https:\/\/wp.ufpel.edu.br\/chipinthepampa2018\/sbcci-2018-filip-tavernier\/\"><strong>9:00h Malbec B \u2013 Tutorial<\/strong><\/a><br \/>\nIntegrated switched-capacitor DC-DC converters for high-density capacitive energy storage<br \/>\n<em>Filip Tavernier (KU Leuven \u2013 Belgium)<\/em><\/p>\n<p><strong>10:20h Carmen\u00e8re &#8211; Coffee-Break<\/strong><\/p>\n<p><a href=\"https:\/\/wp.ufpel.edu.br\/chipinthepampa2018\/sbmicro-2018-mohammad-al-faruque\/\"><strong style=\"font-style: inherit\">10:40h Malbec A \u2013 Tutorial<\/strong><\/a><br \/>\nDC and RF reliability of advanced CMOS technologies<br \/>\n<em>Edmundo Gutierrez (INAOE \u2013 Mexico)\u00a0<\/em><\/p>\n<p><a href=\"https:\/\/wp.ufpel.edu.br\/chipinthepampa2018\/sbcci-2018-tutorial\/\"><strong style=\"font-style: inherit\">10:40h Malbec B \u2013 Tutorial<\/strong><\/a><br \/>\nDesign for Security \u2013 Cross-Domain Cyber-Physical System Security: Applications in Automotive and Additive Manufacturing Systems<br \/>\n<em>Mohammad Al Faruque\u00a0(UCI \u2013 USA)<\/em><\/p>\n<p><strong style=\"font-style: inherit\">12:20h \u2013 Lunch<\/strong><\/p>\n<p><a href=\"https:\/\/wp.ufpel.edu.br\/chipinthepampa2018\/sbcci-enrique-miranda\/\"><strong style=\"font-style: inherit\">13:40h Malbec A \u2013 Tutorial<\/strong><\/a><br \/>\nCompact modeling of hysteresis effects in ReRAM devices<br \/>\n<em>Enrique Miranda\u00a0(UAB \u2013 Spain)<\/em><\/p>\n<p><a href=\"https:\/\/wp.ufpel.edu.br\/chipinthepampa2018\/sbcci-2018-marco-mattavelli\/\"><strong style=\"font-style: inherit\">13:40h Malbec B \u2013 Tutorial<\/strong><\/a><br \/>\nHigh-level Synthesis and Data-flow Implementations for Multimedia Processing<br \/>\n<em>Marco Mattavelli (EPFL \u2013 Switzerland)<\/em><\/p>\n<p><strong>15:40h Carmen\u00e8re &#8211; Coffee-Break<\/strong><\/p>\n<p><a href=\"https:\/\/wp.ufpel.edu.br\/chipinthepampa2018\/tutorial-fernando-guarin\/\"><strong style=\"font-style: inherit\">16:20h\u00a0Malbec A \u2013 Tutorial<\/strong><\/a><br \/>\nReliability challenges for the qualification of Leading Edge Silicon CMOS Technologies including RF Applications<br \/>\n<em>Fernando Guarin (GlobalFoundries \u2013 USA)<\/em><\/p>\n<p><a href=\"https:\/\/wp.ufpel.edu.br\/chipinthepampa2018\/social-program-2\/\"><strong>20:00h Sauvignon &#8211; Welcome Reception<\/strong><\/a><\/p>\n<p>&nbsp;<\/p>\n<p><span style=\"font-size: 18pt\"><strong>Wednesday, Aug. 29<\/strong><\/span><\/p>\n<hr \/>\n<p><a href=\"https:\/\/wp.ufpel.edu.br\/chipinthepampa2018\/jason-cong\/\"><strong>9:00h Malbec B \u2013 Keynote<\/strong><\/a><br \/>\nAutomatic Customizable Computing: From DSLs to FPGAs for Deep Learning and Beyond<br \/>\n<em>Jason Cong (UCLA &#8211; USA)<\/em><\/p>\n<p><strong>10:20h Carmen\u00e8re \u2013 Coffee-Break<\/strong><\/p>\n<p><strong>12:20h \u2013 Lunch<\/strong><a name=\"SForum1\"><\/a><\/p>\n<p><strong>15:40h Carmen\u00e8re \u2013 SForum Poster Session 1<br \/>\n<\/strong>Session Chair: <em>Alexandra Lackmann Zimpeck<\/em><\/p>\n<p style=\"padding-left: 30px\">Investigating the use of modern heterogeneous CPU-FPGA architectures on the 3-SAT problem<br \/>\n<em>Gabriel Coimbra, Lucas Silva and Jos\u00e9 Augusto Nacif<\/em><\/p>\n<p style=\"padding-left: 30px\">Approximate 4x41D-DCT Hardware Architecture Using Imprecise LOA Adder<br \/>\n<em>Mateus Leme, Luciano Braatz, Marcelo Schiavon Porto and Luciano Agostini<\/em><\/p>\n<p style=\"padding-left: 30px\">Reducing variability impact on 7nm Mirror CMOS Layout<br \/>\n<em>Leonardo Moraes, Alexandra Zimpeck, Cristina Meinhardt and Ricardo Reis<\/em><\/p>\n<p style=\"padding-left: 30px\">Comparing the Performance of 4-bits Adders Topologies on Sub 32nm Bulk CMOS Technologies<br \/>\n<em>Albano Borba, Vagner Rosa and Cristina Meinhardt<\/em><\/p>\n<p style=\"padding-left: 30px\">How Different Transistor Arrangements Impact Process Variability and Radiation Effects<br \/>\n<em>Leonardo Brendler, Alexandra Zimpeck, Cristina Meinhardt and Ricardo Reis<\/em><\/p>\n<p style=\"padding-left: 30px\">Low-Complexity TZS Algorithm for Embedded Video Encoders<br \/>\n<em>Candido Moraes, Paulo Gon\u00e7alves, Marcelo Schiavon Porto and Guilherme Corr\u00eaa<\/em><\/p>\n<p style=\"padding-left: 30px\">Analysis of Multifinger PIN Diodes Operating as Light Sensors<br \/>\n<em>Gustavo Castro, Antonio Gomes, Carla Novo and Renato Giacomini<\/em><\/p>\n<p style=\"padding-left: 30px\">Fixed-point Arithmetic Architecture of a Physically-meaningful Perceptron for Digital Pre-distorters<br \/>\n<em>Juliana Pereira, Felipe Schoulten, Caio Mizerkowski, Sibilla Fran\u00e7a and Eduardo Lima<\/em><\/p>\n<p style=\"padding-left: 30px\">Investigating CMOS Inverters Noise Margins at Different Technologic Nodes<br \/>\n<em>Clayton Farias, Paulo Butzen and Cristina Meinhardt<\/em><\/p>\n<p style=\"padding-left: 30px\">FPGA Based Edge Detection Architecture for Embedded Applications<br \/>\n<em>Lucas Caetano, Vagner da Rosa and Nelson Lopes Duarte Filho<\/em><\/p>\n<p style=\"padding-left: 30px\">Comparing the SEU Robustness of 6T and 8T-SER SRAM cells at 16nm<br \/>\n<em>Cleiton M. Marques, Roberto Almeida, Cristina Meinhardt and Paulo Butzen<\/em><\/p>\n<p style=\"padding-left: 30px\">Exploring Parallel Prefix Adders in Optimized Squared Array Multiplier<br \/>\n<em>Morgana Macedo Azevedo da Rosa, Leandro Rocha, Guilherme Paim, Eduardo Costa and Sergio Bampi<\/em><\/p>\n<p style=\"padding-left: 30px\">An Assessment of HEVC Intra-Frame Prediction over 360-degrees Videos<br \/>\n<em>Iago Storch, Daniel Palomino, Luciano Agostini, Bruno Zatt and Lu\u00eds Cruz<\/em><\/p>\n<p style=\"padding-left: 30px\">A Comparative Analysis of Different Boolean Function Synthesis Methods<br \/>\n<em>Renato Ribas, Walter Lau and Gabriel Ammes<\/em><\/p>\n<p><strong>15:40h Carmen\u00e8re \u2013 Coffee-Break<\/strong><\/p>\n<p><a href=\"https:\/\/wp.ufpel.edu.br\/chipinthepampa2018\/chip-in-the-pampa-2018-main-panel-in-portuguese\/\"><strong style=\"font-style: inherit\">16:20h Malbec B \u2013 Panel <\/strong>(in Portuguese)<strong><br \/>\n<\/strong><\/a>Avalia\u00e7\u00e3o e Perspectivas da Pol\u00edtica de Incentivos ao Desenvolvimento de Empreendimentos de TIC e Microeletr\u00f4nica<\/p>\n<p><strong>18:20h Malbec BC \u2013 Oppening Cerimony<\/strong><\/p>\n<p>&nbsp;<\/p>\n<p><span style=\"font-size: 18pt\"><strong>Thursday, Aug. 30\u00a0<\/strong><\/span><\/p>\n<hr \/>\n<p><a href=\"https:\/\/wp.ufpel.edu.br\/chipinthepampa2018\/joan-ramon-morante\/\"><strong>9:00h Malbec B \u2013 Keynote<\/strong><\/a><br \/>\nDevelopment of Sensors and Energy Storage Capacities for Fully Autonomous Systems<br \/>\n<em>Joan Ram\u00f3n Morante (IREC &#8211; Spain)<\/em><\/p>\n<p><strong>10:20h Carmen\u00e8re \u2013 Coffee-Break<\/strong><\/p>\n<p><strong>12:20h \u2013 Lunch<\/strong><a name=\"SForum2\"><\/a><\/p>\n<p><strong>15:40h Carmen\u00e8re \u2013 SForum Poster Session 2<br \/>\n<\/strong>Session Chair: <em>Vladimir Afonso<\/em><strong><br \/>\n<\/strong><\/p>\n<p style=\"padding-left: 30px\">Demonstration of SAMD21 Development Kit use in IoT through Bluetooth Low Energy (BLE) communication protocol<br \/>\n<em>Felipe Seitenfus, Leandro Frazzon and Carlos Barriquello<\/em><\/p>\n<p style=\"padding-left: 30px\">Experimental comparison between Fully and Partially depleted SOI MOSFETs through analog parameters<br \/>\n<em>Carlos Augusto Zan Malguti, Welder Fernandes Perina, Paula Ghedini Der Agopian and Jo\u00e3o Antonio Martino<\/em><\/p>\n<p style=\"padding-left: 30px\">An Investigation of Security-aware Strategies against Differential Power Analysis<br \/>\n<em>Vinicius Renato Rocha Geraldo, Mateus Brugnaroto, Vitor Lima and Rafael Soares<\/em><\/p>\n<p style=\"padding-left: 30px\">Microcontroller-based lock-in amplifier: A comparative study<br \/>\n<em>Diogo Rikio Miyazaki, Marlio Jose Couto Bonfim, Eduardo Parente Ribeiro, Rafael da Silva Ferraz and Raiff Sales da Fonseca<\/em><\/p>\n<p style=\"padding-left: 30px\">Analysis of basic parameters of proton irradiated n-channel FinFETs<br \/>\n<em>Welder Perina, Carlos Malaguti, Paula Agopian and Jo\u00e3o Martino<\/em><\/p>\n<p style=\"padding-left: 30px\">Linearity characterization of a multimode CMOS Power Amplifier for IEEE 802.11n, IEEE 802.11ax and LTE signals<br \/>\n<em>Arthur Amorim Modesto, Jonathas Henrique Mariano Pereira, F\u00e1vero Santos, Bernardo Leite and Andr\u00e9 Augusto Mariano<\/em><\/p>\n<p style=\"padding-left: 30px\">Modified Limiter Applied to Crest Factor Reduction Based on Non-uniformly Sampled Look-up Tables<br \/>\n<em>Felipe Schoulten and Eduardo Lima<\/em><\/p>\n<p style=\"padding-left: 30px\">Fully Integrated Dual-mode RF CMOS Power Amplifier Design<br \/>\n<em>Gabriel Borba, Arthur Modesto, Bernardo Leite and Andre Mariano<\/em><\/p>\n<p style=\"padding-left: 30px\">Energy-Aware HEVC Transrating based on Frame Partitioning Inheritance<br \/>\n<em>Thiago Bubolz, Ruhan Avila Concei\u00e7\u00e3o, Mateus Grellert, Bruno Zatt, Luciano Agostini and Guilherme Corr\u00eaa<\/em><\/p>\n<p style=\"padding-left: 30px\">Study of body factor and inversion charge density dependence on temperature in UTBB SOI MOSFETs<br \/>\n<em>Natasha Cristine Cezarino Merzbahcer, Gabriel Lima, Arianne Pereira and Renato Giacomini<\/em><\/p>\n<p style=\"padding-left: 30px\">Low-power and Fast Monolithic 8-2 Adder Compressor Circuit with Efficient Carry Propagation<br \/>\n<em>Thomas Fontanari, Gustavo Santana, Guilherme Paim, Leandro Rocha, Eduardo Costa and Sergio Bampi<\/em><\/p>\n<p style=\"padding-left: 30px\">Development of algorithm for temperature sensor based on the commercial MOSFETs behavior<br \/>\n<em>Let\u00edcia Vilela, Welder Perina and Paula Agopian<\/em><\/p>\n<p><strong>15:40h Carmen\u00e8re \u2013 Coffee-Break<\/strong><\/p>\n<p><a href=\"https:\/\/wp.ufpel.edu.br\/chipinthepampa2018\/chip-in-the-pampa-2018-main-panel-in-portuguese\/\"><strong>16:20h Malbec B \u2013 Panel (in Portuguese)<br \/>\n<\/strong><\/a>Avalia\u00e7\u00e3o e Perspectivas da Pol\u00edtica de Incentivos ao Desenvolvimento de Empreendimentos de TIC e Microeletr\u00f4nica<\/p>\n<p><a href=\"https:\/\/wp.ufpel.edu.br\/chipinthepampa2018\/social-program-2\/\"><strong>18:40h Casa Valduga \u2013 Event Dinner<\/strong><\/a><\/p>\n<p>&nbsp;<\/p>\n<p><strong><span style=\"font-size: 18pt\">Friday, Aug. 31<\/span><br \/>\n<\/strong><\/p>\n<hr \/>\n<p><a href=\"https:\/\/wp.ufpel.edu.br\/chipinthepampa2018\/nikil-dutt\/\"><strong>9:00h Malbec B \u2013 Keynote<\/strong><\/a><br \/>\nIoCT-CARE: Internet of Cognitive Things for Personalized Healthcare<br \/>\n<em>Nikil Dutt (UCI &#8211; USA)<\/em><\/p>\n<p><strong>10:20h Carmen\u00e8re \u2013 Coffee-Break<\/strong><\/p>\n<p><strong>12:20h \u2013 Lunch<\/strong><\/p>\n<p><strong>15:40h Carmen\u00e8re \u2013 SForum Poster Session 3<br \/>\n<\/strong>Session Chair: <em>Rafael Iankowski Soares<\/em><strong><br \/>\n<\/strong><\/p>\n<p style=\"padding-left: 30px\">A Fuzzy C-means algorithm to detect cryptographic signatures on DPA\/DEMA attacks<br \/>\n<em>Pl\u00ednio Finkenauer Junior, Vin\u00edcius Valduga de Almeida Camargo, Vitor Lima, Marilton Aguiar and Rafael Soares<\/em><\/p>\n<p style=\"padding-left: 30px\">Extraction of the target signature for DPA\/DEMA attacks using HHT and K-means clustering<br \/>\n<em>Rodrigo Lellis, Ad\u00e3o Junior, Rafael Soares and Luciano Loder<\/em><\/p>\n<p style=\"padding-left: 30px\">A Library of Standard Cells Suitable for Use on a Free EDA Silicon Compiler Tool<br \/>\n<em>Carlos R. dos Santos and Est\u00eav\u00e3o C. Teixeira<\/em><\/p>\n<p style=\"padding-left: 30px\">Evaluating the Influence of Standard Cell Libraries in two Circuit Reliability Estimation Methods<br \/>\n<em>Marcelo Danigno, Matheus Pontes, Denis Franco and Paulo Butzen<\/em><\/p>\n<p style=\"padding-left: 30px\">Implementation of a Transistor Placement Method Based on Boolean Satisfiability into ASTRAN CAD Tool<br \/>\n<em>Andrei Bubolz, Gustavo Henrique Smaniotto, Leomar Soares da Rosa Junior, Maicon Schneider Cardoso and Felipe de Souza Marques<\/em><\/p>\n<p style=\"padding-left: 30px\">Exploring the impact of different circuits implementations in an ATPG system<br \/>\n<em>Gl\u00f3ria Claro, Gabriel Porto and Paulo Butzen<\/em><\/p>\n<p style=\"padding-left: 30px\">Test Results for a Didactic Chip Designed for Study of the Basic Analog CMOS Building Blocks<br \/>\n<em>Gustavo da S. Ghedim, Patrick P. Domingues, Rodolfo V. de Almeida and Est\u00eav\u00e3o C. Teixeira<\/em><\/p>\n<p style=\"padding-left: 30px\">GLOUSE &#8211; A Wearable Mouse Device<br \/>\n<em>R\u00f4mulo Filho, Marcus Andrade, Pablo Grisi and Ricardo Jardel Nunes da Silveira<\/em><\/p>\n<p style=\"padding-left: 30px\">An Ultrasonic System for Chlorine Measurement in Potable Water<br \/>\n<em>Gabriel Silva, Carlos J\u00fanior and Vitor Bremgartner<\/em><\/p>\n<p style=\"padding-left: 30px\">Implementation of Classification Algorithms in a Smart Glove for Hand Gesture Detection<br \/>\n<em>Felipe Quirino, Alessandro Girardi, Marcelo Romanssini and Mathias Baldissera<\/em><\/p>\n<p style=\"padding-left: 30px\">Application Development for a Gesture Capture Glove Based on Accelerometers and Gyroscopes<br \/>\n<em>Mathias Baldissera, Felipe Quirino, Marcelo Romanssini and Alessandro Girardi<\/em><\/p>\n<p style=\"padding-left: 30px\">Wireless Sensor Networks for Industrial Process<br \/>\n<em>Marcelo Santos<\/em><\/p>\n<p><strong>15:40h Carmen\u00e8re \u2013 Coffee-Break<\/strong><\/p>\n<p><strong>18:20h Malbec B \u2013 Closing Cerimony\u00a0\u00a0<\/strong><\/p>\n","protected":false},"excerpt":{"rendered":"<p>SForum 2018 Final Technical Program Tuesday, Aug. 28 9:00h Malbec B \u2013 Tutorial Integrated switched-capacitor DC-DC converters for high-density capacitive energy storage Filip Tavernier (KU Leuven \u2013 Belgium) 10:20h Carmen\u00e8re &#8211; Coffee-Break 10:40h Malbec&#46;&#46;&#46;<\/p>\n","protected":false},"author":685,"featured_media":0,"parent":0,"menu_order":0,"comment_status":"closed","ping_status":"closed","template":"","meta":{"jetpack_post_was_ever_published":false,"footnotes":""},"class_list":["post-1095","page","type-page","status-publish","hentry"],"jetpack_sharing_enabled":true,"jetpack_shortlink":"https:\/\/wp.me\/P9e0OP-hF","jetpack_likes_enabled":false,"jetpack-related-posts":[{"id":986,"url":"https:\/\/wp.ufpel.edu.br\/chipinthepampa2018\/program-schedule\/","url_meta":{"origin":1095,"position":0},"title":"Program Schedule","author":"agostini","date":"18\/07\/2018","format":false,"excerpt":"Chip in the Pampa 2018 Schedule Monday, Aug. 27 9:00h Assemblage - Event Registration 13:40h Pinot C - Meeting of SBMicro Board 13:40h Pinot D - Meeting of SBC\/CECCI Board 15:40h Pinot Lobby - Coffee-Break 16:20h Pinot A - Meeting of SBCCI Steering Committee 16:20h Pinot B - Meeting of\u2026","rel":"","context":"Post similar","block_context":{"text":"Post similar","link":""},"img":{"alt_text":"","src":"","width":0,"height":0},"classes":[]},{"id":1042,"url":"https:\/\/wp.ufpel.edu.br\/chipinthepampa2018\/sbmicro-2018-technical-program\/","url_meta":{"origin":1095,"position":1},"title":"SBMicro 2018 Technical Program","author":"agostini","date":"19\/07\/2018","format":false,"excerpt":"SBMicro 2018 Final Technical Program \u00a0 Tuesday, Aug. 28 \u00a0 9:00h Malbec B \u2013 Tutorial Integrated switched-capacitor DC-DC converters for high-density capacitive energy storage Filip Tavernier (KU Leuven \u2013 Belgium) 10:20h Carmen\u00e8re - Coffee-Break 10:40h Malbec A \u2013 Tutorial DC and RF reliability of advanced CMOS technologies Edmundo Gutierrez (INAOE\u2026","rel":"","context":"Post similar","block_context":{"text":"Post similar","link":""},"img":{"alt_text":"","src":"","width":0,"height":0},"classes":[]},{"id":1039,"url":"https:\/\/wp.ufpel.edu.br\/chipinthepampa2018\/sbcci-2018-technical-program\/","url_meta":{"origin":1095,"position":2},"title":"SBCCI 2018 Technical Program","author":"agostini","date":"19\/07\/2018","format":false,"excerpt":"SBCCI 2018 Final Technical Program Papers assigned with an asterisk are the SBCCI2018 Best Paper Candidates. Tuesday, Aug. 28 9:00h Malbec B \u2013 Tutorial Integrated switched-capacitor DC-DC converters for high-density capacitive energy storage Filip Tavernier (KU Leuven \u2013 Belgium) 10:20h Carmen\u00e8re - Coffee-Break 10:40h Malbec A \u2013 Tutorial DC and\u2026","rel":"","context":"Post similar","block_context":{"text":"Post similar","link":""},"img":{"alt_text":"","src":"","width":0,"height":0},"classes":[]},{"id":1057,"url":"https:\/\/wp.ufpel.edu.br\/chipinthepampa2018\/wcas-2018-technical-program\/","url_meta":{"origin":1095,"position":3},"title":"WCAS 2018 Technical Program","author":"agostini","date":"19\/07\/2018","format":false,"excerpt":"WCAS 2018 Final Technical Program Tuesday, Aug. 28 9:00h Malbec B \u2013 Tutorial Integrated switched-capacitor DC-DC converters for high-density capacitive energy storage Filip Tavernier (KU Leuven \u2013 Belgium) 10:20h Carmen\u00e8re - Coffee-Break 10:40h Malbec A \u2013 Tutorial DC and RF reliability of advanced CMOS technologies Edmundo Gutierrez (INAOE \u2013 Mexico)\u00a0\u2026","rel":"","context":"Post similar","block_context":{"text":"Post similar","link":""},"img":{"alt_text":"","src":"","width":0,"height":0},"classes":[]},{"id":674,"url":"https:\/\/wp.ufpel.edu.br\/chipinthepampa2018\/sbmicro-2018-mohammad-al-faruque\/","url_meta":{"origin":1095,"position":4},"title":"Tutorial: Edmundo Gutierrez","author":"agostini","date":"26\/04\/2018","format":false,"excerpt":"Edmundo Gutierrez National Institute of Astrophysics, Optics and Electronics (INAOE) - Mexico Tuesday, Aug. 28 - 10:40h -\u00a0Malbec A \u00a0 TUTORIAL: DC and RF reliability of advanced CMOS technologies I review the different experimental strategies and models to stress and degrade CMOS devices under DC and RF conditions. Based on\u2026","rel":"","context":"Post similar","block_context":{"text":"Post similar","link":""},"img":{"alt_text":"","src":"https:\/\/i0.wp.com\/wp.ufpel.edu.br\/chipinthepampa2018\/files\/2018\/04\/21edmundo-333x400.jpg?resize=350%2C200&ssl=1","width":350,"height":200},"classes":[]},{"id":619,"url":"https:\/\/wp.ufpel.edu.br\/chipinthepampa2018\/sbcci-2018-filip-tavernier\/","url_meta":{"origin":1095,"position":5},"title":"Tutorial: Filip Tavernier","author":"agostini","date":"08\/04\/2018","format":false,"excerpt":"Filip Tavernier KU Leuven - Belgium Tuesday, Aug. 28 - 9:00h -\u00a0Malbec B TUTORIAL: Integrated switched-capacitor DC-DC converters for high-density capacitive energy storage Storing sufficient electrical energy is the bottleneck in a growing number of applications. Traditionally, a battery is used for this. However, being able to store energy on\u2026","rel":"","context":"Post similar","block_context":{"text":"Post similar","link":""},"img":{"alt_text":"","src":"https:\/\/i0.wp.com\/wp.ufpel.edu.br\/chipinthepampa2018\/files\/2018\/04\/filip-400x243.png?resize=350%2C200&ssl=1","width":350,"height":200},"classes":[]}],"_links":{"self":[{"href":"https:\/\/wp.ufpel.edu.br\/chipinthepampa2018\/wp-json\/wp\/v2\/pages\/1095","targetHints":{"allow":["GET"]}}],"collection":[{"href":"https:\/\/wp.ufpel.edu.br\/chipinthepampa2018\/wp-json\/wp\/v2\/pages"}],"about":[{"href":"https:\/\/wp.ufpel.edu.br\/chipinthepampa2018\/wp-json\/wp\/v2\/types\/page"}],"author":[{"embeddable":true,"href":"https:\/\/wp.ufpel.edu.br\/chipinthepampa2018\/wp-json\/wp\/v2\/users\/685"}],"replies":[{"embeddable":true,"href":"https:\/\/wp.ufpel.edu.br\/chipinthepampa2018\/wp-json\/wp\/v2\/comments?post=1095"}],"version-history":[{"count":22,"href":"https:\/\/wp.ufpel.edu.br\/chipinthepampa2018\/wp-json\/wp\/v2\/pages\/1095\/revisions"}],"predecessor-version":[{"id":1588,"href":"https:\/\/wp.ufpel.edu.br\/chipinthepampa2018\/wp-json\/wp\/v2\/pages\/1095\/revisions\/1588"}],"wp:attachment":[{"href":"https:\/\/wp.ufpel.edu.br\/chipinthepampa2018\/wp-json\/wp\/v2\/media?parent=1095"}],"curies":[{"name":"wp","href":"https:\/\/api.w.org\/{rel}","templated":true}]}}