{"id":1057,"date":"2018-07-19T17:59:38","date_gmt":"2018-07-19T20:59:38","guid":{"rendered":"https:\/\/wp.ufpel.edu.br\/chipinthepampa2018\/?page_id=1057"},"modified":"2018-08-30T00:23:15","modified_gmt":"2018-08-30T03:23:15","slug":"wcas-2018-technical-program","status":"publish","type":"page","link":"https:\/\/wp.ufpel.edu.br\/chipinthepampa2018\/wcas-2018-technical-program\/","title":{"rendered":"WCAS 2018 Technical Program"},"content":{"rendered":"<p><strong><span style=\"font-size: 24pt\">WCAS 2018 Final Technical Program<\/span><\/strong><\/p>\n<p><span style=\"font-style: inherit;font-weight: inherit;font-size: 18pt\"><strong style=\"font-style: inherit\">Tuesday, Aug. 28<\/strong><\/span><\/p>\n<hr \/>\n<p><a href=\"https:\/\/wp.ufpel.edu.br\/chipinthepampa2018\/sbcci-2018-filip-tavernier\/\"><strong>9:00h Malbec B \u2013 Tutorial<\/strong><\/a><br \/>\nIntegrated switched-capacitor DC-DC converters for high-density capacitive energy storage<br \/>\n<em>Filip Tavernier (KU Leuven \u2013 Belgium)<\/em><\/p>\n<p><strong>10:20h Carmen\u00e8re &#8211; Coffee-Break<\/strong><\/p>\n<p><a href=\"https:\/\/wp.ufpel.edu.br\/chipinthepampa2018\/sbmicro-2018-mohammad-al-faruque\/\"><strong style=\"font-style: inherit\">10:40h Malbec A \u2013 Tutorial<\/strong><\/a><br \/>\nDC and RF reliability of advanced CMOS technologies<br \/>\n<em>Edmundo Gutierrez (INAOE \u2013 Mexico)\u00a0<\/em><\/p>\n<p><a href=\"https:\/\/wp.ufpel.edu.br\/chipinthepampa2018\/sbcci-2018-tutorial\/\"><strong style=\"font-style: inherit\">10:40h Malbec B \u2013 Tutorial<\/strong><\/a><br \/>\nDesign for Security \u2013 Cross-Domain Cyber-Physical System Security: Applications in Automotive and Additive Manufacturing Systems<br \/>\n<em>Mohammad Al Faruque\u00a0(UCI \u2013 USA)<\/em><\/p>\n<p><strong style=\"font-style: inherit\">12:20h \u2013 Lunch<\/strong><\/p>\n<p><a href=\"https:\/\/wp.ufpel.edu.br\/chipinthepampa2018\/sbcci-enrique-miranda\/\"><strong style=\"font-style: inherit\">13:40h Malbec A \u2013 Tutorial<\/strong><\/a><br \/>\nCompact modeling of hysteresis effects in ReRAM devices<br \/>\n<em>Enrique Miranda\u00a0(UAB \u2013 Spain)<\/em><\/p>\n<p><a href=\"https:\/\/wp.ufpel.edu.br\/chipinthepampa2018\/sbcci-2018-marco-mattavelli\/\"><strong style=\"font-style: inherit\">13:40h Malbec B \u2013 Tutorial<\/strong><\/a><br \/>\nHigh-level Synthesis and Data-flow Implementations for Multimedia Processing<br \/>\n<em>Marco Mattavelli (EPFL \u2013 Switzerland)<\/em><\/p>\n<p><strong>15:40h Carmen\u00e8re &#8211; Coffee-Break<\/strong><\/p>\n<p><a href=\"https:\/\/wp.ufpel.edu.br\/chipinthepampa2018\/tutorial-fernando-guarin\/\"><strong style=\"font-style: inherit\">16:20h\u00a0Malbec A \u2013 Tutorial<\/strong><\/a><br \/>\nReliability challenges for the qualification of Leading Edge Silicon CMOS Technologies including RF Applications<br \/>\n<em>Fernando Guarin (GlobalFoundries \u2013 USA)<\/em><\/p>\n<p><a href=\"https:\/\/wp.ufpel.edu.br\/chipinthepampa2018\/social-program-2\/\"><strong>20:00h Sauvignon &#8211; Welcome Reception<\/strong><\/a><\/p>\n<p>&nbsp;<\/p>\n<p><span style=\"font-style: inherit;font-weight: inherit;font-size: 18pt\"><strong style=\"font-style: inherit\">Wednesday, Aug. 29<\/strong><\/span><\/p>\n<hr \/>\n<p><a href=\"https:\/\/wp.ufpel.edu.br\/chipinthepampa2018\/jason-cong\/\"><strong style=\"font-style: inherit\">9:00h Malbec B \u2013 Keynote<\/strong><\/a><br \/>\nAutomatic Customizable Computing\u00a0From DSLs to FPGAs for Deep Learning and Beyond<br \/>\n<em>Jason Cong (UCLA \u2013 USA)<\/em><\/p>\n<p><strong style=\"font-style: inherit\">10:20h <\/strong><strong>Carmen\u00e8re\u00a0<\/strong>\u2013 Coffee-Break<a name=\"WCAS1\"><\/a><\/p>\n<p><strong style=\"font-style: inherit\">10:40h Pinot D \u2013 WCAS Session 1\u00a0<\/strong><br \/>\nAnalog &amp; Mixed Sinal I<br \/>\n<em>Session Chair:\u00a0<span lang=\"EN-US\">Alessandro Girardi<\/span><\/em><\/p>\n<p style=\"padding-left: 30px\">Development of a \u03a3\u0394 ADC in Conventional CMOS Technology Using Radiation Hardening Techniques<br \/>\n<em>Jair Emeri, Antonio Telles, Saulo Finco and Wilmar Moraes<\/em><\/p>\n<p style=\"padding-left: 30px\">A 130 Nm CMOS UHF Satellite Receiver Front-End for the Brazilian Environmental Data Collecting System<br \/>\n<em>Ren\u00ea Timb\u00f3, Hamilton Klimach and Eric Fabris<\/em><\/p>\n<p style=\"padding-left: 30px\">Wake-Up Receivers Survey: Design Trends and Challenges<br \/>\n<em>Nelson Andrade, Sergio Bampi and Hamilton Klimach<\/em><\/p>\n<p style=\"padding-left: 30px\">A Numerical Method to Design Multi-Stage RF Rectifiers for IoT Energy Harvesting Applications<br \/>\n<em>Alonso Schmidt, Hamilton Klimach and Sergio Bampi<\/em><\/p>\n<p><strong>12:20h \u2013 Lunch<\/strong><a name=\"WCAS2\"><\/a><\/p>\n<p><strong style=\"font-style: inherit\">14:20h Pinot D \u2013 WCAS Session 2<\/strong><br \/>\nDigital, Reconfigurable Applications I<br \/>\n<em>Session Chair:\u00a0Sidinei Ghissoni<\/em><\/p>\n<p style=\"padding-left: 30px\">A Tool for TMR or DTMR Designs<br \/>\n<em>Giane Ulloa and Cristina Meinhardt<\/em><\/p>\n<p style=\"padding-left: 30px\">Design and Implementation of a Feedforward Neural Network in FPGA<br \/>\n<em>Henrique Souza Baqueiro dos Santos and Wagner Luiz Alves de Oliveira<\/em><\/p>\n<p style=\"padding-left: 30px\">Implementation of QDI Circuits with Isochronic Forks Satisfied in Altera\/Intel FPGAs<br \/>\n<em>Vitor Torres, Duarte Oliveira, Roberto d&#8217;Amore, Orlando Verducci and Leonardo Romano<\/em><\/p>\n<p style=\"padding-left: 30px\">Synthesis of QDI Direct Output Finite State Machines from Synchronous Specifications<br \/>\n<em>Orlando Verducci, Vitor Torres, Robson Moreno and Leonardo Romano<\/em><\/p>\n<p><strong>15:40h Carmen\u00e8re \u2013 Coffee-Break<\/strong><a name=\"WCAS3\"><\/a><\/p>\n<p><strong style=\"font-style: inherit\">16:20h Pinot D \u2013 WCAS Session 3<\/strong><br \/>\nSoC, NoC, Embedded<br \/>\nSession Chair: Rafael Soares<\/p>\n<p style=\"padding-left: 30px\"><strong style=\"font-style: inherit\">\u00a0<\/strong>System Implementation of a Gesture Detection Glove for Human-Computer Interaction<br \/>\n<em>Marcelo Romanssini, Felipe Quirino and Alessandro Girardi<\/em><\/p>\n<p style=\"padding-left: 30px\">MPVUE &#8211; Multi-Processor System-On-Chip Platform for Computer Vision Based Solutions<br \/>\nGustavo Ilha, Anderson Ignacio da Silva, Rafael de Figueiredo Viana, Eduardo Augusto da Costa, <em>Davi Nachtigall Lazzarotto, Douglas Frantz Lawisch, Altamiro Susin and Cezar Rodolfo Wedig Reinbrecht<\/em><\/p>\n<p style=\"padding-left: 30px\">Multi-Level Simulation and Recommender System Framework for Design Space Exploration of Multiprocessor Embedded Platforms<br \/>\n<em>Vitor Bandeira, Luciano Ost and Ricardo Reis<\/em><\/p>\n<p style=\"padding-left: 30px\">Development of a NoC Simulator in a Multiagent-System Environment<br \/>\n<em>Gustavo Lima, Nelson Traversi, Diana Adamatti, Cristina Meinhardt, Eduardo Bri\u00e3o and Odorico Mendizabal<\/em><\/p>\n<p><a href=\"https:\/\/wp.ufpel.edu.br\/chipinthepampa2018\/chip-in-the-pampa-2018-main-panel-in-portuguese\/\"><strong style=\"font-style: inherit\">16:20h Malbec B \u2013 Panel <\/strong>(in Portuguese)<strong><br \/>\n<\/strong><\/a>Avalia\u00e7\u00e3o e Perspectivas da Pol\u00edtica de Incentivos ao Desenvolvimento de Empreendimentos de TIC e Microeletr\u00f4nica<\/p>\n<p><strong>18:20h \u2013 Oppening Cerimony<\/strong><\/p>\n<p>&nbsp;<\/p>\n<p><span style=\"font-style: inherit;font-weight: inherit;font-size: 18pt\"><strong style=\"font-style: inherit\">Thursday, Aug. 30\u00a0<\/strong><\/span><\/p>\n<hr \/>\n<p><a href=\"https:\/\/wp.ufpel.edu.br\/chipinthepampa2018\/joan-ramon-morante\/\"><strong style=\"font-style: inherit\">9:00h Malbec B \u2013 Keynote<\/strong><\/a><br \/>\nDevelopment of Sensors and Energy Storage Capacities for Fully Autonomous Systems<br \/>\n<em>Joan Ram\u00f3n Morante (IREC &#8211; Spain)<\/em><\/p>\n<p><strong style=\"font-style: inherit\">10:20h <\/strong><strong>Carmen\u00e8re\u00a0<\/strong>\u2013 Coffee-Break<a name=\"WCAS4\"><\/a><\/p>\n<p><strong style=\"font-style: inherit\">10:40h Pinot D \u2013 WCAS Session 4<\/strong><br \/>\nCAD, Verification and Test<br \/>\n<em>Session Chair:\u00a0Tiago Balen<\/em><\/p>\n<p style=\"padding-left: 30px\">The SoC Clock Verification Methodology: A Modular Approach Empowering Clock Verification Towards a More Efficient and Practical Solution<br \/>\n<em>Stefanos Homero Linakis<\/em><strong>\u00a0<\/strong><\/p>\n<p style=\"padding-left: 30px\">A Nonlinear Analytic Placement for 3DFPGAS. The 3D-Chaotic Place<br \/>\n<em>Elias Ramos, Guilherme Bontorin and Ricardo Reis<\/em><\/p>\n<p style=\"padding-left: 30px\">Evaluation of Process Variability Mitigation Adopting Different Transistor Arrangements<br \/>\n<em>Alexandra Zimpeck, Cristina Meinhardt, Laurent Artola, Guillaume Hubert, Fernanda Kastensmidt and Ricardo Reis<\/em><\/p>\n<p style=\"padding-left: 30px\">Process Variability Attenuation Using Schmitt Trigger at Near-Threshold Voltage Operation<br \/>\n<em>Leonardo Moraes, Alexandra Zimpeck, Cristina Meinhardt and Ricardo Reis<\/em><\/p>\n<p style=\"padding-left: 30px\">XORs Analysis under Process Variability HP and LSTP in 7nm Finfet Technology<br \/>\n<em>Fabio Gustavo Rossato Gomes da Silva, Ricardo Reis and Cristina Meinhardt<\/em><strong>\u00a0<\/strong><\/p>\n<p style=\"padding-left: 30px\">Improving 7nm FINFET Layout Robustness of Logic Cells with Multi-Level Design<br \/>\n<em>Leonardo Brendler, Alexandra Zimpeck, Cristina Meinhardt and Ricardo Reis\u00a0<\/em><\/p>\n<p><strong>12:20h \u2013 Lunch<\/strong><a name=\"WCAS5\"><\/a><\/p>\n<p><strong style=\"font-style: inherit\">14:20h Pinot D \u2013 WCAS Session 5<\/strong><br \/>\nAnalog &amp; Mixed Sinal II<br \/>\n<em>Session Chair:\u00a0Hamilton Klimach<\/em><\/p>\n<p style=\"padding-left: 30px\">Electric Model Extraction and Analysis for On-Chip CMOS Inductors<br \/>\n<em>Rodrigo Godinho Silva, Altamirando Ferreira, Bernardo Leite, Oscar Gouveia Filho and Andr\u00e9 Augusto Mariano<\/em><\/p>\n<p style=\"padding-left: 30px\">Experimental Characterization of a Miller Ota Designed Through a Semi-Automated Tool Based on Optimization Heuristics<br \/>\n<em>Luiz Ant\u00f4nio da Silva Jr., Anderson Fortes, Robson Domanski, Paulo C\u00e9sar Aguirre and Alessandro Girardi<\/em><\/p>\n<p style=\"padding-left: 30px\">Design and Test of a Four-Channel Sample and Hold Circuit \u2013 A Class Project<br \/>\n<em>Est\u00eav\u00e3o C. Teixeira<\/em><\/p>\n<p style=\"padding-left: 30px\">IC Brazil Program RS Training Center: Applying Statistical Benchmarking in AMS\/RF IC Design Teaching<br \/>\n<em>Pedro Toledo, Ren\u00ea Timb\u00f3, Nelson Andrade, Alonso Schmidt, William Medeiros, Barbara Souza, Carla Dagostin, Diego D\u2019Agostin, Eduardo Correia, Felipe Kalinski, Guilherme Cavalheiro, Lesley Ferreira, Mauricio Carlotto, Pedro Neri, Vanessa Lima, Hamilton Klimach, Eric Fabris, Sergio Bampi and Nilton Morimoto<\/em><strong>\u00a0<\/strong><\/p>\n<p><strong>15:40h Carmen\u00e8re \u2013 Coffee-Break<\/strong><\/p>\n<p><strong style=\"font-style: inherit\">16:20h Malbec B \u2013 Panel <\/strong>(in Portuguese)<strong><br \/>\n<\/strong>Avalia\u00e7\u00e3o e Perspectivas da Pol\u00edtica de Incentivos ao Desenvolvimento de Empreendimentos de TIC e Microeletr\u00f4nica<br \/>\n<em>MCTIC, BNDES, ABISEMI\/ABINEE, P&amp;D Brasil, CNPq, FINEP<\/em><\/p>\n<p><a href=\"https:\/\/wp.ufpel.edu.br\/chipinthepampa2018\/social-program-2\/\"><strong style=\"font-style: inherit\">18:40h Casa Valduga \u2013 Event Dinner<\/strong><\/a><\/p>\n<p>&nbsp;<\/p>\n<p><span style=\"font-size: 18pt\"><strong style=\"font-style: inherit\"><span style=\"font-style: inherit;font-weight: inherit\">Friday, Aug. 31<\/span><\/strong><\/span><\/p>\n<hr \/>\n<p><a href=\"https:\/\/wp.ufpel.edu.br\/chipinthepampa2018\/nikil-dutt\/\"><strong style=\"font-style: inherit\">9:00h Malbec B \u2013 Keynote<\/strong><\/a><br \/>\nIoCT-CARE: Internet of Cognitive Things for Personalized Healthcare<br \/>\n<em>Nikil Dutt (UCI &#8211; USA)<\/em><\/p>\n<p><strong style=\"font-style: inherit\">10:20h <\/strong><strong>Carmen\u00e8re\u00a0<\/strong>\u2013 Coffee-Break<a name=\"WCAS6\"><\/a><\/p>\n<p><strong style=\"font-style: inherit\">10:40h\u00a0Pinot D \u2013 WCAS Session 6<\/strong><br \/>\nDigital, Reconfigurable Applications II<br \/>\n<em>Session Chair:\u00a0Pietro Maris Ferreira<\/em><\/p>\n<p style=\"padding-left: 30px\">A Low-Power 8K@60fps HEVC Deblocking Filter Architecture<br \/>\n<em>Roberta Palau, Jones Goebel, Guilherme Corr\u00eaa, Marcelo Schiavon Porto and Luciano Agostini<\/em><\/p>\n<p style=\"padding-left: 30px\">Design Flow Methodology for Configurable Digital Logic Design in Structured ASIC<br \/>\n<em>Juarez Soares, Marcos Herve, Paulo Augusto dal Fabro and Murilo Pessatti<\/em><\/p>\n<p style=\"padding-left: 30px\">Comparison of Baugh-Wooley and Booth Radix-2 Multiplier Architectures in 16nm Technology<br \/>\n<em>Douglas Borges, Cristina Meinhardt and Vagner Rosa<\/em><\/p>\n<p style=\"padding-left: 30px\">Exploring Process Variability Mitigation Techniques on 16nm Mirror CMOS Full Adder<br \/>\n<em>Samuel Toledo, Ricardo Reis and Cristina Meinhardt<\/em><strong>\u00a0<\/strong><\/p>\n<p style=\"padding-left: 30px\">Hardware Implementation of Wavelet Transform Feature Extraction for Data Streaming Platform<br \/>\n<em>Gustavo Maia Ferreira, Hilton de Oliveira Mota and Fl\u00e1vio Henrique Vasconcelos<\/em><\/p>\n<p><strong>12:20h \u2013 Lunch<\/strong><a name=\"WCAS7\"><\/a><\/p>\n<p><strong>15:40h Carmen\u00e8re\u2013 Coffee-Break<\/strong><\/p>\n<p><strong style=\"font-style: inherit\">18:20h Malbec B \u2013 Closing Cerimony\u00a0\u00a0<\/strong><\/p>\n","protected":false},"excerpt":{"rendered":"<p>WCAS 2018 Final Technical Program Tuesday, Aug. 28 9:00h Malbec B \u2013 Tutorial Integrated switched-capacitor DC-DC converters for high-density capacitive energy storage Filip Tavernier (KU Leuven \u2013 Belgium) 10:20h Carmen\u00e8re &#8211; Coffee-Break 10:40h Malbec&#46;&#46;&#46;<\/p>\n","protected":false},"author":685,"featured_media":0,"parent":0,"menu_order":0,"comment_status":"closed","ping_status":"closed","template":"","meta":{"jetpack_post_was_ever_published":false,"footnotes":""},"class_list":["post-1057","page","type-page","status-publish","hentry"],"jetpack_sharing_enabled":true,"jetpack_shortlink":"https:\/\/wp.me\/P9e0OP-h3","jetpack_likes_enabled":false,"jetpack-related-posts":[{"id":986,"url":"https:\/\/wp.ufpel.edu.br\/chipinthepampa2018\/program-schedule\/","url_meta":{"origin":1057,"position":0},"title":"Program Schedule","author":"agostini","date":"18\/07\/2018","format":false,"excerpt":"Chip in the Pampa 2018 Schedule Monday, Aug. 27 9:00h Assemblage - Event Registration 13:40h Pinot C - Meeting of SBMicro Board 13:40h Pinot D - Meeting of SBC\/CECCI Board 15:40h Pinot Lobby - Coffee-Break 16:20h Pinot A - Meeting of SBCCI Steering Committee 16:20h Pinot B - Meeting of\u2026","rel":"","context":"Post similar","block_context":{"text":"Post similar","link":""},"img":{"alt_text":"","src":"","width":0,"height":0},"classes":[]},{"id":1095,"url":"https:\/\/wp.ufpel.edu.br\/chipinthepampa2018\/sforum-2018-technical-program\/","url_meta":{"origin":1057,"position":1},"title":"SFORUM 2018 Technical Program","author":"agostini","date":"23\/07\/2018","format":false,"excerpt":"SForum 2018 Final Technical Program Tuesday, Aug. 28 9:00h Malbec B \u2013 Tutorial Integrated switched-capacitor DC-DC converters for high-density capacitive energy storage Filip Tavernier (KU Leuven \u2013 Belgium) 10:20h Carmen\u00e8re - Coffee-Break 10:40h Malbec A \u2013 Tutorial DC and RF reliability of advanced CMOS technologies Edmundo Gutierrez (INAOE \u2013 Mexico)\u00a0\u2026","rel":"","context":"Post similar","block_context":{"text":"Post similar","link":""},"img":{"alt_text":"","src":"","width":0,"height":0},"classes":[]},{"id":1042,"url":"https:\/\/wp.ufpel.edu.br\/chipinthepampa2018\/sbmicro-2018-technical-program\/","url_meta":{"origin":1057,"position":2},"title":"SBMicro 2018 Technical Program","author":"agostini","date":"19\/07\/2018","format":false,"excerpt":"SBMicro 2018 Final Technical Program \u00a0 Tuesday, Aug. 28 \u00a0 9:00h Malbec B \u2013 Tutorial Integrated switched-capacitor DC-DC converters for high-density capacitive energy storage Filip Tavernier (KU Leuven \u2013 Belgium) 10:20h Carmen\u00e8re - Coffee-Break 10:40h Malbec A \u2013 Tutorial DC and RF reliability of advanced CMOS technologies Edmundo Gutierrez (INAOE\u2026","rel":"","context":"Post similar","block_context":{"text":"Post similar","link":""},"img":{"alt_text":"","src":"","width":0,"height":0},"classes":[]},{"id":1039,"url":"https:\/\/wp.ufpel.edu.br\/chipinthepampa2018\/sbcci-2018-technical-program\/","url_meta":{"origin":1057,"position":3},"title":"SBCCI 2018 Technical Program","author":"agostini","date":"19\/07\/2018","format":false,"excerpt":"SBCCI 2018 Final Technical Program Papers assigned with an asterisk are the SBCCI2018 Best Paper Candidates. Tuesday, Aug. 28 9:00h Malbec B \u2013 Tutorial Integrated switched-capacitor DC-DC converters for high-density capacitive energy storage Filip Tavernier (KU Leuven \u2013 Belgium) 10:20h Carmen\u00e8re - Coffee-Break 10:40h Malbec A \u2013 Tutorial DC and\u2026","rel":"","context":"Post similar","block_context":{"text":"Post similar","link":""},"img":{"alt_text":"","src":"","width":0,"height":0},"classes":[]},{"id":674,"url":"https:\/\/wp.ufpel.edu.br\/chipinthepampa2018\/sbmicro-2018-mohammad-al-faruque\/","url_meta":{"origin":1057,"position":4},"title":"Tutorial: Edmundo Gutierrez","author":"agostini","date":"26\/04\/2018","format":false,"excerpt":"Edmundo Gutierrez National Institute of Astrophysics, Optics and Electronics (INAOE) - Mexico Tuesday, Aug. 28 - 10:40h -\u00a0Malbec A \u00a0 TUTORIAL: DC and RF reliability of advanced CMOS technologies I review the different experimental strategies and models to stress and degrade CMOS devices under DC and RF conditions. Based on\u2026","rel":"","context":"Post similar","block_context":{"text":"Post similar","link":""},"img":{"alt_text":"","src":"https:\/\/i0.wp.com\/wp.ufpel.edu.br\/chipinthepampa2018\/files\/2018\/04\/21edmundo-333x400.jpg?resize=350%2C200&ssl=1","width":350,"height":200},"classes":[]},{"id":619,"url":"https:\/\/wp.ufpel.edu.br\/chipinthepampa2018\/sbcci-2018-filip-tavernier\/","url_meta":{"origin":1057,"position":5},"title":"Tutorial: Filip Tavernier","author":"agostini","date":"08\/04\/2018","format":false,"excerpt":"Filip Tavernier KU Leuven - Belgium Tuesday, Aug. 28 - 9:00h -\u00a0Malbec B TUTORIAL: Integrated switched-capacitor DC-DC converters for high-density capacitive energy storage Storing sufficient electrical energy is the bottleneck in a growing number of applications. Traditionally, a battery is used for this. However, being able to store energy on\u2026","rel":"","context":"Post similar","block_context":{"text":"Post similar","link":""},"img":{"alt_text":"","src":"https:\/\/i0.wp.com\/wp.ufpel.edu.br\/chipinthepampa2018\/files\/2018\/04\/filip-400x243.png?resize=350%2C200&ssl=1","width":350,"height":200},"classes":[]}],"_links":{"self":[{"href":"https:\/\/wp.ufpel.edu.br\/chipinthepampa2018\/wp-json\/wp\/v2\/pages\/1057","targetHints":{"allow":["GET"]}}],"collection":[{"href":"https:\/\/wp.ufpel.edu.br\/chipinthepampa2018\/wp-json\/wp\/v2\/pages"}],"about":[{"href":"https:\/\/wp.ufpel.edu.br\/chipinthepampa2018\/wp-json\/wp\/v2\/types\/page"}],"author":[{"embeddable":true,"href":"https:\/\/wp.ufpel.edu.br\/chipinthepampa2018\/wp-json\/wp\/v2\/users\/685"}],"replies":[{"embeddable":true,"href":"https:\/\/wp.ufpel.edu.br\/chipinthepampa2018\/wp-json\/wp\/v2\/comments?post=1057"}],"version-history":[{"count":19,"href":"https:\/\/wp.ufpel.edu.br\/chipinthepampa2018\/wp-json\/wp\/v2\/pages\/1057\/revisions"}],"predecessor-version":[{"id":1610,"href":"https:\/\/wp.ufpel.edu.br\/chipinthepampa2018\/wp-json\/wp\/v2\/pages\/1057\/revisions\/1610"}],"wp:attachment":[{"href":"https:\/\/wp.ufpel.edu.br\/chipinthepampa2018\/wp-json\/wp\/v2\/media?parent=1057"}],"curies":[{"name":"wp","href":"https:\/\/api.w.org\/{rel}","templated":true}]}}