{"id":1049,"date":"2018-07-19T17:02:43","date_gmt":"2018-07-19T20:02:43","guid":{"rendered":"https:\/\/wp.ufpel.edu.br\/chipinthepampa2018\/?page_id=1049"},"modified":"2018-08-25T08:57:07","modified_gmt":"2018-08-25T11:57:07","slug":"inscit-2018-technical-program","status":"publish","type":"page","link":"https:\/\/wp.ufpel.edu.br\/chipinthepampa2018\/inscit-2018-technical-program\/","title":{"rendered":"INSCIT 2018 Technical Program"},"content":{"rendered":"<p><strong><span style=\"font-size: 24pt\">INSCIT 2018 Final Technical Program<\/span><\/strong><\/p>\n<p><span style=\"font-style: inherit;font-weight: inherit;font-size: 18pt\"><strong style=\"font-style: inherit\">Tuesday, Aug. 28<\/strong><\/span><\/p>\n<hr \/>\n<p><strong>SBCCI\/SBMicro Tutorials<\/strong><\/p>\n<p>&nbsp;<\/p>\n<p><span style=\"font-style: inherit;font-weight: inherit;font-size: 18pt\"><strong style=\"font-style: inherit\">Wednesday, Aug. 29<\/strong><\/span><\/p>\n<hr \/>\n<p><a href=\"https:\/\/wp.ufpel.edu.br\/chipinthepampa2018\/jason-cong\/\"><strong style=\"font-style: inherit\">9:00h Malbec B \u2013 Keynote<\/strong><\/a><br \/>\nAutomatic Customizable Computing: From DSLs to FPGAs for Deep Learning and Beyond<br \/>\n<em>Jason Cong (UCLA &#8211; USA)<\/em><\/p>\n<p><strong style=\"font-style: inherit\">10:20h Carmen\u00e8re \u2013 Coffee-Break<\/strong><\/p>\n<p><a href=\"https:\/\/wp.ufpel.edu.br\/chipinthepampa2018\/inscit-invited-talk-ollivier-tamarin\/\"><strong style=\"font-style: inherit\">10:40h <\/strong><\/a><strong style=\"font-style: inherit\"><a href=\"https:\/\/wp.ufpel.edu.br\/chipinthepampa2018\/inscit-invited-talk-ollivier-tamarin\/\">Pinot A<\/a>\u00a0\u2013 INSCIT Invited Talk<\/strong><strong><br \/>\n<\/strong>Acoustic wave sensors for biochemical sensing: Perspectives for in situ measurements in amazon rivers<a name=\"INSCIT1\"><\/a><br \/>\n<em>Ollivier Tamarin\u00a0(UAG &#8211; France)\u00a0<\/em><\/p>\n<p><strong style=\"font-style: inherit\">11:20h Pinot A \u2013 INSCIT Session 1<\/strong><strong><br \/>\n<\/strong>Detectors, Sensors and Transducers Systems and Techniques I<br \/>\nSession Chairs: <em>Raimundo Freire, Bruno Arruda<\/em><\/p>\n<p style=\"padding-left: 30px\">Analysis of the Density and Temperature Invariant Displacer-Type Liquid Level Measuring Method<br \/>\n<em>Matheus Souza, Elyson Carvalho, J\u00e2nio Canuto and Raimundo Freire<\/em><\/p>\n<p style=\"padding-left: 30px\">v-Angra readout electronics and target detector assessment using a cosmic rays based trigger<br \/>\n<em>Marcelo Paschoal, Guilherme Lopes, David Souza, Igor Costa, Rafael N\u00f3brega, Jo\u00e3o Carlos Anjos, Herman Lima, Geraldo Cernicchiaro, Iuri Pepe, Dion Ribeiro, Pietro Chimenti, Germano Guedes, Luis Fernando Gonzalez and Ernesto Kemp<\/em><\/p>\n<p style=\"padding-left: 30px\">A Fully Passive UHF RFID Soil Moisture Time-Domain Transmissometry Based Sensor<br \/>\n<em>Newton Fons\u00eaca, Raimundo Freire, Smail Tedjini, Glauco Fontgalland and Bruno Arruda<\/em><\/p>\n<p><strong>12:20h \u2013 Lunch<\/strong><a name=\"INSCIT2\"><\/a><\/p>\n<p><strong style=\"font-style: inherit\">13:40h Pinot A \u2013 INSCIT Session 2<\/strong><strong><br \/>\n<\/strong>Measurement Systems Modelling<br \/>\nSession Chairs: <em>Ollivier Tamarin, David Melo<\/em><\/p>\n<p style=\"padding-left: 30px\">Instrumentation and Algorithms for the Sonification of Scanning Probe Microscopy Output<br \/>\n<em>Tiago Freitas, Hudson Miranda, Cassiano Rabelo and Ado Jorio<\/em><\/p>\n<p style=\"padding-left: 30px\">Modelling and Estimation of the Oxygen Transfer Function in a Bioreactor with Aeration Driven by PWM Signal<br \/>\n<em>Francisco Jadilson dos Santos Silva, Sebastian Yuri Cavalcanti Catunda, Carlos E. T. Dorea and Adrianus C. van Haandel<\/em><\/p>\n<p style=\"padding-left: 30px\">Signal simulation based on the characteristics of the neutrinos Angra Experiment&#8217;s readout electronics<br \/>\n<em>Guilherme Lopes, David Souza, Igor Costa, Rafael N\u00f3brega, Jo\u00e3o Anjos, Iuri Pepe, Eduardo Simas, Herman J\u00fanior, Geraldo Cernicchiaro, Pietro Chimenti, Germano Guedes, Luis Gonzales and Ernesto Kemp<\/em><\/p>\n<p style=\"padding-left: 30px\">Finite Element Modelling design and optimization of Love Wave mesoporous tranducers for biochemical detection in liquid medium<br \/>\n<em>Ollivier Tamarin, Maxence Rube, C\u00e9dric Boissiere, Jean Luc Lachaud, Hamida Hallil, Corinne Dejous and Dominique Rebiere<\/em><\/p>\n<p style=\"padding-left: 30px\">A New System for All-optical AND Logic Gate on Semiconductor Optical Amplifier based Michelson Interferometer<br \/>\n<em>Jackson Oliveira, Fabio Sousa, Fiterlinge Sousa, Jorge Oliveira, Marcio Costa and Marcos Costa<\/em><\/p>\n<p style=\"padding-left: 30px\">A less complex and effective approach to design current sample-and-hold circuits with clock generation for use on current mode ADCs<br \/>\n<em>Cleber Almeida, Amauri Oliveira and Raimundo Freire<\/em><\/p>\n<p><strong style=\"font-style: inherit\">15:40h Carmen\u00e8re \u2013 Coffee-Break<\/strong><a name=\"INSCIT3\"><\/a><\/p>\n<p><strong style=\"font-style: inherit\">16:20h Pinot A \u2013 INSCIT Session 3<\/strong><strong><br \/>\n<\/strong>RFID and RF Measurement Circuits and Techniques<br \/>\nSession Chairs: <em>Davies Monteiro, Euclides Chuma<\/em><\/p>\n<p style=\"padding-left: 30px\">Cell Library Design for Ultra-Low Power Internet-of-Things Applications<br \/>\n<em>Michael Lopes de Oliveira, Frank Sill Torres and Keyliane da Silva Fernandes<\/em><\/p>\n<p style=\"padding-left: 30px\">Low-cost circular-polarizared patch antenna for RFID applications<br \/>\n<em>Camila Caroline Rodrigues de Albuquerque, Alexandre Jean Rene Serres, Pierre Lemaitre-Auger, J\u00e9ssyca Iasmyn Lucena Araujo and Samuel Medeiros Ara\u00fajo Morais<\/em><\/p>\n<p style=\"padding-left: 30px\">Using Metamaterial Complementary Split Ring Resonators for Measuring Dielectric Constants and Loss Tangents at 22 GHz<br \/>\n<em>Euclides Chuma, Yuzo Iano, Leonardo Bravo Roger and Glauco Fontgalland<\/em><\/p>\n<p style=\"padding-left: 30px\">Passive RFID Tag for Respiratory Frequency Monitoring<br \/>\n<em>J\u00e9ssyca Araujo, Samuel Morais, Georgina Serres, Camila Albuquerque, Alexandre Serres, Danilo Santos and Joabson Carvalho<\/em><\/p>\n<p style=\"padding-left: 30px\">High-Q MEMS Ring Resonator Design for Multi-band Filter Application<br \/>\n<em>Jo\u00e3o Victor B. Alves, Eduarda S. da C. Losqui, Bruno de M. F. Cabral, Bernardo L. Marques, Lucas M. Chaves, Felipe A. Costa de Oliveira and Davies William de Lima Monteiro<\/em><\/p>\n<p><strong style=\"font-style: inherit\">18:20h Carmen\u00e8re \u2013 Oppening Cerimony<\/strong><\/p>\n<p>&nbsp;<\/p>\n<p><span style=\"font-style: inherit;font-weight: inherit;font-size: 18pt\"><strong style=\"font-style: inherit\">Thursday, Aug. 30\u00a0<\/strong><\/span><\/p>\n<hr \/>\n<p><a href=\"https:\/\/wp.ufpel.edu.br\/chipinthepampa2018\/joan-ramon-morante\/\"><strong style=\"font-style: inherit\">9:00h Malbec B \u2013 Keynote<\/strong><\/a><br \/>\nDevelopment of Sensors and Energy Storage Capacities for Fully Autonomous Systems<br \/>\n<em>Joan Ram\u00f3n Morante (IREC &#8211; Spain)<\/em><\/p>\n<p><strong style=\"font-style: inherit\">10:20h Carmen\u00e8re \u2013 Coffee-Break<\/strong><\/p>\n<p><a href=\"https:\/\/wp.ufpel.edu.br\/chipinthepampa2018\/inscit-invited-talk-andrew-taberner\/\"><strong style=\"font-style: inherit\">10:40h Pinot A \u2013\u00a0INSCIT Invited Talk<\/strong><strong><br \/>\n<\/strong><\/a>Measurement and Instrumentation at the Tissue: Machine interface<a name=\"INSCIT4\"><\/a><br \/>\n<em>Andrew Taberner\u00a0(University of Auckland \u2013 New Zealand)<\/em><\/p>\n<p><strong style=\"font-style: inherit\">11:20h Pinot A \u2013 INSCIT Session 4<\/strong><strong><br \/>\n<\/strong>Detectors, Sensors and Transducers Systems and Techniques II<br \/>\nSession Chairs: <em>Sebastian Yuri Catunda, Raimundo C. S. Freire<\/em><\/p>\n<p style=\"padding-left: 30px\">Optoacoustic sensor for real-time detection of fruit flies (Diptera:Tephritidae) for use in intelligent traps<br \/>\nFabiano Sandrini Moraes, Dori Edson Nava and Vagner Santos da Rosa<\/p>\n<p style=\"padding-left: 30px\">Exploring Autonomic Sensors Processing in the Internet of Things<br \/>\n<em>Douglas Scheunemann, Ver\u00f4nica Tabim, Adenauer Yamin, Jo\u00e3o Lopes and Claudio Geyer<\/em><\/p>\n<p style=\"padding-left: 30px\">Modeling a Multi-Echo Ultrasonic Waves Propagation using 2D Ray-Tracing Method<br \/>\n<em>Felipe Santos and Juan Villanueva<\/em><\/p>\n<p><strong>12:20h \u2013 Lunch<\/strong><a name=\"INSCIT5\"><\/a><\/p>\n<p><strong style=\"font-style: inherit\">13:40h Pinot A \u2013 INSCIT Session 5<\/strong><strong><br \/>\n<\/strong>Signal Processing and Data Storage<br \/>\nSession Chairs: <em>Francisco Jadilson Sousa, Gustavo Maia Ferreira<\/em><\/p>\n<p style=\"padding-left: 30px\">Gain and offset calibration for an Analog-to-Information Converter<br \/>\n<em>Bruno Arruda, Raimundo Carlos Silv\u00e9rio Freire, Edmar Gurj\u00e3o, Veronica Silva, Luis Torres, Vanderson Reis and Newton Fonseca<\/em><\/p>\n<p style=\"padding-left: 30px\">Test Method for AIC based on extension IEEE Std.1241 Sine-wave Fit using Multi-Sine Signals<br \/>\n<em>Veronica Silva, Bruno Arruda, Cleonilson Souza, Edmar Gurj\u00e3o, Vanderson Reis and Raimundo Carlos Freire<\/em><\/p>\n<p style=\"padding-left: 30px\">Parameterized FPGA Implementation of a Real-time Discrete Wavelet Transform Processor<br \/>\n<em>Gustavo Maia Ferreira, Fl\u00e1vio Henrique Vasconcelos and Hilton de Oliveira Mota<\/em><\/p>\n<p style=\"padding-left: 30px\">Big Data Analytics of Smart Grids using Artificial Intelligence for the Outliers Correction at Demand Measurements<br \/>\n<em>Jos\u00e9 Neto, Juan Villanueva, Pedro Andrade and Felipe Santos<\/em><\/p>\n<p style=\"padding-left: 30px\">Study of the Discretization Process applied to Continuous Random Variables in the Density Estimation Context<br \/>\n<em>Rafael M. Costa, David M. Souza, Guilherme S. Lopes, Igor A. Costa and Rafael A. N\u00f3brega<\/em><\/p>\n<p style=\"padding-left: 30px\">Wavelet Total Variation Method Applied to Partial Discharge Signal Denoising<br \/>\n<em>Paulo Vitor do Carmo Batista, Hilton de Oliveira Mota, Fernando Thom\u00e9 de Azevedo Silva and Fl\u00e1vio Henrique de Vasconcelos<\/em><strong>\u00a0<\/strong><\/p>\n<p><strong>15:40h <\/strong><strong style=\"font-style: inherit\">Carmen\u00e8re <\/strong>\u2013 Coffee-Break<\/p>\n<p><a href=\"https:\/\/wp.ufpel.edu.br\/chipinthepampa2018\/chip-in-the-pampa-2018-main-panel-in-portuguese\/\"><strong style=\"font-style: inherit\">16:20h Malbec B \u2013 Panel <\/strong>(in Portuguese)<strong><br \/>\n<\/strong><\/a>Avalia\u00e7\u00e3o e Perspectivas da Pol\u00edtica de Incentivos ao Desenvolvimento de Empreendimentos de TIC e Microeletr\u00f4nica<\/p>\n<p><a href=\"https:\/\/wp.ufpel.edu.br\/chipinthepampa2018\/social-program-2\/\"><strong style=\"font-style: inherit\">18:40h Casa Valduga \u2013 Event Dinner<\/strong><\/a><\/p>\n<p>&nbsp;<\/p>\n<p><span style=\"font-size: 18pt\"><strong style=\"font-style: inherit\"><span style=\"font-style: inherit;font-weight: inherit\">Friday, Aug. 31<\/span><\/strong><\/span><\/p>\n<hr \/>\n<p><a href=\"https:\/\/wp.ufpel.edu.br\/chipinthepampa2018\/nikil-dutt\/\"><strong style=\"font-style: inherit\">9:00h Malbec B \u2013 Keynote<\/strong><\/a><br \/>\nIoCT-CARE: Internet of Cognitive Things for Personalized Healthcare<br \/>\n<em>Nikil Dutt (UCI &#8211; USA)<\/em><\/p>\n<p><strong style=\"font-style: inherit\">10:20h Carmen\u00e8re \u2013 Coffee-Break<\/strong><a name=\"INSCIT6\"><\/a><\/p>\n<p><strong style=\"font-style: inherit\">10:40h Pinot A \u2013 INSCIT Session 6<\/strong><strong><br \/>\n<\/strong>Digital and Analog Signal Processing Techniques<br \/>\nSession Chairs: <em>Sebastian Yuri Catunda, Felipe Gomes<\/em><\/p>\n<p style=\"padding-left: 30px\">Ionization Current Detection for Homogeneous Charge Compression Ignition (HCCI) on Dual Mode Engines Using a Compact Flyback Circuit<br \/>\n<em>Edelson da Silva Procopio Venuto, Armando Ant\u00f4nio Maria Lagan\u00e1 and Sebasti\u00e3o Gomes dos Santos Filho<\/em><\/p>\n<p style=\"padding-left: 30px\">A new low power and all-MOS voltage-to-current converter for current mode ADCs with high linearity, high bandwidth and rail-to-rail input range<br \/>\n<em>Cleber Almeida, Amauri Oliveira and Raimundo Freire<\/em><\/p>\n<p style=\"padding-left: 30px\">A new modular framework for implementing A\/D converters in CMOS technology in current mode<br \/>\n<em>Cleber Almeida, Amauri Oliveira and Raimundo Freire<\/em><\/p>\n<p style=\"padding-left: 30px\">Large AC testing of PN junction diodes<br \/>\n<em>Felipe Gomes, Roberto Batista Sardenberg and Jose M. A. Figueiredo<\/em><\/p>\n<p style=\"padding-left: 30px\">Analytical Modeling for the Characterization of On-Chip Spiral Inductor in 0.13 \u00b5m<br \/>\n<em>Marcos Bernardo, \u00c9rico M\u00e9lo, Antonio Souza and Raimundo Carlos Freire<\/em><\/p>\n<p><strong>\u00a0<\/strong><strong>12:20h \u2013 Lunch<\/strong><\/p>\n<p><strong style=\"font-style: inherit\">14:20h Pinot A \u2013 INSCIT Steering Meeting<\/strong><\/p>\n<p><strong style=\"font-style: inherit\">15:40h Carmen\u00e8re \u2013 Coffee-Break<\/strong><\/p>\n<p><strong style=\"font-style: inherit\">18:20h Malbec B \u2013 Closing Cerimony\u00a0\u00a0<\/strong><\/p>\n","protected":false},"excerpt":{"rendered":"<p>INSCIT 2018 Final Technical Program Tuesday, Aug. 28 SBCCI\/SBMicro Tutorials &nbsp; Wednesday, Aug. 29 9:00h Malbec B \u2013 Keynote Automatic Customizable Computing: From DSLs to FPGAs for Deep Learning and Beyond Jason Cong (UCLA&#46;&#46;&#46;<\/p>\n","protected":false},"author":685,"featured_media":0,"parent":0,"menu_order":0,"comment_status":"closed","ping_status":"closed","template":"","meta":{"jetpack_post_was_ever_published":false,"footnotes":""},"class_list":["post-1049","page","type-page","status-publish","hentry"],"jetpack_sharing_enabled":true,"jetpack_shortlink":"https:\/\/wp.me\/P9e0OP-gV","jetpack_likes_enabled":false,"jetpack-related-posts":[{"id":986,"url":"https:\/\/wp.ufpel.edu.br\/chipinthepampa2018\/program-schedule\/","url_meta":{"origin":1049,"position":0},"title":"Program Schedule","author":"agostini","date":"18\/07\/2018","format":false,"excerpt":"Chip in the Pampa 2018 Schedule Monday, Aug. 27 9:00h Assemblage - Event Registration 13:40h Pinot C - Meeting of SBMicro Board 13:40h Pinot D - Meeting of SBC\/CECCI Board 15:40h Pinot Lobby - Coffee-Break 16:20h Pinot A - Meeting of SBCCI Steering Committee 16:20h Pinot B - Meeting of\u2026","rel":"","context":"Post similar","block_context":{"text":"Post similar","link":""},"img":{"alt_text":"","src":"","width":0,"height":0},"classes":[]},{"id":248,"url":"https:\/\/wp.ufpel.edu.br\/chipinthepampa2018\/events\/inscit-2018\/","url_meta":{"origin":1049,"position":1},"title":"INSCIT 2018","author":"agostini","date":"03\/11\/2017","format":false,"excerpt":"INSCIT 2018 3rd International Symposium on Instrumentation Systems, Circuits and Transducers Bento Gon\u00e7alves - Rio Grande do Sul - Brazil - August 27 to 31, 2018 The International Symposium on Instrumentation Systems, Circuits and Transducers - INSCIT is a forum dedicated to the presentation and discussion of research and development\u2026","rel":"","context":"Post similar","block_context":{"text":"Post similar","link":""},"img":{"alt_text":"","src":"","width":0,"height":0},"classes":[]},{"id":1025,"url":"https:\/\/wp.ufpel.edu.br\/chipinthepampa2018\/inscit-invited-talk-ollivier-tamarin\/","url_meta":{"origin":1049,"position":2},"title":"INSCIT INVITED TALK: Ollivier Tamarin","author":"agostini","date":"19\/07\/2018","format":false,"excerpt":"Ollivier Tamarin French West Indies University - France Wednesday, Aug. 29 - 10:40h - Pinot A INVITED TALK: Acoustic wave sensors for biochemical sensing: Perspectives for in situ measurements in amazon rivers Monitoring the environment is a crucial issue for our planet, especially when the territory to be preserved is\u2026","rel":"","context":"Post similar","block_context":{"text":"Post similar","link":""},"img":{"alt_text":"","src":"https:\/\/i0.wp.com\/wp.ufpel.edu.br\/chipinthepampa2018\/files\/2018\/07\/Ollivier_Tamarin-400x400.jpg?resize=350%2C200&ssl=1","width":350,"height":200},"classes":[]},{"id":30,"url":"https:\/\/wp.ufpel.edu.br\/chipinthepampa2018\/registration\/","url_meta":{"origin":1049,"position":3},"title":"Registration","author":"agostini","date":"27\/09\/2017","format":false,"excerpt":"Online registration is now closed. On site registrations will be available during the event at the Registration Desk. Please note that at least one paper author MUST be registered at an EARLY Professional (July 21st) Registration fee to allow the paper publication at SBCCI, SBMicro, INSCIT, WCAS or FEEC or\u2026","rel":"","context":"Post similar","block_context":{"text":"Post similar","link":""},"img":{"alt_text":"","src":"","width":0,"height":0},"classes":[]},{"id":1029,"url":"https:\/\/wp.ufpel.edu.br\/chipinthepampa2018\/inscit-invited-talk-andrew-taberner\/","url_meta":{"origin":1049,"position":4},"title":"INSCIT INVITED TALK: Andrew Taberner","author":"agostini","date":"19\/07\/2018","format":false,"excerpt":"Andrew Taberner University of Auckland - New Zealand Thursday, Aug. 30 - 10:40h - Pinot A INVITED TALK: Measurement and Instrumentation at the Tissue: Machine interface Biomedical Instrumentation is designed to provide clinicians, scientists and consumers with useful information about the performance and properties of the human body in health\u2026","rel":"","context":"Post similar","block_context":{"text":"Post similar","link":""},"img":{"alt_text":"","src":"https:\/\/i0.wp.com\/wp.ufpel.edu.br\/chipinthepampa2018\/files\/2018\/07\/Andrew-Taberner.png?resize=350%2C200&ssl=1","width":350,"height":200},"classes":[]},{"id":76,"url":"https:\/\/wp.ufpel.edu.br\/chipinthepampa2018\/important-dates\/","url_meta":{"origin":1049,"position":5},"title":"Important Dates","author":"agostini","date":"27\/09\/2017","format":false,"excerpt":"SBCCI 2018 *****FINAL DEADLINE EXTENSION***** Abstract & Paper Submission Deadline: \u00a0 April 20th ,2018 Rebuttal Period: June 12th June 15th\u00a0 ,2018 Notification of Acceptance: June 20th ,2018 Camera Ready Deadline: July 10th ,2018 SBMicro 2018 *****FINAL DEADLINE EXTENSION***** Paper Submission Deadline: ----------- April\u00a022nd\u00a0 ,2018 Notification of Acceptance: \u00a0 May 27th\u2026","rel":"","context":"Post similar","block_context":{"text":"Post similar","link":""},"img":{"alt_text":"","src":"","width":0,"height":0},"classes":[]}],"_links":{"self":[{"href":"https:\/\/wp.ufpel.edu.br\/chipinthepampa2018\/wp-json\/wp\/v2\/pages\/1049","targetHints":{"allow":["GET"]}}],"collection":[{"href":"https:\/\/wp.ufpel.edu.br\/chipinthepampa2018\/wp-json\/wp\/v2\/pages"}],"about":[{"href":"https:\/\/wp.ufpel.edu.br\/chipinthepampa2018\/wp-json\/wp\/v2\/types\/page"}],"author":[{"embeddable":true,"href":"https:\/\/wp.ufpel.edu.br\/chipinthepampa2018\/wp-json\/wp\/v2\/users\/685"}],"replies":[{"embeddable":true,"href":"https:\/\/wp.ufpel.edu.br\/chipinthepampa2018\/wp-json\/wp\/v2\/comments?post=1049"}],"version-history":[{"count":13,"href":"https:\/\/wp.ufpel.edu.br\/chipinthepampa2018\/wp-json\/wp\/v2\/pages\/1049\/revisions"}],"predecessor-version":[{"id":1587,"href":"https:\/\/wp.ufpel.edu.br\/chipinthepampa2018\/wp-json\/wp\/v2\/pages\/1049\/revisions\/1587"}],"wp:attachment":[{"href":"https:\/\/wp.ufpel.edu.br\/chipinthepampa2018\/wp-json\/wp\/v2\/media?parent=1049"}],"curies":[{"name":"wp","href":"https:\/\/api.w.org\/{rel}","templated":true}]}}