{"id":1042,"date":"2018-07-19T16:24:51","date_gmt":"2018-07-19T19:24:51","guid":{"rendered":"https:\/\/wp.ufpel.edu.br\/chipinthepampa2018\/?page_id=1042"},"modified":"2018-08-25T08:52:41","modified_gmt":"2018-08-25T11:52:41","slug":"sbmicro-2018-technical-program","status":"publish","type":"page","link":"https:\/\/wp.ufpel.edu.br\/chipinthepampa2018\/sbmicro-2018-technical-program\/","title":{"rendered":"SBMicro 2018 Technical Program"},"content":{"rendered":"<p><strong><span style=\"font-size: 24pt\">SBMicro 2018 Final Technical Program<\/span><\/strong><\/p>\n<p>&nbsp;<\/p>\n<p><span style=\"font-style: inherit;font-weight: inherit;font-size: 18pt\"><strong style=\"font-style: inherit\">Tuesday, Aug. 28<\/strong><\/span><\/p>\n<hr \/>\n<p>&nbsp;<\/p>\n<p><a href=\"https:\/\/wp.ufpel.edu.br\/chipinthepampa2018\/sbcci-2018-filip-tavernier\/\"><strong>9:00h Malbec B \u2013 Tutorial<\/strong><\/a><br \/>\nIntegrated switched-capacitor DC-DC converters for high-density capacitive energy storage<br \/>\n<em>Filip Tavernier (KU Leuven \u2013 Belgium)<\/em><\/p>\n<p><strong>10:20h Carmen\u00e8re &#8211; Coffee-Break<\/strong><\/p>\n<p><a href=\"https:\/\/wp.ufpel.edu.br\/chipinthepampa2018\/sbmicro-2018-mohammad-al-faruque\/\"><strong style=\"font-style: inherit\">10:40h Malbec A \u2013 Tutorial<\/strong><\/a><br \/>\nDC and RF reliability of advanced CMOS technologies<br \/>\n<em>Edmundo Gutierrez (INAOE \u2013 Mexico)\u00a0<\/em><\/p>\n<p><a href=\"https:\/\/wp.ufpel.edu.br\/chipinthepampa2018\/sbcci-2018-tutorial\/\"><strong style=\"font-style: inherit\">10:40h Malbec B \u2013 Tutorial<\/strong><\/a><br \/>\nDesign for Security \u2013 Cross-Domain Cyber-Physical System Security: Applications in Automotive and Additive Manufacturing Systems<br \/>\n<em>Mohammad Al Faruque\u00a0(UCI \u2013 USA)<\/em><\/p>\n<p><strong style=\"font-style: inherit\">12:20h \u2013 Lunch<\/strong><\/p>\n<p><a href=\"https:\/\/wp.ufpel.edu.br\/chipinthepampa2018\/sbcci-enrique-miranda\/\"><strong style=\"font-style: inherit\">13:40h Malbec A \u2013 Tutorial<\/strong><\/a><br \/>\nCompact modeling of hysteresis effects in ReRAM devices<br \/>\n<em>Enrique Miranda\u00a0(UAB \u2013 Spain)<\/em><\/p>\n<p><a href=\"https:\/\/wp.ufpel.edu.br\/chipinthepampa2018\/sbcci-2018-marco-mattavelli\/\"><strong style=\"font-style: inherit\">13:40h Malbec B \u2013 Tutorial<\/strong><\/a><br \/>\nHigh-level Synthesis and Data-flow Implementations for Multimedia Processing<br \/>\n<em>Marco Mattavelli (EPFL \u2013 Switzerland)<\/em><\/p>\n<p><strong>15:40h Carmen\u00e8re &#8211; Coffee-Break<\/strong><\/p>\n<p><a href=\"https:\/\/wp.ufpel.edu.br\/chipinthepampa2018\/tutorial-fernando-guarin\/\"><strong style=\"font-style: inherit\">16:20h\u00a0Malbec A \u2013 Tutorial<\/strong><\/a><br \/>\nReliability challenges for the qualification of Leading Edge Silicon CMOS Technologies including RF Applications<br \/>\n<em>Fernando Guarin (GlobalFoundries \u2013 USA)<\/em><\/p>\n<p><a href=\"https:\/\/wp.ufpel.edu.br\/chipinthepampa2018\/social-program-2\/\"><strong>20:00h Sauvignon &#8211; Welcome Reception<\/strong><\/a><\/p>\n<p>&nbsp;<\/p>\n<p><span style=\"font-size: 18pt\"><strong>Wednesday, Aug. 29<\/strong><\/span><\/p>\n<hr \/>\n<p><a href=\"https:\/\/wp.ufpel.edu.br\/chipinthepampa2018\/jason-cong\/\"><strong>9:00h Malbec B \u2013 Keynote<\/strong><\/a><br \/>\nAutomatic Customizable Computing: From DSLs to FPGAs for Deep Learning and Beyond<br \/>\n<em>Jason Cong (UCLA \u2013 USA)<\/em><\/p>\n<p><strong style=\"font-style: inherit\">10:20h <\/strong><strong>Carmen\u00e8re <\/strong>\u2013 Coffee-Break<a name=\"SBMICRO1\"><\/a><\/p>\n<p><strong>10:40h Malbec A \u2013 SBMicro Session 1<\/strong><br \/>\nEmerging Devices I<br \/>\nSession Chair: <em>Jos\u00e9 Alexandre Diniz<\/em><\/p>\n<p style=\"padding-left: 30px\">Accounting for Series Resistance in the Compact Model of Triple-Gate Junctionless Nanowire Transistors<br \/>\n<em>Renan Trevisoli, Rodrigo Doria, Michelly de Souza and Marcelo Pavanello<\/em><\/p>\n<p style=\"padding-left: 30px\">Influence of Channel Silicon Thickness and Biological Material Permittivity on nTFET Biosensor<br \/>\n<em>Christian Macambira, Paula Agopian and Jo\u00e3o Martino<\/em><\/p>\n<p style=\"padding-left: 30px\">Low-Frequency Noise Investigation in Long-Channel Fully Depleted Inversion Mode n-type SOI Nanowire<br \/>\n<em>Allan Roberto Molto , Bruna Cardoso Paz , Mika\u00ebl Cass\u00e9 , Sylvain Barraud , Gilles Reimbold , Maud Vinet , Olivier Faynot and Marcelo Antonio Pavanello<\/em><\/p>\n<p style=\"padding-left: 30px\">A Tunnel-FET device model based on Verilog-A applied to circuit simulation<br \/>\n<em>Roberto Rangel, Paula Agopian and Joao Martino<\/em><\/p>\n<p style=\"padding-left: 30px\"><strong><em>SForum best paper candidate\u00a0<\/em><\/strong><br \/>\nLinearity characterization of a multimode CMOS Power Amplifier for IEEE 802.11n, IEEE 802.11ax and LTE signals<br \/>\n<em>Arthur Amorim Modesto, Jonathas Henrique Mariano Pereira, F\u00e1vero Santos, Bernardo Leite and Andr\u00e9 Augusto Mariano<\/em><\/p>\n<p><strong>\u00a0<\/strong><strong>12:20h \u2013 Lunch<\/strong><\/p>\n<p><a href=\"https:\/\/wp.ufpel.edu.br\/chipinthepampa2018\/sbmicro-invited-talk\/\"><strong style=\"font-style: inherit\">13:40h Malbec A \u2013 SBMicro Invited Talk<\/strong><strong><br \/>\n<\/strong><\/a>Charge Trapping Phenomena in MOSFETS: From Noise to Bias Temperature Instability<br \/>\n<em>Gilson Inacio Wirth (UFRGS &#8211; Brazil)<\/em><a name=\"SBMICRO2\"><\/a><\/p>\n<p><strong style=\"font-style: inherit\">14:20h <\/strong><strong>Malbec A <\/strong>\u2013 SBMicro Session 2<br \/>\nElectrical Characterization I<br \/>\nSession Chair: <em>Salvador Gimenez<\/em><\/p>\n<p style=\"padding-left: 30px\">Linearity Enhancement in Asymmetric Self-Cascode Composed by FD SOI nMOSFETs<br \/>\n<em>Rafael Assalti, Denis Flandre and Michelly de Souza<\/em><\/p>\n<p style=\"padding-left: 30px\">Analysis of the Output Conductance Degradation With the Substrate Bias in SOI UTB and UTBB Transistors<br \/>\n<em>Fernando Costa, Renan Trevisoli Doria and Rodrigo Trevisoli Doria<\/em><\/p>\n<p style=\"padding-left: 30px\">DC method for self-heating estimation applied to FinFET<br \/>\n<em>Carlos Augusto Bergfeld Mori, Paula Ghedini Der Agopian and Jo\u00e3o Antonio Martino<\/em><\/p>\n<p style=\"padding-left: 30px\">Improvement of the Harmonic Distortion by Using Diamond Mosfet<br \/>\n<em>Marcelo Machado Aoyama, Magali Estrada, Antonio Cerdeira, Jacobus Willibrordus Swart and Salvador Pinillos Gimenez<\/em><\/p>\n<p><strong>15:40h Carmen\u00e8re \u2013 Coffee-Break<\/strong><a name=\"SBMICRO3\"><\/a><\/p>\n<p><strong style=\"font-style: inherit\">16:20h <\/strong><strong>Malbec A <\/strong>\u2013 SBMicro Session 3<br \/>\nTechnology Characterization<br \/>\nSession Chair: <em>Rodrigo Trevisoli Doria<\/em><\/p>\n<p style=\"padding-left: 30px\">Non uniformity correction in a Long Wave Infrared Focal Plane Array as a function of the higher calibration temperature<br \/>\n<em>Augusto Santos, Gustavo Vieira and Ruy Castro<\/em><\/p>\n<p style=\"padding-left: 30px\">On the influence of conductor, semiconductor and insulating substrate on the structure of atomic layer deposited titanium dioxide thin films<br \/>\n<em>Rodrigo Savio Pessoa, William Chiappim Junior, Giorgio Testoni, Gilberto Petraconi Filho and Homero Maciel<\/em><\/p>\n<p style=\"padding-left: 30px\">Effect of InP Epitaxial Layer Removal From an MOVPE Reactor on In-Situ Zn Diffusion for the Development of Focal Plane Array<br \/>\n<em>Marcelo Rua, Eliseu Herculano, Rudy Kawabata, Luciana Pinto, Gustavo Vieira, Maur\u00edcio Pires and Patr\u00edcia Souza<\/em><\/p>\n<p style=\"padding-left: 30px\">Characterization by GISAXS and Electrochemical Impedance Spectroscopy of porous oxide films<br \/>\n<em>Danilo Huanca, Carlos Dias, Sebasti\u00e3o dos Santos Filho, patrick verdonck, Lucas Lima, Thomas Witters and Sven Van Elshocht<\/em><strong>\u00a0<\/strong><\/p>\n<p style=\"padding-left: 30px\"><strong><em>SForum best paper candidate\u00a0<\/em><\/strong><br \/>\nModified Limiter Applied to Crest Factor Reduction Based on Non-uniformly Sampled Look-up Tables<br \/>\n<em>Felipe Schoulten and Eduardo Lima<\/em><\/p>\n<p style=\"padding-left: 30px\"><strong><em>SForum best paper candidate\u00a0<\/em><\/strong><br \/>\nMicrocontroller-based lock-in amplifier: A comparative study<br \/>\n<em>Diogo Rikio Miyazaki, Marlio Jose Couto Bonfim, Eduardo Parente Ribeiro, Rafael da Silva Ferraz and Raiff Sales da Fonseca<\/em><\/p>\n<p><strong>18:20h Malbec B \u2013 Oppening Cerimony<\/strong><\/p>\n<p>&nbsp;<\/p>\n<p><span style=\"font-style: inherit;font-weight: inherit;font-size: 18pt\"><strong style=\"font-style: inherit\">Thursday, Aug. 30\u00a0<\/strong><\/span><\/p>\n<hr \/>\n<p><a href=\"https:\/\/wp.ufpel.edu.br\/chipinthepampa2018\/joan-ramon-morante\/\"><strong style=\"font-style: inherit\">9:00h <\/strong><strong>Malbec B\u00a0<\/strong>\u2013 Keynote<\/a><br \/>\nDevelopment of Sensors and Energy Storage Capacities for Fully Autonomous Systems<br \/>\n<em>Joan Ram\u00f3n Morante\u00a0(IREC &#8211; Spain)<\/em><\/p>\n<p><strong style=\"font-style: inherit\">10:20h <\/strong><strong>Carmen\u00e8re <\/strong>\u2013 Coffee-Break<a name=\"SBMICRO4\"><\/a><\/p>\n<p><strong style=\"font-style: inherit\">10:40h\u00a0<\/strong><strong>Malbec A <\/strong> \u2013 SBMicro Session 4<br \/>\nFabrication Process and Applications I<br \/>\nSession Chair: <em>Sebasti\u00e3o Gomes dos Santos Filho<\/em><\/p>\n<p style=\"padding-left: 30px\">Piezoelectricity evaluation of nanofibers membrane electrospun from PVDF dispersion for sensor application<br \/>\n<em>Enrico Ceroblo Nadeo, Ana Neilde R Silva and Armando Antonio Maria Lagan\u00e1<\/em><\/p>\n<p style=\"padding-left: 30px\">Resonant Spiral Micromachined Structure and the Effects of a Curved Geometry<br \/>\n<em>Gustavo M. Ferreira, Davies William Lima Monteiro, Bruno Henrique S. Guimar\u00e3es and Felipe Augusto Costa de Oliveira<\/em><\/p>\n<p style=\"padding-left: 30px\">Microfabricated ISM Band Inductors using MCM-D Technology over Alumina Substrates<br \/>\n<em>Cristina B. Adamo, Alexander Flacker, Rafael C. Medeiros, Sergio O. Castilho, Andr\u00e9 da F. Ponchet and Ricardo Teixeira<\/em><\/p>\n<p style=\"padding-left: 30px\">The practice in microelectronics: a mandatory complement of the online courses in the context of digital society<br \/>\n<em>Olivier Bonnaud and Laurent Fesquet<\/em><\/p>\n<p style=\"padding-left: 30px\"><strong><em>SForum best paper candidate\u00a0<\/em><\/strong><br \/>\nLow-power and Fast Monolithic 8-2 Adder Compressor Circuit with Efficient Carry Propagation<br \/>\n<em>Thomas Fontanari, Gustavo Santana, Guilherme Paim, Leandro Rocha, Eduardo Costa and Sergio Bampi<\/em><\/p>\n<p><strong>\u00a0<\/strong><strong>12:20h \u2013 Lunch<\/strong><\/p>\n<p><strong style=\"font-style: inherit\"><a href=\"https:\/\/wp.ufpel.edu.br\/chipinthepampa2018\/sbmicro-invited-talk-jose-alexandre-diniz\/\">13:40h <strong>Malbec A <\/strong>\u2013 SBMicro Invited Talk<\/a><br \/>\n<\/strong>Ultra-Thin and Thin Films for Nano and Micron Technologies<br \/>\n<em>Jos\u00e9 Alexandre Diniz (Unicamp \u2013 Brazil)<\/em><a name=\"SBMICRO5\"><\/a><\/p>\n<p><strong style=\"font-style: inherit\">14:20h\u00a0<\/strong><strong>Malbec A <\/strong> \u2013 SBMicro Session 5<br \/>\nEmerging Electron Devices II<br \/>\nSession Chair: <em>Michelly de Souza<\/em><\/p>\n<p style=\"padding-left: 30px\">Back bias impact on effective mobility of p-type nanowires SOI MOSFETs<br \/>\n<em>Bruna Cardoso Paz, Mika\u00ebl Cass\u00e9, Sylvain Barraud, Gilles Reimbold, Maud Vinet, Olivier Faynot and Marcelo Antonio Pavanello<\/em><\/p>\n<p style=\"padding-left: 30px\">Experimental Analysis of Self-Heating Effects Using the Pulsed IV Method in Junctionless Nanowire Transistors<br \/>\n<em>Fl\u00e1vio Bergamaschi, Genaro Mariniello, Sylvain Barraud and Marcelo Pavanello<\/em><\/p>\n<p style=\"padding-left: 30px\">Interface Charges Influence on the Subthreshold Region from Triple Gate SOI FinFET to \u03a9-Gate Nanowire Devices<br \/>\n<em>Vanessa Cristina Pereira da Silva, Joao Martino and Paula Agopian<\/em><\/p>\n<p style=\"padding-left: 30px\">Experimental Analysis of Negative Temperature Bias Instabilities Degradation in Junctionless Nanowire Transistors<br \/>\n<em>Nilton Graziano Jr, Rodrigo Doria, Sylvain Barraud, and Renan Trevisoli<\/em><\/p>\n<p><a name=\"SBMICROP\"><\/a><br \/>\n<strong>15:40h Carmen\u00e8re \u2013 SBMicro Poster Session<\/strong><\/p>\n<p style=\"padding-left: 30px\">Computational Study on Schottky Barrier Height Extraction for Ballistic Nanotube Transistors<br \/>\n<em>Glenda Santos and Stefan Blawid<\/em><\/p>\n<p style=\"padding-left: 30px\">Back Enhanced SOI MOSFET as UV Light Sensor<br \/>\n<em>Jos\u00e9 Augusto Padovese, Leonardo Yojo, Ricardo Rangel, Katia Sasaki and Jo\u00e3o Martino<\/em><\/p>\n<p style=\"padding-left: 30px\">A PWM output temperature sensor<br \/>\n<em>Diego Deotti, Jose Luis Ramirez Bohorquez and Fabiano Fruett<\/em><\/p>\n<p style=\"padding-left: 30px\">Growth and Characterization of Ge Junction for Triple Junction Solar Cell<br \/>\n<em>Eliseu Herculano, Rudy Kawabata, Luciana Pinto, Daniel Micha, Roberto Jakomin, Maur\u00edcio Pires and Patr\u00edcia Lustoza<\/em><\/p>\n<p style=\"padding-left: 30px\">NH4OH Wet Etching for Silicon Nano or Sub-Micron Wires<br \/>\n<em>Guilherme M B Soares, Audrey R. da Silva, Lucas S. Zucchi, Frederico H. Cioldin, Luana Espindola, Jos\u00e9 Godoy Filho, Ioshiaki Doi and Jos\u00e9 Alexandre Diniz<\/em><\/p>\n<p style=\"padding-left: 30px\">Impact of the Octagonal Layout Style for MOSFETs using 180nm Bulk CMOS ICs Technology Node<br \/>\n<em>D\u00eanis Loesch, Salvador Gimenez, Jacobus Willibrordus Swart and Gabriel Augusto da Silva<\/em><\/p>\n<p style=\"padding-left: 30px\">Few layer large area graphene samples grown by CVD aiming application in electrochemical sensing devices\u00a0\u00a0\u00a0\u00a0 Deissy<br \/>\n<em>Johanna Feria Garnica, Diego Lopez, Marcelo Carre\u00f1o and Ines Pereyra<\/em><\/p>\n<p><strong>15:40h Carmen\u00e8re \u2013 Coffee-Break<\/strong><\/p>\n<p><a href=\"https:\/\/wp.ufpel.edu.br\/chipinthepampa2018\/chip-in-the-pampa-2018-main-panel-in-portuguese\/\"><strong style=\"font-style: inherit\">16:20h Malbec B \u2013 Panel <\/strong>(in Portuguese)<strong><br \/>\n<\/strong><\/a>Avalia\u00e7\u00e3o e Perspectivas da Pol\u00edtica de Incentivos ao Desenvolvimento de Empreendimentos de TIC e Microeletr\u00f4nica<\/p>\n<p><a href=\"https:\/\/wp.ufpel.edu.br\/chipinthepampa2018\/social-program-2\/\"><strong style=\"font-style: inherit\">18:40h Casa Valduga \u2013 Event Dinner<\/strong><\/a><\/p>\n<p>&nbsp;<\/p>\n<p><span style=\"font-size: 18pt\"><strong style=\"font-style: inherit\"><span style=\"font-style: inherit;font-weight: inherit\">Friday, Aug. 31<\/span><\/strong><\/span><\/p>\n<hr \/>\n<p><a href=\"https:\/\/wp.ufpel.edu.br\/chipinthepampa2018\/nikil-dutt\/\"><strong style=\"font-style: inherit\">9:00h <\/strong><strong>Malbec B\u00a0<\/strong>\u2013 Keynote<\/a><br \/>\nIoCT-CARE: Internet of Cognitive Things for Personalized Healthcare<br \/>\n<em>Nikil Dutt (UCI &#8211; USA)<\/em><\/p>\n<p><strong style=\"font-style: inherit\">10:20h \u2013 <\/strong><strong>Carmen\u00e8re <\/strong>Coffee-Break<a name=\"SBMICRO6\"><\/a><\/p>\n<p><strong style=\"font-style: inherit\">10:40h <\/strong><strong>Malbec A <\/strong>\u2013 SBMicro Session 6<br \/>\nFabrication Process and Applications II<br \/>\nSession Chair: <em>Olivier Bonnaud<\/em><\/p>\n<p style=\"padding-left: 30px\">A Wide Tuning Range LC-VCO For The ISM Radio Band<br \/>\n<em>Miguel G\u00f3mez, Jose Luis Ramirez Bohorquez, Eduardo Lima and Fabiano Fruett<\/em><\/p>\n<p style=\"padding-left: 30px\">Field Effect Transistors based on Graphene Micro Wires Defined by Lithography and Plasma Etching<br \/>\n<em>Fernanda Rufino, Aline Pascon, Dunieskys Larrude and Jos\u00e9 Alexandre Diniz<\/em><\/p>\n<p style=\"padding-left: 30px\">Fabrication and Electrical Characterization of MOS Solar Cells for Energy Harvesting<br \/>\n<em>Marcos Norio Watanabe, William Chiappim Junior, Ver\u00f4nica Christiano, F\u00e1bio Izumi and Sebastiao Santos<\/em><\/p>\n<p style=\"padding-left: 30px\">Influence of biological element permittivity on BE SOI MOSFETs<br \/>\n<em>Leonardo Yojo, Ricardo Rangel, Katia Sasaki and Jo\u00e3o Martino<\/em><\/p>\n<p style=\"padding-left: 30px\">Junctionless-FET fabrication using NH4OH solution wet etching for silicon channel thinning<br \/>\n<em>Lucas Stucchi-Zucchi, Audrey R. Silva, Jos\u00e9 A. Diniz, Luana Espindola, Alfredo R. Vaz, and Frederico Cloidin<\/em><\/p>\n<p><strong>12:20h \u2013 Lunch<\/strong><\/p>\n<p><a href=\"https:\/\/wp.ufpel.edu.br\/chipinthepampa2018\/sbmicro-2018-tayeb-mohammed-brahim\/\"><strong style=\"font-style: inherit\">13:40h\u00a0<\/strong><strong>Malbec A <\/strong> \u2013 SBMicro Invited Talk<\/a><br \/>\nOrganic Thin Film Transistors: Experimental and Modeling<br \/>\n<em>Tayeb Mohammed-Brahim (Rennes 1 University \u2013 France)<\/em><a name=\"SBMICRO7\"><\/a><\/p>\n<p><strong style=\"font-style: inherit\">14:20h\u00a0<\/strong><strong>Malbec A <\/strong> \u2013 SBMicro Session 7<br \/>\nOptoelectronics and Photonics<br \/>\nSession Chair:<em> Marcelo Antonio Pavanello<\/em><\/p>\n<p style=\"padding-left: 30px\">InGaP solar cell as the top junction of a multiple junction device for spatial applications<br \/>\n<em>Victor Cunha, Daniel Micha, Rudy Kawabata, Luciana Pinto, Mauricio Pires and Patr\u00edcia Souza<\/em><\/p>\n<p style=\"padding-left: 30px\">Experimental Lateral PIN Gated Photodiode RGB Discrimination with Multiple Incident Optical Power<br \/>\n<em>Rudolf Buhler, Gustavo Montesani and Renato Giacomini<\/em><\/p>\n<p style=\"padding-left: 30px\">InxGa1-xAs\/InyGa1-yP Multiple Quantum Wells for Multijunction Solar Cells<br \/>\n<em>Edgard Winter, Daniel Micha, Rudy Kawabata, Luciana Pinto, Maur\u00edcio Pires and Patr\u00edcia Souza<\/em><\/p>\n<p style=\"padding-left: 30px\">Applying CMOS capabilities of CEITEC\u00b4s foundry towards silicion photonic devices<br \/>\n<em>Talita S. B\u00fcrger, Eliana A. M. A. Van Etten, Ricardo C. G. da Silva, Gilliard N. M. Silveira, Celio A. Finardi, Luana L. Mattos, Leandro Tezani, Rafael W. D. Pais, Andr\u00e9 M. Daltrini and Roberto R. Panepucci<\/em><\/p>\n<p><strong>15:40h \u2013 Carmen\u00e8re Coffee-Break<\/strong><a name=\"SBMICRO8\"><\/a><\/p>\n<p><strong style=\"font-style: inherit\">16:20h <\/strong><strong>Malbec A <\/strong>\u2013 SBMicro Session 8<br \/>\nElectrical Characterization II<br \/>\nSession Chair: <em>Jo\u00e3o Antonio Martino<\/em><\/p>\n<p style=\"padding-left: 30px\">Ground Plane Impact on the Threshold Voltage of Relaxed Ge pFinFETs<br \/>\n<em>Guilherme Vieira Gon\u00e7alves, Alberto Oliveira, Paula Agopian, Jo\u00e3o Martino, Liesbeth Witters, Jerome Mitard, Nadine Colaert, Cor Claeys and Eddy Simoen<\/em><\/p>\n<p style=\"padding-left: 30px\">Asymmetric Self-Cascode Current-Voltage Constructing Algorithm for Analog Figures-of-Merit Extraction<br \/>\n<em>L\u00edgia Martins d&#8217;Oliveira, Valeriya Kilchytska, Denis Flandre and Michelly de Souza<\/em><\/p>\n<p style=\"padding-left: 30px\">Effect of Lines and Vias Density on the BEOL Temperature Distribution<br \/>\n<em>Rafael Nunes and Roberto Orio<\/em><\/p>\n<p style=\"padding-left: 30px\">Influence of the Intrinsic Length on the Behavior of PIN Diodes Fabricated on SOI Substrates Working as Solar Cells<br \/>\n<em>Fernando Silva, Rodrigo Doria and Michelly de Souza<\/em><\/p>\n<p style=\"padding-left: 30px\">Using Statistical Student&#8217;s t-Test to Qualify the Electrical Performance of the Diamond MOSFETs<br \/>\n<em>Vinicius Vono Peruzzi, Gabriel Augusto da Silva, Christian Renaux, Denis Flandre and Salvador Pinillos Gimenez<\/em><\/p>\n<p style=\"padding-left: 30px\">Numerical Simulation and Analysis of Mismatching in GC SOI nMOSFETs Analog Figures of Merit<br \/>\n<em>Camila Alves, Denis Flandre and Michelly de Souza<\/em><\/p>\n<p><strong>18:20h Malbec B \u2013 Closing Cerimony\u00a0\u00a0<\/strong><\/p>\n","protected":false},"excerpt":{"rendered":"<p>SBMicro 2018 Final Technical Program &nbsp; Tuesday, Aug. 28 &nbsp; 9:00h Malbec B \u2013 Tutorial Integrated switched-capacitor DC-DC converters for high-density capacitive energy storage Filip Tavernier (KU Leuven \u2013 Belgium) 10:20h Carmen\u00e8re &#8211; Coffee-Break&#46;&#46;&#46;<\/p>\n","protected":false},"author":685,"featured_media":0,"parent":0,"menu_order":0,"comment_status":"closed","ping_status":"closed","template":"","meta":{"jetpack_post_was_ever_published":false,"footnotes":""},"class_list":["post-1042","page","type-page","status-publish","hentry"],"jetpack_sharing_enabled":true,"jetpack_shortlink":"https:\/\/wp.me\/P9e0OP-gO","jetpack_likes_enabled":false,"jetpack-related-posts":[{"id":986,"url":"https:\/\/wp.ufpel.edu.br\/chipinthepampa2018\/program-schedule\/","url_meta":{"origin":1042,"position":0},"title":"Program Schedule","author":"agostini","date":"18\/07\/2018","format":false,"excerpt":"Chip in the Pampa 2018 Schedule Monday, Aug. 27 9:00h Assemblage - Event Registration 13:40h Pinot C - Meeting of SBMicro Board 13:40h Pinot D - Meeting of SBC\/CECCI Board 15:40h Pinot Lobby - Coffee-Break 16:20h Pinot A - Meeting of SBCCI Steering Committee 16:20h Pinot B - Meeting of\u2026","rel":"","context":"Post similar","block_context":{"text":"Post similar","link":""},"img":{"alt_text":"","src":"","width":0,"height":0},"classes":[]},{"id":1057,"url":"https:\/\/wp.ufpel.edu.br\/chipinthepampa2018\/wcas-2018-technical-program\/","url_meta":{"origin":1042,"position":1},"title":"WCAS 2018 Technical Program","author":"agostini","date":"19\/07\/2018","format":false,"excerpt":"WCAS 2018 Final Technical Program Tuesday, Aug. 28 9:00h Malbec B \u2013 Tutorial Integrated switched-capacitor DC-DC converters for high-density capacitive energy storage Filip Tavernier (KU Leuven \u2013 Belgium) 10:20h Carmen\u00e8re - Coffee-Break 10:40h Malbec A \u2013 Tutorial DC and RF reliability of advanced CMOS technologies Edmundo Gutierrez (INAOE \u2013 Mexico)\u00a0\u2026","rel":"","context":"Post similar","block_context":{"text":"Post similar","link":""},"img":{"alt_text":"","src":"","width":0,"height":0},"classes":[]},{"id":1095,"url":"https:\/\/wp.ufpel.edu.br\/chipinthepampa2018\/sforum-2018-technical-program\/","url_meta":{"origin":1042,"position":2},"title":"SFORUM 2018 Technical Program","author":"agostini","date":"23\/07\/2018","format":false,"excerpt":"SForum 2018 Final Technical Program Tuesday, Aug. 28 9:00h Malbec B \u2013 Tutorial Integrated switched-capacitor DC-DC converters for high-density capacitive energy storage Filip Tavernier (KU Leuven \u2013 Belgium) 10:20h Carmen\u00e8re - Coffee-Break 10:40h Malbec A \u2013 Tutorial DC and RF reliability of advanced CMOS technologies Edmundo Gutierrez (INAOE \u2013 Mexico)\u00a0\u2026","rel":"","context":"Post similar","block_context":{"text":"Post similar","link":""},"img":{"alt_text":"","src":"","width":0,"height":0},"classes":[]},{"id":674,"url":"https:\/\/wp.ufpel.edu.br\/chipinthepampa2018\/sbmicro-2018-mohammad-al-faruque\/","url_meta":{"origin":1042,"position":3},"title":"Tutorial: Edmundo Gutierrez","author":"agostini","date":"26\/04\/2018","format":false,"excerpt":"Edmundo Gutierrez National Institute of Astrophysics, Optics and Electronics (INAOE) - Mexico Tuesday, Aug. 28 - 10:40h -\u00a0Malbec A \u00a0 TUTORIAL: DC and RF reliability of advanced CMOS technologies I review the different experimental strategies and models to stress and degrade CMOS devices under DC and RF conditions. Based on\u2026","rel":"","context":"Post similar","block_context":{"text":"Post similar","link":""},"img":{"alt_text":"","src":"https:\/\/i0.wp.com\/wp.ufpel.edu.br\/chipinthepampa2018\/files\/2018\/04\/21edmundo-333x400.jpg?resize=350%2C200&ssl=1","width":350,"height":200},"classes":[]},{"id":1039,"url":"https:\/\/wp.ufpel.edu.br\/chipinthepampa2018\/sbcci-2018-technical-program\/","url_meta":{"origin":1042,"position":4},"title":"SBCCI 2018 Technical Program","author":"agostini","date":"19\/07\/2018","format":false,"excerpt":"SBCCI 2018 Final Technical Program Papers assigned with an asterisk are the SBCCI2018 Best Paper Candidates. Tuesday, Aug. 28 9:00h Malbec B \u2013 Tutorial Integrated switched-capacitor DC-DC converters for high-density capacitive energy storage Filip Tavernier (KU Leuven \u2013 Belgium) 10:20h Carmen\u00e8re - Coffee-Break 10:40h Malbec A \u2013 Tutorial DC and\u2026","rel":"","context":"Post similar","block_context":{"text":"Post similar","link":""},"img":{"alt_text":"","src":"","width":0,"height":0},"classes":[]},{"id":1049,"url":"https:\/\/wp.ufpel.edu.br\/chipinthepampa2018\/inscit-2018-technical-program\/","url_meta":{"origin":1042,"position":5},"title":"INSCIT 2018 Technical Program","author":"agostini","date":"19\/07\/2018","format":false,"excerpt":"INSCIT 2018 Final Technical Program Tuesday, Aug. 28 SBCCI\/SBMicro Tutorials \u00a0 Wednesday, Aug. 29 9:00h Malbec B \u2013 Keynote Automatic Customizable Computing: From DSLs to FPGAs for Deep Learning and Beyond Jason Cong (UCLA - USA) 10:20h Carmen\u00e8re \u2013 Coffee-Break 10:40h Pinot A\u00a0\u2013 INSCIT Invited Talk Acoustic wave sensors for\u2026","rel":"","context":"Post similar","block_context":{"text":"Post similar","link":""},"img":{"alt_text":"","src":"","width":0,"height":0},"classes":[]}],"_links":{"self":[{"href":"https:\/\/wp.ufpel.edu.br\/chipinthepampa2018\/wp-json\/wp\/v2\/pages\/1042","targetHints":{"allow":["GET"]}}],"collection":[{"href":"https:\/\/wp.ufpel.edu.br\/chipinthepampa2018\/wp-json\/wp\/v2\/pages"}],"about":[{"href":"https:\/\/wp.ufpel.edu.br\/chipinthepampa2018\/wp-json\/wp\/v2\/types\/page"}],"author":[{"embeddable":true,"href":"https:\/\/wp.ufpel.edu.br\/chipinthepampa2018\/wp-json\/wp\/v2\/users\/685"}],"replies":[{"embeddable":true,"href":"https:\/\/wp.ufpel.edu.br\/chipinthepampa2018\/wp-json\/wp\/v2\/comments?post=1042"}],"version-history":[{"count":22,"href":"https:\/\/wp.ufpel.edu.br\/chipinthepampa2018\/wp-json\/wp\/v2\/pages\/1042\/revisions"}],"predecessor-version":[{"id":1586,"href":"https:\/\/wp.ufpel.edu.br\/chipinthepampa2018\/wp-json\/wp\/v2\/pages\/1042\/revisions\/1586"}],"wp:attachment":[{"href":"https:\/\/wp.ufpel.edu.br\/chipinthepampa2018\/wp-json\/wp\/v2\/media?parent=1042"}],"curies":[{"name":"wp","href":"https:\/\/api.w.org\/{rel}","templated":true}]}}