{"id":1039,"date":"2018-07-19T16:00:20","date_gmt":"2018-07-19T19:00:20","guid":{"rendered":"https:\/\/wp.ufpel.edu.br\/chipinthepampa2018\/?page_id=1039"},"modified":"2018-08-25T09:12:46","modified_gmt":"2018-08-25T12:12:46","slug":"sbcci-2018-technical-program","status":"publish","type":"page","link":"https:\/\/wp.ufpel.edu.br\/chipinthepampa2018\/sbcci-2018-technical-program\/","title":{"rendered":"SBCCI 2018 Technical Program"},"content":{"rendered":"<p><strong><span style=\"font-size: 24pt\">SBCCI 2018 Final Technical Program<\/span><\/strong><\/p>\n<p><em><b>Papers assigned with an asterisk are the SBCCI2018 Best Paper Candidates.<\/b><\/em><\/p>\n<p><span style=\"font-style: inherit;font-weight: inherit;font-size: 18pt\"><strong style=\"font-style: inherit\">Tuesday, Aug. 28<\/strong><\/span><\/p>\n<hr \/>\n<p><a href=\"https:\/\/wp.ufpel.edu.br\/chipinthepampa2018\/sbcci-2018-filip-tavernier\/\"><strong>9:00h Malbec B \u2013 Tutorial<\/strong><\/a><br \/>\nIntegrated switched-capacitor DC-DC converters for high-density capacitive energy storage<br \/>\n<em>Filip Tavernier (KU Leuven \u2013 Belgium)<\/em><\/p>\n<p><strong>10:20h Carmen\u00e8re &#8211; Coffee-Break<\/strong><\/p>\n<p><a href=\"https:\/\/wp.ufpel.edu.br\/chipinthepampa2018\/sbmicro-2018-mohammad-al-faruque\/\"><strong style=\"font-style: inherit\">10:40h Malbec A \u2013 Tutorial<\/strong><\/a><br \/>\nDC and RF reliability of advanced CMOS technologies<br \/>\n<em>Edmundo Gutierrez (INAOE \u2013 Mexico)\u00a0<\/em><\/p>\n<p><a href=\"https:\/\/wp.ufpel.edu.br\/chipinthepampa2018\/sbcci-2018-tutorial\/\"><strong style=\"font-style: inherit\">10:40h Malbec B\u2013 Tutorial<\/strong><\/a><br \/>\nDesign for Security \u2013 Cross-Domain Cyber-Physical System Security: Applications in Automotive and Additive Manufacturing Systems<br \/>\n<em>Mohammad Al Faruque\u00a0(UCI \u2013 USA)<\/em><\/p>\n<p><strong style=\"font-style: inherit\">12:20h \u2013 Lunch<\/strong><\/p>\n<p><a href=\"https:\/\/wp.ufpel.edu.br\/chipinthepampa2018\/sbcci-enrique-miranda\/\"><strong style=\"font-style: inherit\">13:40h Malbec A \u2013 Tutorial<\/strong><\/a><br \/>\nCompact modeling of hysteresis effects in ReRAM devices<br \/>\n<em>Enrique Miranda\u00a0(UAB \u2013 Spain)<\/em><\/p>\n<p><a href=\"https:\/\/wp.ufpel.edu.br\/chipinthepampa2018\/sbcci-2018-marco-mattavelli\/\"><strong style=\"font-style: inherit\">13:40h Malbec B \u2013 Tutorial<\/strong><\/a><br \/>\nHigh-level Synthesis and Data-flow Implementations for Multimedia Processing<br \/>\n<em>Marco Mattavelli (EPFL \u2013 Switzerland)<\/em><\/p>\n<p><strong>15:40h Carmen\u00e8re &#8211; Coffee-Break<\/strong><\/p>\n<p><a href=\"https:\/\/wp.ufpel.edu.br\/chipinthepampa2018\/tutorial-fernando-guarin\/\"><strong style=\"font-style: inherit\">16:20h\u00a0Malbec A \u2013 Tutorial<\/strong><\/a><br \/>\nReliability challenges for the qualification of Leading Edge Silicon CMOS Technologies including RF Applications<br \/>\n<em>Fernando Guarin (GlobalFoundries \u2013 USA)<\/em><\/p>\n<p><strong>18:20h\u00a0Malbec B &#8211; SBC\/CECCI Assembly<\/strong><\/p>\n<p><strong>19:20h\u00a0Malbec B \u2013 Comemorative Session:\u00a0 SBCCI 35<sup>th<\/sup>\u00a0Years<\/strong><\/p>\n<p><a href=\"https:\/\/wp.ufpel.edu.br\/chipinthepampa2018\/social-program-2\/\"><strong>20:00h Sauvignon &#8211; Welcome Reception<\/strong><\/a><\/p>\n<p>&nbsp;<\/p>\n<p><span style=\"font-size: 18pt\"><strong>Wednesday, Aug. 29<\/strong><\/span><\/p>\n<hr \/>\n<p><a href=\"https:\/\/wp.ufpel.edu.br\/chipinthepampa2018\/jason-cong\/\"><strong>9:00h Malbec B \u2013 Keynote<\/strong><\/a><br \/>\nAutomatic Customizable Computing: From DSLs to FPGAs for Deep Learning and Beyond<br \/>\n<em>Jason Cong (UCLA &#8211; USA)<\/em><\/p>\n<p><strong style=\"font-style: inherit\">10:20h <\/strong><strong>Carmen\u00e8re <\/strong>\u2013 Coffee-Break<a name=\"SBCCI1\"><\/a><\/p>\n<p><strong style=\"font-style: inherit\">10:40h\u00a0Malbec B \u2013 SBCCI Session 1<\/strong><strong><br \/>\n<\/strong>Digital Circuits and Applications I<br \/>\nSession Chair: <em>Fernando Moraes (PUCRS)<\/em><\/p>\n<p style=\"padding-left: 30px\">*Improving Energy Efficiency on Partially Reversible Pipelined QCA Circuits<br \/>\n<em>Marco Ribeiro, Iago Carvalho, Jeferson Chaves and Omar Vilela Neto<\/em><\/p>\n<p style=\"padding-left: 30px\">BANCS: Bidirectional Alternating Nanomagnetic Clocking Scheme<br \/>\n<em>Ruan Evangelista Formigoni, Omar Vilela Neto and Jos\u00e9 Augusto Nacif<\/em><\/p>\n<p style=\"padding-left: 30px\">*Low-Power and High-Throughput Architecture for 3D-HEVC Depth Modeling Mode 4<br \/>\n<em>Mariana Ucker, Vladimir Afonso, Luan Audibert, Altamiro Susin, Bruno Zatt, Marcelo Porto and Luciano Agostini<\/em><\/p>\n<p style=\"padding-left: 30px\">*A Power-Efficient and High-Throughput Hardware Design for 3D-HEVC Disparity Estimation<br \/>\n<em>Murilo Perleberg, Vladimir Afonso, Ruhan Concei\u00e7\u00e3o, Altamiro Susin, Luciano Agostini, Bruno Zatt and Marcelo Porto<\/em><\/p>\n<p style=\"padding-left: 30px\"><strong><em>SForum best paper candidate <\/em><\/strong><br \/>\nEnergy-Aware HEVC Transrating based on Frame Partitioning Inheritance<br \/>\n<em>Thiago Bubolz, Ruhan Avila Concei\u00e7\u00e3o, Mateus Grellert, Bruno Zatt, Luciano Agostini and Guilherme Corr\u00eaa<\/em><\/p>\n<p><strong>12:20h \u2013 Lunch<\/strong><\/p>\n<p><a href=\"https:\/\/wp.ufpel.edu.br\/chipinthepampa2018\/sbcci-2018-victor-grimblatt\/\"><strong style=\"font-style: inherit\">13:40h Malbec B \u2013 SBCCI Invited Talk<\/strong><\/a><br \/>\nThe Pace Of Innovation<br \/>\n<em>Victor Grimblatt\u00a0(Synopsys Chile R&amp;D Center \u2013 Chile)<\/em><a name=\"SBCCI2\"><\/a><\/p>\n<p><strong style=\"font-style: inherit\">14:20h Malbec B \u2013 SBCCI Session 2<\/strong><strong><br \/>\n<\/strong>SoC, NoC and Reconfigurable Systems<br \/>\nSession Chair: <em>Ricardo Reis (UFRGS)<\/em><\/p>\n<p style=\"padding-left: 30px\">*Efficient Hardware Implementation of the Fast Hybrid Morphological Reconstruction Algorithm<br \/>\n<em>Oscar anacona, Felipe Cabral, Renato Sampaio, George Teodoro, Ricardo Jacobi and Carlos LLanos<\/em><\/p>\n<p style=\"padding-left: 30px\">Fault-tolerance at the Management Level in Many-core Systems<br \/>\n<em>Vinicius Fochi, Luciano Caimi, Marcelo Holgado and Fernando Moraes<\/em><\/p>\n<p style=\"padding-left: 30px\">Exploring asynchronous end-to-end communication through a synchronous NoC<br \/>\n<em>Ia\u00e7an\u00e3 Ianiski Weber, Leonardo Londero de Oliveira, Fernando Moraes and Everton Alceu Carara<\/em><\/p>\n<p style=\"padding-left: 30px\">Extracting packet dependence from NoC simulation traces using association rule mining<br \/>\n<em>Weslley Nojosa Costa, Lucas Pereira Lima and Otavio Alcantara<\/em><\/p>\n<p><strong>\u00a0<\/strong><strong>15:40h Carmen\u00e8re \u2013 Coffee-Break<\/strong><a name=\"SBCCI3\"><\/a><\/p>\n<p><strong style=\"font-style: inherit\">16:20h Malbec B \u2013 SBCCI Session 3<\/strong><strong><br \/>\n<\/strong>Digital Circuits and Applications II<br \/>\nSession Chair: <em>Sergio Bampi (UFRGS)<\/em><\/p>\n<p style=\"padding-left: 30px\">*Low-Power HEVC 1-D IDCT Hardware Architecture<br \/>\n<em>Luciano Braatz, Daniel Palomino, Bruno Zatt, Luciano Agostini and Marcelo Schiavon Porto<\/em><\/p>\n<p style=\"padding-left: 30px\">High Throughput Architecture For VP9 Fractional Motion Estimation<br \/>\n<em>Jones Goebel, Lucas Agostini, Bruno Zatt, Luciano Agostini and Marcelo Schiavon Porto<\/em><\/p>\n<p style=\"padding-left: 30px\">Exploiting Partial Distortion Elimination in the Sum of Absolute Differences for Energy-Efficient HEVC Integer Motion Estimation<br \/>\n<em>Brunno Abreu, Gustavo Santana, Mateus Grellert, Guilherme Paim, Leandro Rocha and Sergio Bampi<\/em><\/p>\n<p style=\"padding-left: 30px\">Optimization of Single-Stage FFT Architectures using Multiple Constant Multiplication<br \/>\n<em>Jo\u00e3o Guilherme Nizer Rahmeier, Eduardo A. C. da Costa, Alessandro Girardi and Sidinei Ghissoni<\/em><\/p>\n<p style=\"padding-left: 30px\">An FPGA-based RFID Baseband Processor using a RISC-V Platform<br \/>\n<em>Pedro Ishimaru, Vanessa Ogg, antonyus ferreira, Cecil Melo and Edna Barros<\/em><\/p>\n<p style=\"padding-left: 30px\">A Novel Limiter with Application in Crest Factor Reduction Techniques for Wireless Communications<br \/>\n<em>Leandro Silva and Eduardo Lima<\/em><\/p>\n<p><a name=\"SBCCI4\"><\/a><br \/>\n<strong style=\"font-style: inherit\">16:20h Pinot B \u2013 SBCCI Session 4<\/strong><strong><br \/>\n<\/strong>Reliability &amp; Verification<br \/>\nSession Chair: <em>Alexandre de Morais Amory (PUCRS)<\/em><\/p>\n<p style=\"padding-left: 30px\">16nm 6T and 8T CMOS SRAM Cell Robustness against Process Variability and Aging Effects<br \/>\n<em>Roberto Almeida, Paulo Butzen and Cristina Meinhardt<\/em><\/p>\n<p style=\"padding-left: 30px\">Evaluation of Compiler Optimization Flags Effects on Soft Error Resiliency<br \/>\n<em>Guilherme Medeiros, Felipe Bortolon, Luciano Ost and Ricardo Reis<\/em><\/p>\n<p style=\"padding-left: 30px\">A Distributed Functional Verification Environment for the Design of System-on-Chip in Heterogeneous Architectures<br \/>\n<em>Thiago Silva, Daniel Moraes, Halamo Reis, Felipe Nunes, Elmar Melcher, Antonio Marcus Lima and Alisson Brito<\/em><\/p>\n<p style=\"padding-left: 30px\">An adaptive closed-loop verification approach in UVM-SystemC for AMS circuits<br \/>\n<em>Jeferson Barros, Djones Lettnin and Victor Schulz<\/em><\/p>\n<p style=\"padding-left: 30px\"><em><strong>SForum best paper candidate <\/strong><\/em><br \/>\nLow-Complexity TZS Algorithm for Embedded Video Encoders<br \/>\n<em>Candido Moraes, Paulo Gon\u00e7alves, Marcelo Schiavon Porto and Guilherme Corr\u00eaa<\/em><\/p>\n<p style=\"padding-left: 30px\"><em><strong>SForum best paper candidate <\/strong><\/em><br \/>\nAn Assessment of HEVC Intra-Frame Prediction over 360-degrees Videos<br \/>\n<em>Iago Storch, Daniel Palomino, Luciano Agostini, Bruno Zatt and Lu\u00eds Cruz<\/em><\/p>\n<p><strong style=\"font-style: inherit\">18:20h\u00a0Malbec B \u2013 Oppening Cerimony<\/strong><\/p>\n<p>&nbsp;<\/p>\n<p><span style=\"font-style: inherit;font-weight: inherit;font-size: 18pt\"><strong style=\"font-style: inherit\">Thursday, Aug. 30\u00a0<\/strong><\/span><\/p>\n<hr \/>\n<p><a href=\"https:\/\/wp.ufpel.edu.br\/chipinthepampa2018\/joan-ramon-morante\/\"><strong style=\"font-style: inherit\">9:00h Malbec B \u2013 Keynote<\/strong><\/a><br \/>\nDevelopment of Sensors and Energy Storage Capacities for Fully Autonomous Systems<br \/>\n<em>Joan Ram\u00f3n Morante\u00a0(IREC &#8211; Spain)<\/em><\/p>\n<p><strong style=\"font-style: inherit\">10:20h <\/strong><strong>Carmen\u00e8re <\/strong>\u2013 Coffee-Break<a name=\"SBCCI5\"><\/a><\/p>\n<p><strong style=\"font-style: inherit\">10:40h Malbec B \u2013 SBCCI Session 5<\/strong><strong><br \/>\n<\/strong>Analog, RF, Mixed Signal Circuits and Applications I<br \/>\nSession Chair: <em>Fran\u00e7ois Rivet (Univ. Bordeaux\/France)<\/em><\/p>\n<p style=\"padding-left: 30px\">*Push-Pull Based Operational Transconductor Amplifier Topologies for Ultra Low Voltage Supplies<br \/>\n<em>Luis Henrique Rodovalho<\/em><\/p>\n<p style=\"padding-left: 30px\">A Charge-Sharing Bandpass Filter Topology with Boosted Q-Factor in 40-nm CMOS<br \/>\n<em>Filipe Dias Baumgratz, Sandro Binsfeld Ferreira, Michiel Steyaert, Sergio Bampi and Filip Tavernier<\/em><\/p>\n<p style=\"padding-left: 30px\">A differential low power wake-up circuit based on systematic offset for RFID applications<br \/>\n<em>Rafael Santiago Cantalice, Daniel Barcelos, Fabricio Mattos and Fernando Paix\u00e3o Cortes<\/em><\/p>\n<p style=\"padding-left: 30px\">Low Power Bulk-Driven OTA Design Optimization Using Cuckoo Search Algorithm<br \/>\n<em>Anderson Fortes, Luiz Antonio da Silva J\u00fanior and Alessandro Girardi<\/em><\/p>\n<p style=\"padding-left: 30px\">Design of an RF six-mode CMOS power amplifier for efficiency improvement at power backoff<br \/>\n<em>Bruno Tarui, F\u00e1vero Santos, Edson Santos, Bernardo Leite and Andre Mariano<\/em><\/p>\n<p><a name=\"SBCCI6\"><\/a><br \/>\n<strong>\u00a0<\/strong><strong>10:40h Pinot B \u2013 SBCCI Session 6<\/strong><strong><br \/>\n<\/strong>SoCs &amp; MPSoCs<br \/>\nSession Chair: <em>Jos\u00e9 Augusto Nacif (UFV)<\/em><\/p>\n<p style=\"padding-left: 30px\">A Design Patterns-Based Middleware for Multiprocessor Systems-on-Chip<br \/>\n<em>Jean Carlo Hamerski, Geancarlo Abich, Ricardo Reis, Luciano Ost and Alexandre Amory<\/em><\/p>\n<p style=\"padding-left: 30px\">Secure Environment Architecture for MPSoCs<br \/>\n<em>Bruno Scherer Oliveira, Henrique Medina, Anderson Santana and Fernando Moraes<\/em><\/p>\n<p style=\"padding-left: 30px\">Improving Software Productivity and Performance through a Transparent SIMD Execution<br \/>\n<em>Michael Guilherme Jordan, Tiago Knorst and Mateus Beck Rutzig<\/em><\/p>\n<p style=\"padding-left: 30px\">A Modular and Distributed Impedance Control Architecture on a Chip for a Robotic Hand<br \/>\n<em>Sergio Andres Pertuz Mendez, Daniel Munoz, Cesar Augusto Pena Cortes and Carlos Humberto Llanos<\/em><\/p>\n<p style=\"padding-left: 30px\"><em><strong>SForum best paper candidate<\/strong><\/em><br \/>\nApproximate 4x41D-DCT Hardware Architecture Using Imprecise LOA Adder<br \/>\n<em>Mateus Leme, Luciano Braatz, Marcelo Schiavon Porto and Luciano Agostini<\/em><\/p>\n<p><strong>12:20h \u2013 Lunch<\/strong><\/p>\n<p><a href=\"https:\/\/wp.ufpel.edu.br\/chipinthepampa2018\/feec-2018-melanie-berg\/\"><strong style=\"font-style: inherit\">13:40h Malbec B \u2013 SBCCI<\/strong> <strong style=\"font-style: inherit\">Invited Talk\u00a0<\/strong><\/a><br \/>\nFPGA Mitigation Strategies for Critical Space Applications<br \/>\n<em>Melanie Berg (AS&amp;D Inc. in support of NASA\/GSFC \u2013 USA)<\/em><a name=\"SBCCI7\"><\/a><\/p>\n<p><strong style=\"font-style: inherit\">14:20h Malbec B \u2013 SBCCI Session 7<\/strong><strong><br \/>\n<\/strong>Radiation Effects, Reliability and Falt Tolerance<br \/>\nSession Chair: <em>Melanie Berg (NASA)<\/em><\/p>\n<p style=\"padding-left: 30px\">Comparative Analysis of Inference Errors in a Neural Network Implemented in SRAM-Based FPGA Induced by Neutron Irradiation and Fault Injection Methods<br \/>\n<em>Fabio Benevenuti, Fabiano Libano, Vincent Pouget, Fernanda Kastensmidt and Paolo Rech<\/em><\/p>\n<p style=\"padding-left: 30px\">Heavy ion microbeam experimental study of ASET on a full-custom CMOS OpAmp<br \/>\n<em>Andr\u00e9s Fontana, Sebasti\u00e1n Pazos, Nahuel Vega, Nahuel M\u00fcller, Fernando Aguirre, Emanuel De la Fourniere, Mario Debray and F\u00e9lix Palumbo<\/em><\/p>\n<p style=\"padding-left: 30px\">Operational Amplifier Performance Degradation and Time-to-Failure due to Electromigration<br \/>\n<em>Rafael Nunes and Roberto Orio<\/em><\/p>\n<p><strong style=\"font-style: inherit\">15:40h <\/strong><strong>Carmen\u00e8re <\/strong>\u2013 Coffee-Break<\/p>\n<p><a href=\"https:\/\/wp.ufpel.edu.br\/chipinthepampa2018\/chip-in-the-pampa-2018-main-panel-in-portuguese\/\"><strong style=\"font-style: inherit\">16:20h Malbec B \u2013 Panel <\/strong>(in Portuguese)<strong><br \/>\n<\/strong><\/a>Avalia\u00e7\u00e3o e Perspectivas da Pol\u00edtica de Incentivos ao Desenvolvimento de Empreendimentos de TIC e Microeletr\u00f4nica<\/p>\n<p><a href=\"https:\/\/wp.ufpel.edu.br\/chipinthepampa2018\/social-program-2\/\"><strong style=\"font-style: inherit\">18:40h Casa Valduga \u2013 Event Dinner<\/strong><\/a><\/p>\n<p>&nbsp;<\/p>\n<p><span style=\"font-size: 18pt\"><strong style=\"font-style: inherit\"><span style=\"font-style: inherit;font-weight: inherit\">Friday, Aug. 31<\/span><\/strong><\/span><\/p>\n<hr \/>\n<p><a href=\"https:\/\/wp.ufpel.edu.br\/chipinthepampa2018\/nikil-dutt\/\"><strong style=\"font-style: inherit\">9:00h Malbec B \u2013 Keynote<\/strong><\/a><br \/>\nIoCT-CARE: Internet of Cognitive Things for Personalized Healthcare<br \/>\n<em>Nikil Dutt (UCI &#8211; USA)<\/em><\/p>\n<p><strong style=\"font-style: inherit\">10:20h <\/strong><strong>Carmen\u00e8re <\/strong>\u2013 Coffee-Break<a name=\"SBCCI8\"><\/a><\/p>\n<p><strong style=\"font-style: inherit\">10:40h\u00a0Malbec B \u2013 SBCCI Session\u00a08:<\/strong><strong><br \/>\n<\/strong>MPSoCs &amp; Embedded Software and Systems<br \/>\nSession Chair: <em>Mohammad Al Faruque (UCI)<\/em><\/p>\n<p style=\"padding-left: 30px\">*3D-HEVC DMM-1 Parallelism Exploration Targeting Multicore Systems<br \/>\n<em>Gustavo Sanchez, Luciano Agostini, Leonel Sousa and C\u00e9sar Marcon<\/em><\/p>\n<p style=\"padding-left: 30px\">Broker Fault Recovery for a Multiprocessor System-on-Chip Middleware<br \/>\n<em>Anderson Domingues, Jean Carlo Hamerski and Alexandre Amory<\/em><\/p>\n<p style=\"padding-left: 30px\">Hardware-Oriented Wedgelet Evaluation Skip for DMM-1 in 3D-HEVC<br \/>\n<em>Gustavo Sanchez, M\u00e1rio Saldanha, Luciano Agostini and C\u00e9sar Marcon<\/em><\/p>\n<p style=\"padding-left: 30px\">Hybrid Memory Cube in Embedded Systems<br \/>\n<em>Carlos Michel Betemps, Mauricio Lima Pilla and Bruno Zatt<\/em><\/p>\n<p style=\"padding-left: 30px\">Energy Aware Demodulation Implementation with Fixed Point Adaptive Precision for OFDM Systems<br \/>\n<em>Robson Moraes, Juraci Galdino and Ernesto Pinto<\/em><strong>\u00a0<\/strong><\/p>\n<p><strong>12:20h \u2013 Lunch<\/strong><\/p>\n<p><a href=\"https:\/\/wp.ufpel.edu.br\/chipinthepampa2018\/sbcci-2018-andrea-tavares\/\"><strong style=\"font-style: inherit\">13:40h Malbec B \u2013 SBCCI Invited Talk\u00a0<\/strong><\/a><br \/>\nMachine Learning initiatives in EDA industry<br \/>\n<em>Andrea Tavares\u00a0(Cadence Design Systems \u2013 Brazil)<\/em><a name=\"SBCCI9\"><\/a><\/p>\n<p><strong style=\"font-style: inherit\">14:20h Malbec B \u2013 SBCCI Session 9<\/strong><strong><br \/>\n<\/strong>EDA, Test &amp; Testability<br \/>\nSession Chair: <em>Omar Paranaiba Vilela Neto (UFMG)<\/em><\/p>\n<p style=\"padding-left: 30px\">*Exact Multi-Level Benchmark Circuit Generation for Logic Synthesis Evaluation<br \/>\n<em>Walter Lau Neto, Vinicius Neves Possani, Felipe Marranghello, Jody Maick Matos, Andre Reis and Renato Ribas<\/em><\/p>\n<p style=\"padding-left: 30px\">Enhancing Multi-Threaded Legalization Through k-d Tree Circuit Partitioning<br \/>\n<em>Sheiny Fabre, Jos\u00e9 Lu\u00eds G\u00fcntzel, La\u00e9rcio Pilla, Renan Netto, Tiago Fontana and Vinicius Livramento<\/em><\/p>\n<p style=\"padding-left: 30px\">Testable Error Detection Logic Design Applied to an Asynchronous Timing Resilient Template<br \/>\n<em>Felipe Kuentzer, Leonardo Juracy, Matheus Moreira and Alexandre Amory<\/em><\/p>\n<p style=\"padding-left: 30px\">Automatic Optimization of Robust Analog CMOS ICs: An Interactive Genetic Algorithm Driven by Human Knowledge<br \/>\n<em>Rodrigo Moreto, Carlos Eduardo Thomaz and Salvador Pinillos Gimenez<\/em><\/p>\n<p><strong>15:40h Carmen\u00e8re \u2013 Coffee-Break<\/strong><a name=\"SBCCI10\"><\/a><\/p>\n<p><strong style=\"font-style: inherit\">16:20h Malbec B \u2013 SBCCI Session 10<\/strong><strong><br \/>\n<\/strong>Analog, RF, Mixed Signal Circuits and Applications II<br \/>\nSession Chair: <em>Oscar da Costa Gouveia Filho (UFPR)<\/em><\/p>\n<p style=\"padding-left: 30px\">A novel SPICE model of memristive devices with threshold current based control<br \/>\n<em>Cesar Dias and Paulo Butzen<\/em><\/p>\n<p style=\"padding-left: 30px\">A Programmable Gain Amplifier for load demodulation channel in a NFC reader chip<br \/>\n<em>Tarciso A. Martins, Julio Salda\u00f1a and Wilhelmus Van Noije<\/em><\/p>\n<p style=\"padding-left: 30px\">Bandwidth Efficient Gaussian Minimum Frequency-Shift Keying Approach for Software Defined Radio<br \/>\n<em>Lucas Costa Galv\u00e3o, Candice Muller, Maria Cristina Felippetto de Castro, Fernando C\u00e9sar Comparsi de Castro and Kayol Mayer<\/em><\/p>\n<p style=\"padding-left: 30px\">Ultra Low Power Tunable Filter for a Low Phase Shift on Electrocardiogram QRS-Complex Acquisition<br \/>\n<em>Germ\u00e1n Fierro and Fernando Silveira<\/em><\/p>\n<p style=\"padding-left: 30px\">Multi-terminal PiezoMOSFET sensor for Stress Measurements in Silicon<br \/>\n<em>Jose Luis Ramirez Bohorquez and Fabiano Fruett<\/em><\/p>\n<p style=\"padding-left: 30px\">A -40 to 250 \u00b0C Triple Modular Redundancy Temperature Sensor for Turbofan Engines<br \/>\n<em>Pietro Maris Ferreira, Martin Schaeffer, Adel Mezaour, Olivier Petit, Caroline Lelandais-Perrault and G\u00e9rald Charbonnier<\/em><\/p>\n<p><strong>18:20h Malbec B \u2013 Closing Cerimony\u00a0\u00a0<\/strong><\/p>\n","protected":false},"excerpt":{"rendered":"<p>SBCCI 2018 Final Technical Program Papers assigned with an asterisk are the SBCCI2018 Best Paper Candidates. Tuesday, Aug. 28 9:00h Malbec B \u2013 Tutorial Integrated switched-capacitor DC-DC converters for high-density capacitive energy storage Filip&#46;&#46;&#46;<\/p>\n","protected":false},"author":685,"featured_media":0,"parent":0,"menu_order":0,"comment_status":"closed","ping_status":"closed","template":"","meta":{"jetpack_post_was_ever_published":false,"footnotes":""},"class_list":["post-1039","page","type-page","status-publish","hentry"],"jetpack_sharing_enabled":true,"jetpack_shortlink":"https:\/\/wp.me\/P9e0OP-gL","jetpack_likes_enabled":false,"jetpack-related-posts":[{"id":986,"url":"https:\/\/wp.ufpel.edu.br\/chipinthepampa2018\/program-schedule\/","url_meta":{"origin":1039,"position":0},"title":"Program Schedule","author":"agostini","date":"18\/07\/2018","format":false,"excerpt":"Chip in the Pampa 2018 Schedule Monday, Aug. 27 9:00h Assemblage - Event Registration 13:40h Pinot C - Meeting of SBMicro Board 13:40h Pinot D - Meeting of SBC\/CECCI Board 15:40h Pinot Lobby - Coffee-Break 16:20h Pinot A - Meeting of SBCCI Steering Committee 16:20h Pinot B - Meeting of\u2026","rel":"","context":"Post similar","block_context":{"text":"Post similar","link":""},"img":{"alt_text":"","src":"","width":0,"height":0},"classes":[]},{"id":1057,"url":"https:\/\/wp.ufpel.edu.br\/chipinthepampa2018\/wcas-2018-technical-program\/","url_meta":{"origin":1039,"position":1},"title":"WCAS 2018 Technical Program","author":"agostini","date":"19\/07\/2018","format":false,"excerpt":"WCAS 2018 Final Technical Program Tuesday, Aug. 28 9:00h Malbec B \u2013 Tutorial Integrated switched-capacitor DC-DC converters for high-density capacitive energy storage Filip Tavernier (KU Leuven \u2013 Belgium) 10:20h Carmen\u00e8re - Coffee-Break 10:40h Malbec A \u2013 Tutorial DC and RF reliability of advanced CMOS technologies Edmundo Gutierrez (INAOE \u2013 Mexico)\u00a0\u2026","rel":"","context":"Post similar","block_context":{"text":"Post similar","link":""},"img":{"alt_text":"","src":"","width":0,"height":0},"classes":[]},{"id":1095,"url":"https:\/\/wp.ufpel.edu.br\/chipinthepampa2018\/sforum-2018-technical-program\/","url_meta":{"origin":1039,"position":2},"title":"SFORUM 2018 Technical Program","author":"agostini","date":"23\/07\/2018","format":false,"excerpt":"SForum 2018 Final Technical Program Tuesday, Aug. 28 9:00h Malbec B \u2013 Tutorial Integrated switched-capacitor DC-DC converters for high-density capacitive energy storage Filip Tavernier (KU Leuven \u2013 Belgium) 10:20h Carmen\u00e8re - Coffee-Break 10:40h Malbec A \u2013 Tutorial DC and RF reliability of advanced CMOS technologies Edmundo Gutierrez (INAOE \u2013 Mexico)\u00a0\u2026","rel":"","context":"Post similar","block_context":{"text":"Post similar","link":""},"img":{"alt_text":"","src":"","width":0,"height":0},"classes":[]},{"id":1042,"url":"https:\/\/wp.ufpel.edu.br\/chipinthepampa2018\/sbmicro-2018-technical-program\/","url_meta":{"origin":1039,"position":3},"title":"SBMicro 2018 Technical Program","author":"agostini","date":"19\/07\/2018","format":false,"excerpt":"SBMicro 2018 Final Technical Program \u00a0 Tuesday, Aug. 28 \u00a0 9:00h Malbec B \u2013 Tutorial Integrated switched-capacitor DC-DC converters for high-density capacitive energy storage Filip Tavernier (KU Leuven \u2013 Belgium) 10:20h Carmen\u00e8re - Coffee-Break 10:40h Malbec A \u2013 Tutorial DC and RF reliability of advanced CMOS technologies Edmundo Gutierrez (INAOE\u2026","rel":"","context":"Post similar","block_context":{"text":"Post similar","link":""},"img":{"alt_text":"","src":"","width":0,"height":0},"classes":[]},{"id":619,"url":"https:\/\/wp.ufpel.edu.br\/chipinthepampa2018\/sbcci-2018-filip-tavernier\/","url_meta":{"origin":1039,"position":4},"title":"Tutorial: Filip Tavernier","author":"agostini","date":"08\/04\/2018","format":false,"excerpt":"Filip Tavernier KU Leuven - Belgium Tuesday, Aug. 28 - 9:00h -\u00a0Malbec B TUTORIAL: Integrated switched-capacitor DC-DC converters for high-density capacitive energy storage Storing sufficient electrical energy is the bottleneck in a growing number of applications. Traditionally, a battery is used for this. However, being able to store energy on\u2026","rel":"","context":"Post similar","block_context":{"text":"Post similar","link":""},"img":{"alt_text":"","src":"https:\/\/i0.wp.com\/wp.ufpel.edu.br\/chipinthepampa2018\/files\/2018\/04\/filip-400x243.png?resize=350%2C200&ssl=1","width":350,"height":200},"classes":[]},{"id":690,"url":"https:\/\/wp.ufpel.edu.br\/chipinthepampa2018\/sbcci-enrique-miranda\/","url_meta":{"origin":1039,"position":5},"title":"Tutorial: Enrique Miranda","author":"agostini","date":"27\/04\/2018","format":false,"excerpt":"Enrique Miranda Universitat Aut\u00f2noma de Barcelona (UAB) - Spain Tuesday, Aug. 28 - 13:40h -\u00a0Malbec A TUTORIAL: Compact modeling of hysteresis effects in ReRAM devices Resistive switching (RS) of thin oxides is called to be the next breakthrough in the field of memory devices and neuromorphic computation. Devices based on\u2026","rel":"","context":"Post similar","block_context":{"text":"Post similar","link":""},"img":{"alt_text":"","src":"https:\/\/i0.wp.com\/wp.ufpel.edu.br\/chipinthepampa2018\/files\/2018\/04\/EMiranda-277x400.jpg?resize=350%2C200&ssl=1","width":350,"height":200},"classes":[]}],"_links":{"self":[{"href":"https:\/\/wp.ufpel.edu.br\/chipinthepampa2018\/wp-json\/wp\/v2\/pages\/1039","targetHints":{"allow":["GET"]}}],"collection":[{"href":"https:\/\/wp.ufpel.edu.br\/chipinthepampa2018\/wp-json\/wp\/v2\/pages"}],"about":[{"href":"https:\/\/wp.ufpel.edu.br\/chipinthepampa2018\/wp-json\/wp\/v2\/types\/page"}],"author":[{"embeddable":true,"href":"https:\/\/wp.ufpel.edu.br\/chipinthepampa2018\/wp-json\/wp\/v2\/users\/685"}],"replies":[{"embeddable":true,"href":"https:\/\/wp.ufpel.edu.br\/chipinthepampa2018\/wp-json\/wp\/v2\/comments?post=1039"}],"version-history":[{"count":26,"href":"https:\/\/wp.ufpel.edu.br\/chipinthepampa2018\/wp-json\/wp\/v2\/pages\/1039\/revisions"}],"predecessor-version":[{"id":1590,"href":"https:\/\/wp.ufpel.edu.br\/chipinthepampa2018\/wp-json\/wp\/v2\/pages\/1039\/revisions\/1590"}],"wp:attachment":[{"href":"https:\/\/wp.ufpel.edu.br\/chipinthepampa2018\/wp-json\/wp\/v2\/media?parent=1039"}],"curies":[{"name":"wp","href":"https:\/\/api.w.org\/{rel}","templated":true}]}}