{"id":962,"date":"2025-10-06T11:27:38","date_gmt":"2025-10-06T14:27:38","guid":{"rendered":"https:\/\/wp.ufpel.edu.br\/cfc\/?page_id=962"},"modified":"2026-04-06T17:49:28","modified_gmt":"2026-04-06T20:49:28","slug":"restos-a-pagar","status":"publish","type":"page","link":"https:\/\/wp.ufpel.edu.br\/cfc\/restos-a-pagar\/","title":{"rendered":"Restos a Pagar &#8211; Lei n\u00ba\u00a04.320\/1964"},"content":{"rendered":"\n<div class=\"wp-block-file\"><a id=\"wp-block-file--media-4f06b68e-6eab-4f02-a04a-1f0663d7b82a\" href=\"https:\/\/wp.ufpel.edu.br\/cfc\/files\/2026\/04\/Restos-a-Pagar-Nao-Processados-a-Liquidar-UGR-Atualizado-06-04-2026-2026.xlsx\" target=\"_blank\" rel=\"noreferrer noopener\"><strong>RESTOS A PAGAR N\u00c3O PROCESSADOS A LIQUIDAR- UGR &#8211; ATUALIZADO 06-04-2026 (CLIQUE AQUI PARA BAIXAR)<\/strong><\/a><\/div>\n\n\n\n<p><\/p>\n\n\n\n<p>Consideram-se Restos a Pagar as despesas empenhadas mas n\u00e3o pagas at\u00e9 o dia 31 de dezembro distinguindo-se as processadas das n\u00e3o processadas.<\/p>\n\n\n\n<p><strong>Tipos de Restos a Pagar:<\/strong><br><strong>Processados:<\/strong> quando a despesa j\u00e1 foi liquidada, e apenas o pagamento est\u00e1 pendente<br><strong>N\u00e3o processados:<\/strong> quando a despesa est\u00e1 empenhada, mas ainda n\u00e3o foi liquidada.<\/p>\n\n\n\n<p>A liquida\u00e7\u00e3o da despesa consiste na verifica\u00e7\u00e3o do direito adquirido pelo credor tendo por base os t\u00edtulos e documentos comprobat\u00f3rios do respectivo cr\u00e9dito.<\/p>\n\n\n\n<p><strong><a href=\"http:\/\/www.planalto.gov.br\/ccivil_03\/leis\/l4320.htm\" target=\"_blank\" rel=\"noreferrer noopener\">LEI N\u00ba 4.320, DE 17 DE MAR\u00c7O DE 1964<\/a><\/strong><br>Estatui Normas Gerais de Direito Financeiro para elabora\u00e7\u00e3o e controle dos or\u00e7amentos e balan\u00e7os da Uni\u00e3o, dos Estados, dos Munic\u00edpios e do Distrito Federal.<\/p>\n\n\n\n<p><span><a href=\"https:\/\/www.planalto.gov.br\/ccivil_03\/decreto\/D93872.htm#view\" target=\"_blank\" rel=\"noreferrer noopener\"><strong>DECRETO N\u00ba 93.872, DE 23 DE DEZEMBRO DE 1986<\/strong><\/a><\/span><br>Disp\u00f5e sobre a unifica\u00e7\u00e3o dos recursos de caixa do Tesouro Nacional, atualiza e consolida a legisla\u00e7\u00e3o pertinente e d\u00e1 outras provid\u00eancias.<\/p>\n\n\n\n<p><\/p>\n\n\n\n<p><\/p>\n\n\n\n<p><\/p>\n\n\n\n<p><\/p>\n\n\n\n<p><\/p>\n\n\n\n<p><\/p>\n\n\n\n<p><\/p>\n\n\n\n<p><\/p>\n","protected":false},"excerpt":{"rendered":"<p>Consideram-se Restos a Pagar as despesas empenhadas mas n\u00e3o pagas at\u00e9 o dia 31 de dezembro distinguindo-se as processadas das n\u00e3o processadas. Tipos de Restos a Pagar:Processados: quando a despesa j\u00e1 foi liquidada, e apenas o pagamento est\u00e1 pendenteN\u00e3o processados: quando a despesa est\u00e1 empenhada, mas ainda n\u00e3o foi liquidada. A liquida\u00e7\u00e3o da despesa consiste [&hellip;]<\/p>\n","protected":false},"author":1122,"featured_media":0,"parent":0,"menu_order":0,"comment_status":"closed","ping_status":"closed","template":"","meta":{"footnotes":""},"class_list":["post-962","page","type-page","status-publish","hentry"],"_links":{"self":[{"href":"https:\/\/wp.ufpel.edu.br\/cfc\/wp-json\/wp\/v2\/pages\/962","targetHints":{"allow":["GET"]}}],"collection":[{"href":"https:\/\/wp.ufpel.edu.br\/cfc\/wp-json\/wp\/v2\/pages"}],"about":[{"href":"https:\/\/wp.ufpel.edu.br\/cfc\/wp-json\/wp\/v2\/types\/page"}],"author":[{"embeddable":true,"href":"https:\/\/wp.ufpel.edu.br\/cfc\/wp-json\/wp\/v2\/users\/1122"}],"replies":[{"embeddable":true,"href":"https:\/\/wp.ufpel.edu.br\/cfc\/wp-json\/wp\/v2\/comments?post=962"}],"version-history":[{"count":3,"href":"https:\/\/wp.ufpel.edu.br\/cfc\/wp-json\/wp\/v2\/pages\/962\/revisions"}],"predecessor-version":[{"id":1115,"href":"https:\/\/wp.ufpel.edu.br\/cfc\/wp-json\/wp\/v2\/pages\/962\/revisions\/1115"}],"wp:attachment":[{"href":"https:\/\/wp.ufpel.edu.br\/cfc\/wp-json\/wp\/v2\/media?parent=962"}],"curies":[{"name":"wp","href":"https:\/\/api.w.org\/{rel}","templated":true}]}}