{"id":775,"date":"2024-05-22T14:12:33","date_gmt":"2024-05-22T17:12:33","guid":{"rendered":"https:\/\/wp.ufpel.edu.br\/cfc\/?page_id=775"},"modified":"2024-05-22T14:42:57","modified_gmt":"2024-05-22T17:42:57","slug":"consultar-pagamentos-de-gru","status":"publish","type":"page","link":"https:\/\/wp.ufpel.edu.br\/cfc\/consultar-pagamentos-de-gru\/","title":{"rendered":"Consultar pagamentos de GRU"},"content":{"rendered":"\n<p>O contribuinte deve acessar a p\u00e1gina Consulta de Pagamentos de GRU no&nbsp;<a href=\"https:\/\/pagtesouro.tesouro.gov.br\/portal-gru\/#\/login\">site do Tesouro Nacional<\/a>&nbsp;(Menu Principal -&gt; GRU e PagTesouro -&gt; Consulta de Pagamentos) e se autenticar usando a sua conta n\u00edvel prata ou ouro do Gov.br. Uma vez autenticado, o usu\u00e1rio consegue encontrar todos os pagamentos efetuados via GRU em que constem seu n\u00famero de CPF ou os CNPJs associados ao CPF registrados na base do Tesouro.<\/p>\n\n\n\n<p>A pesquisa de pagamento pode ser filtrada por ano de prefer\u00eancia do usu\u00e1rio. O resultado da consulta pode ser ordenado por data e por Unidade Gestora (UG). H\u00e1 ainda a possibilidade de clicar no \u00edcone espec\u00edfico para ver mais dados sobre cada pagamento (como data de vencimento e de quita\u00e7\u00e3o, forma de pagamento, descontos e\/ou multas etc) e imprimir esse detalhamento como comprovante.<\/p>\n\n\n\n<hr class=\"wp-block-separator has-alpha-channel-opacity\"\/>\n\n\n\n<p><strong>A GRU &#8211; Guia de Recolhimento da Uni\u00e3o<\/strong> \u00e9 um dos documentos institu\u00eddos pelo Minist\u00e9rio da Fazenda para recolhimento das receitas de \u00f3rg\u00e3os, fundos, autarquias, funda\u00e7\u00f5es e demais entidades integrantes dos or\u00e7amentos fiscal e da seguridade social, tais como taxas (custas judiciais, emiss\u00e3o de passaporte etc.), <strong>alugu\u00e9is de im\u00f3veis p\u00fablicos, servi\u00e7os administrativos e educacionais (inscri\u00e7\u00e3o de vestibular\/concursos, expedi\u00e7\u00e3o de certificados pelas universidades p\u00fablicas federais),<\/strong> multas (da Pol\u00edcia Rodovi\u00e1ria Federal, do C\u00f3digo Eleitoral, do Servi\u00e7o Militar etc.), entre outras.<br><\/p>\n","protected":false},"excerpt":{"rendered":"<p>O contribuinte deve acessar a p\u00e1gina Consulta de Pagamentos de GRU no&nbsp;site do Tesouro Nacional&nbsp;(Menu Principal -&gt; GRU e PagTesouro -&gt; Consulta de Pagamentos) e se autenticar usando a sua conta n\u00edvel prata ou ouro do Gov.br. Uma vez autenticado, o usu\u00e1rio consegue encontrar todos os pagamentos efetuados via GRU em que constem seu n\u00famero [&hellip;]<\/p>\n","protected":false},"author":1122,"featured_media":0,"parent":0,"menu_order":0,"comment_status":"closed","ping_status":"closed","template":"","meta":{"footnotes":""},"class_list":["post-775","page","type-page","status-publish","hentry"],"_links":{"self":[{"href":"https:\/\/wp.ufpel.edu.br\/cfc\/wp-json\/wp\/v2\/pages\/775","targetHints":{"allow":["GET"]}}],"collection":[{"href":"https:\/\/wp.ufpel.edu.br\/cfc\/wp-json\/wp\/v2\/pages"}],"about":[{"href":"https:\/\/wp.ufpel.edu.br\/cfc\/wp-json\/wp\/v2\/types\/page"}],"author":[{"embeddable":true,"href":"https:\/\/wp.ufpel.edu.br\/cfc\/wp-json\/wp\/v2\/users\/1122"}],"replies":[{"embeddable":true,"href":"https:\/\/wp.ufpel.edu.br\/cfc\/wp-json\/wp\/v2\/comments?post=775"}],"version-history":[{"count":4,"href":"https:\/\/wp.ufpel.edu.br\/cfc\/wp-json\/wp\/v2\/pages\/775\/revisions"}],"predecessor-version":[{"id":785,"href":"https:\/\/wp.ufpel.edu.br\/cfc\/wp-json\/wp\/v2\/pages\/775\/revisions\/785"}],"wp:attachment":[{"href":"https:\/\/wp.ufpel.edu.br\/cfc\/wp-json\/wp\/v2\/media?parent=775"}],"curies":[{"name":"wp","href":"https:\/\/api.w.org\/{rel}","templated":true}]}}