{"id":71,"date":"2021-02-18T14:24:49","date_gmt":"2021-02-18T17:24:49","guid":{"rendered":"https:\/\/wp.ufpel.edu.br\/cfc\/?page_id=71"},"modified":"2025-10-07T11:47:40","modified_gmt":"2025-10-07T14:47:40","slug":"manuais-e-legislacao","status":"publish","type":"page","link":"https:\/\/wp.ufpel.edu.br\/cfc\/manuais-e-legislacao\/","title":{"rendered":"Manuais e Legisla\u00e7\u00e3o"},"content":{"rendered":"\n<p><strong>MANUAIS:<\/strong><\/p>\n\n\n\n<p><a href=\"https:\/\/sisweb.tesouro.gov.br\/apex\/f?p=2501:9::::9:P9_ID_PUBLICACAO:31609\" data-type=\"link\" data-id=\"https:\/\/sisweb.tesouro.gov.br\/apex\/f?p=2501:9::::9:P9_ID_PUBLICACAO:31609\" target=\"_blank\" rel=\"noreferrer noopener\">Manual de Preenchimento e Impress\u00e3o da GRU<\/a><\/p>\n\n\n\n<div class=\"wp-block-file\"><a id=\"wp-block-file--media-755d0a8a-ea67-4e6a-a88e-e5f702f90ef2\" href=\"https:\/\/wp.ufpel.edu.br\/cfc\/files\/2021\/02\/Manual-Cadastramento-de-Conta-Bancaria-SIAFI.pdf\" target=\"_blank\" rel=\"noreferrer noopener\">Manual Cadastramento de Conta Banc\u00e1ria SIAFI<\/a><\/div>\n\n\n\n<div class=\"wp-block-file\"><a id=\"wp-block-file--media-ef0a710f-7373-4854-98d7-362a82aaacbe\" href=\"https:\/\/wp.ufpel.edu.br\/cfc\/files\/2021\/02\/Manual-de-Lista-de-Fatura-no-SIAFI.pdf\" target=\"_blank\" rel=\"noreferrer noopener\">Manual de Lista de Fatura no SIAFI<\/a><\/div>\n\n\n\n<div class=\"wp-block-file\"><a id=\"wp-block-file--media-980506b6-c5d2-4563-b96d-0229cf14e879\" href=\"https:\/\/wp.ufpel.edu.br\/cfc\/files\/2021\/02\/Manual-de-Lista-de-Credores-no-SIAFI.pdf\" target=\"_blank\" rel=\"noreferrer noopener\">Manual de Lista de Credores no SIAFI<\/a><\/div>\n\n\n\n<div class=\"wp-block-file\"><a id=\"wp-block-file--media-97963574-1e38-46eb-8ada-6761609c5b19\" href=\"https:\/\/wp.ufpel.edu.br\/cfc\/files\/2021\/02\/Manual-de-Bolsas-\u2013-SIAFI.pdf\" target=\"_blank\" rel=\"noreferrer noopener\">Manual de Bolsas no SIAFI<\/a><\/div>\n\n\n\n<div class=\"wp-block-file\"><a id=\"wp-block-file--media-902869e1-423d-49e6-baaa-54af89e6db65\" href=\"https:\/\/wp.ufpel.edu.br\/cfc\/files\/2021\/05\/Manual-de-Emissao-de-Empenho-no-SIAFI-Web.pdf\" target=\"_blank\" rel=\"noreferrer noopener\">Manual de Emiss\u00e3o de Empenho no SIAFI Web<\/a><\/div>\n\n\n<style>.wp-block-kadence-spacer.kt-block-spacer-71_2f7050-a5 .kt-block-spacer{height:60px;}.wp-block-kadence-spacer.kt-block-spacer-71_2f7050-a5 .kt-divider{border-top-width:2px;border-top-color:#2d5cab;width:100%;border-top-style:solid;}<\/style>\n<div class=\"wp-block-kadence-spacer aligncenter kt-block-spacer-71_2f7050-a5 kvs-lg-false\"><div class=\"kt-block-spacer kt-block-spacer-halign-left\"><hr class=\"kt-divider\"\/><\/div><\/div>\n\n\n\n<p><strong>LEGISLA\u00c7\u00c3O:<\/strong><\/p>\n\n\n\n<p><strong><a rel=\"noreferrer noopener\" href=\"http:\/\/www.planalto.gov.br\/ccivil_03\/_Ato2007-2010\/2009\/Decreto\/D6976.htm\" target=\"_blank\">DECRETO N\u00ba 6.976, DE 7 DE OUTUBRO DE 2009<\/a><\/strong><br>Disp\u00f5e sobre o Sistema de Contabilidade Federal e d\u00e1 outras provid\u00eancias..<\/p>\n\n\n\n<p><strong><a rel=\"noreferrer noopener\" href=\"http:\/\/www.planalto.gov.br\/ccivil_03\/leis\/leis_2001\/l10180.htm\" target=\"_blank\">LEI N\u00ba 10.180, DE 6 DE FEVEREIRO DE 2001<\/a><\/strong><br>Organiza e disciplina os Sistemas de Planejamento e de Or\u00e7amento Federal, de Administra\u00e7\u00e3o Financeira Federal, de Contabilidade Federal e de Controle Interno do Poder Executivo Federal, e d\u00e1 outras provid\u00eancias.<\/p>\n\n\n\n<p><strong><a rel=\"noreferrer noopener\" href=\"http:\/\/www.planalto.gov.br\/ccivil_03\/leis\/l4320.htm\" target=\"_blank\">LEI N\u00ba 4.320, DE 17 DE MAR\u00c7O DE 1964<\/a><\/strong><br>Estatui Normas Gerais de Direito Financeiro para elabora\u00e7\u00e3o e controle dos or\u00e7amentos e balan\u00e7os da Uni\u00e3o, dos Estados, dos Munic\u00edpios e do Distrito Federal.<\/p>\n\n\n\n<p><span><a href=\"https:\/\/www.planalto.gov.br\/ccivil_03\/decreto\/D93872.htm#view\" target=\"_blank\" rel=\"noreferrer noopener\"><strong>DECRETO N\u00ba 93.872, DE 23 DE DEZEMBRO DE 1986<\/strong><\/a><\/span><br>Disp\u00f5e sobre a unifica\u00e7\u00e3o dos recursos de caixa do Tesouro Nacional, atualiza e consolida a legisla\u00e7\u00e3o pertinente e d\u00e1 outras provid\u00eancias.<\/p>\n\n\n\n<p><strong><a rel=\"noreferrer noopener\" href=\"http:\/\/normas.receita.fazenda.gov.br\/sijut2consulta\/link.action?idAto=37200\" target=\"_blank\">INSTRU\u00c7\u00c3O NORMATIVA RFB N\u00ba 1234, DE 11 DE JANEIRO DE 2012<\/a><\/strong><br>Disp\u00f5e sobre a reten\u00e7\u00e3o de tributos nos pagamentos efetuados pelos \u00f3rg\u00e3os da administra\u00e7\u00e3o p\u00fablica federal direta, autarquias e funda\u00e7\u00f5es federais, empresas p\u00fablicas, sociedades de economia mista e demais pessoas jur\u00eddicas que menciona a outras pessoas jur\u00eddicas pelo fornecimento de bens e servi\u00e7os.<\/p>\n\n\n\n<p><strong><a href=\"https:\/\/www.in.gov.br\/materia\/-\/asset_publisher\/Kujrw0TZC2Mb\/content\/id\/24648085\/do1-2016-12-08-instrucao-normativa-n-2-de-6-de-dezembro-de-2016-24647987\" target=\"_blank\" rel=\"noreferrer noopener\">INSTRU\u00c7\u00c3O NORMATIVA N\u00ba 2, DE 6 DE DEZEMBRO DE 2016<\/a><\/strong><br>Disp\u00f5e sobre a observ\u00e2ncia da ordem cronol\u00f3gica de pagamento das obriga\u00e7\u00f5es relativas ao fornecimento de bens, loca\u00e7\u00f5es, realiza\u00e7\u00e3o de obras e presta\u00e7\u00e3o de servi\u00e7os, no \u00e2mbito do Sistema de Servi\u00e7os Gerais \u2013 Sisg.<\/p>\n\n\n\n<p><strong><a href=\"https:\/\/www.gov.br\/compras\/pt-br\/acesso-a-informacao\/legislacao\/instrucoes-normativas\/instrucao-normativa-seges-me-no-77-de-4-de-novembro-de-2022\" target=\"_blank\" rel=\"noreferrer noopener\">INSTRU\u00c7\u00c3O NORMATIVA SEGES\/ME N\u00ba 77, DE 4 DE NOVEMBRO DE 2022<\/a><\/strong><br>Disp\u00f5e sobre a observ\u00e2ncia da ordem cronol\u00f3gica de pagamento das obriga\u00e7\u00f5es relativas ao fornecimento de bens, loca\u00e7\u00f5es, presta\u00e7\u00e3o de servi\u00e7os e realiza\u00e7\u00e3o de obras, no \u00e2mbito da Administra\u00e7\u00e3o P\u00fablica federal direta, aut\u00e1rquica e fundacional.<\/p>\n\n\n\n<p><strong><a rel=\"noreferrer noopener\" href=\"https:\/\/pesquisa.apps.tcu.gov.br\/#\/redireciona\/ato-normativo\/%22ATO-NORMATIVO-2785%22\" target=\"_blank\" data-type=\"URL\" data-id=\"https:\/\/pesquisa.apps.tcu.gov.br\/#\/redireciona\/ato-normativo\/%22ATO-NORMATIVO-2785%22\"><strong>INSTRU\u00c7\u00c3O NORMATIVA N\u00ba 84, DE 22 DE ABRIL DE 2020<\/strong><\/a><\/strong><br>Estabelece normas para a tomada e presta\u00e7\u00e3o de contas dos administradores e respons\u00e1veis da administra\u00e7\u00e3o p\u00fablica federal, para fins de julgamento pelo TCU, nos termos do art. 7\u00ba da Lei 8.443, de 1992, e revoga as INs TCU 63 e 72, de 1\u00ba de setembro de 2010 e de 15 de maio de 2013, respectivamente.<\/p>\n\n\n\n<p><strong><a rel=\"noreferrer noopener\" href=\"https:\/\/pesquisa.apps.tcu.gov.br\/#\/redireciona\/ato-normativo\/%22ATO-NORMATIVO-2782%22\" target=\"_blank\" data-type=\"URL\" data-id=\"https:\/\/pesquisa.apps.tcu.gov.br\/#\/redireciona\/ato-normativo\/%22ATO-NORMATIVO-2782%22\"><strong>INSTRU\u00c7\u00c3O NORMATIVA N\u00ba 85, DE 24 DE ABRIL DE 2020<\/strong><\/a><\/strong><br>Altera a Instru\u00e7\u00e3o Normativa-TCU 71, de 28 de novembro de 2012, que disp\u00f5e sobre a instaura\u00e7\u00e3o, a organiza\u00e7\u00e3o e o encaminhamento ao Tribunal de Contas da Uni\u00e3o dos processos de tomada de contas especial.<\/p>\n\n\n\n<p><strong><a href=\"http:\/\/www.planalto.gov.br\/ccivil_03\/leis\/lcp\/lcp101.htm\" target=\"_blank\" rel=\"noreferrer noopener\">LEI COMPLEMENTAR N\u00ba 101, DE 4 DE MAIO DE 2000<\/a><\/strong><br>Estabelece normas de finan\u00e7as p\u00fablicas voltadas para a responsabilidade na gest\u00e3o fiscal e d\u00e1 outras provid\u00eancias.<\/p>\n\n\n\n<p><strong><a rel=\"noreferrer noopener\" href=\"http:\/\/www.planalto.gov.br\/ccivil_03\/leis\/lcp\/lcp131.htm\" target=\"_blank\">LEI COMPLEMENTAR N\u00ba 131, DE 27 DE MAIO DE 2009<\/a><\/strong><br>Acrescenta dispositivos \u00e0 LC n<sup>o<\/sup>&nbsp;101\/2000, a fim de determinar a disponibiliza\u00e7\u00e3o, em tempo real, de informa\u00e7\u00f5es pormenorizadas sobre a execu\u00e7\u00e3o or\u00e7ament\u00e1ria e financeira da Uni\u00e3o, dos Estados, do Distrito Federal e dos Munic\u00edpios.<\/p>\n\n\n\n<p><strong><a href=\"https:\/\/www.planalto.gov.br\/ccivil_03\/_Ato2019-2022\/2021\/Lei\/L14133.htm\" target=\"_blank\" rel=\"noreferrer noopener\">LEI N\u00ba 14.133, DE 1\u00ba DE ABRIL DE 2021<\/a><\/strong><br>Lei de Licita\u00e7\u00f5es e Contratos Administrativos.<\/p>\n\n\n<style>.wp-block-kadence-spacer.kt-block-spacer-71_b720b6-01 .kt-block-spacer{height:60px;}.wp-block-kadence-spacer.kt-block-spacer-71_b720b6-01 .kt-divider{border-top-width:2px;border-top-color:#2d5cab;width:100%;border-top-style:solid;}<\/style>\n<div class=\"wp-block-kadence-spacer aligncenter kt-block-spacer-71_b720b6-01 kvs-lg-false\"><div class=\"kt-block-spacer kt-block-spacer-halign-left\"><hr class=\"kt-divider\"\/><\/div><\/div>\n\n\n\n<p><strong>CONTABILIDADE APLICADA AO SETOR P\u00daBLICO:<\/strong><\/p>\n\n\n\n<p><a href=\"https:\/\/www.tesourotransparente.gov.br\/publicacoes\/manual-de-contabilidade-aplicada-ao-setor-publico-mcasp\/2019\/26\" target=\"_blank\" rel=\"noreferrer noopener\">Manuais de Contabilidade Aplicada ao Setor P\u00fablico<\/a><\/p>\n\n\n\n<p><a href=\"https:\/\/www.tesourotransparente.gov.br\/publicacoes\/plano-de-contas-aplicado-ao-setor-publico-pcasp-federacao\/2021\/114\" target=\"_blank\" rel=\"noreferrer noopener\">Plano de Contas Aplicado ao Setor P\u00fablico<\/a><\/p>\n\n\n\n<p><a href=\"http:\/\/manualsiafi.tesouro.gov.br\/\" target=\"_blank\" rel=\"noreferrer noopener\">Manual do Sistema Integrado de Administra\u00e7\u00e3o Financeira do Governo Federal Web \u2013 SIAFI Web<\/a><\/p>\n\n\n\n<p><a href=\"https:\/\/conteudo.tesouro.gov.br\/manuais\/index.php?option=com_content&amp;view=categories&amp;id=721&amp;Itemid=700\" target=\"_blank\" rel=\"noreferrer noopener\">Manual do SIAFI \u2013 Macrofun\u00e7\u00f5es<\/a><\/p>\n\n\n<style>.wp-block-kadence-spacer.kt-block-spacer-71_a2ba4d-1c .kt-block-spacer{height:60px;}.wp-block-kadence-spacer.kt-block-spacer-71_a2ba4d-1c .kt-divider{border-top-width:2px;border-top-color:#2d5cab;width:100%;border-top-style:solid;}<\/style>\n<div class=\"wp-block-kadence-spacer aligncenter kt-block-spacer-71_a2ba4d-1c kvs-lg-false\"><div class=\"kt-block-spacer kt-block-spacer-halign-left\"><hr class=\"kt-divider\"\/><\/div><\/div>\n\n\n\n<p><strong>CAPACITA\u00c7\u00c3O:<\/strong><\/p>\n\n\n\n<div class=\"wp-block-file\"><a id=\"wp-block-file--media-807c5453-a347-4089-a34e-569935024079\" href=\"https:\/\/wp.ufpel.edu.br\/cfc\/files\/2021\/02\/Capacitacao-CFC-2018.pdf\" target=\"_blank\" rel=\"noreferrer noopener\">Capacita\u00e7\u00e3o CFC 2018<\/a><\/div>\n","protected":false},"excerpt":{"rendered":"<p>MANUAIS: Manual de Preenchimento e Impress\u00e3o da GRU LEGISLA\u00c7\u00c3O: DECRETO N\u00ba 6.976, DE 7 DE OUTUBRO DE 2009Disp\u00f5e sobre o Sistema de Contabilidade Federal e d\u00e1 outras provid\u00eancias.. LEI N\u00ba 10.180, DE 6 DE FEVEREIRO DE 2001Organiza e disciplina os Sistemas de Planejamento e de Or\u00e7amento Federal, de Administra\u00e7\u00e3o Financeira Federal, de Contabilidade Federal e [&hellip;]<\/p>\n","protected":false},"author":1122,"featured_media":0,"parent":0,"menu_order":0,"comment_status":"closed","ping_status":"closed","template":"","meta":{"footnotes":""},"class_list":["post-71","page","type-page","status-publish","hentry"],"_links":{"self":[{"href":"https:\/\/wp.ufpel.edu.br\/cfc\/wp-json\/wp\/v2\/pages\/71","targetHints":{"allow":["GET"]}}],"collection":[{"href":"https:\/\/wp.ufpel.edu.br\/cfc\/wp-json\/wp\/v2\/pages"}],"about":[{"href":"https:\/\/wp.ufpel.edu.br\/cfc\/wp-json\/wp\/v2\/types\/page"}],"author":[{"embeddable":true,"href":"https:\/\/wp.ufpel.edu.br\/cfc\/wp-json\/wp\/v2\/users\/1122"}],"replies":[{"embeddable":true,"href":"https:\/\/wp.ufpel.edu.br\/cfc\/wp-json\/wp\/v2\/comments?post=71"}],"version-history":[{"count":3,"href":"https:\/\/wp.ufpel.edu.br\/cfc\/wp-json\/wp\/v2\/pages\/71\/revisions"}],"predecessor-version":[{"id":1006,"href":"https:\/\/wp.ufpel.edu.br\/cfc\/wp-json\/wp\/v2\/pages\/71\/revisions\/1006"}],"wp:attachment":[{"href":"https:\/\/wp.ufpel.edu.br\/cfc\/wp-json\/wp\/v2\/media?parent=71"}],"curies":[{"name":"wp","href":"https:\/\/api.w.org\/{rel}","templated":true}]}}