{"id":62,"date":"2021-02-18T14:20:57","date_gmt":"2021-02-18T17:20:57","guid":{"rendered":"https:\/\/wp.ufpel.edu.br\/cfc\/?page_id=62"},"modified":"2024-09-23T13:32:38","modified_gmt":"2024-09-23T16:32:38","slug":"bolsas","status":"publish","type":"page","link":"https:\/\/wp.ufpel.edu.br\/cfc\/bolsas\/","title":{"rendered":"Bolsas"},"content":{"rendered":"\n<p>Bolsas referem-se \u00e0 destina\u00e7\u00e3o de recursos financeiros a bolsistas, contribuindo para a consecu\u00e7\u00e3o de fins, em condi\u00e7\u00f5es previamente definidas e publicadas em edital e acordadas entre as partes interessadas no processo que instrui a concess\u00e3o requerida, assim como CPF regularizado e ser titular de conta corrente (qualquer institui\u00e7\u00e3o financeira). <\/p>\n\n\n\n<p>O processo de pagamento a bolsistas dever\u00e1 ser devidamente instru\u00eddo pelas Pr\u00f3-Reitorias ou Unidades competentes e encaminhado para a Coordena\u00e7\u00e3o de Finan\u00e7as e Contabilidade (CFC).<\/p>\n\n\n<style>.wp-block-kadence-spacer.kt-block-spacer-62_836e6b-e5 .kt-block-spacer{height:60px;}.wp-block-kadence-spacer.kt-block-spacer-62_836e6b-e5 .kt-divider{border-top-width:2px;border-top-color:#2d5cab;width:100%;border-top-style:solid;}<\/style>\n<div class=\"wp-block-kadence-spacer aligncenter kt-block-spacer-62_836e6b-e5 kvs-lg-false\"><div class=\"kt-block-spacer kt-block-spacer-halign-left\"><hr class=\"kt-divider\"\/><\/div><\/div>\n\n\n\n<div class=\"wp-block-file\"><a id=\"wp-block-file--media-de6b6953-16a5-4849-b57a-736e999d42a3\" href=\"https:\/\/wp.ufpel.edu.br\/cfc\/files\/2021\/02\/Manual-de-Bolsas-\u2013-SIAFI.pdf\" target=\"_blank\" rel=\"noreferrer noopener\">Manual de Bolsas no SIAFI<\/a><\/div>\n\n\n\n<div class=\"wp-block-file\"><a id=\"wp-block-file--media-d5dff27e-0914-4c88-beef-4d58f6a25f31\" href=\"https:\/\/wp.ufpel.edu.br\/cfc\/files\/2021\/02\/Bolsas-Modelo-Demonstrativo.doc\" target=\"_blank\" rel=\"noreferrer noopener\">Modelo Demonstrativo Bolsas<\/a><\/div>\n","protected":false},"excerpt":{"rendered":"<p>Bolsas referem-se \u00e0 destina\u00e7\u00e3o de recursos financeiros a bolsistas, contribuindo para a consecu\u00e7\u00e3o de fins, em condi\u00e7\u00f5es previamente definidas e publicadas em edital e acordadas entre as partes interessadas no processo que instrui a concess\u00e3o requerida, assim como CPF regularizado e ser titular de conta corrente (qualquer institui\u00e7\u00e3o financeira). O processo de pagamento a bolsistas [&hellip;]<\/p>\n","protected":false},"author":1122,"featured_media":0,"parent":0,"menu_order":0,"comment_status":"closed","ping_status":"closed","template":"","meta":{"footnotes":""},"class_list":["post-62","page","type-page","status-publish","hentry"],"_links":{"self":[{"href":"https:\/\/wp.ufpel.edu.br\/cfc\/wp-json\/wp\/v2\/pages\/62","targetHints":{"allow":["GET"]}}],"collection":[{"href":"https:\/\/wp.ufpel.edu.br\/cfc\/wp-json\/wp\/v2\/pages"}],"about":[{"href":"https:\/\/wp.ufpel.edu.br\/cfc\/wp-json\/wp\/v2\/types\/page"}],"author":[{"embeddable":true,"href":"https:\/\/wp.ufpel.edu.br\/cfc\/wp-json\/wp\/v2\/users\/1122"}],"replies":[{"embeddable":true,"href":"https:\/\/wp.ufpel.edu.br\/cfc\/wp-json\/wp\/v2\/comments?post=62"}],"version-history":[{"count":10,"href":"https:\/\/wp.ufpel.edu.br\/cfc\/wp-json\/wp\/v2\/pages\/62\/revisions"}],"predecessor-version":[{"id":832,"href":"https:\/\/wp.ufpel.edu.br\/cfc\/wp-json\/wp\/v2\/pages\/62\/revisions\/832"}],"wp:attachment":[{"href":"https:\/\/wp.ufpel.edu.br\/cfc\/wp-json\/wp\/v2\/media?parent=62"}],"curies":[{"name":"wp","href":"https:\/\/api.w.org\/{rel}","templated":true}]}}