{"id":58,"date":"2021-02-18T14:19:09","date_gmt":"2021-02-18T17:19:09","guid":{"rendered":"https:\/\/wp.ufpel.edu.br\/cfc\/?page_id=58"},"modified":"2026-03-30T16:32:49","modified_gmt":"2026-03-30T19:32:49","slug":"pagamentos","status":"publish","type":"page","link":"https:\/\/wp.ufpel.edu.br\/cfc\/pagamentos\/","title":{"rendered":"Pagamentos &#8211; LDO e IN 02\/2016 MPDG"},"content":{"rendered":"\n<p><strong>RELAT\u00d3RIO BIMESTRAL DAS PRIORIDADES E PAGAMENTOS:<\/strong><\/p>\n\n\n\n<div class=\"wp-block-file\"><a id=\"wp-block-file--media-b3b7cb98-595a-43c1-9125-f9dcff382b29\" href=\"https:\/\/wp.ufpel.edu.br\/cfc\/files\/2026\/03\/1-BIMESTRE-2026-JANEIRO-E-FEVEREIRO-2026.pdf\" target=\"_blank\" rel=\"noreferrer noopener\">Relat\u00f3rio Bimestral &#8211; Janeiro &#8211; Fevereiro 2026<\/a><\/div>\n\n\n\n<div class=\"wp-block-file\"><a id=\"wp-block-file--media-23347b74-b068-4f5c-96b5-0de084abdd99\" href=\"https:\/\/wp.ufpel.edu.br\/cfc\/files\/2026\/02\/6-BIMESTRE-NOVEMBRO-E-DEZEMBRO-2025.pdf\" target=\"_blank\" rel=\"noreferrer noopener\">Relat\u00f3rio Bimestral Novembro-Dezembro 2025<\/a><\/div>\n\n\n\n<div class=\"wp-block-file\"><a id=\"wp-block-file--media-474c4fdc-6289-47f4-bb28-c1c659a86ed6\" href=\"https:\/\/wp.ufpel.edu.br\/cfc\/files\/2026\/02\/5-BIMESTRE-SETEMBRO-E-OUTUBRO-2025.pdf\" target=\"_blank\" rel=\"noreferrer noopener\">Relat\u00f3rio Bimestral Setembro-Outubro 2025<\/a><\/div>\n\n\n\n<div class=\"wp-block-file\"><a id=\"wp-block-file--media-8260ab7b-6153-46c3-ba1c-157558464be2\" href=\"https:\/\/wp.ufpel.edu.br\/cfc\/files\/2025\/09\/4-BIMESTRE-JULHO-E-AGOSTO-2025.pdf\">Relat\u00f3rio Bimestral Julho-Agosto 2025<\/a><\/div>\n\n\n\n<div class=\"wp-block-file\"><a id=\"wp-block-file--media-dad6de82-b4a1-45bd-b6fb-2218e9dc501d\" href=\"https:\/\/wp.ufpel.edu.br\/cfc\/files\/2025\/09\/3-BIMESTRE-MAIO-E-JUNHO-2025.pdf\">Relat\u00f3rio Bimestral Maio-Junho 2025<\/a><\/div>\n\n\n\n<div class=\"wp-block-file\"><a id=\"wp-block-file--media-217d5223-afb5-4b14-a317-8c898ff09e7f\" href=\"https:\/\/wp.ufpel.edu.br\/cfc\/files\/2025\/05\/2-bimestre-2025-mar-e-abril.pdf\" target=\"_blank\" rel=\"noreferrer noopener\">Relat\u00f3rio Bimestral Mar\u00e7o-Abril 2025<\/a><\/div>\n\n\n\n<div class=\"wp-block-file\"><a id=\"wp-block-file--media-5af703bc-3eba-4327-9112-1669a445fbcb\" href=\"https:\/\/wp.ufpel.edu.br\/cfc\/files\/2025\/05\/1-bimestre-2025-jan-e-fev.pdf\" target=\"_blank\" rel=\"noreferrer noopener\">Relat\u00f3rio Bimestral Janeiro-Fevereiro 2025<\/a><\/div>\n\n\n\n<div class=\"wp-block-file\"><a id=\"wp-block-file--media-1ed3ab5c-8fdb-4f6f-acb7-54576691c790\" href=\"https:\/\/wp.ufpel.edu.br\/cfc\/files\/2025\/05\/6-bimestre-2024-novembro-e-dezembro.pdf\" target=\"_blank\" rel=\"noreferrer noopener\">Relat\u00f3rio Bimestral Novembro-Dezembro 2024<\/a><\/div>\n\n\n\n<div class=\"wp-block-file\"><a id=\"wp-block-file--media-505574d8-551f-424e-84e8-83f02016abb6\" href=\"https:\/\/wp.ufpel.edu.br\/cfc\/files\/2024\/12\/5-bimestre-2024-setembro-e-outubro.pdf\" target=\"_blank\" rel=\"noreferrer noopener\">Relat\u00f3rio Bimestral Setembro-Outubro 2024<\/a><\/div>\n\n\n\n<div class=\"wp-block-file\"><a id=\"wp-block-file--media-5ba3ecfe-dcf5-40c7-bf57-81f06cf9f0bc\" href=\"https:\/\/wp.ufpel.edu.br\/cfc\/files\/2024\/10\/4-bimestre-2024-julho-e-agosto.pdf\" target=\"_blank\" rel=\"noreferrer noopener\">Relat\u00f3rio Bimestral Julho-Agosto 2024<\/a><\/div>\n\n\n\n<div class=\"wp-block-file\"><a id=\"wp-block-file--media-e6a0b7bc-282d-41a2-a01d-2d63fbd699b1\" href=\"https:\/\/wp.ufpel.edu.br\/cfc\/files\/2024\/10\/3-bimestre-2024-maio-e-junho.pdf\" target=\"_blank\" rel=\"noreferrer noopener\">Relat\u00f3rio Bimestral Maio-Junho 2024<\/a><\/div>\n\n\n\n<div class=\"wp-block-file\"><a id=\"wp-block-file--media-95f7b1ab-650d-47f5-891d-291b5476865f\" href=\"https:\/\/wp.ufpel.edu.br\/cfc\/files\/2024\/09\/2-bimestre-2024-mar-e-abril.pdf\" target=\"_blank\" rel=\"noreferrer noopener\">Relat\u00f3rio Bimestral Mar\u00e7o-Abril 2024<\/a><\/div>\n\n\n\n<div class=\"wp-block-file\"><a id=\"wp-block-file--media-964f3ec0-6167-4419-a486-b2829d48cd7d\" href=\"https:\/\/wp.ufpel.edu.br\/cfc\/files\/2024\/09\/1-bimestre-2024-jan-e-fev.pdf\" target=\"_blank\" rel=\"noreferrer noopener\">Relat\u00f3rio Bimestral Janeiro-Fevereiro 2024<\/a><\/div>\n\n\n<style>.wp-block-kadence-spacer.kt-block-spacer-58_d2ec1d-11 .kt-block-spacer{height:60px;}.wp-block-kadence-spacer.kt-block-spacer-58_d2ec1d-11 .kt-divider{border-top-width:2px;border-top-color:#2d5cab;width:100%;border-top-style:solid;}<\/style>\n<div class=\"wp-block-kadence-spacer aligncenter kt-block-spacer-58_d2ec1d-11 kvs-lg-false\"><div class=\"kt-block-spacer kt-block-spacer-halign-left\"><hr class=\"kt-divider\"\/><\/div><\/div>\n\n\n\n<p class=\"has-regular-font-size\"><strong><a href=\"https:\/\/www.in.gov.br\/materia\/-\/asset_publisher\/Kujrw0TZC2Mb\/content\/id\/24648085\/do1-2016-12-08-instrucao-normativa-n-2-de-6-de-dezembro-de-2016-24647987\" target=\"_blank\" rel=\"noreferrer noopener\">INSTRU\u00c7\u00c3O NORMATIVA N\u00ba 2, DE 6 DE DEZEMBRO DE 2016<\/a><\/strong><br><a href=\"https:\/\/www.gov.br\/compras\/pt-br\/acesso-a-informacao\/legislacao\/instrucoes-normativas\/instrucao-normativa-no-2-de-6-de-dezembro-de-2016\" data-type=\"link\" data-id=\"https:\/\/www.gov.br\/compras\/pt-br\/acesso-a-informacao\/legislacao\/instrucoes-normativas\/instrucao-normativa-no-2-de-6-de-dezembro-de-2016\" target=\"_blank\" rel=\"noreferrer noopener\">Disp\u00f5e sobre a observ\u00e2ncia da ordem cronol\u00f3gica de pagamento das obriga\u00e7\u00f5es relativas ao fornecimento de bens, loca\u00e7\u00f5es, realiza\u00e7\u00e3o de obras e presta\u00e7\u00e3o de servi\u00e7os, no \u00e2mbito do Sistema de Servi\u00e7os Gerais \u2013 Sisg.<\/a><\/p>\n\n\n\n<p class=\"has-regular-font-size\"><a href=\"https:\/\/www.planalto.gov.br\/ccivil_03\/_ato2023-2026\/2025\/lei\/L15321.htm\" target=\"_blank\" rel=\"noreferrer noopener\"><strong>LEI N\u00ba 15.321, DE&nbsp;31 DE DEZEMBRO DE 2025 &#8211; LDO 2026<\/strong><\/a><\/p>\n\n\n\n<p><a href=\"https:\/\/www.planalto.gov.br\/ccivil_03\/_ato2023-2026\/2024\/lei\/l15080.htm\" target=\"_blank\" rel=\"noreferrer noopener\"><strong>LEI N\u00ba 15.080, DE&nbsp;30 DE DEZEMBRO DE 2024 &#8211; LDO 2025<\/strong><\/a><\/p>\n\n\n\n<p><a href=\"https:\/\/www.planalto.gov.br\/ccivil_03\/_ato2023-2026\/2023\/lei\/L14791.htm\" target=\"_blank\" rel=\"noreferrer noopener\"><strong>LEI N\u00ba 14.791, DE&nbsp;29 DE DEZEMBRO DE 2023 &#8211; LDO 2024<\/strong><\/a><\/p>\n\n\n\n<p><a href=\"https:\/\/www.planalto.gov.br\/cciVil_03\/_Ato2019-2022\/2022\/Lei\/L14436.htm\" target=\"_blank\" rel=\"noreferrer noopener\"><strong>LEI N\u00ba 14.436, DE&nbsp;9 DE AGOSTO DE 2022 &#8211; LDO 2023<\/strong><\/a><\/p>\n","protected":false},"excerpt":{"rendered":"<p>RELAT\u00d3RIO BIMESTRAL DAS PRIORIDADES E PAGAMENTOS: INSTRU\u00c7\u00c3O NORMATIVA N\u00ba 2, DE 6 DE DEZEMBRO DE 2016Disp\u00f5e sobre a observ\u00e2ncia da ordem cronol\u00f3gica de pagamento das obriga\u00e7\u00f5es relativas ao fornecimento de bens, loca\u00e7\u00f5es, realiza\u00e7\u00e3o de obras e presta\u00e7\u00e3o de servi\u00e7os, no \u00e2mbito do Sistema de Servi\u00e7os Gerais \u2013 Sisg. LEI N\u00ba 15.321, DE&nbsp;31 DE DEZEMBRO DE [&hellip;]<\/p>\n","protected":false},"author":1122,"featured_media":0,"parent":0,"menu_order":0,"comment_status":"closed","ping_status":"closed","template":"","meta":{"footnotes":""},"class_list":["post-58","page","type-page","status-publish","hentry"],"_links":{"self":[{"href":"https:\/\/wp.ufpel.edu.br\/cfc\/wp-json\/wp\/v2\/pages\/58","targetHints":{"allow":["GET"]}}],"collection":[{"href":"https:\/\/wp.ufpel.edu.br\/cfc\/wp-json\/wp\/v2\/pages"}],"about":[{"href":"https:\/\/wp.ufpel.edu.br\/cfc\/wp-json\/wp\/v2\/types\/page"}],"author":[{"embeddable":true,"href":"https:\/\/wp.ufpel.edu.br\/cfc\/wp-json\/wp\/v2\/users\/1122"}],"replies":[{"embeddable":true,"href":"https:\/\/wp.ufpel.edu.br\/cfc\/wp-json\/wp\/v2\/comments?post=58"}],"version-history":[{"count":3,"href":"https:\/\/wp.ufpel.edu.br\/cfc\/wp-json\/wp\/v2\/pages\/58\/revisions"}],"predecessor-version":[{"id":1102,"href":"https:\/\/wp.ufpel.edu.br\/cfc\/wp-json\/wp\/v2\/pages\/58\/revisions\/1102"}],"wp:attachment":[{"href":"https:\/\/wp.ufpel.edu.br\/cfc\/wp-json\/wp\/v2\/media?parent=58"}],"curies":[{"name":"wp","href":"https:\/\/api.w.org\/{rel}","templated":true}]}}