{"id":42,"date":"2021-02-18T12:48:04","date_gmt":"2021-02-18T15:48:04","guid":{"rendered":"https:\/\/wp.ufpel.edu.br\/cfc\/?page_id=42"},"modified":"2025-03-10T18:04:13","modified_gmt":"2025-03-10T21:04:13","slug":"apresentacao","status":"publish","type":"page","link":"https:\/\/wp.ufpel.edu.br\/cfc\/apresentacao\/","title":{"rendered":"Apresenta\u00e7\u00e3o"},"content":{"rendered":"\n<p>A&nbsp;<strong>COORDENA\u00c7\u00c3O DE FINAN\u00c7AS E CONTABILIDADE (CFC)<\/strong>&nbsp;juntamente com a&nbsp;<strong>CONTADORIA GERAL&nbsp;(CONTGER)<\/strong>&nbsp;tem como finalidade efetuar as atividades necess\u00e1rias para o controle, execu\u00e7\u00e3o&nbsp; e acompanhamento das despesas da UFPel, mantendo os devidos registros cont\u00e1beis de forma a refletirem os atos e fatos ocorridos na institui\u00e7\u00e3o, garantindo a execu\u00e7\u00e3o financeira da despesa com transpar\u00eancia e observ\u00e2ncia dos Princ\u00edpios Cont\u00e1beis e da Administra\u00e7\u00e3o P\u00fablica. Assim, fornece aos gestores informa\u00e7\u00f5es relevantes para subsidiar a tomada de decis\u00e3o, bem como para atender \u00e0 legisla\u00e7\u00e3o vigente e aos \u00f3rg\u00e3os de controle governamental interno e externo. Ademais, emite-se di\u00e1rias e passagens, garantindo o deslocamento de servidores e colaboradores para que esses possam desempenhar suas atividades em prol da UFPel.<\/p>\n\n\n\n<p><strong><span class=\"uppercase\">ORGANOGRAMA<\/span><\/strong><\/p>\n\n\n\n<figure class=\"wp-block-image size-full\"><a href=\"https:\/\/institucional.ufpel.edu.br\/unidades\/id\/129\"><img width=\"750\" height=\"696\" src=\"https:\/\/wp.ufpel.edu.br\/cfc\/files\/2025\/03\/organograma-2025-FINAL.png\" alt=\"\" class=\"wp-image-874\" srcset=\"https:\/\/wp.ufpel.edu.br\/cfc\/files\/2025\/03\/organograma-2025-FINAL.png 750w, https:\/\/wp.ufpel.edu.br\/cfc\/files\/2025\/03\/organograma-2025-FINAL-400x371.png 400w\" sizes=\"(max-width: 750px) 100vw, 750px\" \/><\/a><\/figure>\n\n\n\n<p><strong><span class=\"uppercase\">PRINCIPAIS ATRIBUI\u00c7\u00d5ES<\/span><\/strong><\/p>\n\n\n\n<p><strong>Coordena\u00e7\u00e3o de Finan\u00e7as e Contabilidade (CFC):<\/strong><\/p>\n\n\n\n<ul class=\"wp-block-list\">\n<li>Coordenar a gest\u00e3o financeira da UFPel, obedecendo aos preceitos legais vigentes;<\/li>\n\n\n\n<li>Emitir ordens de pagamento no Sistema Integrado de Administra\u00e7\u00e3o Financeira do Governo Federal;<\/li>\n\n\n\n<li>Auxiliar e acompanhar a presta\u00e7\u00e3o de contas anual da institui\u00e7\u00e3o;<\/li>\n\n\n\n<li>Assinar empenhos juntamente com o Ordenador de Despesa;<\/li>\n\n\n\n<li>Coordenar os servidores lotados na CFC e gerir os bens patrimoniais pertencentes ao setor;<\/li>\n\n\n\n<li>Atender as solicita\u00e7\u00f5es de auditoria perante o Tribunal de Contas da Uni\u00e3o, Controladoria Geral da Uni\u00e3o e Auditoria Interna.<\/li>\n<\/ul>\n\n\n\n<p><strong>Contadoria Geral (CONTGER):<\/strong><\/p>\n\n\n\n<ul id=\"block-f60dc330-81ea-400f-85b0-0f2e90f4c1a4\" class=\"wp-block-list\">\n<li>Cumprir as Normas Brasileiras de Contabilidade Aplicadas ao Setor P\u00fablico, orientando-se pelo Manual de Contabilidade Aplicado ao Setor P\u00fablico (MCASP), seguindo a Lei n\u00ba 4.320\/64, entre outros normativos aplicados ao setor p\u00fablico;<\/li>\n\n\n\n<li>Realizar a conformidade Cont\u00e1bil mensalmente, acompanhando a escritura\u00e7\u00e3o cont\u00e1bil dos atos e fatos na entidade;<\/li>\n\n\n\n<li>Levantar Balancetes de verifica\u00e7\u00e3o de forma anal\u00edtica e\/ou sint\u00e9tica;<\/li>\n\n\n\n<li>Elaborar as Demonstra\u00e7\u00f5es Cont\u00e1beis e suas respectivas Notas Explicativas trimestralmente para envio a Secretaria do Tesouro Nacional;<\/li>\n\n\n\n<li>Elaborar anualmente as Demonstra\u00e7\u00f5es Cont\u00e1beis, Notas Explicativas e Declara\u00e7\u00e3o do Contador para compor a Presta\u00e7\u00e3o de Contas Anual (Relat\u00f3rio de Gest\u00e3o da Institui\u00e7\u00e3o);<\/li>\n\n\n\n<li>Assessorar e orientar as demais unidades da Coordena\u00e7\u00e3o de Finan\u00e7as e Contabilidade;<\/li>\n\n\n\n<li>Fechamento da EFD-Reinf e envio da DCTFWeb \u00e0 Receita Federal do Brasil, orientando-se pelos normativos da RFB;<\/li>\n\n\n\n<li>Subsidiar com informa\u00e7\u00f5es cont\u00e1beis, financeiras, or\u00e7ament\u00e1rias, patrimoniais e de controle as demais setores estrat\u00e9gicos da UFPel;<\/li>\n\n\n\n<li>Encerramento dos livros fiscais de ISS;<\/li>\n\n\n\n<li>Regularizar a situa\u00e7\u00e3o fiscal do \u00f3rg\u00e3o junto \u00e0 Uni\u00e3o, Estado e Munic\u00edpio;<\/li>\n\n\n\n<li>Atender \u00e0s demandas dos \u00f3rg\u00e3os de controle interno e externo para o cumprimento da legisla\u00e7\u00e3o vigente.<\/li>\n<\/ul>\n\n\n\n<p><strong>N\u00facleo Financeiro (NUFINC):<\/strong><\/p>\n\n\n\n<ul class=\"wp-block-list\">\n<li>Chefiar e delegar fun\u00e7\u00f5es \u00e0s se\u00e7\u00f5es ligadas ao NUFINC;<\/li>\n\n\n\n<li>Conferir disponibilidade financeiras e conciliar contas banc\u00e1rias;<\/li>\n\n\n\n<li>Verificar notas de lan\u00e7amento financeiro e outros documentos correlatos;<\/li>\n\n\n\n<li>Solicitar financeiro no Sistema de Administra\u00e7\u00e3o Financeira do Governo Federal &#8211; SIAFI para pagamento das contas a pagar;<\/li>\n\n\n\n<li>Conferir, diariamente, relat\u00f3rios de ordem banc\u00e1ria para assinatura do Ordenador de Despesa e do Gestor Financeiro;<\/li>\n\n\n\n<li>Conferir a liquida\u00e7\u00e3o das obriga\u00e7\u00f5es tribut\u00e1rias e da despesa;<\/li>\n\n\n\n<li>Efetuar pagamentos da institui\u00e7\u00e3o \u00e0 outros \u00f3rg\u00e3os e empresas;<\/li>\n\n\n\n<li>Responsabilizar-se pela regularidade mensal da conformidade dos operadores e executar outras atividades correlatas;<\/li>\n\n\n\n<li>Cadastrar contas banc\u00e1rias de fornecedores;<\/li>\n\n\n\n<li>Controlar mensalmente a receita da insitui\u00e7\u00e3o;<\/li>\n\n\n\n<li>Registrar a execu\u00e7\u00e3o or\u00e7ament\u00e1ria, financeira, patrimonial e de controle;<\/li>\n\n\n\n<li>Analisar e conferir os processos de pagamentos, notas fiscais de fornecedores, saldos de empenho;<\/li>\n\n\n\n<li>Identificar restos a pagar;<\/li>\n\n\n\n<li>Analisar contabilmente processos de pagamento;<\/li>\n\n\n\n<li>Escriturar contabilmente contratos firmados;<\/li>\n\n\n\n<li>Controlar garantias contratuais.<\/li>\n<\/ul>\n\n\n\n<p><strong>Se\u00e7\u00e3o de Liquida\u00e7\u00e3o da Despesa (SLD):<\/strong><\/p>\n\n\n\n<ul id=\"block-0946c41e-b4c2-4fb5-bc24-610cbddaae62\" class=\"wp-block-list\">\n<li>Liquidar e contabilizar as despesas que n\u00e3o possuem contratos continuados, tais como: aquisi\u00e7\u00e3o de materiais, presta\u00e7\u00e3o de servi\u00e7os, aut\u00f4nomos, bolsas, aux\u00edlio funeral, entre outros;<\/li>\n\n\n\n<li>Verificar atestes, empenhos, notas fiscais e demais documenta\u00e7\u00e3o relacionadas a liquida\u00e7\u00e3o da despesa;<\/li>\n\n\n\n<li>Analisar e atestar a formaliza\u00e7\u00e3o da documenta\u00e7\u00e3o processual, regularidade fiscal do fornecedor, aspectos tribut\u00e1rios do documento fiscal;<\/li>\n\n\n\n<li>Registrar as notas fiscais de tomador de servi\u00e7os no sistema da Prefeitura Municipal de Pelotas;<\/li>\n\n\n\n<li>Realizar a emiss\u00e3o e acompanhamento do saldos de empenhos;<\/li>\n\n\n\n<li>Registrar e fazer a confer\u00eancia quanto a utiliza\u00e7\u00e3o do cart\u00e3o de Suprimento de Fundos.<\/li>\n<\/ul>\n\n\n\n<p><strong>Se\u00e7\u00e3o de An\u00e1lise e Registro Cont\u00e1bil de Contratos (SARCC):<\/strong><\/p>\n\n\n\n<ul class=\"wp-block-list\">\n<li>Liquidar e contabilizar as despesas com contratos continuados, tais como: vigil\u00e2ncia, limpeza, obras e instala\u00e7\u00f5es, entre outros;<\/li>\n\n\n\n<li>Registrar e controlar os saldos das contas de contratos;<\/li>\n\n\n\n<li>Verificar atestes, empenhos, notas fiscais e demais documenta\u00e7\u00e3o relacionadas a liquida\u00e7\u00e3o da despesa;<\/li>\n\n\n\n<li>Analisar e atestar a formaliza\u00e7\u00e3o da documenta\u00e7\u00e3o processual, regularidade fiscal do fornecedor, aspectos tribut\u00e1rios do documento fiscal;<\/li>\n\n\n\n<li>Registrar e controlar as ap\u00f3lices de seguros e demais garantias referente a contratos;<\/li>\n\n\n\n<li>Contabilizar a libera\u00e7\u00e3o de dep\u00f3sito cau\u00e7\u00e3o referente a contratos;<\/li>\n\n\n\n<li>Registrar as notas fiscais de tomador de servi\u00e7os no sistema da Prefeitura Municipal de Pelotas;<\/li>\n<\/ul>\n\n\n\n<p><strong>Se\u00e7\u00e3o de Pagamentos (SPAG):<\/strong><\/p>\n\n\n\n<ul class=\"wp-block-list\">\n<li>Realizar pagamentos para fornecedores, alunos e servidores inclu\u00eddos no SIAFI;<\/li>\n\n\n\n<li>Conferir a regularidade fiscal e notificar empresas ou \u00f3rg\u00e3os quando necess\u00e1rio;<\/li>\n\n\n\n<li>Liquidar e realizar pagamentos de Conv\u00eanios por meio do SICONV e Di\u00e1rias e passagens por meio do SCDP;<\/li>\n\n\n\n<li>Controle e regulariza\u00e7\u00e3o de ordem banc\u00e1rias canceladas;<\/li>\n\n\n\n<li>Realizar atendimento quanto as informa\u00e7\u00f5es sobre previs\u00e3o de pagamento ou regulariza\u00e7\u00e3o de dados banc\u00e1rios;<\/li>\n\n\n\n<li>Auxiliar na liquida\u00e7\u00e3o e confer\u00eancia da folha de pagamento, atuando na parte financeira;<\/li>\n\n\n\n<li>Oficiar aos bancos a libera\u00e7\u00e3o de valores em contas vinculadas solicitadas pelas empresas terceirizadas e prestar informa\u00e7\u00f5es sobre os saldos dessas contas;<\/li>\n\n\n\n<li>Emitir DARFs Numerados, ordens banc\u00e1rias e demais documentos de pagamento.<\/li>\n<\/ul>\n\n\n\n<p><strong>Se\u00e7\u00e3o de Di\u00e1rias e Passagens (SDP):<\/strong><\/p>\n\n\n\n<ul class=\"wp-block-list\">\n<li>Realizar a gest\u00e3o setorial do Sistema de Concess\u00e3o de Di\u00e1rias e Passagens (SCDP);<\/li>\n\n\n\n<li>Gerenciar usu\u00e1rios (novos cadastros e alterar j\u00e1 existentes), atualizar tabelas b\u00e1sicas (pessoas, cidades, institui\u00e7\u00f5es), inserir mensagens no sistema e solicitar suporte \u00e0 Gest\u00e3o Central;<\/li>\n\n\n\n<li>Assessorar proponentes, autoridade superior e ordenador de despesas no SCDP, verificando se os processos possuem as informa\u00e7\u00f5es e documenta\u00e7\u00f5es corretas em todas as etapas (cadastramento da viagem, emiss\u00e3o de passagens a\u00e9reas, execu\u00e7\u00e3o financeira e presta\u00e7\u00e3o de contas\/devolu\u00e7\u00e3o de valores) e se est\u00e3o de acordo com a legisla\u00e7\u00e3o vigente;<\/li>\n\n\n\n<li>Dar suporte aos usu\u00e1rios do SCDP presencialmente e \u00e0 dist\u00e2ncia, auxiliando-os quanto ao cadastramento de viagens, estimativa dos valores de di\u00e1rias e passagens, emiss\u00f5es de bilhetes a\u00e9reos e devolu\u00e7\u00f5es de valores e presta\u00e7\u00f5es de contas;<\/li>\n\n\n\n<li>Atuar como solicitantes de viagens e passagens no \u00e2mbito da Pr\u00f3-Reitoria Administrativa;<\/li>\n\n\n\n<li>Emitir, refor\u00e7ar e anular empenhos de Di\u00e1rias e Passagens rodovi\u00e1rias no SIAFI, conforme cr\u00e9ditos disponibilizados pela Superintend\u00eancia de Or\u00e7amento e Gest\u00e3o de Recursos &#8211; SOR, al\u00e9m de cadastr\u00e1-los e fazer a atualiza\u00e7\u00e3o dos tetos superior e setorial no SCDP;<\/li>\n\n\n\n<li>Gerenciar e emitir <em>vouchers<\/em> para as emiss\u00f5es e renova\u00e7\u00f5es de certificados digitais pela empresa Digisec, al\u00e9m de atestar notas fiscais da referida empresa, fiscalizando os servi\u00e7os prestados;<\/li>\n\n\n\n<li>Verificar presta\u00e7\u00f5es de contas pendentes no SCDP e cobrar provid\u00eancias;<\/li>\n\n\n\n<li>Emitir relat\u00f3rios de Di\u00e1rias e Passagens, responder quest\u00f5es de auditoria, submeter pareceres e propor solu\u00e7\u00f5es \u00e0 problemas identificados.<\/li>\n<\/ul>\n\n\n\n<p><strong>Se\u00e7\u00e3o Cont\u00e1bil (SCONT):<\/strong><\/p>\n\n\n\n<ul class=\"wp-block-list\">\n<li>Auxiliar na elabora\u00e7\u00e3o das demonstra\u00e7\u00f5es cont\u00e1beis da institui\u00e7\u00e3o no Balan\u00e7o Geral da Uni\u00e3o;<\/li>\n\n\n\n<li>Contabiliza\u00e7\u00e3o de folha de pagamento;<\/li>\n\n\n\n<li>Acompanhar o plano de contas e a verifica\u00e7\u00e3o da contabiliza\u00e7\u00e3o da receita\/despesa;<\/li>\n\n\n\n<li>Auxiliar na execu\u00e7\u00e3o or\u00e7ament\u00e1ria, financeira, patrimonial e de controle;<\/li>\n\n\n\n<li>Verifica\u00e7\u00e3o dos aspectos cont\u00e1beis de processos liquidados e pagos;<\/li>\n\n\n\n<li>Acompanhar as baixas oriundas do SIADS no relat\u00f3rio mensal do almoxarifado (RMA) e executar as devidas concilia\u00e7\u00f5es;<\/li>\n\n\n\n<li>Acompanhar as orienta\u00e7\u00f5es da Setorial Cont\u00e1bil do MEC no que diz respeito a eventuais ajustes ou mudan\u00e7as de crit\u00e9rios cont\u00e1beis;<\/li>\n\n\n\n<li>Emitir empenhos referentes a folha de pagamento da institui\u00e7\u00e3o;<\/li>\n\n\n\n<li>Auxiliar na presta\u00e7\u00e3o de contas anual;<\/li>\n\n\n\n<li>Realizar tarefas e registros cont\u00e1beis, conforme anu\u00eancia da Coordena\u00e7\u00e3o de Finan\u00e7as e Contabilidade (CFC) e do Contador Geral (CONTGER), que \u00e9 o respons\u00e1vel pela Conformidade Cont\u00e1bil, Demonstra\u00e7\u00f5es Cont\u00e1beis e Notas Explicativas;<\/li>\n\n\n\n<li>Acompanhar mensalmente a conformidade cont\u00e1bil registrada pelo Contador Respons\u00e1vel (CONTGER) pelo \u00d3rg\u00e3o;<\/li>\n\n\n\n<li>Atualiza\u00e7\u00e3o da p\u00e1gina da CFC (Portal UFPel.edu.br) e de Rol de Respons\u00e1veis no SIAFI;<\/li>\n\n\n\n<li>Auxiliar na concilia\u00e7\u00e3o e acompanhamento de diversas contas or\u00e7ament\u00e1rias, financeiras, patrimoniais e de controle no balancete;<\/li>\n\n\n\n<li>Regulariza\u00e7\u00e3o de saldos indevidos em contas espec\u00edficas, bem como realizar contato com os respectivos setores para elucida\u00e7\u00e3o das situa\u00e7\u00f5es a fim de se realizar os devidos lan\u00e7amentos de ajustes;<\/li>\n\n\n\n<li>Auxiliar na classifica\u00e7\u00e3o or\u00e7ament\u00e1ria da receita e da despesa;<\/li>\n\n\n\n<li>Contabilizar as entradas e sa\u00eddas conforme solicita\u00e7\u00f5es oriundas do N\u00facleo de Patrim\u00f4nio e do relat\u00f3rio mensal de bens (RMB), realizando-se as devidas concilia\u00e7\u00f5es entre o sistema patrimonial da institui\u00e7\u00e3o e o SIAFI.<\/li>\n<\/ul>\n","protected":false},"excerpt":{"rendered":"<p>A&nbsp;COORDENA\u00c7\u00c3O DE FINAN\u00c7AS E CONTABILIDADE (CFC)&nbsp;juntamente com a&nbsp;CONTADORIA GERAL&nbsp;(CONTGER)&nbsp;tem como finalidade efetuar as atividades necess\u00e1rias para o controle, execu\u00e7\u00e3o&nbsp; e acompanhamento das despesas da UFPel, mantendo os devidos registros cont\u00e1beis de forma a refletirem os atos e fatos ocorridos na institui\u00e7\u00e3o, garantindo a execu\u00e7\u00e3o financeira da despesa com transpar\u00eancia e observ\u00e2ncia dos Princ\u00edpios Cont\u00e1beis e [&hellip;]<\/p>\n","protected":false},"author":1122,"featured_media":0,"parent":0,"menu_order":0,"comment_status":"closed","ping_status":"closed","template":"","meta":{"footnotes":""},"class_list":["post-42","page","type-page","status-publish","hentry"],"_links":{"self":[{"href":"https:\/\/wp.ufpel.edu.br\/cfc\/wp-json\/wp\/v2\/pages\/42","targetHints":{"allow":["GET"]}}],"collection":[{"href":"https:\/\/wp.ufpel.edu.br\/cfc\/wp-json\/wp\/v2\/pages"}],"about":[{"href":"https:\/\/wp.ufpel.edu.br\/cfc\/wp-json\/wp\/v2\/types\/page"}],"author":[{"embeddable":true,"href":"https:\/\/wp.ufpel.edu.br\/cfc\/wp-json\/wp\/v2\/users\/1122"}],"replies":[{"embeddable":true,"href":"https:\/\/wp.ufpel.edu.br\/cfc\/wp-json\/wp\/v2\/comments?post=42"}],"version-history":[{"count":34,"href":"https:\/\/wp.ufpel.edu.br\/cfc\/wp-json\/wp\/v2\/pages\/42\/revisions"}],"predecessor-version":[{"id":875,"href":"https:\/\/wp.ufpel.edu.br\/cfc\/wp-json\/wp\/v2\/pages\/42\/revisions\/875"}],"wp:attachment":[{"href":"https:\/\/wp.ufpel.edu.br\/cfc\/wp-json\/wp\/v2\/media?parent=42"}],"curies":[{"name":"wp","href":"https:\/\/api.w.org\/{rel}","templated":true}]}}