{"id":1120,"date":"2026-04-28T15:27:18","date_gmt":"2026-04-28T18:27:18","guid":{"rendered":"https:\/\/wp.ufpel.edu.br\/cfc\/?page_id=1120"},"modified":"2026-04-28T16:07:29","modified_gmt":"2026-04-28T19:07:29","slug":"novos-procedimentos-para-emitir-gru","status":"publish","type":"page","link":"https:\/\/wp.ufpel.edu.br\/cfc\/novos-procedimentos-para-emitir-gru\/","title":{"rendered":"Novos procedimentos para emiss\u00e3o de GRU"},"content":{"rendered":"\n<p>Para emiss\u00e3o de GRU deve-se entrar no link <a href=\"https:\/\/pagtesouro.tesouro.gov.br\/portal-gru\/#\/pagamento-gru\">https:\/\/pagtesouro.tesouro.gov.br\/portal-gru\/#\/pagamento-gru<\/a>. <\/p>\n\n\n\n<p>Dever\u00e3o ser utilizados os seguintes dados: <\/p>\n\n\n\n<p><strong>\u00d3rg\u00e3o Arrecadador: 26278<\/strong><\/p>\n\n\n\n<p><strong>Unidade Gestora Arrecadadora (UG): 154047<\/strong><\/p>\n\n\n\n<p>A partir de 3 de abril de 2026 a emiss\u00e3o de GRU Simples pela p\u00e1gina do Tesouro Nacional somente ser\u00e1 poss\u00edvel mediante a utiliza\u00e7\u00e3o dos novos c\u00f3digos de servi\u00e7os, vinculados aos c\u00f3digos de recolhimento j\u00e1 existentes. A Coordena\u00e7\u00e3o de Finan\u00e7as e Contabilidade da UFPel realizou o cadastro dos servi\u00e7os correspondentes para cada c\u00f3digo de recolhimento j\u00e1 utilizado pela Unidade Gestora Arrecadadora 154047, conforme tabela de correspond\u00eancia (<strong>DE\u2192PARA<\/strong>) apresentada abaixo:<\/p>\n\n\n\n<p><strong>DE\u2192PARA \u2013 C\u00d3DIGO DE RECOLHIMENTO<strong>\u2192<\/strong>C\u00d3DIGO DE SERVI\u00c7O<\/strong><\/p>\n\n\n\n<p>28832 \u2192 12485 \u2013 SERVI\u00c7OS EDUCACIONAIS &#8211; MULTAS<\/p>\n\n\n\n<p>28830 \u2192 12486 \u2013 TAXAS ACAD\u00caMICAS DRA<\/p>\n\n\n\n<p>28883 \u2192 21444 \u2013 TAXA VESTIBULAR<\/p>\n\n\n\n<p>28900 \u2192 25907 \u2013 TAXA INSCRI\u00c7\u00c3O VESTIBULAR<\/p>\n\n\n\n<p>28811 \u2192 29604 \u2013 RECEITA PRODU\u00c7\u00c3O VEGETAL<\/p>\n\n\n\n<p>28802 \u2192 30025 \u2013 ALUGU\u00c9IS<\/p>\n\n\n\n<p>28961 \u2192 30026 \u2013 TAXA OCUPA\u00c7\u00c3O IM\u00d3VEIS<\/p>\n\n\n\n<p>28927 \u2192 30029 \u2013 TAXA REGISTRO DE DIPLOMAS<\/p>\n\n\n\n<p>28830 \u2192 30031 \u2013 SERVI\u00c7OS ADMINISTRATIVOS<\/p>\n\n\n\n<p>28911 \u2192 30033 \u2013 SERVI\u00c7OS EDUCACIONAIS<\/p>\n\n\n\n<p>28832 \u2192 30038 \u2013 SERVI\u00c7OS EDUCACIONAIS &#8211; BIBLIOTECA<\/p>\n\n\n\n<p>28818 \u2192 30044 \u2013 SERVI\u00c7OS COM\u00c9RCIO LIVROS\/MATERIAL DID\u00c1TICO<\/p>\n\n\n\n<p>28838 \u2192 30047 \u2013 REVALIDA\u00c7\u00c3O DE DIPLOMA<\/p>\n\n\n\n<p>28900 \u2192 30053 \u2013 TAXA DE INSCRI\u00c7\u00c3O DE VESTIBULAR<\/p>\n\n\n\n<p>28883 \u2192 30055 \u2013 TAXA INSCRI\u00c7\u00c3O EM CONCURSO<\/p>\n\n\n\n<p>28831 \u2192 30057 \u2013 SERVI\u00c7O DE INSPE\u00c7\u00c3O E FISCALIZA\u00c7\u00c3O<\/p>\n\n\n\n<p>28845 \u2192 30059 \u2013 TRANSF. CONV\u00caNIO ESTADOS\/DF E ENTIDADES<\/p>\n\n\n\n<p>28882 \u2192 30060 \u2013 TRANSF. CONV\u00caNIO MUNIC\u00cdPIOS E ENTIDADES<\/p>\n\n\n\n<p>28867 \u2192 30063 \u2013 MULTAS E JUROS PREVISTAS EM CONTRATOS<\/p>\n\n\n\n<p>18870 \u2192 30066 \u2013 RECUP DESP PRIM\u00c1RIA &#8211; EXE ANTER &#8211; FTE 012<\/p>\n\n\n\n<p>18928 \u2192 30068 \u2013 RECUP DESP PRIM EXE ANTER &#8211; FTE 056<\/p>\n\n\n\n<p>28881 \u2192 30072 \u2013 RECUP DESP PRIM\u00c1RIA &#8211; FONTE PR\u00d3PRIA<\/p>\n\n\n\n<p>18891 \u2192 30073 \u2013 RECUP DESP PRIM EXE ANTER &#8211; FONTE 100<\/p>\n\n\n\n<p>128852 \u2192 30074 \u2013 OUTRAS RESTITUI\u00c7\u00d5ES<\/p>\n\n\n\n<p>28955 \u2192 30076 \u2013 OUTROS RESSARCIMENTOS<\/p>\n\n\n\n<p>28965 \u2192 30078 \u2013 ALIENA\u00c7\u00c3O DE VE\u00cdCULOS<\/p>\n\n\n\n<p>28966 \u2192 30080 \u2013 ALIENA\u00c7\u00c3O DE M\u00d3VEIS E UTENS\u00cdLIOS<\/p>\n\n\n\n<p>18806 \u2192 30082 \u2013 RECUP DESP PRIM EXE ANTER FONTE 000<\/p>\n\n\n\n<p>18818 \u2192 30083 \u2013 STN &#8211; OUTRAS RESTITUI\u00c7\u00d5ES &#8211; DED FOLHA<\/p>\n\n\n\n<p>18821 \u2192 30086 \u2013 STN &#8211; OUTRAS INDENIZA\u00c7\u00d5ES &#8211; DED FOLHA<\/p>\n\n\n\n<p>18822 \u2192 30087 \u2013 STN &#8211; OUTRAS RECEITAS<\/p>\n\n\n\n<p>18836 \u2192 30089 \u2013 STN &#8211; REST REC CONV\u00caNIO EXE ANTERIOR<\/p>\n\n\n\n<p>18856 \u2192 30090 \u2013 STN &#8211; OUTROS RESSARCIMENTOS<\/p>\n\n\n\n<p>18859 \u2192 30091 \u2013 STN &#8211; OUTRAS RESTITUI\u00c7\u00d5ES<\/p>\n\n\n\n<p>18870 \u2192 30092 \u2013 RECUP DESP PRIM\u00c1RIA EXERC. ANTERIORES FTE 012<\/p>\n\n\n\n<p>18888 \u2192 30093 \u2013 STN RESTIT REC CONV\u00caNIO EXERC. ANT.<\/p>\n\n\n\n<p>18910 \u2192 30094 \u2013 RECUP DESP PRIM\u00c1RIA EXERC. ANTERIORES FTE 101<\/p>\n\n\n\n<p>418921 \u2192 30095 \u2013 RECUP DESP PRIM\u00c1RIA EXERC. ANTERIORES FTE 444<\/p>\n\n\n\n<p>18928 \u2192 30096 \u2013 RECUP DESP PRIM\u00c1RIA EXERC. ANTERIORES FTE 056<\/p>\n\n\n\n<p>28812 \u2192 30097 \u2013 RECEITA DA PRODU\u00c7\u00c3O ANIMAL E DERIVADOS<\/p>\n\n\n\n<p>28841 \u2192 30099 \u2013 TRANSF. INSTIT. PRIVADAS COM FINS LUCRATIVOS<\/p>\n\n\n\n<p>28846 \u2192 30100 \u2013 TRANSF. CONV. INST. PRIVADAS C\/ FINS LUCRATIVOS<\/p>\n\n\n\n<p>28849 \u2192 30101 \u2013 INDENIZ. DANOS AO PATRIM\u00d4NIO P\u00daBLICO<\/p>\n\n\n\n<p>28853 \u2192 30102 \u2013 TRANSF. CONV. INST. PRIVADAS S\/ FINS LUCRATIVOS<\/p>\n\n\n\n<p>28863 \u2192 30103 \u2013 TRANSF. REC. CAPITAL UNI\u00c3O E ENTIDADES<\/p>\n\n\n\n<p>28886 \u2192 30104 \u2013 OUTRAS RECEITAS PR\u00d3PRIAS<\/p>\n\n\n\n<p>28893 \u2192 30105 \u2013 RECEITA DECORRENTE DE INDENIZA\u00c7\u00c3O DE SEGUROS<\/p>\n\n\n\n<p>68801 \u2192 30106 \u2013 DEVOL. CR\u00c9D. FOLHA PAGTOS<\/p>\n\n\n\n<p>68802 \u2192 30108 \u2013 DEVOL. DI\u00c1RIAS &#8211; EXERC\u00cdCIO<\/p>\n\n\n\n<p>68808 \u2192 30109 \u2013 DEVOL. SUPRIMENTO FUNDOS &#8211; EXERC\u00cdCIO<\/p>\n\n\n\n<p>68817 \u2192 30110 \u2013 RESSARCIMENTO DE PESSOAL CEDIDO<\/p>\n\n\n\n<p>68888 \u2192 30111 \u2013 ANULA\u00c7\u00c3O DE DESPESA NO EXERC\u00cdCIO<\/p>\n\n\n\n<hr class=\"wp-block-separator has-alpha-channel-opacity\"\/>\n\n\n\n<div class=\"wp-block-file\"><a id=\"wp-block-file--media-32f8464c-25c2-4911-b91f-3a9b52d26bfa\" href=\"https:\/\/wp.ufpel.edu.br\/cfc\/files\/2026\/04\/SEI_3748384_Memorando_Circular_1.pdf\" target=\"_blank\" rel=\"noreferrer noopener\"><strong>Memorando-Circular n\u00ba 1\/2026\/CFC\/PRA\/REITORIA<\/strong><\/a><\/div>\n\n\n\n<p><\/p>\n\n\n\n<div class=\"wp-block-file\"><a id=\"wp-block-file--media-8f59552f-d26d-490f-bdf7-1ac26b5cde2d\" href=\"https:\/\/wp.ufpel.edu.br\/cfc\/files\/2026\/04\/mensagem_2026_3338318__1_.pdf\" target=\"_blank\" rel=\"noreferrer noopener\"><strong>Mensagem SIAFI 2026\/3338318 Descontinuidade da p\u00e1gina de emiss\u00e3o de GRU Simples e Judicial<\/strong><\/a><\/div>\n\n\n\n<p><\/p>\n","protected":false},"excerpt":{"rendered":"<p>Para emiss\u00e3o de GRU deve-se entrar no link https:\/\/pagtesouro.tesouro.gov.br\/portal-gru\/#\/pagamento-gru. Dever\u00e3o ser utilizados os seguintes dados: \u00d3rg\u00e3o Arrecadador: 26278 Unidade Gestora Arrecadadora (UG): 154047 A partir de 3 de abril de 2026 a emiss\u00e3o de GRU Simples pela p\u00e1gina do Tesouro Nacional somente ser\u00e1 poss\u00edvel mediante a utiliza\u00e7\u00e3o dos novos c\u00f3digos de servi\u00e7os, vinculados aos c\u00f3digos [&hellip;]<\/p>\n","protected":false},"author":1122,"featured_media":0,"parent":0,"menu_order":0,"comment_status":"closed","ping_status":"closed","template":"","meta":{"footnotes":""},"class_list":["post-1120","page","type-page","status-publish","hentry"],"_links":{"self":[{"href":"https:\/\/wp.ufpel.edu.br\/cfc\/wp-json\/wp\/v2\/pages\/1120","targetHints":{"allow":["GET"]}}],"collection":[{"href":"https:\/\/wp.ufpel.edu.br\/cfc\/wp-json\/wp\/v2\/pages"}],"about":[{"href":"https:\/\/wp.ufpel.edu.br\/cfc\/wp-json\/wp\/v2\/types\/page"}],"author":[{"embeddable":true,"href":"https:\/\/wp.ufpel.edu.br\/cfc\/wp-json\/wp\/v2\/users\/1122"}],"replies":[{"embeddable":true,"href":"https:\/\/wp.ufpel.edu.br\/cfc\/wp-json\/wp\/v2\/comments?post=1120"}],"version-history":[{"count":4,"href":"https:\/\/wp.ufpel.edu.br\/cfc\/wp-json\/wp\/v2\/pages\/1120\/revisions"}],"predecessor-version":[{"id":1152,"href":"https:\/\/wp.ufpel.edu.br\/cfc\/wp-json\/wp\/v2\/pages\/1120\/revisions\/1152"}],"wp:attachment":[{"href":"https:\/\/wp.ufpel.edu.br\/cfc\/wp-json\/wp\/v2\/media?parent=1120"}],"curies":[{"name":"wp","href":"https:\/\/api.w.org\/{rel}","templated":true}]}}