{"id":1066,"date":"2026-02-26T16:10:28","date_gmt":"2026-02-26T19:10:28","guid":{"rendered":"https:\/\/wp.ufpel.edu.br\/cfc\/?page_id=1066"},"modified":"2026-02-27T14:35:54","modified_gmt":"2026-02-27T17:35:54","slug":"consulta-certidoes","status":"publish","type":"page","link":"https:\/\/wp.ufpel.edu.br\/cfc\/consulta-certidoes\/","title":{"rendered":"Consultar Certid\u00f5es"},"content":{"rendered":"\n<p><strong>CNPJ da Universidade Federal de Pelotas &#8211; UFPEL:<\/strong> 92.242.080\/0001-00<\/p>\n\n\n\n<p><strong>CNPJ do Hospital Escola da Universidade Federal de Pelotas: &#8211; HE:<\/strong> 92.242,080\/0002-90<\/p>\n\n\n<style>.wp-block-kadence-spacer.kt-block-spacer-1066_c465f5-56 .kt-block-spacer{height:60px;}.wp-block-kadence-spacer.kt-block-spacer-1066_c465f5-56 .kt-divider{border-top-width:1px;height:1px;border-top-color:#0054ff;width:80%;border-top-style:solid;}<\/style>\n<div class=\"wp-block-kadence-spacer aligncenter kt-block-spacer-1066_c465f5-56\"><div class=\"kt-block-spacer kt-block-spacer-halign-center\"><hr class=\"kt-divider\"\/><\/div><\/div>\n\n\n\n<p><strong>Certid\u00e3o de Regularidade Fiscal da Receita Federal do Brasil:<\/strong><\/p>\n\n\n\n<p><a href=\"https:\/\/servicos.receitafederal.gov.br\/servico\/certidoes\/#\/home\/cnpj\">https:\/\/servicos.receitafederal.gov.br\/servico\/certidoes\/#\/home\/cnpj<\/a><\/p>\n\n\n\n<p><strong>Emitir Certid\u00e3o de Situa\u00e7\u00e3o Fiscal do Governo do Estado do Rio Grande do Sul:<\/strong><\/p>\n\n\n\n<p><a href=\"https:\/\/www.sefaz.rs.gov.br\/sat\/CertidaoSitFiscalSolic.aspx\">https:\/\/www.sefaz.rs.gov.br\/sat\/CertidaoSitFiscalSolic.aspx<\/a><\/p>\n\n\n\n<p><strong>Certid\u00e3o Negativa de D\u00e9bitos da Prefeitura Municipal de Pelotas:<\/strong><\/p>\n\n\n\n<p><a href=\"http:\/\/processos2.pelotas.rs.gov.br\/?cert=\">http:\/\/processos2.pelotas.rs.gov.br\/?cert=<\/a><\/p>\n\n\n\n<p><strong>Certid\u00e3o Negativa de D\u00e9bitos da Prefeitura Municipal de Porto Alegre:<\/strong><\/p>\n\n\n\n<p><a href=\"https:\/\/siat.procempa.com.br\/siat\/ArrSolicitarCertidaoGeralDebTributarios_Internet.do\">https:\/\/siat.procempa.com.br\/siat\/ArrSolicitarCertidaoGeralDebTributarios_Internet.do<\/a><\/p>\n\n\n\n<p><strong>Certid\u00e3o Negativa de D\u00e9bitos Trabalhistas:<\/strong><\/p>\n\n\n\n<p><a href=\"https:\/\/cndt-certidao.tst.jus.br\/inicio.faces\">https:\/\/cndt-certidao.tst.jus.br\/inicio.faces<\/a><\/p>\n\n\n\n<p><strong>Consulta Regularidade do Empregador com o Fundo de Garantia por Tempo de Servi\u00e7o &#8211; FGTS &#8211; CRF:<\/strong><\/p>\n\n\n\n<p><a href=\"https:\/\/consulta-crf.caixa.gov.br\/consultacrf\/pages\/consultaEmpregador.jsf\">https:\/\/consulta-crf.caixa.gov.br\/consultacrf\/pages\/consultaEmpregador.jsf<\/a><\/p>\n\n\n\n<p><strong>Cadastro Nacional de Condena\u00e7\u00f5es C\u00edveis por Ato de Improbidade Administrativa e Inelegibilidade:<\/strong><\/p>\n\n\n\n<p><a href=\"https:\/\/www.cnj.jus.br\/improbidade_adm\/consultar_requerido.php?validar=form\">https:\/\/www.cnj.jus.br\/improbidade_adm\/consultar_requerido.php?validar=form<\/a><\/p>\n\n\n\n<p><strong>Cadastro Nacional de Empresas Inid\u00f4neas e Suspensas &#8211; CEIS:<\/strong><\/p>\n\n\n\n<p><a href=\"https:\/\/portaldatransparencia.gov.br\/sancoes\/consulta?cadastro=1&amp;ordenarPor=nomeSancionado&amp;direcao=asc\">https:\/\/portaldatransparencia.gov.br\/sancoes\/consulta?cadastro=1&amp;ordenarPor=nomeSancionado&amp;direcao=asc<\/a><\/p>\n\n\n\n<p><strong>Cadastro Informativo de Cr\u00e9ditos N\u00e3o Quitados do Setor P\u00fablico Federal &#8211; CADIN:<\/strong><\/p>\n\n\n\n<p><a href=\"https:\/\/cadin.pgfn.gov.br\/#\/home\">https:\/\/cadin.pgfn.gov.br\/#\/home<\/a><\/p>\n\n\n\n<p><strong>Cadastro de Fornecedores Impedidos de Licitar e Contratar com a Administra\u00e7\u00e3o P\u00fablica Estadual &#8211; CFIL\/RS:<\/strong><\/p>\n\n\n\n<p><a href=\"https:\/\/cadin.sefaz.rs.gov.br\">https:\/\/cadin.sefaz.rs.gov.br<\/a><\/p>\n\n\n\n<p><strong>Cadastro Informativo das Pend\u00eancias perante \u00d3rg\u00e3os e Entidades da Administra\u00e7\u00e3o P\u00fablica Estadual &#8211; CADIN\/RS:<\/strong><\/p>\n\n\n\n<p><a href=\"https:\/\/cadin.sefaz.rs.gov.br\">https:\/\/cadin.sefaz.rs.gov.br<\/a><\/p>\n\n\n\n<p><strong>Certid\u00e3o Negativa de feitos sobre fal\u00eancia &#8211; Tribunal de Justi\u00e7a do Rio Grande do Sul:<\/strong><\/p>\n\n\n\n<p><a href=\"https:\/\/www.tjrs.jus.br\/novo\/processos-e-servicos\/servicos-processuais\/emissao-de-antecedentes-e-certidoes\">https:\/\/www.tjrs.jus.br\/novo\/processos-e-servicos\/servicos-processuais\/emissao-de-antecedentes-e-certidoes<\/a><\/p>\n\n\n\n<p><strong>Certid\u00e3o Consolidada do Tribunal de Contas da Uni\u00e3o:<\/strong><\/p>\n\n\n\n<p><a href=\"https:\/\/certidoes-apf.apps.tcu.gov.br\">https:\/\/certidoes-apf.apps.tcu.gov.br<\/a><\/p>\n\n\n\n<p><strong>Certid\u00f5es da Controladoria-Geral a Uni\u00e3o:<\/strong><\/p>\n\n\n\n<p><a href=\"https:\/\/certidoes.cgu.gov.br\">https:\/\/certidoes.cgu.gov.br<\/a><\/p>\n\n\n\n<p><a href=\"\"><\/a><\/p>\n\n\n\n<p><br><\/p>\n","protected":false},"excerpt":{"rendered":"<p>CNPJ da Universidade Federal de Pelotas &#8211; UFPEL: 92.242.080\/0001-00 CNPJ do Hospital Escola da Universidade Federal de Pelotas: &#8211; HE: 92.242,080\/0002-90 Certid\u00e3o de Regularidade Fiscal da Receita Federal do Brasil: https:\/\/servicos.receitafederal.gov.br\/servico\/certidoes\/#\/home\/cnpj Emitir Certid\u00e3o de Situa\u00e7\u00e3o Fiscal do Governo do Estado do Rio Grande do Sul: https:\/\/www.sefaz.rs.gov.br\/sat\/CertidaoSitFiscalSolic.aspx Certid\u00e3o Negativa de D\u00e9bitos da Prefeitura Municipal de Pelotas: [&hellip;]<\/p>\n","protected":false},"author":1122,"featured_media":0,"parent":0,"menu_order":0,"comment_status":"closed","ping_status":"closed","template":"","meta":{"footnotes":""},"class_list":["post-1066","page","type-page","status-publish","hentry"],"_links":{"self":[{"href":"https:\/\/wp.ufpel.edu.br\/cfc\/wp-json\/wp\/v2\/pages\/1066","targetHints":{"allow":["GET"]}}],"collection":[{"href":"https:\/\/wp.ufpel.edu.br\/cfc\/wp-json\/wp\/v2\/pages"}],"about":[{"href":"https:\/\/wp.ufpel.edu.br\/cfc\/wp-json\/wp\/v2\/types\/page"}],"author":[{"embeddable":true,"href":"https:\/\/wp.ufpel.edu.br\/cfc\/wp-json\/wp\/v2\/users\/1122"}],"replies":[{"embeddable":true,"href":"https:\/\/wp.ufpel.edu.br\/cfc\/wp-json\/wp\/v2\/comments?post=1066"}],"version-history":[{"count":3,"href":"https:\/\/wp.ufpel.edu.br\/cfc\/wp-json\/wp\/v2\/pages\/1066\/revisions"}],"predecessor-version":[{"id":1097,"href":"https:\/\/wp.ufpel.edu.br\/cfc\/wp-json\/wp\/v2\/pages\/1066\/revisions\/1097"}],"wp:attachment":[{"href":"https:\/\/wp.ufpel.edu.br\/cfc\/wp-json\/wp\/v2\/media?parent=1066"}],"curies":[{"name":"wp","href":"https:\/\/api.w.org\/{rel}","templated":true}]}}