{"id":478,"date":"2019-09-24T09:42:45","date_gmt":"2019-09-24T12:42:45","guid":{"rendered":"https:\/\/wp.ufpel.edu.br\/ceea\/?page_id=478"},"modified":"2022-03-11T09:58:06","modified_gmt":"2022-03-11T12:58:06","slug":"links","status":"publish","type":"page","link":"https:\/\/wp.ufpel.edu.br\/ceua\/links\/","title":{"rendered":"Links"},"content":{"rendered":"<p>Abaixo seguem links de p\u00e1ginas que podem auxiliar na elabora\u00e7\u00e3o do seu projeto, priorizando os 3R\u00b4s da experimenta\u00e7\u00e3o animal. Neles \u00e9 poss\u00edvel acessar c\u00e1lculos, desenhos experimentais, legisla\u00e7\u00e3o vigente, entre outros..<\/p>\n<p><a href=\"https:\/\/www.mctic.gov.br\/mctic\/opencms\/institucional\/concea\/\" target=\"_blank\" rel=\"noopener noreferrer\">CONCEA<\/a><\/p>\n<p>&nbsp;<\/p>\n<p><a href=\"https:\/\/www.sbcal.org.br\/\">Sociedade Brasileira de Ci\u00eancia em Animais de Laborat\u00f3rio (SBCAL)<\/a><\/p>\n<p>&nbsp;<\/p>\n<p><a href=\"https:\/\/www.cfmv.gov.br\/bem-estar-animal-8\/comissoes\/2020\/07\/14\/\">Comiss\u00e3o Nacional de Bem-Estar Animal (COBEA)<\/a><\/p>\n<p>&nbsp;<\/p>\n<p><a href=\"https:\/\/www.aaalac.org\/\">AAALAC International &#8211; Association for Assessment and Accreditation of Laboratory Animal Care<\/a><\/p>\n<p>&nbsp;<\/p>\n<p>&nbsp;<\/p>\n<p>&nbsp;<\/p>\n","protected":false},"excerpt":{"rendered":"<p>Abaixo seguem links de p\u00e1ginas que podem auxiliar na elabora\u00e7\u00e3o do seu projeto, priorizando os 3R\u00b4s da experimenta\u00e7\u00e3o animal. Neles \u00e9 poss\u00edvel acessar c\u00e1lculos, desenhos experimentais, legisla\u00e7\u00e3o vigente, entre outros.. CONCEA &nbsp; Sociedade Brasileira de Ci\u00eancia em Animais de Laborat\u00f3rio (SBCAL) &nbsp; Comiss\u00e3o Nacional de Bem-Estar Animal (COBEA) &nbsp; AAALAC International &#8211; Association for Assessment [&hellip;]<\/p>\n","protected":false},"author":2,"featured_media":0,"parent":0,"menu_order":0,"comment_status":"closed","ping_status":"closed","template":"","meta":{"footnotes":""},"class_list":["post-478","page","type-page","status-publish","hentry"],"_links":{"self":[{"href":"https:\/\/wp.ufpel.edu.br\/ceua\/wp-json\/wp\/v2\/pages\/478","targetHints":{"allow":["GET"]}}],"collection":[{"href":"https:\/\/wp.ufpel.edu.br\/ceua\/wp-json\/wp\/v2\/pages"}],"about":[{"href":"https:\/\/wp.ufpel.edu.br\/ceua\/wp-json\/wp\/v2\/types\/page"}],"author":[{"embeddable":true,"href":"https:\/\/wp.ufpel.edu.br\/ceua\/wp-json\/wp\/v2\/users\/2"}],"replies":[{"embeddable":true,"href":"https:\/\/wp.ufpel.edu.br\/ceua\/wp-json\/wp\/v2\/comments?post=478"}],"version-history":[{"count":6,"href":"https:\/\/wp.ufpel.edu.br\/ceua\/wp-json\/wp\/v2\/pages\/478\/revisions"}],"predecessor-version":[{"id":656,"href":"https:\/\/wp.ufpel.edu.br\/ceua\/wp-json\/wp\/v2\/pages\/478\/revisions\/656"}],"wp:attachment":[{"href":"https:\/\/wp.ufpel.edu.br\/ceua\/wp-json\/wp\/v2\/media?parent=478"}],"curies":[{"name":"wp","href":"https:\/\/api.w.org\/{rel}","templated":true}]}}