{"id":301,"date":"2015-08-24T09:54:05","date_gmt":"2015-08-24T12:54:05","guid":{"rendered":"https:\/\/wp.ufpel.edu.br\/ceea\/?page_id=301"},"modified":"2022-03-11T09:35:22","modified_gmt":"2022-03-11T12:35:22","slug":"como-submeter-um-projeto","status":"publish","type":"page","link":"https:\/\/wp.ufpel.edu.br\/ceua\/como-submeter-um-projeto\/","title":{"rendered":"Como submeter um projeto?"},"content":{"rendered":"<p><strong>COMO SUBMETER UM PROJETO?<a href=\"https:\/\/wp.ufpel.edu.br\/ceea\/files\/2022\/03\/Logo-CEUA-e1646850081345.png\"><img class=\"alignnone size-medium wp-image-603\" src=\"https:\/\/wp.ufpel.edu.br\/ceea\/files\/2022\/03\/Logo-CEUA-400x236.png\" alt=\"\" width=\"400\" height=\"236\" \/><\/a><\/strong><\/p>\n<p style=\"text-align: justify\">A tramita\u00e7\u00e3o dos processos \u00e9 toda atrav\u00e9s do <strong>sistema SEI<\/strong>!<\/p>\n<p style=\"text-align: justify\">O <strong>Formul\u00e1rio Unificado<\/strong> dever\u00e1 ser <u>preenchido fora do sistema SEI<\/u>, salvo no formato .pdf e anexado ao processo gerado no sistema SEI como um documento externo. Os demais documentos necess\u00e1rios para aprecia\u00e7\u00e3o e avalia\u00e7\u00e3o pela CEUA dever\u00e3o ser inseridos ao processo.<\/p>\n<p style=\"text-align: justify\"><strong>IMPORTANTE:<\/strong> A formata\u00e7\u00e3o do Formul\u00e1rio Unificado n\u00e3o poder\u00e1 ser modificada e todos os itens dever\u00e3o ser preenchidos. No momento do preenchimento, o <strong>texto destacado em vermelho<\/strong> com as instru\u00e7\u00f5es do formul\u00e1rio dever\u00e1 ser <strong>deletado<\/strong>.<\/p>\n<p style=\"text-align: justify\">Lista dos documentos necess\u00e1rios para submiss\u00e3o dos projetos:<\/p>\n<ol style=\"text-align: justify\">\n<li><strong><u>Formul\u00e1rio Unificado<\/u><\/strong><br \/>\n\u2013 Existem dois modelos de Formul\u00e1rio Unificado, destinados para projetos de ensino ou de pesquisa. O pesquisador dever\u00e1 preencher e anexar ao processo o de formato adequado ao \u00e2mbito de seu projeto proposto.<\/li>\n<\/ol>\n<ol style=\"text-align: justify\" start=\"2\">\n<li><strong><u>Memorando solicitando avalia\u00e7\u00e3o pela CEUA<\/u><\/strong><br \/>\n\u2013 Neste memorando dever\u00e1 constar o t\u00edtulo do projeto e o nome do pesquisador respons\u00e1vel pela proposta, e dever\u00e1 ser assinado pelo solicitante.<\/li>\n<\/ol>\n<ol style=\"text-align: justify\" start=\"3\">\n<li><strong><u>Memorando de ci\u00eancia e concord\u00e2ncia do M\u00e9dico Veterin\u00e1rio<\/u><\/strong><\/li>\n<\/ol>\n<p style=\"text-align: justify\">&#8211; O M\u00e9dico Veterin\u00e1rio dever\u00e1 emitir um documento de ci\u00eancia do projeto e concord\u00e2ncia de sua participa\u00e7\u00e3o.<\/p>\n<p style=\"text-align: justify\">\u00a0\u2013 Neste memorando dever\u00e1 constar o t\u00edtulo do projeto, o nome do coordenador da proposta e ser assinado pelo M\u00e9dico Veterin\u00e1rio indicado como respons\u00e1vel no formul\u00e1rio.<\/p>\n<p style=\"text-align: justify\">&#8211; Profissionais vinculados \u00e0 UFPel poder\u00e3o colocar na forma de Memorando no processo SEI e profissionais externos poder\u00e3o emitir o documento, digitaliz\u00e1-lo e ser inserido ao processo como documento externo.<\/p>\n<ol style=\"text-align: justify\" start=\"4\">\n<li><strong><u>TERMO DE CONSENTIMENTO LIVRE E ESCLARECIDO (TCLE)<\/u><\/strong><\/li>\n<\/ol>\n<p style=\"text-align: justify\">\u2013 Existem dois modelos de TCLE, o chamado \u201cTCLE Interno\u201d para animais pertencentes \u00e0 UFPel e que estiverem alojados em Biot\u00e9rio Institucional cadastrado no CONCEA; e o \u201cTCLE Externo\u201d para os projetos que utilizem animais provenientes de outros estabelecimentos. O TCLE dever\u00e1 ser devidamente preenchido e assinado, pelo pesquisador respons\u00e1vel e pelo representante da institui\u00e7\u00e3o cedente dos animais. O documento do TCLE dever\u00e1 ser inserido pelo SEI quando os animais s\u00e3o provenientes da UFPel, e no caso dos animais serem provenientes de institui\u00e7\u00e3o cedente externa o documento dever\u00e1 ser anexado como um documento externo.<\/p>\n<p style=\"text-align: justify\">Os documentos est\u00e3o dispon\u00edveis na se\u00e7\u00e3o de downloads deste site.\u00a0<a href=\"https:\/\/wp.ufpel.edu.br\/ceua\/downloads\/\">https:\/\/wp.ufpel.edu.br\/ceua\/downloads\/<\/a><\/p>\n<p style=\"text-align: justify\">Os projetos a serem avaliados devem ser submetidos at\u00e9 o \u00faltimo dia do m\u00eas corrente para avalia\u00e7\u00e3o na reuni\u00e3o do m\u00eas posterior. A CEUA far\u00e1 ao menos uma reuni\u00e3o na primeira quinzena mensal.<\/p>\n<p style=\"text-align: justify\">Processos submetidos ap\u00f3s este prazo (novos ou corre\u00e7\u00f5es), ser\u00e3o avaliados na reuni\u00e3o do m\u00eas seguinte.<\/p>\n<p style=\"text-align: justify\"><strong>IMPORTANTE:<\/strong> Quando for submeter a documenta\u00e7\u00e3o em retorno a uma solicita\u00e7\u00e3o da CEUA, dever\u00e3o ser destacados os pontos modificados no formul\u00e1rio unificado e no memorando dever\u00e1 constar o detalhamento das modifica\u00e7\u00f5es e as justificativas plaus\u00edveis.<\/p>\n<p>&nbsp;<\/p>\n<p><strong>Novo Formul\u00e1rio Unificado:<\/strong><\/p>\n<ul>\n<li style=\"text-align: justify\"><a href=\"https:\/\/wp.ufpel.edu.br\/ceua\/files\/2022\/03\/formulario-unificado_pesquisa-2021-1.docx\">formul\u00e1rio-unificado_pesquisa-2021<\/a> (edit\u00e1vel)<\/li>\n<li><a href=\"https:\/\/wp.ufpel.edu.br\/ceua\/files\/2022\/03\/formulario-unificado_pesquisa-2021.pdf\">formul\u00e1rio-unificado_pesquisa-2021<\/a> (pdf)<\/li>\n<\/ul>\n","protected":false},"excerpt":{"rendered":"<p>COMO SUBMETER UM PROJETO? A tramita\u00e7\u00e3o dos processos \u00e9 toda atrav\u00e9s do sistema SEI! O Formul\u00e1rio Unificado dever\u00e1 ser preenchido fora do sistema SEI, salvo no formato .pdf e anexado ao processo gerado no sistema SEI como um documento externo. Os demais documentos necess\u00e1rios para aprecia\u00e7\u00e3o e avalia\u00e7\u00e3o pela CEUA dever\u00e3o ser inseridos ao processo. [&hellip;]<\/p>\n","protected":false},"author":2,"featured_media":0,"parent":0,"menu_order":0,"comment_status":"closed","ping_status":"closed","template":"","meta":{"footnotes":""},"class_list":["post-301","page","type-page","status-publish","hentry"],"_links":{"self":[{"href":"https:\/\/wp.ufpel.edu.br\/ceua\/wp-json\/wp\/v2\/pages\/301","targetHints":{"allow":["GET"]}}],"collection":[{"href":"https:\/\/wp.ufpel.edu.br\/ceua\/wp-json\/wp\/v2\/pages"}],"about":[{"href":"https:\/\/wp.ufpel.edu.br\/ceua\/wp-json\/wp\/v2\/types\/page"}],"author":[{"embeddable":true,"href":"https:\/\/wp.ufpel.edu.br\/ceua\/wp-json\/wp\/v2\/users\/2"}],"replies":[{"embeddable":true,"href":"https:\/\/wp.ufpel.edu.br\/ceua\/wp-json\/wp\/v2\/comments?post=301"}],"version-history":[{"count":10,"href":"https:\/\/wp.ufpel.edu.br\/ceua\/wp-json\/wp\/v2\/pages\/301\/revisions"}],"predecessor-version":[{"id":648,"href":"https:\/\/wp.ufpel.edu.br\/ceua\/wp-json\/wp\/v2\/pages\/301\/revisions\/648"}],"wp:attachment":[{"href":"https:\/\/wp.ufpel.edu.br\/ceua\/wp-json\/wp\/v2\/media?parent=301"}],"curies":[{"name":"wp","href":"https:\/\/api.w.org\/{rel}","templated":true}]}}