{"id":98,"date":"2025-10-22T11:53:29","date_gmt":"2025-10-22T14:53:29","guid":{"rendered":"https:\/\/wp.ufpel.edu.br\/cetmob\/?page_id=98"},"modified":"2025-10-22T12:28:43","modified_gmt":"2025-10-22T15:28:43","slug":"detalhes-do-curso","status":"publish","type":"page","link":"https:\/\/wp.ufpel.edu.br\/cetmob\/detalhes-do-curso\/","title":{"rendered":"MAIS DETALHES DO CURSO"},"content":{"rendered":"<p>Para informa\u00e7\u00f5es completas acesse o Plano Pedag\u00f3gico do Curso<\/p>\n<p><a href=\"https:\/\/wp.ufpel.edu.br\/cetmob\/files\/2025\/10\/PPC_CETMob.pdf\">PPC_CETMob<\/a><\/p>\n","protected":false},"excerpt":{"rendered":"<p>Para informa\u00e7\u00f5es completas acesse o Plano Pedag\u00f3gico do Curso PPC_CETMob<\/p>\n","protected":false},"author":1523,"featured_media":0,"parent":0,"menu_order":0,"comment_status":"closed","ping_status":"closed","template":"","meta":{"footnotes":""},"class_list":["post-98","page","type-page","status-publish","hentry"],"_links":{"self":[{"href":"https:\/\/wp.ufpel.edu.br\/cetmob\/wp-json\/wp\/v2\/pages\/98","targetHints":{"allow":["GET"]}}],"collection":[{"href":"https:\/\/wp.ufpel.edu.br\/cetmob\/wp-json\/wp\/v2\/pages"}],"about":[{"href":"https:\/\/wp.ufpel.edu.br\/cetmob\/wp-json\/wp\/v2\/types\/page"}],"author":[{"embeddable":true,"href":"https:\/\/wp.ufpel.edu.br\/cetmob\/wp-json\/wp\/v2\/users\/1523"}],"replies":[{"embeddable":true,"href":"https:\/\/wp.ufpel.edu.br\/cetmob\/wp-json\/wp\/v2\/comments?post=98"}],"version-history":[{"count":4,"href":"https:\/\/wp.ufpel.edu.br\/cetmob\/wp-json\/wp\/v2\/pages\/98\/revisions"}],"predecessor-version":[{"id":117,"href":"https:\/\/wp.ufpel.edu.br\/cetmob\/wp-json\/wp\/v2\/pages\/98\/revisions\/117"}],"wp:attachment":[{"href":"https:\/\/wp.ufpel.edu.br\/cetmob\/wp-json\/wp\/v2\/media?parent=98"}],"curies":[{"name":"wp","href":"https:\/\/api.w.org\/{rel}","templated":true}]}}