{"id":70,"date":"2025-10-22T10:14:34","date_gmt":"2025-10-22T13:14:34","guid":{"rendered":"https:\/\/wp.ufpel.edu.br\/cetmob\/?page_id=70"},"modified":"2025-11-09T07:16:32","modified_gmt":"2025-11-09T10:16:32","slug":"como-se-inscrever","status":"publish","type":"page","link":"https:\/\/wp.ufpel.edu.br\/cetmob\/como-se-inscrever\/","title":{"rendered":"SAIBA MAIS"},"content":{"rendered":"<p data-start=\"341\" data-end=\"903\">O curso de <strong data-start=\"352\" data-end=\"417\">Bacharelado em Engenharia de Transporte e Mobilidade (CETMob)<\/strong> lan\u00e7ado em 2025, \u00e9 uma iniciativa inovadora que surge da coopera\u00e7\u00e3o entre duas importantes institui\u00e7\u00f5es p\u00fablicas de ensino superior: a <strong data-start=\"536\" data-end=\"579\">Universidade Federal de Pelotas (UFPel)<\/strong> e a <strong data-start=\"584\" data-end=\"638\">Universidade Estadual do Rio Grande do Sul (Uergs)<\/strong>. A proposta foi desenvolvida com o objetivo de <strong data-start=\"686\" data-end=\"749\">formar engenheiros com capacidade t\u00e9cnica e vis\u00e3o sist\u00eamica<\/strong> para atuar nas \u00e1reas de transporte, log\u00edstica, infraestrutura vi\u00e1ria e mobilidade urbana, com foco na <strong data-start=\"852\" data-end=\"902\">sustentabilidade, efici\u00eancia e inclus\u00e3o social<\/strong>..<\/p>\n<h3 data-start=\"910\" data-end=\"931\">Objetivos do Curso<\/h3>\n<p data-start=\"933\" data-end=\"1129\">O CETMob foi concebido para atender \u00e0s <strong data-start=\"972\" data-end=\"1035\">demandas crescentes e complexas da mobilidade contempor\u00e2nea<\/strong>, especialmente nos contextos urbanos e regionais. O curso busca formar profissionais aptos a:<\/p>\n<ul data-start=\"1131\" data-end=\"1476\">\n<li data-start=\"1131\" data-end=\"1201\">\n<p data-start=\"1133\" data-end=\"1201\">Projetar, gerenciar e implementar sistemas de transporte multimodal;<\/p>\n<\/li>\n<li data-start=\"1202\" data-end=\"1277\">\n<p data-start=\"1204\" data-end=\"1277\">Analisar e propor solu\u00e7\u00f5es para os desafios da mobilidade urbana e rural;<\/p>\n<\/li>\n<li data-start=\"1278\" data-end=\"1385\">\n<p data-start=\"1280\" data-end=\"1385\">Integrar aspectos t\u00e9cnicos, sociais, ambientais e econ\u00f4micos nos projetos de infraestrutura e mobilidade;<\/p>\n<\/li>\n<li data-start=\"1386\" data-end=\"1476\">\n<p data-start=\"1388\" data-end=\"1476\">Atuar com responsabilidade social e ambiental, promovendo o desenvolvimento sustent\u00e1vel.<\/p>\n<h3 data-start=\"2808\" data-end=\"2832\">Estrutura Curricular<\/h3>\n<p data-start=\"2834\" data-end=\"2971\">O curso possui dura\u00e7\u00e3o m\u00ednima de <strong data-start=\"2867\" data-end=\"2897\">cinco anos (dez semestres)<\/strong> e carga hor\u00e1ria total de aproximadamente <strong data-start=\"2939\" data-end=\"2954\">3.870 horas<\/strong>, organizadas em:<\/p>\n<ul>\n<li data-start=\"2973\" data-end=\"3074\">\n<p data-start=\"2975\" data-end=\"3074\"><strong data-start=\"2975\" data-end=\"2998\">Disciplinas b\u00e1sicas<\/strong>: Matem\u00e1tica, F\u00edsica, Qu\u00edmica, Computa\u00e7\u00e3o, Estat\u00edstica, Comunica\u00e7\u00e3o e \u00c9tica;<\/p>\n<\/li>\n<li data-start=\"3075\" data-end=\"3192\">\n<p data-start=\"3077\" data-end=\"3192\"><strong data-start=\"3077\" data-end=\"3112\">Disciplinas profissionalizantes<\/strong>: Engenharia de Transportes, Geotecnia, Materiais, Economia, Gest\u00e3o de Projetos;<\/p>\n<\/li>\n<li data-start=\"3193\" data-end=\"3379\">\n<p data-start=\"3195\" data-end=\"3379\"><strong data-start=\"3195\" data-end=\"3222\">Disciplinas espec\u00edficas<\/strong>: Mobilidade urbana, Log\u00edstica, Transportes p\u00fablicos, Infraestrutura vi\u00e1ria, Planejamento e Pol\u00edticas de Transporte, Sustentabilidade e Inova\u00e7\u00e3o tecnol\u00f3gica;<\/p>\n<\/li>\n<li data-start=\"3380\" data-end=\"3464\">\n<p data-start=\"3382\" data-end=\"3464\"><strong data-start=\"3382\" data-end=\"3420\">Est\u00e1gio supervisionado obrigat\u00f3rio<\/strong> e <strong data-start=\"3423\" data-end=\"3463\">Trabalho de Conclus\u00e3o de Curso (TCC)<\/strong>;<\/p>\n<\/li>\n<li data-start=\"3465\" data-end=\"3594\">\n<p data-start=\"3467\" data-end=\"3594\"><strong data-start=\"3467\" data-end=\"3510\">Atividades complementares e de extens\u00e3o<\/strong>, voltadas \u00e0 inser\u00e7\u00e3o dos estudantes em realidades pr\u00e1ticas e projetos comunit\u00e1rios.<\/p>\n<h3 data-start=\"3601\" data-end=\"3622\">Processo Seletivo<\/h3>\n<p data-start=\"3624\" data-end=\"3899\">S\u00e3o disponibilizadas\u00a0<strong data-start=\"3829\" data-end=\"3841\">40 vagas<\/strong>, sendo\u00a0<strong data-start=\"3849\" data-end=\"3879\">20 para ingresso via UFPel<\/strong>\u00a0e\u00a0<strong data-start=\"3882\" data-end=\"3898\">20 via Uergs, <\/strong>sendo o desenvolvimento do curso exatamente o mesmo para ambas a formas de ingresso.<\/p>\n<p>O ingresso no curso pela UFPEL ocorre por meio de sele\u00e7\u00e3o <strong>SISU<\/strong> baseada nas notas do <strong data-start=\"3692\" data-end=\"3733\">ENEM (Exame Nacional do Ensino M\u00e9dio)<\/strong>, considerando os anos de 2023, 2024 ou 2025.<\/li>\n<\/ul>\n<\/li>\n<\/ul>\n<p>&nbsp;<\/p>\n","protected":false},"excerpt":{"rendered":"<p>O curso de Bacharelado em Engenharia de Transporte e Mobilidade (CETMob) lan\u00e7ado em 2025, \u00e9 uma iniciativa inovadora que surge da coopera\u00e7\u00e3o entre duas importantes institui\u00e7\u00f5es p\u00fablicas de ensino superior: a Universidade Federal de Pelotas (UFPel) e a Universidade Estadual do Rio Grande do Sul (Uergs). A proposta foi desenvolvida com o objetivo de formar [&hellip;]<\/p>\n","protected":false},"author":1523,"featured_media":0,"parent":0,"menu_order":0,"comment_status":"closed","ping_status":"closed","template":"","meta":{"footnotes":""},"class_list":["post-70","page","type-page","status-publish","hentry"],"_links":{"self":[{"href":"https:\/\/wp.ufpel.edu.br\/cetmob\/wp-json\/wp\/v2\/pages\/70","targetHints":{"allow":["GET"]}}],"collection":[{"href":"https:\/\/wp.ufpel.edu.br\/cetmob\/wp-json\/wp\/v2\/pages"}],"about":[{"href":"https:\/\/wp.ufpel.edu.br\/cetmob\/wp-json\/wp\/v2\/types\/page"}],"author":[{"embeddable":true,"href":"https:\/\/wp.ufpel.edu.br\/cetmob\/wp-json\/wp\/v2\/users\/1523"}],"replies":[{"embeddable":true,"href":"https:\/\/wp.ufpel.edu.br\/cetmob\/wp-json\/wp\/v2\/comments?post=70"}],"version-history":[{"count":3,"href":"https:\/\/wp.ufpel.edu.br\/cetmob\/wp-json\/wp\/v2\/pages\/70\/revisions"}],"predecessor-version":[{"id":214,"href":"https:\/\/wp.ufpel.edu.br\/cetmob\/wp-json\/wp\/v2\/pages\/70\/revisions\/214"}],"wp:attachment":[{"href":"https:\/\/wp.ufpel.edu.br\/cetmob\/wp-json\/wp\/v2\/media?parent=70"}],"curies":[{"name":"wp","href":"https:\/\/api.w.org\/{rel}","templated":true}]}}