{"id":64,"date":"2025-10-22T10:13:39","date_gmt":"2025-10-22T13:13:39","guid":{"rendered":"https:\/\/wp.ufpel.edu.br\/cetmob\/?page_id=64"},"modified":"2025-10-24T10:03:20","modified_gmt":"2025-10-24T13:03:20","slug":"onde-ocorrem-as-aulas","status":"publish","type":"page","link":"https:\/\/wp.ufpel.edu.br\/cetmob\/onde-ocorrem-as-aulas\/","title":{"rendered":"Aulas em Porto Alegre"},"content":{"rendered":"<p><strong>SIM, a UFPEL agora est\u00e1 em Porto Alegre tamb\u00e9m!<\/strong><\/p>\n<p>As aulas do Curso de Engenharia de Transporte e Mobilidade ocorrem integralmente em formato presencial , no cam\u00b4pus da <strong>UERGS<\/strong> situado na Rua Washington Luiz, 675, centro hist\u00f3rico da cidade de <strong>Porto Alegre<\/strong>.<\/p>\n<p>O curso ocorre no <strong>horario vespertino e noturno (das 17h \u00e0s 22h30)<\/strong> o que \u00e9 um grande diferencial para alunos que exercem atividade profissional durante o dia.<\/p>\n<p>O Campus conta com ampla estrutura para acolhimento dos alunos, salas de aula modernas e equi\u00b4padas, e laborat\u00f3rios de pesquisa, em um local tranquilo, de f\u00e1cil acesso e pr\u00f3ximo a Orla do Gua\u00edba.<\/p>\n<p><img class=\"alignnone wp-image-94\" src=\"https:\/\/wp.ufpel.edu.br\/cetmob\/files\/2025\/10\/19173655_120394_GD-400x225.jpg\" alt=\"\" width=\"427\" height=\"240\" srcset=\"https:\/\/wp.ufpel.edu.br\/cetmob\/files\/2025\/10\/19173655_120394_GD-400x225.jpg 400w, https:\/\/wp.ufpel.edu.br\/cetmob\/files\/2025\/10\/19173655_120394_GD-768x432.jpg 768w, https:\/\/wp.ufpel.edu.br\/cetmob\/files\/2025\/10\/19173655_120394_GD.jpg 800w\" sizes=\"(max-width: 427px) 100vw, 427px\" \/><img class=\"alignnone wp-image-159\" src=\"https:\/\/wp.ufpel.edu.br\/cetmob\/files\/2025\/10\/LOCALIZACAO-400x254.jpg\" alt=\"\" width=\"381\" height=\"242\" srcset=\"https:\/\/wp.ufpel.edu.br\/cetmob\/files\/2025\/10\/LOCALIZACAO-400x254.jpg 400w, https:\/\/wp.ufpel.edu.br\/cetmob\/files\/2025\/10\/LOCALIZACAO.jpg 662w\" sizes=\"(max-width: 381px) 100vw, 381px\" \/><\/p>\n<p><img class=\"alignnone wp-image-160\" src=\"https:\/\/wp.ufpel.edu.br\/cetmob\/files\/2025\/10\/unnamed-400x225.jpg\" alt=\"\" width=\"427\" height=\"240\" srcset=\"https:\/\/wp.ufpel.edu.br\/cetmob\/files\/2025\/10\/unnamed-400x225.jpg 400w, https:\/\/wp.ufpel.edu.br\/cetmob\/files\/2025\/10\/unnamed.jpg 426w\" sizes=\"(max-width: 427px) 100vw, 427px\" \/><\/p>\n<p>&nbsp;<\/p>\n<p>&nbsp;<\/p>\n","protected":false},"excerpt":{"rendered":"<p>SIM, a UFPEL agora est\u00e1 em Porto Alegre tamb\u00e9m! As aulas do Curso de Engenharia de Transporte e Mobilidade ocorrem integralmente em formato presencial , no cam\u00b4pus da UERGS situado na Rua Washington Luiz, 675, centro hist\u00f3rico da cidade de Porto Alegre. O curso ocorre no horario vespertino e noturno (das 17h \u00e0s 22h30) o [&hellip;]<\/p>\n","protected":false},"author":1523,"featured_media":0,"parent":0,"menu_order":0,"comment_status":"closed","ping_status":"closed","template":"","meta":{"footnotes":""},"class_list":["post-64","page","type-page","status-publish","hentry"],"_links":{"self":[{"href":"https:\/\/wp.ufpel.edu.br\/cetmob\/wp-json\/wp\/v2\/pages\/64","targetHints":{"allow":["GET"]}}],"collection":[{"href":"https:\/\/wp.ufpel.edu.br\/cetmob\/wp-json\/wp\/v2\/pages"}],"about":[{"href":"https:\/\/wp.ufpel.edu.br\/cetmob\/wp-json\/wp\/v2\/types\/page"}],"author":[{"embeddable":true,"href":"https:\/\/wp.ufpel.edu.br\/cetmob\/wp-json\/wp\/v2\/users\/1523"}],"replies":[{"embeddable":true,"href":"https:\/\/wp.ufpel.edu.br\/cetmob\/wp-json\/wp\/v2\/comments?post=64"}],"version-history":[{"count":2,"href":"https:\/\/wp.ufpel.edu.br\/cetmob\/wp-json\/wp\/v2\/pages\/64\/revisions"}],"predecessor-version":[{"id":178,"href":"https:\/\/wp.ufpel.edu.br\/cetmob\/wp-json\/wp\/v2\/pages\/64\/revisions\/178"}],"wp:attachment":[{"href":"https:\/\/wp.ufpel.edu.br\/cetmob\/wp-json\/wp\/v2\/media?parent=64"}],"curies":[{"name":"wp","href":"https:\/\/api.w.org\/{rel}","templated":true}]}}