{"id":223,"date":"2025-12-11T06:47:50","date_gmt":"2025-12-11T09:47:50","guid":{"rendered":"https:\/\/wp.ufpel.edu.br\/cetmob\/?page_id=223"},"modified":"2025-12-11T06:49:32","modified_gmt":"2025-12-11T09:49:32","slug":"identidade-visual","status":"publish","type":"page","link":"https:\/\/wp.ufpel.edu.br\/cetmob\/identidade-visual\/","title":{"rendered":"Identidade Visual"},"content":{"rendered":"<p>Arquivos de identidade visual do CETMOB &#8211; todos direitos reservados<\/p>\n<p>Uso somente com autoriza\u00e7\u00e3o da coordena\u00e7\u00e3o<\/p>\n<p><a href=\"https:\/\/wp.ufpel.edu.br\/cetmob\/files\/2025\/12\/Arquivos-Finais.zip\">Arquivos-Finais<\/a> <a href=\"https:\/\/wp.ufpel.edu.br\/cetmob\/files\/2025\/12\/Materiais-para-Impressao.zip\">Materiais-para-Impress\u00e3o<\/a><\/p>\n","protected":false},"excerpt":{"rendered":"<p>Arquivos de identidade visual do CETMOB &#8211; todos direitos reservados Uso somente com autoriza\u00e7\u00e3o da coordena\u00e7\u00e3o Arquivos-Finais Materiais-para-Impress\u00e3o<\/p>\n","protected":false},"author":1523,"featured_media":0,"parent":0,"menu_order":0,"comment_status":"closed","ping_status":"closed","template":"","meta":{"footnotes":""},"class_list":["post-223","page","type-page","status-publish","hentry"],"_links":{"self":[{"href":"https:\/\/wp.ufpel.edu.br\/cetmob\/wp-json\/wp\/v2\/pages\/223","targetHints":{"allow":["GET"]}}],"collection":[{"href":"https:\/\/wp.ufpel.edu.br\/cetmob\/wp-json\/wp\/v2\/pages"}],"about":[{"href":"https:\/\/wp.ufpel.edu.br\/cetmob\/wp-json\/wp\/v2\/types\/page"}],"author":[{"embeddable":true,"href":"https:\/\/wp.ufpel.edu.br\/cetmob\/wp-json\/wp\/v2\/users\/1523"}],"replies":[{"embeddable":true,"href":"https:\/\/wp.ufpel.edu.br\/cetmob\/wp-json\/wp\/v2\/comments?post=223"}],"version-history":[{"count":2,"href":"https:\/\/wp.ufpel.edu.br\/cetmob\/wp-json\/wp\/v2\/pages\/223\/revisions"}],"predecessor-version":[{"id":228,"href":"https:\/\/wp.ufpel.edu.br\/cetmob\/wp-json\/wp\/v2\/pages\/223\/revisions\/228"}],"wp:attachment":[{"href":"https:\/\/wp.ufpel.edu.br\/cetmob\/wp-json\/wp\/v2\/media?parent=223"}],"curies":[{"name":"wp","href":"https:\/\/api.w.org\/{rel}","templated":true}]}}