{"id":106,"date":"2025-10-22T12:18:57","date_gmt":"2025-10-22T15:18:57","guid":{"rendered":"https:\/\/wp.ufpel.edu.br\/cetmob\/?page_id=106"},"modified":"2025-10-29T14:13:16","modified_gmt":"2025-10-29T17:13:16","slug":"como-inscrever-se","status":"publish","type":"page","link":"https:\/\/wp.ufpel.edu.br\/cetmob\/como-inscrever-se\/","title":{"rendered":"COMO INSCREVER-SE?"},"content":{"rendered":"<div class=\"Y3BBE\" data-sfc-cp=\"\" data-hveid=\"CAEIABAC\">As inscri\u00e7\u00f5es para as vagas UFPEL no <strong>Curso CETMOB ocorrem<\/strong>\u00a0atrav\u00e9s do <strong>Sisu<\/strong> .<\/div>\n<div class=\"Y3BBE\" data-sfc-cp=\"\" data-hveid=\"CAEIABAC\">A edi\u00e7\u00e3o 2026 do Sisu deve ocorrer em janeiro de 2026 e ser\u00e3o v\u00e1lidas as notas do ENEM 2023, 2024 ou 2025.<\/div>\n<div class=\"Y3BBE\" data-sfc-cp=\"\" data-hveid=\"CAEIABAC\"><\/div>\n<div class=\"Y3BBE\" data-sfc-cp=\"\" data-hveid=\"CAEIABAC\">A inscri\u00e7\u00e3o ser\u00e1 feita exclusivamente pelo site oficial do Sisu com login \u00fanico do portal Gov.br.<\/div>\n<div data-sfc-cp=\"\" data-hveid=\"CAEIABAC\"><\/div>\n<div data-sfc-cp=\"\" data-hveid=\"CAEIABAC\"><a href=\"https:\/\/acessounico.mec.gov.br\/sisu\">https:\/\/acessounico.mec.gov.br\/sisu<\/a><\/div>\n<div class=\"Fsg96\" data-sfc-cp=\"\"><\/div>\n<div class=\"otQkpb\" role=\"heading\" aria-level=\"3\" data-animation-nesting=\"\" data-sfc-cp=\"\">Passo a passo para se inscrever<\/div>\n<div role=\"heading\" aria-level=\"3\" data-animation-nesting=\"\" data-sfc-cp=\"\"><\/div>\n<div class=\"otQkpb\" role=\"heading\" aria-level=\"3\" data-animation-nesting=\"\" data-sfc-cp=\"\"><strong class=\"Yjhzub\">Acesse o site:<\/strong>\u00a0No per\u00edodo de inscri\u00e7\u00f5es, acesse o site oficial do Sisu.<\/div>\n<ul class=\"KsbFXc U6u95\">\n<li data-hveid=\"CAEIABAK\"><span class=\"T286Pc\" data-sfc-cp=\"\"><strong class=\"Yjhzub\">Fa\u00e7a login:<\/strong>\u00a0Entre com a sua conta Gov.br (CPF e senha).<\/span><\/li>\n<li data-hveid=\"CAEIABAL\"><span class=\"T286Pc\" data-sfc-cp=\"\"><strong class=\"Yjhzub\">Escolha os cursos:<\/strong>\u00a0Selecione at\u00e9 duas op\u00e7\u00f5es de curso, institui\u00e7\u00e3o e turno. Voc\u00ea pode alterar suas escolhas durante todo o per\u00edodo de inscri\u00e7\u00e3o.<\/span><\/li>\n<li data-hveid=\"CAEIABAM\"><span class=\"T286Pc\" data-sfc-cp=\"\"><strong class=\"Yjhzub\">Confirme a inscri\u00e7\u00e3o:<\/strong>\u00a0Certifique-se de que todas as informa\u00e7\u00f5es foram confirmadas dentro do prazo estipulado<span id=\"ivE35aNavO5fa1sQPhqPbyAc_1\">.<\/span><\/span><span id=\"ivE35aNavO5fa1sQPhqPbyAc_2\"> <\/span><\/li>\n<li data-hveid=\"CAEIABAM\">Informa\u00e7\u00f5es importantes<\/li>\n<li data-hveid=\"CAEIABAR\"><span class=\"T286Pc\" data-sfc-cp=\"\"><strong class=\"Yjhzub\">Nota do Enem:<\/strong> A inscri\u00e7\u00e3o usa a nota obtida no Enem 2023, 2024 ou 2025. <\/span><\/li>\n<li data-hveid=\"CAEIABAR\"><span class=\"T286Pc\" data-sfc-cp=\"\">\u00c9 necess\u00e1rio ter feito o exame e n\u00e3o ter zerado a reda\u00e7\u00e3o.<\/span><\/li>\n<li data-hveid=\"CAEIABAS\"><span class=\"T286Pc\" data-sfc-cp=\"\"><strong class=\"Yjhzub\">Gratuidade:<\/strong>\u00a0A inscri\u00e7\u00e3o \u00e9 gratuita.<\/span><\/li>\n<li data-hveid=\"CAEIABAT\"><span class=\"T286Pc\" data-sfc-cp=\"\"><strong class=\"Yjhzub\">Acompanhamento:<\/strong>\u00a0\u00c9 poss\u00edvel acompanhar as notas de corte di\u00e1rias a partir do in\u00edcio das inscri\u00e7\u00f5es para verificar suas chances.<\/span><span class=\"uJ19be notranslate\" data-wiz-uids=\"tHCFy_1e,tHCFy_1f\"><span class=\"vKEkVd\" data-animation-atomic=\"\">\u00a0<\/span><\/span><\/li>\n<\/ul>\n<p>Obs: Para informa\u00e7\u00f5es sobre o ingresso via UERGS consulte o site:<\/p>\n<p><a href=\"https:\/\/www.uergs.edu.br\/como-estudar-na-uergs\">https:\/\/www.uergs.edu.br\/como-estudar-na-uergs<\/a><\/p>\n<p><strong>Clique abaixo para cadastrar-se em nossa lista de contatos.<\/strong><\/p>\n<p><strong>Assim voc\u00ea receber\u00e1 not\u00edcias atualizadas de datas de abertura da sele\u00e7\u00e3o e editais.<\/strong><\/p>\n<p><a href=\"https:\/\/docs.google.com\/forms\/d\/e\/1FAIpQLSfC4rbGG_dS-vEw-Xt8GGPOq3THM59uXPWElKRFoqDAPoKdpg\/viewform?usp=sharing&amp;ouid=109247391349311531474\"><img class=\"alignnone size-full wp-image-186\" src=\"https:\/\/wp.ufpel.edu.br\/cetmob\/files\/2025\/10\/tenho-interesse2.jpg\" alt=\"\" width=\"355\" height=\"142\" \/><\/a><\/p>\n<p>Ou se preferir:<\/p>\n<p>Envie e-mail com nome completo e contato whatsapp para:<\/p>\n<p>ufpelcetmob@gmail.com<\/p>\n<p>&nbsp;<\/p>\n","protected":false},"excerpt":{"rendered":"<p>As inscri\u00e7\u00f5es para as vagas UFPEL no Curso CETMOB ocorrem\u00a0atrav\u00e9s do Sisu . A edi\u00e7\u00e3o 2026 do Sisu deve ocorrer em janeiro de 2026 e ser\u00e3o v\u00e1lidas as notas do ENEM 2023, 2024 ou 2025. A inscri\u00e7\u00e3o ser\u00e1 feita exclusivamente pelo site oficial do Sisu com login \u00fanico do portal Gov.br. https:\/\/acessounico.mec.gov.br\/sisu Passo a passo [&hellip;]<\/p>\n","protected":false},"author":1523,"featured_media":0,"parent":0,"menu_order":0,"comment_status":"closed","ping_status":"closed","template":"","meta":{"footnotes":""},"class_list":["post-106","page","type-page","status-publish","hentry"],"_links":{"self":[{"href":"https:\/\/wp.ufpel.edu.br\/cetmob\/wp-json\/wp\/v2\/pages\/106","targetHints":{"allow":["GET"]}}],"collection":[{"href":"https:\/\/wp.ufpel.edu.br\/cetmob\/wp-json\/wp\/v2\/pages"}],"about":[{"href":"https:\/\/wp.ufpel.edu.br\/cetmob\/wp-json\/wp\/v2\/types\/page"}],"author":[{"embeddable":true,"href":"https:\/\/wp.ufpel.edu.br\/cetmob\/wp-json\/wp\/v2\/users\/1523"}],"replies":[{"embeddable":true,"href":"https:\/\/wp.ufpel.edu.br\/cetmob\/wp-json\/wp\/v2\/comments?post=106"}],"version-history":[{"count":3,"href":"https:\/\/wp.ufpel.edu.br\/cetmob\/wp-json\/wp\/v2\/pages\/106\/revisions"}],"predecessor-version":[{"id":195,"href":"https:\/\/wp.ufpel.edu.br\/cetmob\/wp-json\/wp\/v2\/pages\/106\/revisions\/195"}],"wp:attachment":[{"href":"https:\/\/wp.ufpel.edu.br\/cetmob\/wp-json\/wp\/v2\/media?parent=106"}],"curies":[{"name":"wp","href":"https:\/\/api.w.org\/{rel}","templated":true}]}}