{"id":39,"date":"2020-04-16T00:06:01","date_gmt":"2020-04-16T03:06:01","guid":{"rendered":"https:\/\/wp.ufpel.edu.br\/cetat\/?page_id=39"},"modified":"2024-03-12T23:33:11","modified_gmt":"2024-03-13T02:33:11","slug":"discentes","status":"publish","type":"page","link":"https:\/\/wp.ufpel.edu.br\/cetat\/apresentacao-2\/discentes\/","title":{"rendered":"Discentes"},"content":{"rendered":"<p>Os alunos extensionistas s\u00e3o selecionados com base n\u00e3o apenas em seu hist\u00f3rico acad\u00eamico, mas tamb\u00e9m em sua motiva\u00e7\u00e3o e disponibilidade para participar do projeto. Atualmente, a participa\u00e7\u00e3o dos alunos abrange desde o 1\u00ba at\u00e9 o 10\u00ba semestre, proporcionando a todos uma participa\u00e7\u00e3o efetiva, aproveitando seus conhecimentos pr\u00e9vios e sua curva de aprendizado individual.<\/p>\n<ul>\n<li>Alice Caldeira &#8211; 3\u00ba semestre<\/li>\n<li>Alice e Souza Henriques &#8211; 6\u00ba semestre<\/li>\n<li>Allan Martins M\u00fcller &#8211; 6\u00ba semestre<\/li>\n<li>Amanda da silva oliveira &#8211; 10\u00b0 semestre<\/li>\n<li>Anthony Marcowich Rocha- 6\u00ba semestre<\/li>\n<li>Bianca Teles &#8211; 10\u00b0 semestre<\/li>\n<li>Bruna Rodrigues Ribeiro &#8211; 7\u00b0 semestre<\/li>\n<li>Daniela Farias Aldado &#8211; 5\u00b0 semestre<\/li>\n<li>\u00c9rika Lima &#8211; 9\u00ba semestre<\/li>\n<li>Fernando Ant\u00f4nio Vargas Junior &#8211; 9\u00b0 semestre<\/li>\n<li>Henrique Freitas Jalil \u2013 7\u00ba semestre<\/li>\n<li>Inajara Marcela Grenzel Dal Molin &#8211; 5\u00b0 semestre<\/li>\n<li>Isabella Gianechini- 10\u00b0 semestre<\/li>\n<li>J\u00falia Ramalho Dias- 5\u00b0 semestre<\/li>\n<li>Juliana Flores Manke- 6\u00b0 semestre<\/li>\n<li>Karen M\u00fcller Bubolz &#8211; 6 semestre<\/li>\n<li>Laura Scheidemantel Garcia &#8211; 3 semestre<\/li>\n<li>Let\u00edcia Nunes Franco &#8211; 5 semestre<\/li>\n<li>Maria Eduarda Armindo de Souza- 8\u00ba semestre<\/li>\n<li>Maria Eduarda Azambuja- 6\u00ba semestre<\/li>\n<li>Mathias Ponche &#8211; 7\u00ba Semestre<\/li>\n<li>Pedro Dentice da Silva Leite &#8211; 6\u00b0 semestre<\/li>\n<li>Renata Luisa Seyffert &#8211; 8\u00ba semestre<\/li>\n<li>Sabrina Val\u00e9rio Marques \u2013 3\u00ba semestre<\/li>\n<li>Victoria Ketlen Moreira &#8211; 8\u00b0 semestre<\/li>\n<\/ul>\n","protected":false},"excerpt":{"rendered":"<p>Os alunos extensionistas s\u00e3o selecionados com base n\u00e3o apenas em seu hist\u00f3rico acad\u00eamico, mas tamb\u00e9m em sua motiva\u00e7\u00e3o e disponibilidade para participar do projeto. Atualmente, a participa\u00e7\u00e3o dos alunos abrange desde o 1\u00ba at\u00e9 o 10\u00ba semestre, proporcionando a todos uma participa\u00e7\u00e3o efetiva, aproveitando seus conhecimentos pr\u00e9vios e sua curva de aprendizado individual. Alice Caldeira [&hellip;]<\/p>\n","protected":false},"author":877,"featured_media":0,"parent":70,"menu_order":2,"comment_status":"closed","ping_status":"closed","template":"","meta":{"footnotes":""},"class_list":["post-39","page","type-page","status-publish","hentry","post"],"jetpack_sharing_enabled":true,"_links":{"self":[{"href":"https:\/\/wp.ufpel.edu.br\/cetat\/wp-json\/wp\/v2\/pages\/39","targetHints":{"allow":["GET"]}}],"collection":[{"href":"https:\/\/wp.ufpel.edu.br\/cetat\/wp-json\/wp\/v2\/pages"}],"about":[{"href":"https:\/\/wp.ufpel.edu.br\/cetat\/wp-json\/wp\/v2\/types\/page"}],"author":[{"embeddable":true,"href":"https:\/\/wp.ufpel.edu.br\/cetat\/wp-json\/wp\/v2\/users\/877"}],"replies":[{"embeddable":true,"href":"https:\/\/wp.ufpel.edu.br\/cetat\/wp-json\/wp\/v2\/comments?post=39"}],"version-history":[{"count":6,"href":"https:\/\/wp.ufpel.edu.br\/cetat\/wp-json\/wp\/v2\/pages\/39\/revisions"}],"predecessor-version":[{"id":194,"href":"https:\/\/wp.ufpel.edu.br\/cetat\/wp-json\/wp\/v2\/pages\/39\/revisions\/194"}],"up":[{"embeddable":true,"href":"https:\/\/wp.ufpel.edu.br\/cetat\/wp-json\/wp\/v2\/pages\/70"}],"wp:attachment":[{"href":"https:\/\/wp.ufpel.edu.br\/cetat\/wp-json\/wp\/v2\/media?parent=39"}],"curies":[{"name":"wp","href":"https:\/\/api.w.org\/{rel}","templated":true}]}}