{"id":8,"date":"2014-09-22T18:08:53","date_gmt":"2014-09-22T21:08:53","guid":{"rendered":"https:\/\/wp.ufpel.edu.br\/cepfo\/?page_id=8"},"modified":"2023-07-18T21:18:07","modified_gmt":"2023-07-19T00:18:07","slug":"membros","status":"publish","type":"page","link":"https:\/\/wp.ufpel.edu.br\/cepfo\/membros\/","title":{"rendered":"Membros"},"content":{"rendered":"<p style=\"text-align: center;\"><strong>Composi\u00e7\u00e3o do Comit\u00ea de \u00c9tica em Pesquisa (CEP) da Faculdade de Odontologia (FO) da Universidade Federal de Pelotas (UFPel)<\/strong><\/p>\n<p>&nbsp;<\/p>\n<p><a href=\"https:\/\/wp.ufpel.edu.br\/odontologia\/files\/2023\/07\/Portaria_CEP_JULHO_2023.pdf\">PORTARIA N\u00ba 24, DE 12 DE JULHO DE 2023<\/a><strong><br \/>\n<\/strong><\/p>\n","protected":false},"excerpt":{"rendered":"<p>Composi\u00e7\u00e3o do Comit\u00ea de \u00c9tica em Pesquisa (CEP) da Faculdade de Odontologia (FO) da Universidade Federal de Pelotas (UFPel) &nbsp; PORTARIA N\u00ba 24, DE 12 DE JULHO DE 2023<\/p>\n","protected":false},"author":30,"featured_media":0,"parent":0,"menu_order":0,"comment_status":"closed","ping_status":"closed","template":"","meta":{"jetpack_post_was_ever_published":false,"footnotes":""},"class_list":["post-8","page","type-page","status-publish","hentry"],"jetpack_sharing_enabled":true,"jetpack_shortlink":"https:\/\/wp.me\/P6Oqua-8","_links":{"self":[{"href":"https:\/\/wp.ufpel.edu.br\/cepfo\/wp-json\/wp\/v2\/pages\/8","targetHints":{"allow":["GET"]}}],"collection":[{"href":"https:\/\/wp.ufpel.edu.br\/cepfo\/wp-json\/wp\/v2\/pages"}],"about":[{"href":"https:\/\/wp.ufpel.edu.br\/cepfo\/wp-json\/wp\/v2\/types\/page"}],"author":[{"embeddable":true,"href":"https:\/\/wp.ufpel.edu.br\/cepfo\/wp-json\/wp\/v2\/users\/30"}],"replies":[{"embeddable":true,"href":"https:\/\/wp.ufpel.edu.br\/cepfo\/wp-json\/wp\/v2\/comments?post=8"}],"version-history":[{"count":14,"href":"https:\/\/wp.ufpel.edu.br\/cepfo\/wp-json\/wp\/v2\/pages\/8\/revisions"}],"predecessor-version":[{"id":301,"href":"https:\/\/wp.ufpel.edu.br\/cepfo\/wp-json\/wp\/v2\/pages\/8\/revisions\/301"}],"wp:attachment":[{"href":"https:\/\/wp.ufpel.edu.br\/cepfo\/wp-json\/wp\/v2\/media?parent=8"}],"curies":[{"name":"wp","href":"https:\/\/api.w.org\/{rel}","templated":true}]}}