{"id":36,"date":"2014-09-23T21:23:55","date_gmt":"2014-09-24T00:23:55","guid":{"rendered":"https:\/\/wp.ufpel.edu.br\/cepfo\/?page_id=36"},"modified":"2023-07-18T21:13:32","modified_gmt":"2023-07-19T00:13:32","slug":"atos-normativos","status":"publish","type":"page","link":"https:\/\/wp.ufpel.edu.br\/cepfo\/atos-normativos\/","title":{"rendered":"Atos Normativos"},"content":{"rendered":"<p>Os Atos Normativos (por extens\u00e3o de denomina\u00e7\u00e3o de Martins Filho, 1999) que regulamentam os processos do sistema CEP\/CONEP est\u00e3o disponibilizados nas op\u00e7\u00f5es da p\u00e1gina inicial da <a href=\"http:\/\/plataformabrasil.saude.gov.br\/login.jsf\">Plataforma Brasil<\/a> como, por exemplo, em Resolu\u00e7\u00f5es e Normativas, bem como em Cartas Circulares.<\/p>\n<p>Refer\u00eancias<\/p>\n<p>PLATAFORMA BRASIL. Dispon\u00edvel em: <a href=\"http:\/\/plataformabrasil.saude.gov.br\/login.jsf\">http:\/\/plataformabrasil.saude.gov.br\/login.jsf<\/a>. Acesso em: 18 jul. 2023.<\/p>\n<p>MARTINS FILHO, I. G. O Ordenamento Jur\u00eddico Brasileiro. Revista Jur\u00eddica Virtual. Bras\u00edlia, vol. 1, n. 3, julho 1999. Dispon\u00edvel em: &lt;<a href=\"https:\/\/revistajuridica.presidencia.gov.br\/index.php\/saj\/article\/view\/1054\/1038\">https:\/\/revistajuridica.presidencia.gov.br\/index.php\/saj\/article\/view\/1054\/1038<\/a>&gt; Acesso em: 09 jan. 2014.<\/p>\n<p style=\"text-align: left;\">Dos Editores.<\/p>\n","protected":false},"excerpt":{"rendered":"<p>Os Atos Normativos (por extens\u00e3o de denomina\u00e7\u00e3o de Martins Filho, 1999) que regulamentam os processos do sistema CEP\/CONEP est\u00e3o disponibilizados nas op\u00e7\u00f5es da p\u00e1gina inicial da Plataforma Brasil como, por exemplo, em Resolu\u00e7\u00f5es e Normativas, bem como em Cartas Circulares. Refer\u00eancias PLATAFORMA BRASIL. Dispon\u00edvel em: http:\/\/plataformabrasil.saude.gov.br\/login.jsf. Acesso em: 18 jul. 2023. MARTINS FILHO, I. G. [&hellip;]<\/p>\n","protected":false},"author":30,"featured_media":0,"parent":0,"menu_order":0,"comment_status":"closed","ping_status":"closed","template":"","meta":{"jetpack_post_was_ever_published":false,"footnotes":""},"class_list":["post-36","page","type-page","status-publish","hentry"],"jetpack_sharing_enabled":true,"jetpack_shortlink":"https:\/\/wp.me\/P6Oqua-A","_links":{"self":[{"href":"https:\/\/wp.ufpel.edu.br\/cepfo\/wp-json\/wp\/v2\/pages\/36","targetHints":{"allow":["GET"]}}],"collection":[{"href":"https:\/\/wp.ufpel.edu.br\/cepfo\/wp-json\/wp\/v2\/pages"}],"about":[{"href":"https:\/\/wp.ufpel.edu.br\/cepfo\/wp-json\/wp\/v2\/types\/page"}],"author":[{"embeddable":true,"href":"https:\/\/wp.ufpel.edu.br\/cepfo\/wp-json\/wp\/v2\/users\/30"}],"replies":[{"embeddable":true,"href":"https:\/\/wp.ufpel.edu.br\/cepfo\/wp-json\/wp\/v2\/comments?post=36"}],"version-history":[{"count":16,"href":"https:\/\/wp.ufpel.edu.br\/cepfo\/wp-json\/wp\/v2\/pages\/36\/revisions"}],"predecessor-version":[{"id":299,"href":"https:\/\/wp.ufpel.edu.br\/cepfo\/wp-json\/wp\/v2\/pages\/36\/revisions\/299"}],"wp:attachment":[{"href":"https:\/\/wp.ufpel.edu.br\/cepfo\/wp-json\/wp\/v2\/media?parent=36"}],"curies":[{"name":"wp","href":"https:\/\/api.w.org\/{rel}","templated":true}]}}