{"id":19,"date":"2014-09-22T19:10:19","date_gmt":"2014-09-22T22:10:19","guid":{"rendered":"https:\/\/wp.ufpel.edu.br\/cepfo\/?page_id=19"},"modified":"2014-09-22T19:11:55","modified_gmt":"2014-09-22T22:11:55","slug":"corpo-editorial","status":"publish","type":"page","link":"https:\/\/wp.ufpel.edu.br\/cepfo\/corpo-editorial\/","title":{"rendered":"Corpo Editorial"},"content":{"rendered":"<p style=\"text-align: center\"><strong>Corpo Editorial<\/strong><\/p>\n<p><strong>Editores<\/strong><\/p>\n<p>Eduardo Luiz Barbin<br \/>\nProfessor da Faculdade de Odontologia da Universidade Federal de Pelotas, RS, Brasil<\/p>\n<p>Renato Fabr\u00edcio de Andrade Waldemarin<br \/>\nProfessor da Faculdade de Odontologia da Universidade Federal de Pelotas, RS, Brasil<\/p>\n<p><strong>Editores T\u00e9cnicos<\/strong><\/p>\n<p>Henrique Avila Vianna<br \/>\nMembro da Se\u00e7\u00e3o de Redes do Centro de Inform\u00e1tica da Universidade Federal de Pelotas, RS, Brasil<\/p>\n<p>J\u00falio C\u00e9sar Emboava Span\u00f3<br \/>\nProfessor da Faculdade de Odontologia da Universidade Federal de Pelotas, RS, Brasil<\/p>\n<p>Guilherme Bri\u00e3o Camacho<br \/>\nProfessor da Faculdade de Odontologia da Universidade Federal de Pelotas, RS, Brazil<\/p>\n<p>Juliano Pratti Mercantil<br \/>\nFuncion\u00e1rio do Centro de Processamento de Dados da Faculdade de Odontologia de Ribeir\u00e3o Preto da Universidade de S\u00e3o Paulo, SP, Brasil<\/p>\n<p><strong>Conselho Editorial<br \/>\n(Revisores, \u201cReferees\u201d, Corpo Editorial ou \u201cEditorial Board\u201d)<\/strong><\/p>\n<p>Adriana Fernandes da Silva<br \/>\nProfessora do Departamento de Semiologia e Cl\u00ednica da FO-UFPel<\/p>\n<p>Andr\u00e9ia Morales Cascaes<br \/>\nProfessora do Departamento de Odontologia Social e Preventiva da FO-UFPel<\/p>\n<p>Ant\u00f4nio Cesar Manentti Foga\u00e7a<br \/>\nProfessor do Departamento de Cirurgia, Traumatologia e Pr\u00f3tese Buco-Maxilo-Facial da FO-UFPel<\/p>\n<p>Eduardo Luiz Barbin<br \/>\nProfessor do Departamento de Semiologia e Cl\u00ednica da FO-UFPel<\/p>\n<p>Fl\u00e1via Carvalho Chagas<br \/>\nProfessora da Faculdade de Filosofia do Instituto de Sociologia e Pol\u00edtica da UFPel<\/p>\n<p>Francisco Neto de Assis<br \/>\nUsu\u00e1rio Indicado pelo Conselho Municipal de Sa\u00fade<\/p>\n<p>Let\u00edcia Kirst Post<br \/>\nProfessora do Departamento de Cirurgia, Traumatologia e Pr\u00f3tese Buco-Maxilo-Facial da FO-UFPel<\/p>\n<p>M\u00e1rcia Rodrigues Bertoldi<br \/>\nProfessora da Faculdade de Direito da UFPel<\/p>\n<p>Patr\u00edcia Rodrigues Chaves da Cunha<br \/>\nProfessora da Faculdade de Ci\u00eancias Sociais do Instituto de Sociologia e Pol\u00edtica da UFPel<\/p>\n<p>Renato Fabr\u00edcio de Andrade Waldemarin<br \/>\nProfessor do Departamento de Semiologia e Cl\u00ednica da FO-UFPel<\/p>\n","protected":false},"excerpt":{"rendered":"<p>Corpo Editorial Editores Eduardo Luiz Barbin Professor da Faculdade de Odontologia da Universidade Federal de Pelotas, RS, Brasil Renato Fabr\u00edcio de Andrade Waldemarin Professor da Faculdade de Odontologia da Universidade Federal de Pelotas, RS, Brasil Editores T\u00e9cnicos Henrique Avila Vianna Membro da Se\u00e7\u00e3o de Redes do Centro de Inform\u00e1tica da Universidade Federal de Pelotas, RS, [&hellip;]<\/p>\n","protected":false},"author":30,"featured_media":0,"parent":0,"menu_order":0,"comment_status":"closed","ping_status":"closed","template":"","meta":{"jetpack_post_was_ever_published":false,"footnotes":""},"class_list":["post-19","page","type-page","status-publish","hentry"],"jetpack_sharing_enabled":true,"jetpack_shortlink":"https:\/\/wp.me\/P6Oqua-j","_links":{"self":[{"href":"https:\/\/wp.ufpel.edu.br\/cepfo\/wp-json\/wp\/v2\/pages\/19","targetHints":{"allow":["GET"]}}],"collection":[{"href":"https:\/\/wp.ufpel.edu.br\/cepfo\/wp-json\/wp\/v2\/pages"}],"about":[{"href":"https:\/\/wp.ufpel.edu.br\/cepfo\/wp-json\/wp\/v2\/types\/page"}],"author":[{"embeddable":true,"href":"https:\/\/wp.ufpel.edu.br\/cepfo\/wp-json\/wp\/v2\/users\/30"}],"replies":[{"embeddable":true,"href":"https:\/\/wp.ufpel.edu.br\/cepfo\/wp-json\/wp\/v2\/comments?post=19"}],"version-history":[{"count":2,"href":"https:\/\/wp.ufpel.edu.br\/cepfo\/wp-json\/wp\/v2\/pages\/19\/revisions"}],"predecessor-version":[{"id":22,"href":"https:\/\/wp.ufpel.edu.br\/cepfo\/wp-json\/wp\/v2\/pages\/19\/revisions\/22"}],"wp:attachment":[{"href":"https:\/\/wp.ufpel.edu.br\/cepfo\/wp-json\/wp\/v2\/media?parent=19"}],"curies":[{"name":"wp","href":"https:\/\/api.w.org\/{rel}","templated":true}]}}