{"id":94,"date":"2024-01-18T18:34:51","date_gmt":"2024-01-18T21:34:51","guid":{"rendered":"https:\/\/wp.ufpel.edu.br\/cepfen\/?page_id=94"},"modified":"2026-01-06T15:51:22","modified_gmt":"2026-01-06T18:51:22","slug":"representantes-discentes-do-curso-em-enfermagem","status":"publish","type":"page","link":"https:\/\/wp.ufpel.edu.br\/cepfen\/pagina-exemplo\/composicao-do-cep\/representantes-discentes-do-curso-em-enfermagem\/","title":{"rendered":"Representantes discentes do Curso em Enfermagem"},"content":{"rendered":"<p>Jeferson Gomes Pereira &#8211; Acad\u00eamico de Enfermagem &#8211; Representante do Diret\u00f3rio Acad\u00eamico Anna Nery (DAAN)<\/p>\n","protected":false},"excerpt":{"rendered":"<p>Jeferson Gomes Pereira &#8211; Acad\u00eamico de Enfermagem &#8211; Representante do Diret\u00f3rio Acad\u00eamico Anna Nery (DAAN)<\/p>\n","protected":false},"author":1191,"featured_media":0,"parent":55,"menu_order":3,"comment_status":"closed","ping_status":"closed","template":"","meta":{"footnotes":""},"class_list":["post-94","page","type-page","status-publish","hentry"],"_links":{"self":[{"href":"https:\/\/wp.ufpel.edu.br\/cepfen\/wp-json\/wp\/v2\/pages\/94","targetHints":{"allow":["GET"]}}],"collection":[{"href":"https:\/\/wp.ufpel.edu.br\/cepfen\/wp-json\/wp\/v2\/pages"}],"about":[{"href":"https:\/\/wp.ufpel.edu.br\/cepfen\/wp-json\/wp\/v2\/types\/page"}],"author":[{"embeddable":true,"href":"https:\/\/wp.ufpel.edu.br\/cepfen\/wp-json\/wp\/v2\/users\/1191"}],"replies":[{"embeddable":true,"href":"https:\/\/wp.ufpel.edu.br\/cepfen\/wp-json\/wp\/v2\/comments?post=94"}],"version-history":[{"count":3,"href":"https:\/\/wp.ufpel.edu.br\/cepfen\/wp-json\/wp\/v2\/pages\/94\/revisions"}],"predecessor-version":[{"id":209,"href":"https:\/\/wp.ufpel.edu.br\/cepfen\/wp-json\/wp\/v2\/pages\/94\/revisions\/209"}],"up":[{"embeddable":true,"href":"https:\/\/wp.ufpel.edu.br\/cepfen\/wp-json\/wp\/v2\/pages\/55"}],"wp:attachment":[{"href":"https:\/\/wp.ufpel.edu.br\/cepfen\/wp-json\/wp\/v2\/media?parent=94"}],"curies":[{"name":"wp","href":"https:\/\/api.w.org\/{rel}","templated":true}]}}