{"id":85,"date":"2024-01-18T18:17:47","date_gmt":"2024-01-18T21:17:47","guid":{"rendered":"https:\/\/wp.ufpel.edu.br\/cepfen\/?page_id=85"},"modified":"2026-01-06T15:48:14","modified_gmt":"2026-01-06T18:48:14","slug":"membros-titulares-do-cep","status":"publish","type":"page","link":"https:\/\/wp.ufpel.edu.br\/cepfen\/pagina-exemplo\/composicao-do-cep\/membros-titulares-do-cep\/","title":{"rendered":"Membros do CEP"},"content":{"rendered":"<p>Caroline de Leon Linck &#8211; Coordenadora \u2013 Faculdade de Enfermagem<\/p>\n<p>Juliana Graciela Vestena Zillmer \u2013 Vice-Coordenadora \u2013 Faculdade de Enfermagem<\/p>\n<p>Jana\u00edna Quinzen Willrich &#8211;\u00a0 Faculdade de Enfermagem<\/p>\n<p>Ana Carolina Machado Ratkiewicz &#8211; Faculdade de Direito<\/p>\n<p>Ana Clara Correa Henning &#8211; Faculdade de Direito<\/p>\n<p>Camila Oleiro da Costa Milczarski &#8211; Curso de Terapia Ocupacional<\/p>\n<p>C\u00e9sar Brasil Sperb &#8211; Programa de P\u00f3s-Gradua\u00e7\u00e3o em Enfermagem<\/p>\n<p>Cl\u00e1udia das Neves Hisse \u2013 Hospital Escola da UFPel<\/p>\n<p>Cristina Corr\u00eaa Kaufmann &#8211; Faculdade de Nutri\u00e7\u00e3o<\/p>\n<p>Daniela Lopes Leite &#8211; Embrapa Clima Temperado<\/p>\n<p>Deisi Cardoso Soares &#8211; Faculdade de Enfermagem<\/p>\n<p>Francele de Abreu Carlan\u00a0 &#8211; Faculdade de Educa\u00e7\u00e3o<\/p>\n<p>Mariana Giaretta Mathias &#8211; Faculdade de Nutri\u00e7\u00e3o<\/p>\n<p>Prince Chaiane Meireles Duarte \u00a0&#8211; Programa de P\u00f3s-Gradua\u00e7\u00e3o em Enfermagem<\/p>\n<p>S\u00edglia Pimentel H\u00f6her Camargo &#8211; Faculdade de Educa\u00e7\u00e3o<\/p>\n<p>Wilson Teixeira de \u00c1vila &#8211; Programa de P\u00f3s-Gradua\u00e7\u00e3o em Enfermagem<\/p>\n","protected":false},"excerpt":{"rendered":"<p>Caroline de Leon Linck &#8211; Coordenadora \u2013 Faculdade de Enfermagem Juliana Graciela Vestena Zillmer \u2013 Vice-Coordenadora \u2013 Faculdade de Enfermagem Jana\u00edna Quinzen Willrich &#8211;\u00a0 Faculdade de Enfermagem Ana Carolina Machado Ratkiewicz &#8211; Faculdade de Direito Ana Clara Correa Henning &#8211; Faculdade de Direito Camila Oleiro da Costa Milczarski &#8211; Curso de Terapia Ocupacional C\u00e9sar Brasil [&hellip;]<\/p>\n","protected":false},"author":1191,"featured_media":0,"parent":55,"menu_order":1,"comment_status":"closed","ping_status":"closed","template":"","meta":{"footnotes":""},"class_list":["post-85","page","type-page","status-publish","hentry"],"_links":{"self":[{"href":"https:\/\/wp.ufpel.edu.br\/cepfen\/wp-json\/wp\/v2\/pages\/85","targetHints":{"allow":["GET"]}}],"collection":[{"href":"https:\/\/wp.ufpel.edu.br\/cepfen\/wp-json\/wp\/v2\/pages"}],"about":[{"href":"https:\/\/wp.ufpel.edu.br\/cepfen\/wp-json\/wp\/v2\/types\/page"}],"author":[{"embeddable":true,"href":"https:\/\/wp.ufpel.edu.br\/cepfen\/wp-json\/wp\/v2\/users\/1191"}],"replies":[{"embeddable":true,"href":"https:\/\/wp.ufpel.edu.br\/cepfen\/wp-json\/wp\/v2\/comments?post=85"}],"version-history":[{"count":3,"href":"https:\/\/wp.ufpel.edu.br\/cepfen\/wp-json\/wp\/v2\/pages\/85\/revisions"}],"predecessor-version":[{"id":207,"href":"https:\/\/wp.ufpel.edu.br\/cepfen\/wp-json\/wp\/v2\/pages\/85\/revisions\/207"}],"up":[{"embeddable":true,"href":"https:\/\/wp.ufpel.edu.br\/cepfen\/wp-json\/wp\/v2\/pages\/55"}],"wp:attachment":[{"href":"https:\/\/wp.ufpel.edu.br\/cepfen\/wp-json\/wp\/v2\/media?parent=85"}],"curies":[{"name":"wp","href":"https:\/\/api.w.org\/{rel}","templated":true}]}}