{"id":63,"date":"2024-01-18T17:05:37","date_gmt":"2024-01-18T20:05:37","guid":{"rendered":"https:\/\/wp.ufpel.edu.br\/cepfen\/?page_id=63"},"modified":"2024-01-18T20:56:59","modified_gmt":"2024-01-18T23:56:59","slug":"tutoriais-para-cadastros-na-plataforma-brasil","status":"publish","type":"page","link":"https:\/\/wp.ufpel.edu.br\/cepfen\/submissao-de-protocolos-de-pesquisa\/tutoriais-para-cadastros-na-plataforma-brasil\/","title":{"rendered":"Tutoriais para cadastros na Plataforma Brasil"},"content":{"rendered":"<p>A seguir o(a) pesquisador(a) poder\u00e1 acessar tutoriais que podem auxili\u00e1-lo no cadastro na Plataforma Brasil:<\/p>\n<ol>\n<li style=\"text-align: left;\"><a href=\"https:\/\/youtu.be\/7HOX1IsMlUw\">Tutorial para cadastro de usu\u00e1rio na Plataforma Brasil<\/a><\/li>\n<li style=\"text-align: left;\"><a href=\"https:\/\/youtu.be\/Nq09S0U5M9g\">Tutorial para cadastro de institui\u00e7\u00e3o na Plataforma Brasil<\/a><\/li>\n<li style=\"text-align: left;\"><a href=\"https:\/\/youtu.be\/sQj6AjosyeE\">Tutorial para cadastro de projeto na Plataforma Brasil \u2013 parte I<\/a><\/li>\n<li style=\"text-align: left;\"><a href=\"https:\/\/youtu.be\/WpzT5BdQT60\">Tutorial para cadastro de projeto na Plataforma Brasil \u2013 parte I<\/a>I<\/li>\n<li style=\"text-align: left;\"><a href=\"https:\/\/youtu.be\/JyMY3cNT3o8\">Tutorial para cadastro de projeto na Plataforma Brasil \u2013 parte III<\/a><\/li>\n<\/ol>\n","protected":false},"excerpt":{"rendered":"<p>A seguir o(a) pesquisador(a) poder\u00e1 acessar tutoriais que podem auxili\u00e1-lo no cadastro na Plataforma Brasil: Tutorial para cadastro de usu\u00e1rio na Plataforma Brasil Tutorial para cadastro de institui\u00e7\u00e3o na Plataforma Brasil Tutorial para cadastro de projeto na Plataforma Brasil \u2013 parte I Tutorial para cadastro de projeto na Plataforma Brasil \u2013 parte II Tutorial para [&hellip;]<\/p>\n","protected":false},"author":1191,"featured_media":0,"parent":29,"menu_order":5,"comment_status":"closed","ping_status":"closed","template":"","meta":{"footnotes":""},"class_list":["post-63","page","type-page","status-publish","hentry"],"_links":{"self":[{"href":"https:\/\/wp.ufpel.edu.br\/cepfen\/wp-json\/wp\/v2\/pages\/63","targetHints":{"allow":["GET"]}}],"collection":[{"href":"https:\/\/wp.ufpel.edu.br\/cepfen\/wp-json\/wp\/v2\/pages"}],"about":[{"href":"https:\/\/wp.ufpel.edu.br\/cepfen\/wp-json\/wp\/v2\/types\/page"}],"author":[{"embeddable":true,"href":"https:\/\/wp.ufpel.edu.br\/cepfen\/wp-json\/wp\/v2\/users\/1191"}],"replies":[{"embeddable":true,"href":"https:\/\/wp.ufpel.edu.br\/cepfen\/wp-json\/wp\/v2\/comments?post=63"}],"version-history":[{"count":4,"href":"https:\/\/wp.ufpel.edu.br\/cepfen\/wp-json\/wp\/v2\/pages\/63\/revisions"}],"predecessor-version":[{"id":127,"href":"https:\/\/wp.ufpel.edu.br\/cepfen\/wp-json\/wp\/v2\/pages\/63\/revisions\/127"}],"up":[{"embeddable":true,"href":"https:\/\/wp.ufpel.edu.br\/cepfen\/wp-json\/wp\/v2\/pages\/29"}],"wp:attachment":[{"href":"https:\/\/wp.ufpel.edu.br\/cepfen\/wp-json\/wp\/v2\/media?parent=63"}],"curies":[{"name":"wp","href":"https:\/\/api.w.org\/{rel}","templated":true}]}}