{"id":52,"date":"2024-01-18T17:02:21","date_gmt":"2024-01-18T20:02:21","guid":{"rendered":"https:\/\/wp.ufpel.edu.br\/cepfen\/?page_id=52"},"modified":"2024-01-18T21:29:56","modified_gmt":"2024-01-19T00:29:56","slug":"modelos-de-relatorios","status":"publish","type":"page","link":"https:\/\/wp.ufpel.edu.br\/cepfen\/submissao-de-protocolos-de-pesquisa\/modelos-de-relatorios\/","title":{"rendered":"Modelos de Relat\u00f3rios"},"content":{"rendered":"<p>em constru\u00e7\u00e3o<\/p>\n","protected":false},"excerpt":{"rendered":"<p>em constru\u00e7\u00e3o<\/p>\n","protected":false},"author":1191,"featured_media":0,"parent":29,"menu_order":3,"comment_status":"closed","ping_status":"closed","template":"","meta":{"footnotes":""},"class_list":["post-52","page","type-page","status-publish","hentry"],"_links":{"self":[{"href":"https:\/\/wp.ufpel.edu.br\/cepfen\/wp-json\/wp\/v2\/pages\/52","targetHints":{"allow":["GET"]}}],"collection":[{"href":"https:\/\/wp.ufpel.edu.br\/cepfen\/wp-json\/wp\/v2\/pages"}],"about":[{"href":"https:\/\/wp.ufpel.edu.br\/cepfen\/wp-json\/wp\/v2\/types\/page"}],"author":[{"embeddable":true,"href":"https:\/\/wp.ufpel.edu.br\/cepfen\/wp-json\/wp\/v2\/users\/1191"}],"replies":[{"embeddable":true,"href":"https:\/\/wp.ufpel.edu.br\/cepfen\/wp-json\/wp\/v2\/comments?post=52"}],"version-history":[{"count":2,"href":"https:\/\/wp.ufpel.edu.br\/cepfen\/wp-json\/wp\/v2\/pages\/52\/revisions"}],"predecessor-version":[{"id":149,"href":"https:\/\/wp.ufpel.edu.br\/cepfen\/wp-json\/wp\/v2\/pages\/52\/revisions\/149"}],"up":[{"embeddable":true,"href":"https:\/\/wp.ufpel.edu.br\/cepfen\/wp-json\/wp\/v2\/pages\/29"}],"wp:attachment":[{"href":"https:\/\/wp.ufpel.edu.br\/cepfen\/wp-json\/wp\/v2\/media?parent=52"}],"curies":[{"name":"wp","href":"https:\/\/api.w.org\/{rel}","templated":true}]}}