{"id":49,"date":"2024-01-18T17:02:09","date_gmt":"2024-01-18T20:02:09","guid":{"rendered":"https:\/\/wp.ufpel.edu.br\/cepfen\/?page_id=49"},"modified":"2024-01-18T21:10:00","modified_gmt":"2024-01-19T00:10:00","slug":"legislacao","status":"publish","type":"page","link":"https:\/\/wp.ufpel.edu.br\/cepfen\/submissao-de-protocolos-de-pesquisa\/legislacao\/","title":{"rendered":"Legisla\u00e7\u00e3o &#8211; Resolu\u00e7\u00f5es"},"content":{"rendered":"<table width=\"750\">\n<thead>\n<tr>\n<td style=\"width: 157px;\"><strong>Resolu\u00e7\u00e3o\u00a0<\/strong><\/td>\n<td style=\"width: 198px;\"><strong>Data<\/strong><\/td>\n<td style=\"width: 386px;\"><strong>Assunto<\/strong><\/td>\n<\/tr>\n<\/thead>\n<tbody>\n<tr>\n<td style=\"width: 157px;\"><strong><a href=\"https:\/\/conselho.saude.gov.br\/images\/RESOLU%C3%87%C3%83O_N%C2%BA_706_DE_16_DE_FEVEREIRO_DE_2023.pdf\">Resolu\u00e7\u00e3o n\u00ba 706<\/a><\/strong><\/td>\n<td style=\"width: 198px;\">16 de fevereiro de 2023<\/td>\n<td style=\"width: 386px;\">Disp\u00f5e sobre registro, credenciamento, renova\u00e7\u00e3o, altera\u00e7\u00e3o, suspens\u00e3o e cancelamento do registro de Comit\u00eas de \u00c9tica em Pesquisa (CEPs) junto ao Sistema CEP\/Conep, entre outras disposi\u00e7\u00f5es.<\/td>\n<\/tr>\n<tr>\n<td style=\"width: 157px;\"><strong><a href=\"https:\/\/conselho.saude.gov.br\/images\/Resolucao_674_2022.pdf\">Resolu\u00e7\u00e3o n\u00ba 674<\/a><\/strong><\/td>\n<td style=\"width: 198px;\">6 de maio de 2022<\/td>\n<td style=\"width: 386px;\">Disp\u00f5e sobre a tipifica\u00e7\u00e3o da pesquisa e a tramita\u00e7\u00e3o dos protocolos de pesquisa no Sistema CEP\/Conep.<\/td>\n<\/tr>\n<tr>\n<td style=\"width: 157px;\"><strong><a href=\"https:\/\/conselho.saude.gov.br\/images\/Resolu%C3%A7%C3%A3o_670_2022.pdf\">Resolu\u00e7\u00e3o n\u00ba 670<\/a><\/strong><\/td>\n<td style=\"width: 198px;\">28 de mar\u00e7o de 2022<\/td>\n<td style=\"width: 386px;\">Disp\u00f5e sobre a prorroga\u00e7\u00e3o de mandato no \u00e2mbito da Comiss\u00e3o Nacional de \u00c9tica em Pesquisa do Conselho Nacional de Sa\u00fade (CONEP\/CNS).<\/td>\n<\/tr>\n<tr>\n<td style=\"width: 157px;\"><strong><a href=\"https:\/\/conselho.saude.gov.br\/resolucoes-cns\/1808-resolucao-n-656-de-14-de-junho-de-2021\">Resolu\u00e7\u00e3o n\u00ba 656<\/a><\/strong><\/td>\n<td style=\"width: 198px;\">14 de junho de 2021<\/td>\n<td style=\"width: 386px;\">Disp\u00f5e sobre a prorroga\u00e7\u00e3o de mandato no \u00e2mbito da Comiss\u00e3o Nacional de \u00c9tica em Pesquisa do Conselho Nacional de Sa\u00fade (revogada pela Resolu\u00e7\u00e3o n\u00ba 670\/2022.<\/td>\n<\/tr>\n<tr>\n<td style=\"width: 157px;\"><strong><a href=\"https:\/\/conselho.saude.gov.br\/images\/Resolu%C3%A7%C3%A3o_647-2020.pdf\">Resolu\u00e7\u00e3o n\u00ba 647<\/a><\/strong><\/td>\n<td style=\"width: 198px;\">12 de outubro de 2020<\/td>\n<td style=\"width: 386px;\">Disp\u00f5e sobre as regras referentes \u00e0 regulamenta\u00e7\u00e3o do processo de designa\u00e7\u00e3o e atua\u00e7\u00e3o dos membros de CEP indicados por entidades do controle social.<\/td>\n<\/tr>\n<tr>\n<td style=\"width: 157px;\"><strong><a href=\"https:\/\/conselho.saude.gov.br\/images\/comissoes\/conep\/documentos\/NORMAS-RESOLUCOES\/Resoluo_n_580_-_2018_-__Pesquisas_Estratgicas_para_SUS.pdf\">Resolu\u00e7\u00e3o n\u00ba 580<\/a><\/strong><\/td>\n<td style=\"width: 198px;\">22 de mar\u00e7o de 2018<\/td>\n<td style=\"width: 386px;\">Pesquisas Estrat\u00e9gicas para SUS.<\/td>\n<\/tr>\n<tr>\n<td style=\"width: 157px;\"><strong><a href=\"https:\/\/conselho.saude.gov.br\/images\/comissoes\/conep\/documentos\/NORMAS-RESOLUCOES\/Resoluo_n_563_-_2017_-_Regulamenta_direito_participante_de_pesquisa_com_doenas_ultrarraras.pdf\">Resolu\u00e7\u00e3o n\u00ba 563<\/a><\/strong><\/td>\n<td style=\"width: 198px;\">10 de novembro de 2017<\/td>\n<td style=\"width: 386px;\">Direito do participante de pesquisa com doen\u00e7as ultrarraras.<\/td>\n<\/tr>\n<tr>\n<td style=\"width: 157px;\"><strong><a href=\"https:\/\/conselho.saude.gov.br\/images\/comissoes\/conep\/documentos\/NORMAS-RESOLUCOES\/Resoluo_n_510_-_2016_-_Cincias_Humanas_e_Sociais.pdf\">Resolu\u00e7\u00e3o n\u00ba 510<\/a><\/strong><\/td>\n<td style=\"width: 198px;\">07 de abril de 2016<\/td>\n<td style=\"width: 386px;\">Normas aplic\u00e1veis a pesquisas em Ci\u00eancias Humanas e Sociais.<\/td>\n<\/tr>\n<tr>\n<td style=\"width: 157px;\"><strong><a href=\"https:\/\/conselho.saude.gov.br\/images\/comissoes\/conep\/documentos\/NORMAS-RESOLUCOES\/Resoluo_n_506_-_2016_-__Acreditao_CEP.pdf\">Resolu\u00e7\u00e3o n\u00ba 506<\/a><\/strong><\/td>\n<td style=\"width: 198px;\">03 de fevereiro de 2016<\/td>\n<td style=\"width: 386px;\">Acredita\u00e7\u00e3o dos Comit\u00eas de \u00c9tica em Pesquisa.<\/td>\n<\/tr>\n<tr>\n<td style=\"width: 157px;\"><strong><a href=\"https:\/\/bvsms.saude.gov.br\/bvs\/saudelegis\/cns\/2013\/res0466_12_12_2012.html\">Resolu\u00e7\u00e3o n\u00ba 466<\/a><\/strong><\/td>\n<td style=\"width: 198px;\">12 de dezembro de 2012<\/td>\n<td style=\"width: 386px;\">Diretrizes e normas regulamentadoras de pesquisas envolvendo seres humanos. Vers\u00f5es: (<a href=\"https:\/\/conselho.saude.gov.br\/images\/comissoes\/conep\/documentos\/NORMAS-RESOLUCOES\/466_english.pdf\"><strong>En-Us<\/strong><\/a>) (<a href=\"https:\/\/conselho.saude.gov.br\/images\/comissoes\/conep\/documentos\/NORMAS-RESOLUCOES\/466_espanhol.pdf\"><strong>Es-Es<\/strong><\/a>)<\/td>\n<\/tr>\n<tr>\n<td style=\"width: 157px;\"><strong><a href=\"https:\/\/conselho.saude.gov.br\/images\/comissoes\/conep\/documentos\/NORMAS-RESOLUCOES\/Resoluo_n_446_-_2011_-__Sobre_composio_da_CONEP.pdf\">Resolu\u00e7\u00e3o n\u00ba 446<\/a><\/strong><\/td>\n<td style=\"width: 198px;\">11 de agosto de 2011<\/td>\n<td style=\"width: 386px;\">A Comiss\u00e3o Nacional de \u00c9tica em Pesquisa.<\/td>\n<\/tr>\n<tr>\n<td style=\"width: 157px;\"><strong><a href=\"https:\/\/conselho.saude.gov.br\/images\/comissoes\/conep\/documentos\/NORMAS-RESOLUCOES\/Resoluo_n_441_-_2011_-_Armazenamento_de_Material_Biolgico.pdf\">Resolu\u00e7\u00e3o n\u00ba 441<\/a><\/strong><\/td>\n<td style=\"width: 198px;\">12 de maio de 2011<\/td>\n<td style=\"width: 386px;\">Armazenamento de material biol\u00f3gico humano ou uso de material armazenado em pesquisas anteriores.<\/td>\n<\/tr>\n<tr>\n<td style=\"width: 157px;\"><strong><a href=\"https:\/\/conselho.saude.gov.br\/images\/comissoes\/conep\/documentos\/NORMAS-RESOLUCOES\/Resolu%C3%A7%C3%A3o__CNS_n%C2%BA_370-2007.pdf\">Resolu\u00e7\u00e3o n\u00ba 370<\/a><\/strong><\/td>\n<td style=\"width: 198px;\">08 de mar\u00e7o de 2007<\/td>\n<td style=\"width: 386px;\">Registro, credenciamento e renova\u00e7\u00e3o dos CEPs institucionais.<\/td>\n<\/tr>\n<tr>\n<td style=\"width: 157px;\"><strong><a href=\"https:\/\/conselho.saude.gov.br\/images\/comissoes\/conep\/documentos\/NORMAS-RESOLUCOES\/Resoluo_n_346_-_2005__-_Projetos_Multicntricos.pdf\">Resolu\u00e7\u00e3o n\u00ba 346<\/a><\/strong><\/td>\n<td style=\"width: 198px;\">13 de janeiro de 2005<\/td>\n<td style=\"width: 386px;\">Tramita\u00e7\u00e3o de projetos de pesquisa multic\u00eantricos. Vers\u00e3o: (<a href=\"https:\/\/conselho.saude.gov.br\/images\/comissoes\/conep\/documentos\/NORMAS-RESOLUCOES\/Res346_en.pdf\"><strong>En-Us<\/strong><\/a>)<\/td>\n<\/tr>\n<tr>\n<td style=\"width: 157px;\"><strong><a href=\"https:\/\/conselho.saude.gov.br\/images\/Resolucao_340_2000_Area_Tematica_Especial_de_Genetica_Humana.pdf\">Resolu\u00e7\u00e3o n\u00ba 340<\/a><\/strong><\/td>\n<td style=\"width: 198px;\">08 de julho de 2004<\/td>\n<td style=\"width: 386px;\">Diretrizes para An\u00e1lise \u00c9tica e Tramita\u00e7\u00e3o dos Projetos de Pesquisa da \u00c1rea Tem\u00e1tica Especial de Gen\u00e9tica Humana. Vers\u00e3o:\u00a0<strong><a href=\"https:\/\/conselho.saude.gov.br\/images\/Res340_2004_en.pdf\">(En-Us)<\/a><\/strong><\/td>\n<\/tr>\n<tr>\n<td style=\"width: 157px;\"><strong><a href=\"https:\/\/conselho.saude.gov.br\/images\/comissoes\/conep\/documentos\/NORMAS-RESOLUCOES\/06._Resolu%C3%A7%C3%A3o_304_2000_Povos_Ind%C3%ADgenas.PDF\">Resolu\u00e7\u00e3o n\u00ba 304<\/a><\/strong><\/td>\n<td style=\"width: 198px;\">09 de agosto de 2000<\/td>\n<td style=\"width: 386px;\">Normas para pesquisas envolvendo seres humanos \u00e1rea de povos ind\u00edgenas. Vers\u00e3o: (<a href=\"https:\/\/conselho.saude.gov.br\/images\/comissoes\/conep\/documentos\/NORMAS-RESOLUCOES\/Res304_en.pdf\"><strong>En-Us<\/strong><\/a>)<\/td>\n<\/tr>\n<tr>\n<td style=\"width: 157px;\"><strong><a href=\"https:\/\/conselho.saude.gov.br\/images\/comissoes\/conep\/documentos\/NORMAS-RESOLUCOES\/Resoluo_n_301_-_2000_-__DeclaracaoHelsinque.pdf\">Resolu\u00e7\u00e3o n\u00ba 301<\/a><\/strong><\/td>\n<td style=\"width: 198px;\">16 de mar\u00e7o de 2000<\/td>\n<td style=\"width: 386px;\">Discuss\u00e3o de propostas de modifica\u00e7\u00e3o da Declara\u00e7\u00e3o de Helsinque. Vers\u00e3o: (<a href=\"https:\/\/conselho.saude.gov.br\/images\/comissoes\/conep\/documentos\/NORMAS-RESOLUCOES\/Res301_en.pdf\"><strong>En-Us<\/strong><\/a>)<\/td>\n<\/tr>\n<tr>\n<td style=\"width: 157px;\"><strong><a href=\"https:\/\/conselho.saude.gov.br\/images\/Reso292.pdf\">Resolu\u00e7\u00e3o n\u00ba 292<\/a><\/strong><\/td>\n<td style=\"width: 198px;\">08 de julho 1999<\/td>\n<td style=\"width: 386px;\">Pesquisas coordenadas do exterior ou com participa\u00e7\u00e3o estrangeira e pesquisas que envolvam remessa de material biol\u00f3gico para o exterior. Vers\u00e3o: (<a href=\"https:\/\/conselho.saude.gov.br\/images\/comissoes\/conep\/documentos\/NORMAS-RESOLUCOES\/Resoluo_n_292_-_1997__-_Cooperao_estrangeira-EN-US.pdf\"><strong>En-Us<\/strong><\/a>)<\/td>\n<\/tr>\n<tr>\n<td style=\"width: 157px;\"><strong><a href=\"https:\/\/conselho.saude.gov.br\/images\/comissoes\/conep\/documentos\/NORMAS-RESOLUCOES\/Resoluo_n_251_-_1997_-_Frmacos_Vacinas_e_Testes_diagnsticos.pdf\">Resolu\u00e7\u00e3o n\u00ba 251<\/a><\/strong><\/td>\n<td style=\"width: 198px;\">07 de agosto de 1997<\/td>\n<td style=\"width: 386px;\">\u00c1rea tem\u00e1tica de pesquisa com novos f\u00e1rmacos, medicamentos, vacinas e testes diagn\u00f3sticos. Vers\u00e3o: (<a href=\"https:\/\/conselho.saude.gov.br\/images\/comissoes\/conep\/documentos\/NORMAS-RESOLUCOES\/Res251_en.pdf\"><strong>En-Us<\/strong><\/a>)<\/td>\n<\/tr>\n<\/tbody>\n<\/table>\n<table width=\"750\">\n<thead>\n<tr>\n<td style=\"width: 156px;\"><strong>Norma\u00a0<\/strong><\/td>\n<td style=\"width: 195px;\"><strong>Data<\/strong><\/td>\n<td style=\"width: 390px;\"><strong>Assunto<\/strong><\/td>\n<\/tr>\n<\/thead>\n<tbody>\n<tr>\n<td style=\"width: 156px;\"><strong><a href=\"https:\/\/conselho.saude.gov.br\/images\/comissoes\/conep\/documentos\/NORMAS-RESOLUCOES\/Norma_Operacional_n_001-2013_Procedimento_Submisso_de_Projeto.pdf\">Norma Operacional n\u00ba 001<\/a><\/strong><\/td>\n<td style=\"width: 195px;\">2013<\/td>\n<td style=\"width: 390px;\">Organiza\u00e7\u00e3o e funcionamento do Sistema CEP\/Conep e procedimentos para submiss\u00e3o, avalia\u00e7\u00e3o e acompanhamento do desenvolvimento da pesquisa envolvendo seres humanos no Brasil.<br \/>\nVers\u00f5es: (<strong><a href=\"https:\/\/conselho.saude.gov.br\/images\/comissoes\/conep\/documentos\/NORMAS-RESOLUCOES\/NO_01-13_english.pdf\">En-Us<\/a><\/strong>) (<strong><a href=\"https:\/\/conselho.saude.gov.br\/images\/comissoes\/conep\/documentos\/NORMAS-RESOLUCOES\/NO_01-13_espanhol.pdf\">Es-Es<\/a><\/strong>)<\/td>\n<\/tr>\n<\/tbody>\n<\/table>\n<table width=\"750\">\n<thead>\n<tr>\n<td style=\"width: 159px;\"><strong>Manual Orientador<\/strong><\/td>\n<td style=\"width: 191px;\"><strong>Data<\/strong><\/td>\n<td style=\"width: 391px;\"><strong>Assunto<\/strong><\/td>\n<\/tr>\n<\/thead>\n<tbody>\n<tr>\n<td style=\"width: 159px;\"><strong><a href=\"https:\/\/conselho.saude.gov.br\/images\/comissoes\/conep\/documentos\/NORMAS-RESOLUCOES\/MANUAL_DE_PENDENCIAS.pdf\">Manual de pend\u00eancias frequentes em protocolos de pesquisa cl\u00ednica.<\/a><\/strong><\/td>\n<td style=\"width: 191px;\">2015<\/td>\n<td style=\"width: 391px;\">\n<p>As principais pend\u00eancias \u00e9ticas que a Conep tem apontado nos seus pareceres consubstanciados relativos aos protocolos de pesquisa cl\u00ednica.<\/p>\n<p>&nbsp;<\/p>\n<p>&nbsp;<\/td>\n<\/tr>\n<tr>\n<td style=\"width: 159px;\"><strong><a href=\"https:\/\/conselho.saude.gov.br\/images\/Manual_de_Orientacao_Pendencias_comuns_em_protocolos_CHS_versao_23102023.pdf\">Manual de Orienta\u00e7\u00e3o: Pend\u00eancias Comuns em Protocolos de Ci\u00eancias Humanas e Sociais no Sistema Cep\/Conep.<\/a><\/strong><\/td>\n<td style=\"width: 191px;\">2023<\/td>\n<td style=\"width: 391px;\">Orienta\u00e7\u00f5es aos Comit\u00eas de \u00c9tica em Pesquisa e pesquisadores sobre as pend\u00eancias comuns em protocolos que utilizam metodologia caracter\u00edstica da \u00e1rea de Ci\u00eancias Humanas e Socais, considerando a Resolu\u00e7\u00e3o CNS n\u00ba 510 de 2016 e suas complementares.<\/td>\n<\/tr>\n<\/tbody>\n<\/table>\n<p>&nbsp;<\/p>\n","protected":false},"excerpt":{"rendered":"<p>Resolu\u00e7\u00e3o\u00a0 Data Assunto Resolu\u00e7\u00e3o n\u00ba 706 16 de fevereiro de 2023 Disp\u00f5e sobre registro, credenciamento, renova\u00e7\u00e3o, altera\u00e7\u00e3o, suspens\u00e3o e cancelamento do registro de Comit\u00eas de \u00c9tica em Pesquisa (CEPs) junto ao Sistema CEP\/Conep, entre outras disposi\u00e7\u00f5es. Resolu\u00e7\u00e3o n\u00ba 674 6 de maio de 2022 Disp\u00f5e sobre a tipifica\u00e7\u00e3o da pesquisa e a tramita\u00e7\u00e3o dos protocolos [&hellip;]<\/p>\n","protected":false},"author":1191,"featured_media":0,"parent":29,"menu_order":1,"comment_status":"closed","ping_status":"closed","template":"","meta":{"footnotes":""},"class_list":["post-49","page","type-page","status-publish","hentry"],"_links":{"self":[{"href":"https:\/\/wp.ufpel.edu.br\/cepfen\/wp-json\/wp\/v2\/pages\/49","targetHints":{"allow":["GET"]}}],"collection":[{"href":"https:\/\/wp.ufpel.edu.br\/cepfen\/wp-json\/wp\/v2\/pages"}],"about":[{"href":"https:\/\/wp.ufpel.edu.br\/cepfen\/wp-json\/wp\/v2\/types\/page"}],"author":[{"embeddable":true,"href":"https:\/\/wp.ufpel.edu.br\/cepfen\/wp-json\/wp\/v2\/users\/1191"}],"replies":[{"embeddable":true,"href":"https:\/\/wp.ufpel.edu.br\/cepfen\/wp-json\/wp\/v2\/comments?post=49"}],"version-history":[{"count":4,"href":"https:\/\/wp.ufpel.edu.br\/cepfen\/wp-json\/wp\/v2\/pages\/49\/revisions"}],"predecessor-version":[{"id":134,"href":"https:\/\/wp.ufpel.edu.br\/cepfen\/wp-json\/wp\/v2\/pages\/49\/revisions\/134"}],"up":[{"embeddable":true,"href":"https:\/\/wp.ufpel.edu.br\/cepfen\/wp-json\/wp\/v2\/pages\/29"}],"wp:attachment":[{"href":"https:\/\/wp.ufpel.edu.br\/cepfen\/wp-json\/wp\/v2\/media?parent=49"}],"curies":[{"name":"wp","href":"https:\/\/api.w.org\/{rel}","templated":true}]}}