{"id":43,"date":"2024-01-18T16:40:21","date_gmt":"2024-01-18T19:40:21","guid":{"rendered":"https:\/\/wp.ufpel.edu.br\/cepfen\/?page_id=43"},"modified":"2026-01-06T14:41:24","modified_gmt":"2026-01-06T17:41:24","slug":"agenda-de-reunioes","status":"publish","type":"page","link":"https:\/\/wp.ufpel.edu.br\/cepfen\/agenda-de-reunioes\/","title":{"rendered":"Agenda de Reuni\u00f5es"},"content":{"rendered":"<p>Aqui voc\u00ea pode verificar as datas das reuni\u00f5es realizadas (ou a serem realizadas) <strong>no ano de 2026<\/strong> pelo CEP-FE\/UFPel<\/p>\n<table width=\"539\">\n<tbody>\n<tr>\n<td width=\"151\"><strong>Me\u0302s<\/strong><\/td>\n<td width=\"208\">\n<p><strong>Data limite para submissa\u0303o de Protocolos de Pesquisa na Plataforma Brasil<\/strong><\/p>\n<p>&nbsp;<\/td>\n<td width=\"180\"><strong>Data da reuni\u00e3o do Colegiado<\/strong><\/td>\n<\/tr>\n<tr>\n<td width=\"151\"><strong>Fevereiro<\/strong><\/td>\n<td width=\"208\">02\/02\/26<\/td>\n<td width=\"180\">09\/02\/26<\/td>\n<\/tr>\n<tr>\n<td width=\"151\"><strong>Marc\u0327o <\/strong><\/td>\n<td width=\"208\">09\/03\/26<\/td>\n<td width=\"180\">16\/03\/26<\/td>\n<\/tr>\n<tr>\n<td width=\"151\"><strong>Abril <\/strong><\/td>\n<td width=\"208\">13\/04\/26<\/td>\n<td width=\"180\">20\/04\/26<\/td>\n<\/tr>\n<tr>\n<td width=\"151\"><strong>Maio <\/strong><\/td>\n<td width=\"208\">11\/05\/26<\/td>\n<td width=\"180\">18\/05\/26<\/td>\n<\/tr>\n<tr>\n<td width=\"151\"><strong>Junho <\/strong><\/td>\n<td width=\"208\">08\/06\/26<\/td>\n<td width=\"180\">15\/06\/26<\/td>\n<\/tr>\n<tr>\n<td width=\"151\"><strong>Julho <\/strong><\/td>\n<td width=\"208\">13\/07\/26<\/td>\n<td width=\"180\">20\/07\/26<\/td>\n<\/tr>\n<tr>\n<td width=\"151\"><strong>Agosto <\/strong><\/td>\n<td width=\"208\">10\/08\/26<\/td>\n<td width=\"180\">17\/08\/26<\/td>\n<\/tr>\n<tr>\n<td width=\"151\"><strong>Setembro <\/strong><\/td>\n<td width=\"208\">14\/09\/26<\/td>\n<td width=\"180\">21\/09\/26<\/td>\n<\/tr>\n<tr>\n<td width=\"151\"><strong>Outubro <\/strong><\/td>\n<td width=\"208\">12\/10\/26<\/td>\n<td width=\"180\">19\/10\/26<\/td>\n<\/tr>\n<tr>\n<td width=\"151\"><strong>Novembro <\/strong><\/td>\n<td width=\"208\">09\/11\/26<\/td>\n<td width=\"180\">16\/11\/26<\/td>\n<\/tr>\n<tr>\n<td width=\"151\"><strong>Dezembro <\/strong><\/td>\n<td width=\"208\">14\/12\/26<\/td>\n<td width=\"180\">21\/02\/26<\/td>\n<\/tr>\n<\/tbody>\n<\/table>\n<p><\/p>\n","protected":false},"excerpt":{"rendered":"<p>Aqui voc\u00ea pode verificar as datas das reuni\u00f5es realizadas (ou a serem realizadas) no ano de 2026 pelo CEP-FE\/UFPel Me\u0302s Data limite para submissa\u0303o de Protocolos de Pesquisa na Plataforma Brasil &nbsp; Data da reuni\u00e3o do Colegiado Fevereiro 02\/02\/26 09\/02\/26 Marc\u0327o 09\/03\/26 16\/03\/26 Abril 13\/04\/26 20\/04\/26 Maio 11\/05\/26 18\/05\/26 Junho 08\/06\/26 15\/06\/26 Julho 13\/07\/26 20\/07\/26 [&hellip;]<\/p>\n","protected":false},"author":1191,"featured_media":0,"parent":0,"menu_order":2,"comment_status":"closed","ping_status":"closed","template":"","meta":{"footnotes":""},"class_list":["post-43","page","type-page","status-publish","hentry"],"_links":{"self":[{"href":"https:\/\/wp.ufpel.edu.br\/cepfen\/wp-json\/wp\/v2\/pages\/43","targetHints":{"allow":["GET"]}}],"collection":[{"href":"https:\/\/wp.ufpel.edu.br\/cepfen\/wp-json\/wp\/v2\/pages"}],"about":[{"href":"https:\/\/wp.ufpel.edu.br\/cepfen\/wp-json\/wp\/v2\/types\/page"}],"author":[{"embeddable":true,"href":"https:\/\/wp.ufpel.edu.br\/cepfen\/wp-json\/wp\/v2\/users\/1191"}],"replies":[{"embeddable":true,"href":"https:\/\/wp.ufpel.edu.br\/cepfen\/wp-json\/wp\/v2\/comments?post=43"}],"version-history":[{"count":3,"href":"https:\/\/wp.ufpel.edu.br\/cepfen\/wp-json\/wp\/v2\/pages\/43\/revisions"}],"predecessor-version":[{"id":198,"href":"https:\/\/wp.ufpel.edu.br\/cepfen\/wp-json\/wp\/v2\/pages\/43\/revisions\/198"}],"wp:attachment":[{"href":"https:\/\/wp.ufpel.edu.br\/cepfen\/wp-json\/wp\/v2\/media?parent=43"}],"curies":[{"name":"wp","href":"https:\/\/api.w.org\/{rel}","templated":true}]}}