{"id":37,"date":"2024-01-18T11:34:59","date_gmt":"2024-01-18T14:34:59","guid":{"rendered":"https:\/\/wp.ufpel.edu.br\/cepfen\/?page_id=37"},"modified":"2024-01-18T21:25:14","modified_gmt":"2024-01-19T00:25:14","slug":"missao-e-historia","status":"publish","type":"page","link":"https:\/\/wp.ufpel.edu.br\/cepfen\/pagina-exemplo\/missao-e-historia\/","title":{"rendered":"Miss\u00e3o e Hist\u00f3ria"},"content":{"rendered":"<p>O Comit\u00ea de \u00c9tica em Pesquisa da Faculdade de Enfermagem foi criado em 2008.\u00a0\u00a0 No ano de 2008 a Professora Em\u00edlia Nalva Ferreira da Silva, ent\u00e3o Diretora da Faculdade de Enfermagem convidou as Professoras Elodi dos Santos, \u00a0Sonia\u00a0 Maria\u00a0 Konzg\u00ebn Meincke e Marilu Correa Soares para pensarem na possibilidade de implementar um Comit\u00ea de \u00c9tica\u00a0\u00a0\u00a0 em\u00a0\u00a0\u00a0 Pesquisa\u00a0\u00a0\u00a0 na\u00a0\u00a0 Faculdade de Enfermagem. \u00a0Neste momento a Faculdade de Enfermagem tinha uma m\u00e9dia de 20 projetos de pesquisa do tipo Trabalhos\u00a0\u00a0 de\u00a0\u00a0 Conclus\u00e3o\u00a0\u00a0 de\u00a0\u00a0 Curso por semestre que eram encaminhados, principalmente, aos Comit\u00eas de \u00c9tica em Pesquisa da Faculdade de Medicina da Universidade Federal de Pelotas e Santa Casa de Miseric\u00f3rdia de Pelotas. \u00a0Devido essa demanda de projetos que necessitam de aprecia\u00e7\u00e3o \u00e9tica e a implementa\u00e7\u00e3o de um Programa de P\u00f3s-Gradua\u00e7\u00e3o, a\u00a0 tend\u00eancia\u00a0 era\u00a0 de\u00a0 que mais projetos de pesquisas, oriundos deste Programa,\u00a0 necessitariam de um Comit\u00ea.<\/p>\n<p>As Professoras Elodi dos Santos, \u00a0Sonia\u00a0 Maria\u00a0 Konzg\u00ebn Meincke e Marilu Correa Soares aceitaram o desafio de implanta\u00e7\u00e3o do Comit\u00ea de \u00c9tica em Pesquisa na Faculdade de Enfermagem. Naquele momento a Professora Elodi\u00a0 era\u00a0 membro relatora do\u00a0 Comit\u00ea de \u00c9tica em Pesquisa da Faculdade\u00a0 de\u00a0\u00a0 Medicina e\u00a0 j\u00e1 estava familiarizada\u00a0 com\u00a0 este\u00a0 cen\u00e1rio\u00a0 e\u00a0 de pronto\u00a0 se\u00a0 disp\u00f4s\u00a0 a\u00a0 buscar\u00a0 junto\u00a0 a Comiss\u00e3o Nacional de \u00c9tica em Pesquisa (CONEP) os tr\u00e2mites para sua implanta\u00e7\u00e3o.\u00a0 Assim, a Faculdade de Enfermagem disponibilizou sala de uso exclusivo para o Comit\u00ea, secret\u00e1ria e todo material de apoio. As Professoras Elodi, Sonia\u00a0\u00a0 e\u00a0\u00a0 Marilu\u00a0\u00a0 ficaram\u00a0\u00a0 de representantes da Faculdade de Enfermagem e a Professora Em\u00edlia, em nome da Dire\u00e7\u00e3o da Faculdade encaminhou\u00a0 convite\u00a0 \u00e0s\u00a0 Unidades\u00a0 da UFPel,\u00a0\u00a0 ao\u00a0\u00a0 Conselho\u00a0\u00a0 Municipal de Sa\u00fade de Pelotas (CMSPel) e\u00a0 a EMBRAPA-Clima\u00a0 Temperado para indicarem um representante junto ao Comit\u00ea. Posteriormente, a realiza\u00e7\u00e3o \u00a0das\u00a0 etapas\u00a0 orientadas\u00a0 pela CONEP,\u00a0 no dia\u00a0 02\u00a0 de\u00a0 dezembro\u00a0 de\u00a0 2008 ocorreu\u00a0 a\u00a0 primeira reuni\u00e3o\u00a0 do\u00a0 UFPel Comit\u00ea de \u00c9tica em Pesquisa da Faculdade de Enfermagem (CEP FE \/ UFPel) que contou com a representa\u00e7\u00e3o das seguintes Institui\u00e7\u00f5es\u00a0 e\u00a0 Cursos:\u00a0 Faculdade\u00a0 de Educa\u00e7\u00e3o,\u00a0\u00a0\u00a0 Faculdade\u00a0\u00a0\u00a0 de\u00a0\u00a0\u00a0 Direito, Faculdade\u00a0\u00a0\u00a0 de\u00a0\u00a0\u00a0 Medicina,\u00a0\u00a0\u00a0 Hospital Escola,\u00a0\u00a0\u00a0 Instituto\u00a0\u00a0\u00a0 de\u00a0\u00a0\u00a0 Filosofia\u00a0\u00a0\u00a0 e Sociologia, EMBRAPA Clima Temperado,\u00a0 Faculdade\u00a0 de\u00a0 Nutri\u00e7\u00e3o, Faculdade de Enfermagem e Conselho Municipal de Sa\u00fade de Pelotas.<\/p>\n<p>A referida composi\u00e7\u00e3o\u00a0\u00a0\u00a0 permitiu\u00a0\u00a0\u00a0 ao\u00a0\u00a0 CEP FE\/UFPel ter a participa\u00e7\u00e3o de membros de\u00a0\u00a0\u00a0 distintas\u00a0\u00a0\u00a0 \u00e1reas\u00a0\u00a0\u00a0 de\u00a0\u00a0\u00a0 forma\u00e7\u00e3o, pesquisadores, cumprindo a exig\u00eancia da multidisciplinaridade\u00a0\u00a0\u00a0 proposta\u00a0\u00a0\u00a0 pela CONEP. Deste modo, o Comit\u00ea constitu\u00eda-se por m\u00e9dico (1), enfermeiros (3), nutricionista (1), bi\u00f3logo (1), fil\u00f3sofo (1), advogado (1), representante discente da gradua\u00e7\u00e3o (1)\u00a0\u00a0\u00a0 e\u00a0\u00a0\u00a0 da\u00a0\u00a0\u00a0 p\u00f3s-gradua\u00e7\u00e3o (1) e representante do CMSPel totalizando 10 membros com seus respectivos suplentes. A primeira secret\u00e1ria do Comit\u00ea foi a servidora administrativa da\u00a0\u00a0\u00a0\u00a0 Faculdade\u00a0\u00a0\u00a0\u00a0 de Enfermagem\u00a0\u00a0 V\u00e2nia\u00a0\u00a0 Maria\u00a0\u00a0 Gon\u00e7alves Barbosa. Esta reuni\u00e3o teve como \u00a0\u00a0objetivo\u00a0\u00a0 apresentar aos membros do CEP a composi\u00e7\u00e3o, as atividades, o Regimento e calend\u00e1rios das\u00a0\u00a0\u00a0 reuni\u00f5es\u00a0\u00a0\u00a0 do\u00a0\u00a0\u00a0 comit\u00ea.\u00a0\u00a0\u00a0 Outro objetivo foi a elei\u00e7\u00e3o da coordenadora do CEP, sendo a Professora Elodi dos Santos eleita por unanimidade.<\/p>\n<p>O CEP-FE \u00e9 um \u00f3rg\u00e3o colegiado interdisciplinar, deliberativo, consultivo e educativo, vinculado \u00e0 Universidade Federal de Pelotas, mas independente na tomada de decis\u00f5es, criado para defender os interesses dos participantes da pesquisa em sua integridade e dignidade e para contribuir no desenvolvimento da pesquisa dentro de padr\u00f5es \u00e9ticos.<\/p>\n<p>Texto retirado do artigo:\u00a0 <span style=\"color: var(--cor-texto); font-family: var(--fonte-corpo);\">SOARES MC, MEINCKE SMK, ZILLMER JGV, MATOS GC de, BOETTCHER CL, VIT\u00d3RIA K de P. Comit\u00ea de \u00c9tica em Pesquisa da Faculdade de Enfermagem da UFPel: sete anos de hist\u00f3ria. J. nurs. health. [Internet]. 24\u00ba de agosto de 2016 [citado 18\u00ba de janeiro de 2024];6(supp):190-8. Dispon\u00edvel em: https:\/\/periodicos.ufpel.edu.br\/index.php\/enfermagem\/article\/view\/8844<\/span><\/p>\n","protected":false},"excerpt":{"rendered":"<p>O Comit\u00ea de \u00c9tica em Pesquisa da Faculdade de Enfermagem foi criado em 2008.\u00a0\u00a0 No ano de 2008 a Professora Em\u00edlia Nalva Ferreira da Silva, ent\u00e3o Diretora da Faculdade de Enfermagem convidou as Professoras Elodi dos Santos, \u00a0Sonia\u00a0 Maria\u00a0 Konzg\u00ebn Meincke e Marilu Correa Soares para pensarem na possibilidade de implementar um Comit\u00ea de \u00c9tica\u00a0\u00a0\u00a0 [&hellip;]<\/p>\n","protected":false},"author":1191,"featured_media":0,"parent":2,"menu_order":0,"comment_status":"closed","ping_status":"closed","template":"","meta":{"footnotes":""},"class_list":["post-37","page","type-page","status-publish","hentry"],"_links":{"self":[{"href":"https:\/\/wp.ufpel.edu.br\/cepfen\/wp-json\/wp\/v2\/pages\/37","targetHints":{"allow":["GET"]}}],"collection":[{"href":"https:\/\/wp.ufpel.edu.br\/cepfen\/wp-json\/wp\/v2\/pages"}],"about":[{"href":"https:\/\/wp.ufpel.edu.br\/cepfen\/wp-json\/wp\/v2\/types\/page"}],"author":[{"embeddable":true,"href":"https:\/\/wp.ufpel.edu.br\/cepfen\/wp-json\/wp\/v2\/users\/1191"}],"replies":[{"embeddable":true,"href":"https:\/\/wp.ufpel.edu.br\/cepfen\/wp-json\/wp\/v2\/comments?post=37"}],"version-history":[{"count":6,"href":"https:\/\/wp.ufpel.edu.br\/cepfen\/wp-json\/wp\/v2\/pages\/37\/revisions"}],"predecessor-version":[{"id":144,"href":"https:\/\/wp.ufpel.edu.br\/cepfen\/wp-json\/wp\/v2\/pages\/37\/revisions\/144"}],"up":[{"embeddable":true,"href":"https:\/\/wp.ufpel.edu.br\/cepfen\/wp-json\/wp\/v2\/pages\/2"}],"wp:attachment":[{"href":"https:\/\/wp.ufpel.edu.br\/cepfen\/wp-json\/wp\/v2\/media?parent=37"}],"curies":[{"name":"wp","href":"https:\/\/api.w.org\/{rel}","templated":true}]}}