{"id":136,"date":"2024-01-18T21:13:29","date_gmt":"2024-01-19T00:13:29","guid":{"rendered":"https:\/\/wp.ufpel.edu.br\/cepfen\/?page_id=136"},"modified":"2024-01-18T21:18:02","modified_gmt":"2024-01-19T00:18:02","slug":"legislacao-pesquisas-nas-ciencias-humanas-e-sociais","status":"publish","type":"page","link":"https:\/\/wp.ufpel.edu.br\/cepfen\/submissao-de-protocolos-de-pesquisa\/legislacao-pesquisas-nas-ciencias-humanas-e-sociais\/","title":{"rendered":"Legisla\u00e7\u00e3o &#8211; Pesquisas nas Ci\u00eancias Humanas e Sociais"},"content":{"rendered":"<table>\n<tbody>\n<tr>\n<td style=\"width: 764px;\" colspan=\"2\">\n<p><a href=\"https:\/\/conselho.saude.gov.br\/images\/comissoes\/conep\/documentos\/NORMAS-RESOLUCOES\/Resoluo_n_510_-_2016_-_Cincias_Humanas_e_Sociais.pdf\" target=\"_blank\" rel=\"noopener\"><strong>Resolu\u00e7\u00e3o CNS n\u00ba 510\/2016<\/strong><\/a><\/p>\n<p>Normas aplic\u00e1veis a pesquisas em Ci\u00eancias Humanas e Sociais<\/td>\n<\/tr>\n<tr>\n<td style=\"width: 365px;\">\n<p><a href=\"https:\/\/conselho.saude.gov.br\/images\/comissoes\/conep\/documentos\/CARTAS\/CartaCircular110.pdf\" target=\"&quot;_blank\" rel=\"noopener\"><strong>Carta Circular n\u00ba 110\/2017<\/strong><\/a><\/p>\n<p>Preenchimento da Plataforma Brasil em pesquisas com metodologias pr\u00f3prias das CHS<\/td>\n<td style=\"width: 399px;\">\n<p>&nbsp;<\/p>\n<p><strong><a href=\"https:\/\/conselho.saude.gov.br\/images\/Of%C3%ADcio_Circular_17_SEI_MS_-_25000.094016_2022_10.pdf\" target=\"_blank\" rel=\"noopener\">Of\u00edcio Circular n\u00ba 17\/2022<\/a><\/strong><\/p>\n<p>Orienta\u00e7\u00f5es acerca do artigo 1.\u00ba da Resolu\u00e7\u00e3o CNS n.\u00ba 510, de 7 de abril de 2016, casos de n\u00e3o submiss\u00e3o ao Sistema CEP\/Conep<\/td>\n<\/tr>\n<tr>\n<td style=\"width: 764px;\" colspan=\"2\">\n<p><a href=\"https:\/\/conselho.saude.gov.br\/images\/Manual_de_Orientacao_Pendencias_comuns_em_protocolos_CHS_versao_23102023.pdf\"><strong>Manual de Orienta\u00e7\u00e3o: Pend\u00eancias Comuns em Protocolos de Ci\u00eancias Humanas e Sociais no Sistema Cep\/Conep<\/strong><\/a><\/p>\n<p>Orienta\u00e7\u00f5es aos Comit\u00eas de \u00c9tica em Pesquisa e pesquisadores sobre as pend\u00eancias comuns em protocolos que utilizam metodologia caracter\u00edstica da \u00e1rea de Ci\u00eancias Humanas e Socais, considerando a Resolu\u00e7\u00e3o CNS n\u00ba 510 de 2016 e suas complementares.<\/td>\n<\/tr>\n<\/tbody>\n<\/table>\n<p>&nbsp;<\/p>\n","protected":false},"excerpt":{"rendered":"<p>Resolu\u00e7\u00e3o CNS n\u00ba 510\/2016 Normas aplic\u00e1veis a pesquisas em Ci\u00eancias Humanas e Sociais Carta Circular n\u00ba 110\/2017 Preenchimento da Plataforma Brasil em pesquisas com metodologias pr\u00f3prias das CHS &nbsp; Of\u00edcio Circular n\u00ba 17\/2022 Orienta\u00e7\u00f5es acerca do artigo 1.\u00ba da Resolu\u00e7\u00e3o CNS n.\u00ba 510, de 7 de abril de 2016, casos de n\u00e3o submiss\u00e3o ao Sistema [&hellip;]<\/p>\n","protected":false},"author":1191,"featured_media":0,"parent":29,"menu_order":2,"comment_status":"closed","ping_status":"closed","template":"","meta":{"footnotes":""},"class_list":["post-136","page","type-page","status-publish","hentry"],"_links":{"self":[{"href":"https:\/\/wp.ufpel.edu.br\/cepfen\/wp-json\/wp\/v2\/pages\/136","targetHints":{"allow":["GET"]}}],"collection":[{"href":"https:\/\/wp.ufpel.edu.br\/cepfen\/wp-json\/wp\/v2\/pages"}],"about":[{"href":"https:\/\/wp.ufpel.edu.br\/cepfen\/wp-json\/wp\/v2\/types\/page"}],"author":[{"embeddable":true,"href":"https:\/\/wp.ufpel.edu.br\/cepfen\/wp-json\/wp\/v2\/users\/1191"}],"replies":[{"embeddable":true,"href":"https:\/\/wp.ufpel.edu.br\/cepfen\/wp-json\/wp\/v2\/comments?post=136"}],"version-history":[{"count":4,"href":"https:\/\/wp.ufpel.edu.br\/cepfen\/wp-json\/wp\/v2\/pages\/136\/revisions"}],"predecessor-version":[{"id":142,"href":"https:\/\/wp.ufpel.edu.br\/cepfen\/wp-json\/wp\/v2\/pages\/136\/revisions\/142"}],"up":[{"embeddable":true,"href":"https:\/\/wp.ufpel.edu.br\/cepfen\/wp-json\/wp\/v2\/pages\/29"}],"wp:attachment":[{"href":"https:\/\/wp.ufpel.edu.br\/cepfen\/wp-json\/wp\/v2\/media?parent=136"}],"curies":[{"name":"wp","href":"https:\/\/api.w.org\/{rel}","templated":true}]}}