{"id":101,"date":"2024-01-18T19:56:09","date_gmt":"2024-01-18T22:56:09","guid":{"rendered":"https:\/\/wp.ufpel.edu.br\/cepfen\/?page_id=101"},"modified":"2024-01-18T21:28:01","modified_gmt":"2024-01-19T00:28:01","slug":"inicio","status":"publish","type":"page","link":"https:\/\/wp.ufpel.edu.br\/cepfen\/inicio\/","title":{"rendered":"In\u00edcio"},"content":{"rendered":"<p>O Comit\u00ea de \u00c9tica em Pesquisa da Faculdade de Enfermagem da UFPel (CEP-FE\/UFPel), registro 5316, \u00e9 um \u00f3rg\u00e3o colegiado, de car\u00e1ter consultivo, deliberativo e educativo, cujo prop\u00f3sito \u00e9 avaliar e acompanhar os projetos de pesquisa envolvendo seres humanos, em seus aspectos \u00e9ticos e metodol\u00f3gicos, conforme a Legisla\u00e7\u00e3o \u00e9tica vigente sobre pesquisa com seres humanos.<\/p>\n<p>A secretaria do Comit\u00ea de \u00c9tica em Pesquisa da Faculdade de Enfermagem atende na Sala 212, segundo Andar do Pr\u00e9dio da Reitoria, Campus Anglo da UFPel, na Rua Gomes Carneiro, n\u00ba 01 \u2013\u00a0 Pelotas \u2013 Rio Grande do Sul. O hor\u00e1rio de atendimento \u00e9 das 08:00 \u00e0s 12:00 (manh\u00e3) e das 14h \u00e0s 18 (tarde). \u00a0O atendimento aos pesquisadores \u00e9 realizado \u00a0via e-mail, por telefone e de forma presencial. Os demais tr\u00e2mites de recep\u00e7\u00e3o, encaminhamento e an\u00e1lise dos projetos de pesquisa s\u00e3o realizados via sistema Plataforma Brasil.<\/p>\n<p>As reuni\u00f5es do CEP-FE\/UFPel s\u00e3o realizadas mensalmente, na terceira segunda-feira, pela tarde, das 13h45 \u00e0s 18 horas, de forma h\u00edbrida na \u2013 Sala 212, segundo andar, Campus Anglo.<\/p>\n","protected":false},"excerpt":{"rendered":"<p>O Comit\u00ea de \u00c9tica em Pesquisa da Faculdade de Enfermagem da UFPel (CEP-FE\/UFPel), registro 5316, \u00e9 um \u00f3rg\u00e3o colegiado, de car\u00e1ter consultivo, deliberativo e educativo, cujo prop\u00f3sito \u00e9 avaliar e acompanhar os projetos de pesquisa envolvendo seres humanos, em seus aspectos \u00e9ticos e metodol\u00f3gicos, conforme a Legisla\u00e7\u00e3o \u00e9tica vigente sobre pesquisa com seres humanos. A [&hellip;]<\/p>\n","protected":false},"author":1191,"featured_media":0,"parent":0,"menu_order":0,"comment_status":"closed","ping_status":"closed","template":"","meta":{"footnotes":""},"class_list":["post-101","page","type-page","status-publish","hentry"],"_links":{"self":[{"href":"https:\/\/wp.ufpel.edu.br\/cepfen\/wp-json\/wp\/v2\/pages\/101","targetHints":{"allow":["GET"]}}],"collection":[{"href":"https:\/\/wp.ufpel.edu.br\/cepfen\/wp-json\/wp\/v2\/pages"}],"about":[{"href":"https:\/\/wp.ufpel.edu.br\/cepfen\/wp-json\/wp\/v2\/types\/page"}],"author":[{"embeddable":true,"href":"https:\/\/wp.ufpel.edu.br\/cepfen\/wp-json\/wp\/v2\/users\/1191"}],"replies":[{"embeddable":true,"href":"https:\/\/wp.ufpel.edu.br\/cepfen\/wp-json\/wp\/v2\/comments?post=101"}],"version-history":[{"count":6,"href":"https:\/\/wp.ufpel.edu.br\/cepfen\/wp-json\/wp\/v2\/pages\/101\/revisions"}],"predecessor-version":[{"id":147,"href":"https:\/\/wp.ufpel.edu.br\/cepfen\/wp-json\/wp\/v2\/pages\/101\/revisions\/147"}],"wp:attachment":[{"href":"https:\/\/wp.ufpel.edu.br\/cepfen\/wp-json\/wp\/v2\/media?parent=101"}],"curies":[{"name":"wp","href":"https:\/\/api.w.org\/{rel}","templated":true}]}}