{"id":10,"date":"2021-10-27T11:36:24","date_gmt":"2021-10-27T14:36:24","guid":{"rendered":"https:\/\/wp.ufpel.edu.br\/cepfen\/?page_id=10"},"modified":"2024-01-18T21:25:38","modified_gmt":"2024-01-19T00:25:38","slug":"secretaria","status":"publish","type":"page","link":"https:\/\/wp.ufpel.edu.br\/cepfen\/pagina-exemplo\/secretaria\/","title":{"rendered":"Hor\u00e1rios de Atendimento na Secretaria"},"content":{"rendered":"<p>A secretaria do Comit\u00ea de \u00c9tica em Pesquisa da Faculdade de Enfermagem atende na Sala 212, segundo Andar do Pr\u00e9dio da Reitoria, Campus Anglo da UFPel, na Rua Gomes Carneiro, n\u00ba 01 \u2013 Pelotas \u2013 Rio Grande do Sul.<\/p>\n<p>O hor\u00e1rio de atendimento \u00e9 das 08:00 \u00e0s 12:00 (manh\u00e3) e das 14h \u00e0s 18 (tarde). \u00a0O atendimento aos pesquisadores \u00e9 realizado \u00a0via e-mail, por telefone e de forma presencial. Os demais tr\u00e2mites de recep\u00e7\u00e3o, encaminhamento e an\u00e1lise dos projetos de pesquisa s\u00e3o realizados via sistema Plataforma Brasil.<\/p>\n<p>Secret\u00e1ria: Joanna Darc Correa Marcello<\/p>\n<p>E-mail: <strong>cepfen@ufpel.edu.br <\/strong><\/p>\n<p>Telefone: <strong>(53) 3284-3822<\/strong><\/p>\n","protected":false},"excerpt":{"rendered":"<p>A secretaria do Comit\u00ea de \u00c9tica em Pesquisa da Faculdade de Enfermagem atende na Sala 212, segundo Andar do Pr\u00e9dio da Reitoria, Campus Anglo da UFPel, na Rua Gomes Carneiro, n\u00ba 01 \u2013 Pelotas \u2013 Rio Grande do Sul. O hor\u00e1rio de atendimento \u00e9 das 08:00 \u00e0s 12:00 (manh\u00e3) e das 14h \u00e0s 18 (tarde). [&hellip;]<\/p>\n","protected":false},"author":1191,"featured_media":0,"parent":2,"menu_order":5,"comment_status":"closed","ping_status":"closed","template":"","meta":{"footnotes":""},"class_list":["post-10","page","type-page","status-publish","hentry"],"_links":{"self":[{"href":"https:\/\/wp.ufpel.edu.br\/cepfen\/wp-json\/wp\/v2\/pages\/10","targetHints":{"allow":["GET"]}}],"collection":[{"href":"https:\/\/wp.ufpel.edu.br\/cepfen\/wp-json\/wp\/v2\/pages"}],"about":[{"href":"https:\/\/wp.ufpel.edu.br\/cepfen\/wp-json\/wp\/v2\/types\/page"}],"author":[{"embeddable":true,"href":"https:\/\/wp.ufpel.edu.br\/cepfen\/wp-json\/wp\/v2\/users\/1191"}],"replies":[{"embeddable":true,"href":"https:\/\/wp.ufpel.edu.br\/cepfen\/wp-json\/wp\/v2\/comments?post=10"}],"version-history":[{"count":7,"href":"https:\/\/wp.ufpel.edu.br\/cepfen\/wp-json\/wp\/v2\/pages\/10\/revisions"}],"predecessor-version":[{"id":145,"href":"https:\/\/wp.ufpel.edu.br\/cepfen\/wp-json\/wp\/v2\/pages\/10\/revisions\/145"}],"up":[{"embeddable":true,"href":"https:\/\/wp.ufpel.edu.br\/cepfen\/wp-json\/wp\/v2\/pages\/2"}],"wp:attachment":[{"href":"https:\/\/wp.ufpel.edu.br\/cepfen\/wp-json\/wp\/v2\/media?parent=10"}],"curies":[{"name":"wp","href":"https:\/\/api.w.org\/{rel}","templated":true}]}}