{"id":90,"date":"2019-05-08T10:54:49","date_gmt":"2019-05-08T13:54:49","guid":{"rendered":"https:\/\/wp.ufpel.edu.br\/cepesef\/?page_id=90"},"modified":"2020-12-01T12:03:18","modified_gmt":"2020-12-01T15:03:18","slug":"pareceres-e-tramitacoes","status":"publish","type":"page","link":"https:\/\/wp.ufpel.edu.br\/cepesef\/submissao-de-projetos-2\/pareceres-e-tramitacoes\/","title":{"rendered":"Pareceres e Tramita\u00e7\u00f5es"},"content":{"rendered":"<p>O Comit\u00ea de \u00c9tica ap\u00f3s aceita\u00e7\u00e3o do Projeto de Pesquisa, tem o prazo de at\u00e9 30 dias para emiss\u00e3o do Parecer. Cada projeto ser\u00e1 enquadrado em uma das seguintes categorias presentes na Norma Operacional CNS n\u00ba 001\/2013 que s\u00e3o assim definidas:<\/p>\n<p style=\"text-align: justify\">&#8211; <strong>APROVADO<\/strong>: Quando o protocolo se encontra totalmente adequado para execu\u00e7\u00e3o.<\/p>\n<p style=\"text-align: justify\">&#8211; <strong>COM PEND\u00caNCIA<\/strong>: Quando a decis\u00e3o \u00e9 pela necessidade de corre\u00e7\u00e3o, hip\u00f3tese em que ser\u00e3o solicitadas altera\u00e7\u00f5es ou complementa\u00e7\u00f5es do protocolo de pesquisa. Por mais simples que seja a exig\u00eancia feita, o protocolo continua em \u201cpend\u00eancia\u201d, enquanto esta n\u00e3o estiver completamente atendida. Se o parecer for de pend\u00eancia, o pesquisador ter\u00e1 o prazo de trinta (30) dias, contados a partir de sua emiss\u00e3o na Plataforma Brasil, para atend\u00ea-la. Decorrido este prazo, o CEP ter\u00e1 trinta (30) dias para emitir o parecer final, aprovando ou reprovando o protocolo.<\/p>\n<p style=\"text-align: justify\">&#8211; <strong>N\u00c3O APROVADO<\/strong>: Quando a decis\u00e3o considera que os \u00f3bices \u00e9ticos do protocolo s\u00e3o de tal gravidade que n\u00e3o podem ser superados pela tramita\u00e7\u00e3o em \u201cpend\u00eancia\u201d. Nas decis\u00f5es de n\u00e3o aprova\u00e7\u00e3o cabem recurso ao pr\u00f3prio CEP e\/ou \u00e0 Conep, no prazo de 30 dias, sempre que algum fato novo for apresentado para fundamentar a necessidade de uma rean\u00e1lise.<\/p>\n<p style=\"text-align: justify\">&#8211; <strong>ARQUIVADO<\/strong>: Quando o pesquisador descumprir o prazo para enviar as respostas \u00e0s pend\u00eancias apontadas ou para recorrer.<\/p>\n<p style=\"text-align: justify\">&#8211; <strong>SUSPENSO<\/strong>: Quando a pesquisa aprovada, j\u00e1 em andamento, deve ser interrompida por motivo de seguran\u00e7a, especialmente referente ao participante da pesquisa.<\/p>\n<p style=\"text-align: justify\">&#8211; <strong>RETIRADO<\/strong>: Quando o Sistema CEP\/ Conep acatar a solicita\u00e7\u00e3o do pesquisador respons\u00e1vel mediante justificativa para a retirada do protocolo, antes de sua avalia\u00e7\u00e3o \u00e9tica. Neste caso, o protocolo \u00e9 considerado encerrado.<\/p>\n<p style=\"text-align: justify\"><strong>Observa\u00e7\u00e3o<\/strong>: para os projetos que receberem o parecer <strong>COM PEND\u00caNCIA<\/strong>, o Projeto ser\u00e1 retornado a(o) pesquisador(a) e o(a) mesmo(a) ter\u00e1 at\u00e9 30 dias para realizar as adequa\u00e7\u00f5es solicitadas e retornar o projeto de pesquisa ao CEP, juntamente com a <strong><a href=\"https:\/\/wp.ufpel.edu.br\/cepesef\/submissao-de-projetos-2\/carta-resposta-as-pendencias\/\">Carta Resposta as Pend\u00eancias<\/a>.\u00a0<\/strong>O CEP ter\u00e1 um prazo de at\u00e9 30 dias para emitir novo parecer.<\/p>\n","protected":false},"excerpt":{"rendered":"<p>O Comit\u00ea de \u00c9tica ap\u00f3s aceita\u00e7\u00e3o do Projeto de Pesquisa, tem o prazo de at\u00e9 30 dias para emiss\u00e3o do Parecer. Cada projeto ser\u00e1 enquadrado em uma das seguintes categorias presentes na Norma Operacional CNS n\u00ba 001\/2013 que s\u00e3o assim definidas: &#8211; APROVADO: Quando o protocolo se encontra totalmente adequado para execu\u00e7\u00e3o. &#8211; COM PEND\u00caNCIA: [&hellip;]<\/p>\n","protected":false},"author":929,"featured_media":0,"parent":87,"menu_order":1,"comment_status":"closed","ping_status":"closed","template":"","meta":{"footnotes":""},"class_list":["post-90","page","type-page","status-publish","hentry"],"_links":{"self":[{"href":"https:\/\/wp.ufpel.edu.br\/cepesef\/wp-json\/wp\/v2\/pages\/90","targetHints":{"allow":["GET"]}}],"collection":[{"href":"https:\/\/wp.ufpel.edu.br\/cepesef\/wp-json\/wp\/v2\/pages"}],"about":[{"href":"https:\/\/wp.ufpel.edu.br\/cepesef\/wp-json\/wp\/v2\/types\/page"}],"author":[{"embeddable":true,"href":"https:\/\/wp.ufpel.edu.br\/cepesef\/wp-json\/wp\/v2\/users\/929"}],"replies":[{"embeddable":true,"href":"https:\/\/wp.ufpel.edu.br\/cepesef\/wp-json\/wp\/v2\/comments?post=90"}],"version-history":[{"count":4,"href":"https:\/\/wp.ufpel.edu.br\/cepesef\/wp-json\/wp\/v2\/pages\/90\/revisions"}],"predecessor-version":[{"id":280,"href":"https:\/\/wp.ufpel.edu.br\/cepesef\/wp-json\/wp\/v2\/pages\/90\/revisions\/280"}],"up":[{"embeddable":true,"href":"https:\/\/wp.ufpel.edu.br\/cepesef\/wp-json\/wp\/v2\/pages\/87"}],"wp:attachment":[{"href":"https:\/\/wp.ufpel.edu.br\/cepesef\/wp-json\/wp\/v2\/media?parent=90"}],"curies":[{"name":"wp","href":"https:\/\/api.w.org\/{rel}","templated":true}]}}