{"id":73,"date":"2019-05-08T09:42:51","date_gmt":"2019-05-08T12:42:51","guid":{"rendered":"https:\/\/wp.ufpel.edu.br\/cepesef\/?page_id=73"},"modified":"2024-03-28T11:40:10","modified_gmt":"2024-03-28T14:40:10","slug":"manual-de-usuario","status":"publish","type":"page","link":"https:\/\/wp.ufpel.edu.br\/cepesef\/plataforma-brasil\/manual-de-usuario\/","title":{"rendered":"Manual e Cartilha do Pesquisador"},"content":{"rendered":"<p style=\"text-align: justify;\">Todas as suas d\u00favidas referentes a cadastros e inser\u00e7\u00e3o de projetos na Plataforma Brasil ser\u00e3o esclarecidas atrav\u00e9s do <a href=\"https:\/\/wp.ufpel.edu.br\/cepesef\/files\/2024\/03\/1.1_-_Manual_Pesquisador_-_Versao_3.3-1.pdf\" target=\"_blank\" rel=\"noopener\">Manual do Pesquisador<\/a><\/p>\n<p style=\"text-align: justify;\">A\u00a0<a href=\"https:\/\/wp.ufpel.edu.br\/cepesef\/files\/2020\/07\/Documento_0015663961_Cartilha_Direitos_Participantes_de_Pesquisa_2020__C_.pdf\" target=\"_blank\" rel=\"noopener noreferrer\">Cartilha dos Direitos dos Participantes de Pesquisa<\/a>\u00a0foi desenvolvida especialmente para apoiar voc\u00ea que j\u00e1 se submeteu ou est\u00e1 analisando as possibilidades de participar de uma pesquisa e deseja saber tudo sobre seus direitos e garantias.<\/p>\n<p style=\"text-align: justify;\">D\u00favidas referentes aos Protocolos de Pesquisa devem ser encontradas em <a href=\"https:\/\/wp.ufpel.edu.br\/cepesef\/submissao-de-projetos-2\/\" target=\"_blank\" rel=\"noopener\">Submiss\u00e3o de Protocolos<\/a>.<\/p>\n","protected":false},"excerpt":{"rendered":"<p>Todas as suas d\u00favidas referentes a cadastros e inser\u00e7\u00e3o de projetos na Plataforma Brasil ser\u00e3o esclarecidas atrav\u00e9s do Manual do Pesquisador A\u00a0Cartilha dos Direitos dos Participantes de Pesquisa\u00a0foi desenvolvida especialmente para apoiar voc\u00ea que j\u00e1 se submeteu ou est\u00e1 analisando as possibilidades de participar de uma pesquisa e deseja saber tudo sobre seus direitos e [&hellip;]<\/p>\n","protected":false},"author":929,"featured_media":0,"parent":30,"menu_order":2,"comment_status":"closed","ping_status":"closed","template":"","meta":{"footnotes":""},"class_list":["post-73","page","type-page","status-publish","hentry"],"_links":{"self":[{"href":"https:\/\/wp.ufpel.edu.br\/cepesef\/wp-json\/wp\/v2\/pages\/73","targetHints":{"allow":["GET"]}}],"collection":[{"href":"https:\/\/wp.ufpel.edu.br\/cepesef\/wp-json\/wp\/v2\/pages"}],"about":[{"href":"https:\/\/wp.ufpel.edu.br\/cepesef\/wp-json\/wp\/v2\/types\/page"}],"author":[{"embeddable":true,"href":"https:\/\/wp.ufpel.edu.br\/cepesef\/wp-json\/wp\/v2\/users\/929"}],"replies":[{"embeddable":true,"href":"https:\/\/wp.ufpel.edu.br\/cepesef\/wp-json\/wp\/v2\/comments?post=73"}],"version-history":[{"count":10,"href":"https:\/\/wp.ufpel.edu.br\/cepesef\/wp-json\/wp\/v2\/pages\/73\/revisions"}],"predecessor-version":[{"id":622,"href":"https:\/\/wp.ufpel.edu.br\/cepesef\/wp-json\/wp\/v2\/pages\/73\/revisions\/622"}],"up":[{"embeddable":true,"href":"https:\/\/wp.ufpel.edu.br\/cepesef\/wp-json\/wp\/v2\/pages\/30"}],"wp:attachment":[{"href":"https:\/\/wp.ufpel.edu.br\/cepesef\/wp-json\/wp\/v2\/media?parent=73"}],"curies":[{"name":"wp","href":"https:\/\/api.w.org\/{rel}","templated":true}]}}