{"id":670,"date":"2025-12-15T15:35:27","date_gmt":"2025-12-15T18:35:27","guid":{"rendered":"https:\/\/wp.ufpel.edu.br\/cepesef\/?page_id=670"},"modified":"2026-03-09T14:56:21","modified_gmt":"2026-03-09T17:56:21","slug":"2026-2","status":"publish","type":"page","link":"https:\/\/wp.ufpel.edu.br\/cepesef\/2026-2\/","title":{"rendered":"2026"},"content":{"rendered":"<p>Informamos que, para o bem da organiza\u00e7\u00e3o e planejamento dos pesquisadores que submetem seus projetos para este Comit\u00ea de \u00c9tica em Pesquisa (CEP),\u00a0<strong>as reuni\u00f5es do colegiado deste CEP ser\u00e3o realizadas nas quartas-feiras, uma vez por m\u00eas, \u00e0s 16:00h (ver tabela abaixo).<\/strong> Os projetos dever\u00e3o ser submetidos na Plataforma Brasil at\u00e9 a quarta-feira anterior \u00e0 reuni\u00e3o (impreterivelmente). Salientamos que a documenta\u00e7\u00e3o dever\u00e1 estar adequadamente preenchida para que os projetos sejam aceitos e encaminhados para relatoria.<\/p>\n<p>&nbsp;<\/p>\n<p><strong>As reuni\u00f5es do nosso Comit\u00ea est\u00e3o acontecendo mensalmente<\/strong>.<\/p>\n<p>&nbsp;<\/p>\n<table>\n<tbody>\n<tr>\n<td style=\"width: 292px;\" width=\"287\">\n<p><strong>Data da Reuni\u00e3o do CEP<\/strong><\/p>\n<p>&nbsp;<\/td>\n<td style=\"width: 290px;\" width=\"287\">Data limite para submiss\u00e3o na Plataforma Brasil (<strong>at\u00e9 quarta-feira anterior \u00e0 reuni\u00e3o &#8211; impreterivelmente<\/strong>)<\/td>\n<\/tr>\n<tr>\n<td style=\"width: 292px;\" width=\"287\">25\/02 (quarta &#8211; 16:00h)<\/td>\n<td style=\"width: 290px;\" width=\"287\">18\/02<\/td>\n<\/tr>\n<tr>\n<td style=\"width: 292px;\" width=\"287\">25\/03 (quarta &#8211; 16:00h)<\/td>\n<td style=\"width: 290px;\" width=\"287\">18\/03<\/td>\n<\/tr>\n<tr>\n<td style=\"width: 292px;\" width=\"287\">15\/04 (quarta &#8211; 16:00h)<\/td>\n<td style=\"width: 290px;\" width=\"287\">08\/04<\/td>\n<\/tr>\n<tr>\n<td style=\"width: 292px;\" width=\"287\">20\/05 (quarta &#8211; 16:00h)<\/td>\n<td style=\"width: 290px;\" width=\"287\">13\/05<\/td>\n<\/tr>\n<tr>\n<td style=\"width: 292px;\" width=\"287\">17\/06 (quarta &#8211; 16:00h)<\/td>\n<td style=\"width: 290px;\" width=\"287\">10\/06<\/td>\n<\/tr>\n<tr>\n<td style=\"width: 292px;\" width=\"287\">15\/07 (quarta &#8211; 16:00h)<\/td>\n<td style=\"width: 290px;\" width=\"287\">08\/07<\/td>\n<\/tr>\n<tr>\n<td style=\"width: 292px;\" width=\"287\">19\/08 (quarta &#8211; 16:00h)<\/td>\n<td style=\"width: 290px;\" width=\"287\">12\/08<\/td>\n<\/tr>\n<tr>\n<td style=\"width: 292px;\" width=\"287\">16\/09 (quarta &#8211; 16:00h)<\/td>\n<td style=\"width: 290px;\" width=\"287\">09\/09<\/td>\n<\/tr>\n<tr>\n<td style=\"width: 292px;\" width=\"287\">21\/10 (quarta &#8211; 16:00h)<\/td>\n<td style=\"width: 290px;\" width=\"287\">14\/10<\/td>\n<\/tr>\n<tr>\n<td style=\"width: 292px;\" width=\"287\">18\/11 (quarta &#8211; 16:00h)<\/td>\n<td style=\"width: 290px;\" width=\"287\">11\/11<\/td>\n<\/tr>\n<tr>\n<td style=\"width: 292px;\" width=\"287\">09\/12 (quarta &#8211; 16:00h)<\/td>\n<td style=\"width: 290px;\" width=\"287\">02\/12<\/td>\n<\/tr>\n<\/tbody>\n<\/table>\n<p>&nbsp;<\/p>\n","protected":false},"excerpt":{"rendered":"<p>Informamos que, para o bem da organiza\u00e7\u00e3o e planejamento dos pesquisadores que submetem seus projetos para este Comit\u00ea de \u00c9tica em Pesquisa (CEP),\u00a0as reuni\u00f5es do colegiado deste CEP ser\u00e3o realizadas nas quartas-feiras, uma vez por m\u00eas, \u00e0s 16:00h (ver tabela abaixo). Os projetos dever\u00e3o ser submetidos na Plataforma Brasil at\u00e9 a quarta-feira anterior \u00e0 reuni\u00e3o [&hellip;]<\/p>\n","protected":false},"author":929,"featured_media":0,"parent":0,"menu_order":0,"comment_status":"closed","ping_status":"closed","template":"","meta":{"footnotes":""},"class_list":["post-670","page","type-page","status-publish","hentry"],"_links":{"self":[{"href":"https:\/\/wp.ufpel.edu.br\/cepesef\/wp-json\/wp\/v2\/pages\/670","targetHints":{"allow":["GET"]}}],"collection":[{"href":"https:\/\/wp.ufpel.edu.br\/cepesef\/wp-json\/wp\/v2\/pages"}],"about":[{"href":"https:\/\/wp.ufpel.edu.br\/cepesef\/wp-json\/wp\/v2\/types\/page"}],"author":[{"embeddable":true,"href":"https:\/\/wp.ufpel.edu.br\/cepesef\/wp-json\/wp\/v2\/users\/929"}],"replies":[{"embeddable":true,"href":"https:\/\/wp.ufpel.edu.br\/cepesef\/wp-json\/wp\/v2\/comments?post=670"}],"version-history":[{"count":2,"href":"https:\/\/wp.ufpel.edu.br\/cepesef\/wp-json\/wp\/v2\/pages\/670\/revisions"}],"predecessor-version":[{"id":679,"href":"https:\/\/wp.ufpel.edu.br\/cepesef\/wp-json\/wp\/v2\/pages\/670\/revisions\/679"}],"wp:attachment":[{"href":"https:\/\/wp.ufpel.edu.br\/cepesef\/wp-json\/wp\/v2\/media?parent=670"}],"curies":[{"name":"wp","href":"https:\/\/api.w.org\/{rel}","templated":true}]}}