{"id":636,"date":"2025-01-21T15:54:25","date_gmt":"2025-01-21T18:54:25","guid":{"rendered":"https:\/\/wp.ufpel.edu.br\/cepesef\/?page_id=636"},"modified":"2025-06-29T20:38:25","modified_gmt":"2025-06-29T23:38:25","slug":"2025-2","status":"publish","type":"page","link":"https:\/\/wp.ufpel.edu.br\/cepesef\/2025-2\/","title":{"rendered":"2025"},"content":{"rendered":"<p>Informamos que, para o bem da organiza\u00e7\u00e3o e planejamento dos pesquisadores que submetem seus projetos para este Comit\u00ea de \u00c9tica em Pesquisa (CEP),\u00a0<strong>as reuni\u00f5es do colegiado deste CEP ser\u00e3o realizadas nas quartas-feiras, uma vez por m\u00eas, \u00e0s 16:00h (ver tabela abaixo).<\/strong> Os projetos dever\u00e3o ser submetidos na Plataforma Brasil at\u00e9 a quarta-feira anterior \u00e0 reuni\u00e3o (impreterivelmente). Salientamos que a documenta\u00e7\u00e3o dever\u00e1 estar adequadamente preenchida para que os projetos sejam aceitos e encaminhados para relatoria.<\/p>\n<p>&nbsp;<\/p>\n<p><strong>As reuni\u00f5es do nosso Comit\u00ea est\u00e3o acontecendo mensalmente<\/strong>.<\/p>\n<p>&nbsp;<\/p>\n<table>\n<tbody>\n<tr>\n<td width=\"287\">\n<p><strong>Data da Reuni\u00e3o do CEP<\/strong><\/p>\n<p>&nbsp;<\/td>\n<td width=\"287\">Data limite para submiss\u00e3o na Plataforma Brasil (<strong>at\u00e9 quarta-feira anterior \u00e0 reuni\u00e3o &#8211; impreterivelmente<\/strong>)<\/td>\n<\/tr>\n<tr>\n<td width=\"287\">19\/02 (quarta &#8211; 16:00h)<\/td>\n<td width=\"287\">14\/02<\/td>\n<\/tr>\n<tr>\n<td width=\"287\">19\/03 (quarta &#8211; 16:00h)<\/td>\n<td width=\"287\">14\/03<\/td>\n<\/tr>\n<tr>\n<td width=\"287\">23\/04 (quarta &#8211; 16:00h)<\/td>\n<td width=\"287\">18\/04<\/td>\n<\/tr>\n<tr>\n<td width=\"287\">21\/05 (quarta &#8211; 16:00h)<\/td>\n<td width=\"287\">16\/05<\/td>\n<\/tr>\n<tr>\n<td width=\"287\">18\/06 (quarta &#8211; 16:00h)<\/td>\n<td width=\"287\">13\/06<\/td>\n<\/tr>\n<tr>\n<td width=\"287\">23\/07 (quarta &#8211; 16:00h)<\/td>\n<td width=\"287\"><strong>16\/07<\/strong><\/td>\n<\/tr>\n<tr>\n<td width=\"287\">20\/08 (quarta &#8211; 16:00h)<\/td>\n<td width=\"287\"><strong>13\/08<\/strong><\/td>\n<\/tr>\n<tr>\n<td width=\"287\">17\/09 (quarta &#8211; 16:00h)<\/td>\n<td width=\"287\"><strong>10\/09<\/strong><\/td>\n<\/tr>\n<tr>\n<td width=\"287\">22\/10 (quarta &#8211; 16:00h)<\/td>\n<td width=\"287\"><strong>15\/10<\/strong><\/td>\n<\/tr>\n<tr>\n<td width=\"287\">19\/11 (quarta &#8211; 16:00h)<\/td>\n<td width=\"287\"><strong>12\/11<\/strong><\/td>\n<\/tr>\n<tr>\n<td width=\"287\">10\/12 (quarta &#8211; 16:00h)<\/td>\n<td width=\"287\"><strong>03\/12<\/strong><\/td>\n<\/tr>\n<\/tbody>\n<\/table>\n<p>&nbsp;<\/p>\n","protected":false},"excerpt":{"rendered":"<p>Informamos que, para o bem da organiza\u00e7\u00e3o e planejamento dos pesquisadores que submetem seus projetos para este Comit\u00ea de \u00c9tica em Pesquisa (CEP),\u00a0as reuni\u00f5es do colegiado deste CEP ser\u00e3o realizadas nas quartas-feiras, uma vez por m\u00eas, \u00e0s 16:00h (ver tabela abaixo). Os projetos dever\u00e3o ser submetidos na Plataforma Brasil at\u00e9 a quarta-feira anterior \u00e0 reuni\u00e3o [&hellip;]<\/p>\n","protected":false},"author":929,"featured_media":0,"parent":0,"menu_order":0,"comment_status":"closed","ping_status":"closed","template":"","meta":{"footnotes":""},"class_list":["post-636","page","type-page","status-publish","hentry"],"_links":{"self":[{"href":"https:\/\/wp.ufpel.edu.br\/cepesef\/wp-json\/wp\/v2\/pages\/636","targetHints":{"allow":["GET"]}}],"collection":[{"href":"https:\/\/wp.ufpel.edu.br\/cepesef\/wp-json\/wp\/v2\/pages"}],"about":[{"href":"https:\/\/wp.ufpel.edu.br\/cepesef\/wp-json\/wp\/v2\/types\/page"}],"author":[{"embeddable":true,"href":"https:\/\/wp.ufpel.edu.br\/cepesef\/wp-json\/wp\/v2\/users\/929"}],"replies":[{"embeddable":true,"href":"https:\/\/wp.ufpel.edu.br\/cepesef\/wp-json\/wp\/v2\/comments?post=636"}],"version-history":[{"count":4,"href":"https:\/\/wp.ufpel.edu.br\/cepesef\/wp-json\/wp\/v2\/pages\/636\/revisions"}],"predecessor-version":[{"id":655,"href":"https:\/\/wp.ufpel.edu.br\/cepesef\/wp-json\/wp\/v2\/pages\/636\/revisions\/655"}],"wp:attachment":[{"href":"https:\/\/wp.ufpel.edu.br\/cepesef\/wp-json\/wp\/v2\/media?parent=636"}],"curies":[{"name":"wp","href":"https:\/\/api.w.org\/{rel}","templated":true}]}}