{"id":604,"date":"2024-01-30T10:14:14","date_gmt":"2024-01-30T13:14:14","guid":{"rendered":"https:\/\/wp.ufpel.edu.br\/cepesef\/?page_id=604"},"modified":"2024-01-30T10:14:14","modified_gmt":"2024-01-30T13:14:14","slug":"2024-2","status":"publish","type":"page","link":"https:\/\/wp.ufpel.edu.br\/cepesef\/2024-2\/","title":{"rendered":"2024"},"content":{"rendered":"<p>Informamos que, para o bem da organiza\u00e7\u00e3o e planejamento dos pesquisadores que submetem seus projetos para este Comit\u00ea de \u00c9tica em Pesquisa (CEP),\u00a0<strong>as reuni\u00f5es do colegiado deste CEP ser\u00e3o realizadas nas quartas-feiras, uma vez por m\u00eas, \u00e0s 16:00h (ver tabela abaixo).<\/strong>\u00a0Os projetos dever\u00e3o ser submetidos na Plataforma Brasil at\u00e9 \u00e0s 18:00h da sexta-feira anterior \u00e0 reuni\u00e3o (impreterivelmente). Salientamos que a documenta\u00e7\u00e3o dever\u00e1 estar adequadamente preenchida para que os projetos sejam aceitos e encaminhados para relatoria.<\/p>\n<p>&nbsp;<\/p>\n<p><strong>As reuni\u00f5es do nosso Comit\u00ea est\u00e3o acontecendo mensalmente de maneira on-line<\/strong>.<\/p>\n<p>&nbsp;<\/p>\n<table>\n<tbody>\n<tr>\n<td width=\"283\">\n<p><strong>Data da Reuni\u00e3o do CEP<\/strong><\/p>\n<p><strong>(\u00e0s 16:00h)<\/strong><\/td>\n<td width=\"283\">Data limite para submiss\u00e3o na Plataforma Brasil (<strong>at\u00e9 \u00e0s 18:00h da sexta-feira anterior \u00e0 reuni\u00e3o \u2013 impreterivelmente<\/strong>)<\/td>\n<\/tr>\n<tr>\n<td width=\"283\">21\/02<\/td>\n<td width=\"283\">16\/02<\/td>\n<\/tr>\n<tr>\n<td width=\"283\">20\/03<\/td>\n<td width=\"283\">15\/03<\/td>\n<\/tr>\n<tr>\n<td width=\"283\">17\/04<\/td>\n<td width=\"283\">12\/04<\/td>\n<\/tr>\n<tr>\n<td width=\"283\">15\/05<\/td>\n<td width=\"283\">10\/05<\/td>\n<\/tr>\n<tr>\n<td width=\"283\">19\/06<\/td>\n<td width=\"283\">14\/06<\/td>\n<\/tr>\n<tr>\n<td width=\"283\">17\/07<\/td>\n<td width=\"283\">12\/07<\/td>\n<\/tr>\n<tr>\n<td width=\"283\">21\/08<\/td>\n<td width=\"283\">16\/08<\/td>\n<\/tr>\n<tr>\n<td width=\"283\">18\/09<\/td>\n<td width=\"283\">13\/09<\/td>\n<\/tr>\n<tr>\n<td width=\"283\">16\/10<\/td>\n<td width=\"283\">11\/10<\/td>\n<\/tr>\n<tr>\n<td width=\"283\">13\/11<\/td>\n<td width=\"283\">08\/11<\/td>\n<\/tr>\n<tr>\n<td width=\"283\">11\/12<\/td>\n<td width=\"283\">06\/12<\/td>\n<\/tr>\n<\/tbody>\n<\/table>\n<p>&nbsp;<\/p>\n","protected":false},"excerpt":{"rendered":"<p>Informamos que, para o bem da organiza\u00e7\u00e3o e planejamento dos pesquisadores que submetem seus projetos para este Comit\u00ea de \u00c9tica em Pesquisa (CEP),\u00a0as reuni\u00f5es do colegiado deste CEP ser\u00e3o realizadas nas quartas-feiras, uma vez por m\u00eas, \u00e0s 16:00h (ver tabela abaixo).\u00a0Os projetos dever\u00e3o ser submetidos na Plataforma Brasil at\u00e9 \u00e0s 18:00h da sexta-feira anterior \u00e0 [&hellip;]<\/p>\n","protected":false},"author":929,"featured_media":0,"parent":0,"menu_order":0,"comment_status":"closed","ping_status":"closed","template":"","meta":{"footnotes":""},"class_list":["post-604","page","type-page","status-publish","hentry"],"_links":{"self":[{"href":"https:\/\/wp.ufpel.edu.br\/cepesef\/wp-json\/wp\/v2\/pages\/604","targetHints":{"allow":["GET"]}}],"collection":[{"href":"https:\/\/wp.ufpel.edu.br\/cepesef\/wp-json\/wp\/v2\/pages"}],"about":[{"href":"https:\/\/wp.ufpel.edu.br\/cepesef\/wp-json\/wp\/v2\/types\/page"}],"author":[{"embeddable":true,"href":"https:\/\/wp.ufpel.edu.br\/cepesef\/wp-json\/wp\/v2\/users\/929"}],"replies":[{"embeddable":true,"href":"https:\/\/wp.ufpel.edu.br\/cepesef\/wp-json\/wp\/v2\/comments?post=604"}],"version-history":[{"count":1,"href":"https:\/\/wp.ufpel.edu.br\/cepesef\/wp-json\/wp\/v2\/pages\/604\/revisions"}],"predecessor-version":[{"id":606,"href":"https:\/\/wp.ufpel.edu.br\/cepesef\/wp-json\/wp\/v2\/pages\/604\/revisions\/606"}],"wp:attachment":[{"href":"https:\/\/wp.ufpel.edu.br\/cepesef\/wp-json\/wp\/v2\/media?parent=604"}],"curies":[{"name":"wp","href":"https:\/\/api.w.org\/{rel}","templated":true}]}}