{"id":60,"date":"2019-05-08T09:17:49","date_gmt":"2019-05-08T12:17:49","guid":{"rendered":"https:\/\/wp.ufpel.edu.br\/cepesef\/?page_id=60"},"modified":"2024-03-28T11:41:08","modified_gmt":"2024-03-28T14:41:08","slug":"cadastro","status":"publish","type":"page","link":"https:\/\/wp.ufpel.edu.br\/cepesef\/plataforma-brasil\/cadastro\/","title":{"rendered":"Cadastro do Pesquisador"},"content":{"rendered":"<p style=\"text-align: justify;\">As propostas de pesquisa e de desenvolvimento, como tamb\u00e9m sua efetiva\u00e7\u00e3o e divulga\u00e7\u00e3o de pareceres dos Comit\u00eas de \u00c9tica em Pesquisa (CEP) e da Comiss\u00e3o Nacional de \u00c9tica em Pesquisa (CONEP), ocorrem por meio da Plataforma Brasil. Sendo assim, todo protocolo de pesquisa, para ser submetido \u00e0 revis\u00e3o \u00e9tica, dever\u00e1 ter seu <strong>Pesquisador Respons\u00e1vel<\/strong> cadastrado na <a href=\"http:\/\/plataformabrasil.saude.gov.br\/login.jsf\"><strong>Plataforma Brasil<\/strong><\/a>.<\/p>\n<p style=\"text-align: center;\">Veja o passo a passo de como realizar o cadastro no <a href=\"https:\/\/wp.ufpel.edu.br\/cepesef\/files\/2024\/03\/1.1_-_Manual_Pesquisador_-_Versao_3.3-1.pdf\" target=\"_blank\" rel=\"noopener\">Manual do Pesquisador<\/a><\/p>\n<p style=\"text-align: justify;\"><strong>Pesquisador Respons\u00e1vel:<\/strong>\u00a0Projetos de Trabalho de Conclus\u00e3o de Curso (TCC), ter\u00e3o como pesquisador respons\u00e1vel o\u00a0<em><u>Professor Orientador ou Coorientador<\/u><\/em>. A submiss\u00e3o do projeto de pesquisa poder\u00e1 ser feita pelo aluno, mas pela plataforma do seu orientador ou coorientador. Neste caso, o discente poder\u00e1 ser\u00a0<u>Assistente de Pesquisa.<\/u><\/p>\n<p>Mestrando e Doutorandos podem optar por serem OU n\u00e3o\u00a0<u>Pesquisadores Respons\u00e1veis.<\/u><\/p>\n<p style=\"text-align: justify;\"><strong><u>IMPORTANTE<\/u><\/strong>: no momento do cadastro na Plataforma Brasil, se o pesquisador deseja que seus projetos sejam avaliados pelo CEP da ESEF, dever\u00e1 optar pela Institui\u00e7\u00e3o \u201c<strong><em>Escola Superior de Educa\u00e7\u00e3o F\u00edsica da Universidade Federal de Pelotas<\/em><\/strong>\u201d no momento do preenchimento do seu cadastro na Plataforma Brasil.<\/p>\n<p><strong>DOCUMENTOS NECESS\u00c1RIOS PARA O CADASTRO:<\/strong><\/p>\n<ul>\n<li>Curr\u00edculo Lattes ou Vitae<\/li>\n<li>Documento de identifica\u00e7\u00e3o (digitalizado)<\/li>\n<li>Foto (digitalizada)<\/li>\n<\/ul>\n<p>&nbsp;<\/p>\n<p>&nbsp;<\/p>\n","protected":false},"excerpt":{"rendered":"<p>As propostas de pesquisa e de desenvolvimento, como tamb\u00e9m sua efetiva\u00e7\u00e3o e divulga\u00e7\u00e3o de pareceres dos Comit\u00eas de \u00c9tica em Pesquisa (CEP) e da Comiss\u00e3o Nacional de \u00c9tica em Pesquisa (CONEP), ocorrem por meio da Plataforma Brasil. Sendo assim, todo protocolo de pesquisa, para ser submetido \u00e0 revis\u00e3o \u00e9tica, dever\u00e1 ter seu Pesquisador Respons\u00e1vel cadastrado [&hellip;]<\/p>\n","protected":false},"author":929,"featured_media":0,"parent":30,"menu_order":0,"comment_status":"closed","ping_status":"closed","template":"","meta":{"footnotes":""},"class_list":["post-60","page","type-page","status-publish","hentry"],"_links":{"self":[{"href":"https:\/\/wp.ufpel.edu.br\/cepesef\/wp-json\/wp\/v2\/pages\/60","targetHints":{"allow":["GET"]}}],"collection":[{"href":"https:\/\/wp.ufpel.edu.br\/cepesef\/wp-json\/wp\/v2\/pages"}],"about":[{"href":"https:\/\/wp.ufpel.edu.br\/cepesef\/wp-json\/wp\/v2\/types\/page"}],"author":[{"embeddable":true,"href":"https:\/\/wp.ufpel.edu.br\/cepesef\/wp-json\/wp\/v2\/users\/929"}],"replies":[{"embeddable":true,"href":"https:\/\/wp.ufpel.edu.br\/cepesef\/wp-json\/wp\/v2\/comments?post=60"}],"version-history":[{"count":20,"href":"https:\/\/wp.ufpel.edu.br\/cepesef\/wp-json\/wp\/v2\/pages\/60\/revisions"}],"predecessor-version":[{"id":624,"href":"https:\/\/wp.ufpel.edu.br\/cepesef\/wp-json\/wp\/v2\/pages\/60\/revisions\/624"}],"up":[{"embeddable":true,"href":"https:\/\/wp.ufpel.edu.br\/cepesef\/wp-json\/wp\/v2\/pages\/30"}],"wp:attachment":[{"href":"https:\/\/wp.ufpel.edu.br\/cepesef\/wp-json\/wp\/v2\/media?parent=60"}],"curies":[{"name":"wp","href":"https:\/\/api.w.org\/{rel}","templated":true}]}}