{"id":547,"date":"2023-06-29T17:09:09","date_gmt":"2023-06-29T20:09:09","guid":{"rendered":"https:\/\/wp.ufpel.edu.br\/cepesef\/?page_id=547"},"modified":"2023-06-29T17:21:58","modified_gmt":"2023-06-29T20:21:58","slug":"modelo-de-termo-de-compromisso","status":"publish","type":"page","link":"https:\/\/wp.ufpel.edu.br\/cepesef\/submissao-de-projetos-2\/modelo-de-termo-de-compromisso\/","title":{"rendered":"Modelo de Termo de Compromisso"},"content":{"rendered":"<p>Na impossibilidade de apresenta\u00e7\u00e3o da Carta de Anu\u00eancia da institui\u00e7\u00e3o antes da libera\u00e7\u00e3o do parecer do CEP\/ESEF, o(a) pesquisador(a) dever\u00e1 apresentar um Termo de Compromisso, assinado, em que: (1) justifica o motivo da n\u00e3o apresenta\u00e7\u00e3o do termo institucional para aprecia\u00e7\u00e3o pr\u00e9via do Comit\u00ea e; (2) se compromete a anexar tal documento na Plataforma assim que o mesmo for obtido. Posteriormente o termo de anu\u00eancia deve ser enviado ao CEP, via Plataforma Brasil.<\/p>\n<p>Disponibilizamos um <a href=\"https:\/\/wp.ufpel.edu.br\/cepesef\/files\/2023\/06\/Modelo-Termo-de-Compromisso.doc\">Modelo de Termo de Compromisso<\/a> que deve ser preenchido e em seguida inserido na Plataforma Brasil, em \u201cOutros Anexos\u201d.<\/p>\n","protected":false},"excerpt":{"rendered":"<p>Na impossibilidade de apresenta\u00e7\u00e3o da Carta de Anu\u00eancia da institui\u00e7\u00e3o antes da libera\u00e7\u00e3o do parecer do CEP\/ESEF, o(a) pesquisador(a) dever\u00e1 apresentar um Termo de Compromisso, assinado, em que: (1) justifica o motivo da n\u00e3o apresenta\u00e7\u00e3o do termo institucional para aprecia\u00e7\u00e3o pr\u00e9via do Comit\u00ea e; (2) se compromete a anexar tal documento na Plataforma assim que [&hellip;]<\/p>\n","protected":false},"author":929,"featured_media":0,"parent":87,"menu_order":4,"comment_status":"closed","ping_status":"closed","template":"","meta":{"footnotes":""},"class_list":["post-547","page","type-page","status-publish","hentry"],"_links":{"self":[{"href":"https:\/\/wp.ufpel.edu.br\/cepesef\/wp-json\/wp\/v2\/pages\/547","targetHints":{"allow":["GET"]}}],"collection":[{"href":"https:\/\/wp.ufpel.edu.br\/cepesef\/wp-json\/wp\/v2\/pages"}],"about":[{"href":"https:\/\/wp.ufpel.edu.br\/cepesef\/wp-json\/wp\/v2\/types\/page"}],"author":[{"embeddable":true,"href":"https:\/\/wp.ufpel.edu.br\/cepesef\/wp-json\/wp\/v2\/users\/929"}],"replies":[{"embeddable":true,"href":"https:\/\/wp.ufpel.edu.br\/cepesef\/wp-json\/wp\/v2\/comments?post=547"}],"version-history":[{"count":4,"href":"https:\/\/wp.ufpel.edu.br\/cepesef\/wp-json\/wp\/v2\/pages\/547\/revisions"}],"predecessor-version":[{"id":554,"href":"https:\/\/wp.ufpel.edu.br\/cepesef\/wp-json\/wp\/v2\/pages\/547\/revisions\/554"}],"up":[{"embeddable":true,"href":"https:\/\/wp.ufpel.edu.br\/cepesef\/wp-json\/wp\/v2\/pages\/87"}],"wp:attachment":[{"href":"https:\/\/wp.ufpel.edu.br\/cepesef\/wp-json\/wp\/v2\/media?parent=547"}],"curies":[{"name":"wp","href":"https:\/\/api.w.org\/{rel}","templated":true}]}}