{"id":541,"date":"2023-06-29T16:57:40","date_gmt":"2023-06-29T19:57:40","guid":{"rendered":"https:\/\/wp.ufpel.edu.br\/cepesef\/?page_id=541"},"modified":"2023-12-06T15:55:53","modified_gmt":"2023-12-06T18:55:53","slug":"modelo-de-carta-de-anuencia","status":"publish","type":"page","link":"https:\/\/wp.ufpel.edu.br\/cepesef\/submissao-de-projetos-2\/modelo-de-carta-de-anuencia\/","title":{"rendered":"Modelo de Carta de Anu\u00eancia"},"content":{"rendered":"<p>Disponibilizamos um <a href=\"https:\/\/wp.ufpel.edu.br\/cepesef\/files\/2023\/12\/Modelo-Carta-de-Anuencia.doc\">Modelo de Carta de Anu\u00eancia<\/a> que deve ser preenchido e em seguida inserido na Plataforma Brasil, em \u201cOutros Anexos\u201d.<\/p>\n<p>O CEP ESEF salienta que o tempo de tramita\u00e7\u00e3o, do protocolo de pesquisa, \u00e9 menor quando o(a) pesquisador(a) j\u00e1 inclui\u00a0 a Carta de Anu\u00eancia como documento assinado no protocolo inicial<\/p>\n<p>O CEP ESEF informa que a Coleta de Dados n\u00e3o pode ser iniciada antes do envio da Carta de Anu\u00eancia assinada para o CEP, via Plataforma Brasil.<\/p>\n","protected":false},"excerpt":{"rendered":"<p>Disponibilizamos um Modelo de Carta de Anu\u00eancia que deve ser preenchido e em seguida inserido na Plataforma Brasil, em \u201cOutros Anexos\u201d. O CEP ESEF salienta que o tempo de tramita\u00e7\u00e3o, do protocolo de pesquisa, \u00e9 menor quando o(a) pesquisador(a) j\u00e1 inclui\u00a0 a Carta de Anu\u00eancia como documento assinado no protocolo inicial O CEP ESEF informa [&hellip;]<\/p>\n","protected":false},"author":929,"featured_media":0,"parent":87,"menu_order":3,"comment_status":"closed","ping_status":"closed","template":"","meta":{"footnotes":""},"class_list":["post-541","page","type-page","status-publish","hentry"],"_links":{"self":[{"href":"https:\/\/wp.ufpel.edu.br\/cepesef\/wp-json\/wp\/v2\/pages\/541","targetHints":{"allow":["GET"]}}],"collection":[{"href":"https:\/\/wp.ufpel.edu.br\/cepesef\/wp-json\/wp\/v2\/pages"}],"about":[{"href":"https:\/\/wp.ufpel.edu.br\/cepesef\/wp-json\/wp\/v2\/types\/page"}],"author":[{"embeddable":true,"href":"https:\/\/wp.ufpel.edu.br\/cepesef\/wp-json\/wp\/v2\/users\/929"}],"replies":[{"embeddable":true,"href":"https:\/\/wp.ufpel.edu.br\/cepesef\/wp-json\/wp\/v2\/comments?post=541"}],"version-history":[{"count":6,"href":"https:\/\/wp.ufpel.edu.br\/cepesef\/wp-json\/wp\/v2\/pages\/541\/revisions"}],"predecessor-version":[{"id":597,"href":"https:\/\/wp.ufpel.edu.br\/cepesef\/wp-json\/wp\/v2\/pages\/541\/revisions\/597"}],"up":[{"embeddable":true,"href":"https:\/\/wp.ufpel.edu.br\/cepesef\/wp-json\/wp\/v2\/pages\/87"}],"wp:attachment":[{"href":"https:\/\/wp.ufpel.edu.br\/cepesef\/wp-json\/wp\/v2\/media?parent=541"}],"curies":[{"name":"wp","href":"https:\/\/api.w.org\/{rel}","templated":true}]}}