{"id":512,"date":"2022-12-27T15:41:03","date_gmt":"2022-12-27T18:41:03","guid":{"rendered":"https:\/\/wp.ufpel.edu.br\/cepesef\/?page_id=512"},"modified":"2023-11-09T19:37:42","modified_gmt":"2023-11-09T22:37:42","slug":"2023-2","status":"publish","type":"page","link":"https:\/\/wp.ufpel.edu.br\/cepesef\/2023-2\/","title":{"rendered":"2023"},"content":{"rendered":"<p style=\"text-align: justify;\">Informamos que, para o bem da organiza\u00e7\u00e3o e planejamento dos pesquisadores que submetem seus projetos para este Comit\u00ea de \u00c9tica em Pesquisa (CEP),\u00a0<strong>as reuni\u00f5es do colegiado deste CEP ser\u00e3o realizadas nas quartas-feiras, uma vez por m\u00eas, \u00e0s 16h e 30min (ver tabela abaixo).<\/strong> Os projetos dever\u00e3o ser submetidos na Plataforma Brasil at\u00e9 \u00e0s 18:00h da sexta-feira anterior \u00e0 reuni\u00e3o (impreterivelmente). Salientamos que a documenta\u00e7\u00e3o dever\u00e1 estar adequadamente preenchida para que os projetos sejam aceitos e encaminhados para relatoria.<\/p>\n<p>&nbsp;<\/p>\n<p><strong>As reuni\u00f5es do nosso Comit\u00ea est\u00e3o acontecendo mensalmente de maneira on-line<\/strong>.<\/p>\n<p>&nbsp;<\/p>\n<table style=\"height: 360px;\">\n<tbody>\n<tr style=\"height: 96px;\">\n<td style=\"height: 96px;\" width=\"283\">\n<p><strong>Data da Reuni\u00e3o do CEP<\/strong><\/p>\n<p><strong>(\u00e0s 16:30h)<\/strong><\/td>\n<td style=\"height: 96px;\" width=\"283\">Data limite para submiss\u00e3o na Plataforma Brasil (<strong>at\u00e9 \u00e0s 18:00h &#8211; impreterivelmente<\/strong>)<\/td>\n<\/tr>\n<tr style=\"height: 24px;\">\n<td style=\"height: 24px;\" width=\"283\">15\/02<\/td>\n<td style=\"height: 24px;\" width=\"283\">10\/02<\/td>\n<\/tr>\n<tr style=\"height: 24px;\">\n<td style=\"height: 24px;\" width=\"283\">15\/03<\/td>\n<td style=\"height: 24px;\" width=\"283\">10\/03<\/td>\n<\/tr>\n<tr style=\"height: 24px;\">\n<td style=\"height: 24px;\" width=\"283\">19\/04<\/td>\n<td style=\"height: 24px;\" width=\"283\">14\/04<\/td>\n<\/tr>\n<tr style=\"height: 24px;\">\n<td style=\"height: 24px;\" width=\"283\">17\/05<\/td>\n<td style=\"height: 24px;\" width=\"283\">12\/05<\/td>\n<\/tr>\n<tr style=\"height: 24px;\">\n<td style=\"height: 24px;\" width=\"283\">21\/06<\/td>\n<td style=\"height: 24px;\" width=\"283\">16\/06<\/td>\n<\/tr>\n<tr style=\"height: 24px;\">\n<td style=\"height: 24px;\" width=\"283\">19\/07<\/td>\n<td style=\"height: 24px;\" width=\"283\">14\/07<\/td>\n<\/tr>\n<tr style=\"height: 24px;\">\n<td style=\"height: 24px;\" width=\"283\">16\/08<\/td>\n<td style=\"height: 24px;\" width=\"283\">11\/08<\/td>\n<\/tr>\n<tr style=\"height: 24px;\">\n<td style=\"height: 24px;\" width=\"283\">27\/09<\/td>\n<td style=\"height: 24px;\" width=\"283\">22\/09<\/td>\n<\/tr>\n<tr style=\"height: 24px;\">\n<td style=\"height: 24px;\" width=\"283\">25\/10<\/td>\n<td style=\"height: 24px;\" width=\"283\">20\/10<\/td>\n<\/tr>\n<tr style=\"height: 24px;\">\n<td style=\"height: 24px;\" width=\"283\">29\/11<\/td>\n<td style=\"height: 24px;\" width=\"283\">24\/11<\/td>\n<\/tr>\n<tr style=\"height: 24px;\">\n<td style=\"height: 24px;\" width=\"283\">13\/12<\/td>\n<td style=\"height: 24px;\" width=\"283\">08\/12<\/td>\n<\/tr>\n<\/tbody>\n<\/table>\n<p>&nbsp;<\/p>\n","protected":false},"excerpt":{"rendered":"<p>Informamos que, para o bem da organiza\u00e7\u00e3o e planejamento dos pesquisadores que submetem seus projetos para este Comit\u00ea de \u00c9tica em Pesquisa (CEP),\u00a0as reuni\u00f5es do colegiado deste CEP ser\u00e3o realizadas nas quartas-feiras, uma vez por m\u00eas, \u00e0s 16h e 30min (ver tabela abaixo). Os projetos dever\u00e3o ser submetidos na Plataforma Brasil at\u00e9 \u00e0s 18:00h da [&hellip;]<\/p>\n","protected":false},"author":929,"featured_media":0,"parent":0,"menu_order":0,"comment_status":"closed","ping_status":"closed","template":"","meta":{"footnotes":""},"class_list":["post-512","page","type-page","status-publish","hentry"],"_links":{"self":[{"href":"https:\/\/wp.ufpel.edu.br\/cepesef\/wp-json\/wp\/v2\/pages\/512","targetHints":{"allow":["GET"]}}],"collection":[{"href":"https:\/\/wp.ufpel.edu.br\/cepesef\/wp-json\/wp\/v2\/pages"}],"about":[{"href":"https:\/\/wp.ufpel.edu.br\/cepesef\/wp-json\/wp\/v2\/types\/page"}],"author":[{"embeddable":true,"href":"https:\/\/wp.ufpel.edu.br\/cepesef\/wp-json\/wp\/v2\/users\/929"}],"replies":[{"embeddable":true,"href":"https:\/\/wp.ufpel.edu.br\/cepesef\/wp-json\/wp\/v2\/comments?post=512"}],"version-history":[{"count":2,"href":"https:\/\/wp.ufpel.edu.br\/cepesef\/wp-json\/wp\/v2\/pages\/512\/revisions"}],"predecessor-version":[{"id":585,"href":"https:\/\/wp.ufpel.edu.br\/cepesef\/wp-json\/wp\/v2\/pages\/512\/revisions\/585"}],"wp:attachment":[{"href":"https:\/\/wp.ufpel.edu.br\/cepesef\/wp-json\/wp\/v2\/media?parent=512"}],"curies":[{"name":"wp","href":"https:\/\/api.w.org\/{rel}","templated":true}]}}