{"id":488,"date":"2022-11-04T10:32:25","date_gmt":"2022-11-04T13:32:25","guid":{"rendered":"https:\/\/wp.ufpel.edu.br\/cepesef\/?page_id=488"},"modified":"2023-08-28T19:13:49","modified_gmt":"2023-08-28T22:13:49","slug":"regimento-interno","status":"publish","type":"page","link":"https:\/\/wp.ufpel.edu.br\/cepesef\/o-cep-esef\/regimento-interno\/","title":{"rendered":"Regimento Interno"},"content":{"rendered":"<p><strong><a href=\"https:\/\/wp.ufpel.edu.br\/cepesef\/files\/2023\/08\/Regimento-Interno-Atualizado.pdf\">Regimento Interno CEP ESEF \u2013 2023 (atual) <\/a>\u2013\u00a0<\/strong>Disp\u00f5e sobre a organiza\u00e7\u00e3o interna do nosso Comit\u00ea de \u00c9tica em Pesquisa com Seres Humanos.<\/p>\n","protected":false},"excerpt":{"rendered":"<p>Regimento Interno CEP ESEF \u2013 2023 (atual) \u2013\u00a0Disp\u00f5e sobre a organiza\u00e7\u00e3o interna do nosso Comit\u00ea de \u00c9tica em Pesquisa com Seres Humanos.<\/p>\n","protected":false},"author":929,"featured_media":0,"parent":234,"menu_order":4,"comment_status":"closed","ping_status":"closed","template":"","meta":{"footnotes":""},"class_list":["post-488","page","type-page","status-publish","hentry"],"_links":{"self":[{"href":"https:\/\/wp.ufpel.edu.br\/cepesef\/wp-json\/wp\/v2\/pages\/488","targetHints":{"allow":["GET"]}}],"collection":[{"href":"https:\/\/wp.ufpel.edu.br\/cepesef\/wp-json\/wp\/v2\/pages"}],"about":[{"href":"https:\/\/wp.ufpel.edu.br\/cepesef\/wp-json\/wp\/v2\/types\/page"}],"author":[{"embeddable":true,"href":"https:\/\/wp.ufpel.edu.br\/cepesef\/wp-json\/wp\/v2\/users\/929"}],"replies":[{"embeddable":true,"href":"https:\/\/wp.ufpel.edu.br\/cepesef\/wp-json\/wp\/v2\/comments?post=488"}],"version-history":[{"count":3,"href":"https:\/\/wp.ufpel.edu.br\/cepesef\/wp-json\/wp\/v2\/pages\/488\/revisions"}],"predecessor-version":[{"id":561,"href":"https:\/\/wp.ufpel.edu.br\/cepesef\/wp-json\/wp\/v2\/pages\/488\/revisions\/561"}],"up":[{"embeddable":true,"href":"https:\/\/wp.ufpel.edu.br\/cepesef\/wp-json\/wp\/v2\/pages\/234"}],"wp:attachment":[{"href":"https:\/\/wp.ufpel.edu.br\/cepesef\/wp-json\/wp\/v2\/media?parent=488"}],"curies":[{"name":"wp","href":"https:\/\/api.w.org\/{rel}","templated":true}]}}