{"id":41,"date":"2019-05-08T09:04:26","date_gmt":"2019-05-08T12:04:26","guid":{"rendered":"https:\/\/wp.ufpel.edu.br\/cepesef\/?page_id=41"},"modified":"2019-05-08T09:09:23","modified_gmt":"2019-05-08T12:09:23","slug":"2019-2","status":"publish","type":"page","link":"https:\/\/wp.ufpel.edu.br\/cepesef\/reunioes-2019\/2019-2\/","title":{"rendered":"2019"},"content":{"rendered":"<p>Para o bem da organiza\u00e7\u00e3o e planejamento dos pesquisadores que submetem seus projetos para este Comit\u00ea de \u00c9tica em Pesquisa (CEP), as reuni\u00f5es do colegiado deste CEP ser\u00e3o realizadas na terceira quarta-feira do m\u00eas \u00e0s 14h. Os projetos dever\u00e3o ser enviados at\u00e9 \u00e0s 18h da sexta-feira anterior a reuni\u00e3o. Salientamos que a documenta\u00e7\u00e3o dever\u00e1 estar adequadamente preenchida para que os projetos sejam aceitos e encaminhados para relatoria. Segue abaixo as datas das reuni\u00f5es e as datas limites para submiss\u00e3o dos projetos.<\/p>\n<table>\n<tbody>\n<tr>\n<td style=\"text-align: center\" width=\"283\">Data da Reuni\u00e3o do CEP\u00a0(as 14h)<\/td>\n<td style=\"text-align: center\" width=\"283\">Data limite para ser avaliado na respectiva reuni\u00e3o (at\u00e9 as 18h)<\/td>\n<\/tr>\n<tr>\n<td style=\"text-align: center\" width=\"283\">15\/05<\/td>\n<td style=\"text-align: center\" width=\"283\">10\/05<\/td>\n<\/tr>\n<tr>\n<td style=\"text-align: center\" width=\"283\">19\/06<\/td>\n<td style=\"text-align: center\" width=\"283\">14\/06<\/td>\n<\/tr>\n<tr>\n<td style=\"text-align: center\" width=\"283\">17\/07<\/td>\n<td style=\"text-align: center\" width=\"283\">12\/07<\/td>\n<\/tr>\n<tr>\n<td style=\"text-align: center\" width=\"283\">21\/08<\/td>\n<td style=\"text-align: center\" width=\"283\">16\/08<\/td>\n<\/tr>\n<tr>\n<td style=\"text-align: center\" width=\"283\">18\/09<\/td>\n<td style=\"text-align: center\" width=\"283\">13\/09<\/td>\n<\/tr>\n<tr>\n<td style=\"text-align: center\" width=\"283\">16\/10<\/td>\n<td style=\"text-align: center\" width=\"283\">11\/10<\/td>\n<\/tr>\n<tr>\n<td style=\"text-align: center\" width=\"283\">20\/11<\/td>\n<td style=\"text-align: center\" width=\"283\">15\/11<\/td>\n<\/tr>\n<tr>\n<td style=\"text-align: center\" width=\"283\">18\/12<\/td>\n<td style=\"text-align: center\" width=\"283\">13\/12<\/td>\n<\/tr>\n<\/tbody>\n<\/table>\n<p>&nbsp;<\/p>\n","protected":false},"excerpt":{"rendered":"<p>Para o bem da organiza\u00e7\u00e3o e planejamento dos pesquisadores que submetem seus projetos para este Comit\u00ea de \u00c9tica em Pesquisa (CEP), as reuni\u00f5es do colegiado deste CEP ser\u00e3o realizadas na terceira quarta-feira do m\u00eas \u00e0s 14h. Os projetos dever\u00e3o ser enviados at\u00e9 \u00e0s 18h da sexta-feira anterior a reuni\u00e3o. Salientamos que a documenta\u00e7\u00e3o dever\u00e1 estar [&hellip;]<\/p>\n","protected":false},"author":929,"featured_media":0,"parent":25,"menu_order":0,"comment_status":"closed","ping_status":"closed","template":"","meta":{"footnotes":""},"class_list":["post-41","page","type-page","status-publish","hentry"],"_links":{"self":[{"href":"https:\/\/wp.ufpel.edu.br\/cepesef\/wp-json\/wp\/v2\/pages\/41","targetHints":{"allow":["GET"]}}],"collection":[{"href":"https:\/\/wp.ufpel.edu.br\/cepesef\/wp-json\/wp\/v2\/pages"}],"about":[{"href":"https:\/\/wp.ufpel.edu.br\/cepesef\/wp-json\/wp\/v2\/types\/page"}],"author":[{"embeddable":true,"href":"https:\/\/wp.ufpel.edu.br\/cepesef\/wp-json\/wp\/v2\/users\/929"}],"replies":[{"embeddable":true,"href":"https:\/\/wp.ufpel.edu.br\/cepesef\/wp-json\/wp\/v2\/comments?post=41"}],"version-history":[{"count":4,"href":"https:\/\/wp.ufpel.edu.br\/cepesef\/wp-json\/wp\/v2\/pages\/41\/revisions"}],"predecessor-version":[{"id":50,"href":"https:\/\/wp.ufpel.edu.br\/cepesef\/wp-json\/wp\/v2\/pages\/41\/revisions\/50"}],"up":[{"embeddable":true,"href":"https:\/\/wp.ufpel.edu.br\/cepesef\/wp-json\/wp\/v2\/pages\/25"}],"wp:attachment":[{"href":"https:\/\/wp.ufpel.edu.br\/cepesef\/wp-json\/wp\/v2\/media?parent=41"}],"curies":[{"name":"wp","href":"https:\/\/api.w.org\/{rel}","templated":true}]}}